{"id":31337,"date":"2020-11-19T15:36:21","date_gmt":"2021-04-27T09:38:54","guid":{"rendered":"https:\/\/lespiculins.com\/producto\/saco-panera-da-liberdade-rosa-macia\/"},"modified":"2023-07-11T07:36:02","modified_gmt":"2023-07-11T05:36:02","slug":"saco-panera-da-liberdade-rosa-macia","status":"publish","type":"product","link":"https:\/\/lespiculins.com\/pt-pt\/produto\/saco-panera-da-liberdade-rosa-macia\/","title":{"rendered":"Mala Liberty Rosa Macio"},"content":{"rendered":"<section class=\"wpb-content-wrapper\"><section class=\"l-section wpb_row height_medium\"><div class=\"l-section-h i-cf\"><div class=\"g-cols vc_row via_flex valign_top type_default stacking_default\"><div class=\"vc_col-sm-12 wpb_column vc_column_container\"><div class=\"vc_column-inner\"><div class=\"wpb_wrapper\"><div class=\"wpb_text_column\"><div class=\"wpb_wrapper\"><p>Mais detalhes do nosso Saco Panera Da Liberdade Cor-de-Rosa<\/p>\n<ul>\n<li>Bolso interior com dois compartimentos.<\/li>\n<li>Tamanho 38 x 39 x 12 cm<\/li>\n<li>Imprimir e colorir: Impress\u00e3o Liberty London em rosa muito macio.<\/li>\n<li>Combinado com o <a href=\"https:\/\/lespiculins.com\/pt-pt\/produto\/saco-baby-liberdade-rosa-soft\/\" target=\"_blank\" rel=\"noopener\">Saco de Beb\u00e9 Soft Pink Liberty.<\/a><\/li>\n<\/ul>\n<\/div><\/div><\/div><\/div><\/div><\/div><\/div><\/section>\n<\/section>","protected":false},"excerpt":{"rendered":"<p>Mala Liberty Rosa Macio<\/p>\n<p style=\"text-align: justify;\">Reinventamos um cl\u00e1ssico: os nossas malas panera t\u00eam al\u00e7as &#8220;remover e colocar&#8221; para que possa lav\u00e1-las sem lavar o saco inteiro. Tamb\u00e9m t\u00eam uma pega comprida para pendurar nos ombros.<\/p>\n<p style=\"text-align: justify;\">Tecido Liberty London forrado para consist\u00eancia e bot\u00f5es de madeira natural.<\/p>\n<p style=\"text-align: justify;\">Deitada em plumeti ou bambula, basta indicar o tecido que prefere em observa\u00e7\u00f5es. Podem ser facilmente removidos e colocados.<\/p>\n<p style=\"text-align: justify;\">No Les Piculins temos de combinar com o nosso mini saco, o <a href=\"https:\/\/lespiculins.com\/producto\/saco-bebe-liberty-rosa-suave\/\" target=\"_blank\" rel=\"noopener\">Soft Pink Liberty Baby Bag.<\/a><\/p>\n<p style=\"text-align: justify;\">Dicas de lavagem para uma \u00f3tima conserva\u00e7\u00e3o: M\u00e1quina, com o detergente hipoalerg\u00e9nico do beb\u00e9, at\u00e9 30oC. N\u00e3o pode passar ou usar um secador.<\/p>\n<p>&nbsp;<\/p>\n","protected":false},"featured_media":30952,"template":"","meta":{"_joinchat":[]},"product_cat":[138],"product_tag":[320],"yoast_head":"<!-- This site is optimized with the Yoast SEO plugin v21.5 - https:\/\/yoast.com\/wordpress\/plugins\/seo\/ -->\n<title>Mala Liberty Rosa Macio - Les Piculins<\/title>\n<meta name=\"description\" content=\"Mala Liberty Rosa Macio. Com lags em plumeti ou bambula remover e colocar. &quot;Remova e coloque&quot; pegas e pega comprida para pendurar no ombro.\" \/>\n<meta name=\"robots\" content=\"index, follow, max-snippet:-1, max-image-preview:large, max-video-preview:-1\" \/>\n<link rel=\"canonical\" href=\"https:\/\/lespiculins.com\/pt-pt\/produto\/saco-panera-da-liberdade-rosa-macia\/\" \/>\n<meta property=\"og:locale\" content=\"pt_PT\" \/>\n<meta property=\"og:type\" content=\"article\" \/>\n<meta property=\"og:title\" content=\"Mala Liberty Rosa Macio - Les Piculins\" \/>\n<meta property=\"og:description\" content=\"Mala Liberty Rosa Macio. Com lags em plumeti ou bambula remover e colocar. &quot;Remova e coloque&quot; pegas e pega comprida para pendurar no ombro.\" \/>\n<meta property=\"og:url\" content=\"https:\/\/lespiculins.com\/pt-pt\/produto\/saco-panera-da-liberdade-rosa-macia\/\" \/>\n<meta property=\"og:site_name\" content=\"Les Piculins\" \/>\n<meta property=\"article:modified_time\" content=\"2023-07-11T05:36:02+00:00\" \/>\n<meta property=\"og:image\" content=\"https:\/\/lespiculins.com\/wp-content\/uploads\/2020\/11\/bolsa-panera-liberty-rosa-suave--scaled.jpg\" \/>\n\t<meta property=\"og:image:width\" content=\"2456\" \/>\n\t<meta property=\"og:image:height\" content=\"2560\" \/>\n\t<meta property=\"og:image:type\" content=\"image\/jpeg\" \/>\n<meta name=\"twitter:card\" content=\"summary_large_image\" \/>\n<script type=\"application\/ld+json\" class=\"yoast-schema-graph\">{\"@context\":\"https:\/\/schema.org\",\"@graph\":[{\"@type\":\"WebPage\",\"@id\":\"https:\/\/lespiculins.com\/pt-pt\/produto\/saco-panera-da-liberdade-rosa-macia\/\",\"url\":\"https:\/\/lespiculins.com\/pt-pt\/produto\/saco-panera-da-liberdade-rosa-macia\/\",\"name\":\"Mala Liberty Rosa Macio - Les Piculins\",\"isPartOf\":{\"@id\":\"https:\/\/lespiculins.com\/pt-pt\/#website\"},\"datePublished\":\"2021-04-27T09:38:54+00:00\",\"dateModified\":\"2023-07-11T05:36:02+00:00\",\"description\":\"Mala Liberty Rosa Macio. Com lags em plumeti ou bambula remover e colocar. \\\"Remova e coloque\\\" pegas e pega comprida para pendurar no ombro.\",\"breadcrumb\":{\"@id\":\"https:\/\/lespiculins.com\/pt-pt\/produto\/saco-panera-da-liberdade-rosa-macia\/#breadcrumb\"},\"inLanguage\":\"pt-PT\",\"potentialAction\":[{\"@type\":\"ReadAction\",\"target\":[\"https:\/\/lespiculins.com\/pt-pt\/produto\/saco-panera-da-liberdade-rosa-macia\/\"]}]},{\"@type\":\"BreadcrumbList\",\"@id\":\"https:\/\/lespiculins.com\/pt-pt\/produto\/saco-panera-da-liberdade-rosa-macia\/#breadcrumb\",\"itemListElement\":[{\"@type\":\"ListItem\",\"position\":1,\"name\":\"Portada\",\"item\":\"https:\/\/lespiculins.com\/pt-pt\/inicio\/\"},{\"@type\":\"ListItem\",\"position\":2,\"name\":\"Loja\",\"item\":\"https:\/\/lespiculins.com\/pt-pt\/loja\/\"},{\"@type\":\"ListItem\",\"position\":3,\"name\":\"Mala Liberty Rosa Macio\"}]},{\"@type\":\"WebSite\",\"@id\":\"https:\/\/lespiculins.com\/pt-pt\/#website\",\"url\":\"https:\/\/lespiculins.com\/pt-pt\/\",\"name\":\"Les Piculins\",\"description\":\"Fundas para carritos, bugaboo, maclaren, icoo, bebecar, mima...\",\"potentialAction\":[{\"@type\":\"SearchAction\",\"target\":{\"@type\":\"EntryPoint\",\"urlTemplate\":\"https:\/\/lespiculins.com\/pt-pt\/?s={search_term_string}\"},\"query-input\":\"required name=search_term_string\"}],\"inLanguage\":\"pt-PT\"}]}<\/script>\n<!-- \/ Yoast SEO plugin. -->","yoast_head_json":{"title":"Mala Liberty Rosa Macio - Les Piculins","description":"Mala Liberty Rosa Macio. Com lags em plumeti ou bambula remover e colocar. \"Remova e coloque\" pegas e pega comprida para pendurar no ombro.","robots":{"index":"index","follow":"follow","max-snippet":"max-snippet:-1","max-image-preview":"max-image-preview:large","max-video-preview":"max-video-preview:-1"},"canonical":"https:\/\/lespiculins.com\/pt-pt\/produto\/saco-panera-da-liberdade-rosa-macia\/","og_locale":"pt_PT","og_type":"article","og_title":"Mala Liberty Rosa Macio - Les Piculins","og_description":"Mala Liberty Rosa Macio. Com lags em plumeti ou bambula remover e colocar. \"Remova e coloque\" pegas e pega comprida para pendurar no ombro.","og_url":"https:\/\/lespiculins.com\/pt-pt\/produto\/saco-panera-da-liberdade-rosa-macia\/","og_site_name":"Les Piculins","article_modified_time":"2023-07-11T05:36:02+00:00","og_image":[{"width":2456,"height":2560,"url":"https:\/\/lespiculins.com\/wp-content\/uploads\/2020\/11\/bolsa-panera-liberty-rosa-suave--scaled.jpg","type":"image\/jpeg"}],"twitter_card":"summary_large_image","schema":{"@context":"https:\/\/schema.org","@graph":[{"@type":"WebPage","@id":"https:\/\/lespiculins.com\/pt-pt\/produto\/saco-panera-da-liberdade-rosa-macia\/","url":"https:\/\/lespiculins.com\/pt-pt\/produto\/saco-panera-da-liberdade-rosa-macia\/","name":"Mala Liberty Rosa Macio - Les Piculins","isPartOf":{"@id":"https:\/\/lespiculins.com\/pt-pt\/#website"},"datePublished":"2021-04-27T09:38:54+00:00","dateModified":"2023-07-11T05:36:02+00:00","description":"Mala Liberty Rosa Macio. Com lags em plumeti ou bambula remover e colocar. \"Remova e coloque\" pegas e pega comprida para pendurar no ombro.","breadcrumb":{"@id":"https:\/\/lespiculins.com\/pt-pt\/produto\/saco-panera-da-liberdade-rosa-macia\/#breadcrumb"},"inLanguage":"pt-PT","potentialAction":[{"@type":"ReadAction","target":["https:\/\/lespiculins.com\/pt-pt\/produto\/saco-panera-da-liberdade-rosa-macia\/"]}]},{"@type":"BreadcrumbList","@id":"https:\/\/lespiculins.com\/pt-pt\/produto\/saco-panera-da-liberdade-rosa-macia\/#breadcrumb","itemListElement":[{"@type":"ListItem","position":1,"name":"Portada","item":"https:\/\/lespiculins.com\/pt-pt\/inicio\/"},{"@type":"ListItem","position":2,"name":"Loja","item":"https:\/\/lespiculins.com\/pt-pt\/loja\/"},{"@type":"ListItem","position":3,"name":"Mala Liberty Rosa Macio"}]},{"@type":"WebSite","@id":"https:\/\/lespiculins.com\/pt-pt\/#website","url":"https:\/\/lespiculins.com\/pt-pt\/","name":"Les Piculins","description":"Fundas para carritos, bugaboo, maclaren, icoo, bebecar, mima...","potentialAction":[{"@type":"SearchAction","target":{"@type":"EntryPoint","urlTemplate":"https:\/\/lespiculins.com\/pt-pt\/?s={search_term_string}"},"query-input":"required name=search_term_string"}],"inLanguage":"pt-PT"}]}},"_links":{"self":[{"href":"https:\/\/lespiculins.com\/pt-pt\/wp-json\/wp\/v2\/product\/31337"}],"collection":[{"href":"https:\/\/lespiculins.com\/pt-pt\/wp-json\/wp\/v2\/product"}],"about":[{"href":"https:\/\/lespiculins.com\/pt-pt\/wp-json\/wp\/v2\/types\/product"}],"wp:featuredmedia":[{"embeddable":true,"href":"https:\/\/lespiculins.com\/pt-pt\/wp-json\/wp\/v2\/media\/30952"}],"wp:attachment":[{"href":"https:\/\/lespiculins.com\/pt-pt\/wp-json\/wp\/v2\/media?parent=31337"}],"wp:term":[{"taxonomy":"product_cat","embeddable":true,"href":"https:\/\/lespiculins.com\/pt-pt\/wp-json\/wp\/v2\/product_cat?post=31337"},{"taxonomy":"product_tag","embeddable":true,"href":"https:\/\/lespiculins.com\/pt-pt\/wp-json\/wp\/v2\/product_tag?post=31337"}],"curies":[{"name":"wp","href":"https:\/\/api.w.org\/{rel}","templated":true}]}}