{"id":31335,"date":"2020-11-19T15:41:22","date_gmt":"2021-04-27T09:38:11","guid":{"rendered":"https:\/\/lespiculins.com\/producto\/mini-liberty-soft-pink-bag\/"},"modified":"2023-07-11T08:06:44","modified_gmt":"2023-07-11T06:06:44","slug":"mini-liberty-soft-pink-bag","status":"publish","type":"product","link":"https:\/\/lespiculins.com\/pt-pt\/produto\/mini-liberty-soft-pink-bag\/","title":{"rendered":"Mala Pequena Rosa Macia"},"content":{"rendered":"<section class=\"wpb-content-wrapper\"><section class=\"l-section wpb_row height_medium\"><div class=\"l-section-h i-cf\"><div class=\"g-cols vc_row via_flex valign_top type_default stacking_default\"><div class=\"vc_col-sm-12 wpb_column vc_column_container\"><div class=\"vc_column-inner\"><div class=\"wpb_wrapper\"><div class=\"wpb_text_column\"><div class=\"wpb_wrapper\"><p>Mais detalhes do nosso Mini Liberty Bag Soft Pink<\/p>\n<ul>\n<li>Os nossos Mini Bags t\u00eam um tamanho que lhe permitir\u00e1 ter as suas pequenas coisas \u00e0 m\u00e3o sem carregar demasiado o carro do seu Beb\u00e9.<\/li>\n<li>Tamanho 34 x 21 x 8 cm<\/li>\n<li>Imprimir e colorir: Impress\u00e3o Liberty London em rosa muito macio.<\/li>\n<\/ul>\n<\/div><\/div><\/div><\/div><\/div><\/div><\/div><\/section>\n<\/section>","protected":false},"excerpt":{"rendered":"<p>Mala Pequena Rosa Macia<\/p>\n<p style=\"text-align: justify;\">O nosso mini carrinho de beb\u00e9 \u00e9 o tamanho ideal para transportar tudo o que precisa para o seu beb\u00e9 sem a necessidade de ter excesso de peso no carrinho de beb\u00e9. O design da nossa mini-mala \u00e9 conhecido como Liberty London. Com uma impress\u00e3o que alterna pequenas flores em rosa macio. Mini saco artesanal com materiais de alta qualidade.<\/p>\n<p style=\"text-align: justify;\">Acesso confort\u00e1vel ao seu interior gra\u00e7as \u00e0 sua abertura com fecho de correr. F\u00e1cil de ajustar ao carrinho gra\u00e7as aos dois punhos com bot\u00e3o de clique. As pegas s\u00e3o clarito cinza com uma listra rosa muito macia.<\/p>\n<p style=\"text-align: justify;\">No Les Piculins temos de combinar com o nosso mini saco, o <a href=\"https:\/\/lespiculins.com\/producto\/saco-bebe-liberty-rosa-suave\/\" target=\"_blank\" rel=\"noopener\">Soft Pink Liberty Baby Bag.<\/a><\/p>\n<p style=\"text-align: justify;\">Para manter a sua bosa mini como nova, siga as nossas dicas de lavagem. Maquinado, com o detergente hipoalerg\u00e9nico do seu beb\u00e9, m\u00e1ximo a 30oC. N\u00e3o pode passar ou usar um secador.<\/p>\n","protected":false},"featured_media":34490,"template":"","meta":{"_joinchat":[]},"product_cat":[138],"product_tag":[320],"yoast_head":"<!-- This site is optimized with the Yoast SEO plugin v21.5 - https:\/\/yoast.com\/wordpress\/plugins\/seo\/ -->\n<title>Mala Pequena Rosa Macia | Acces\u00f3rios de passeio | Les Piculins<\/title>\n<meta name=\"description\" content=\"Saco suave cor-de-rosa mini liberdade. Mini bola para passeio de tamanho justo para n\u00e3o sobrecarregar e carregar o que voc\u00ea precisa. Em liberdade rosa macia.\" \/>\n<meta name=\"robots\" content=\"index, follow, max-snippet:-1, max-image-preview:large, max-video-preview:-1\" \/>\n<link rel=\"canonical\" href=\"https:\/\/lespiculins.com\/pt-pt\/produto\/mini-liberty-soft-pink-bag\/\" \/>\n<meta property=\"og:locale\" content=\"pt_PT\" \/>\n<meta property=\"og:type\" content=\"article\" \/>\n<meta property=\"og:title\" content=\"Mala Pequena Rosa Macia | Acces\u00f3rios de passeio | Les Piculins\" \/>\n<meta property=\"og:description\" content=\"Saco suave cor-de-rosa mini liberdade. Mini bola para passeio de tamanho justo para n\u00e3o sobrecarregar e carregar o que voc\u00ea precisa. Em liberdade rosa macia.\" \/>\n<meta property=\"og:url\" content=\"https:\/\/lespiculins.com\/pt-pt\/produto\/mini-liberty-soft-pink-bag\/\" \/>\n<meta property=\"og:site_name\" content=\"Les Piculins\" \/>\n<meta property=\"article:modified_time\" content=\"2023-07-11T06:06:44+00:00\" \/>\n<meta property=\"og:image\" content=\"https:\/\/lespiculins.com\/wp-content\/uploads\/2020\/11\/michelle1.jpg\" \/>\n\t<meta property=\"og:image:width\" content=\"1080\" \/>\n\t<meta property=\"og:image:height\" content=\"1005\" \/>\n\t<meta property=\"og:image:type\" content=\"image\/jpeg\" \/>\n<meta name=\"twitter:card\" content=\"summary_large_image\" \/>\n<script type=\"application\/ld+json\" class=\"yoast-schema-graph\">{\"@context\":\"https:\/\/schema.org\",\"@graph\":[{\"@type\":\"WebPage\",\"@id\":\"https:\/\/lespiculins.com\/pt-pt\/produto\/mini-liberty-soft-pink-bag\/\",\"url\":\"https:\/\/lespiculins.com\/pt-pt\/produto\/mini-liberty-soft-pink-bag\/\",\"name\":\"Mala Pequena Rosa Macia | Acces\u00f3rios de passeio | Les Piculins\",\"isPartOf\":{\"@id\":\"https:\/\/lespiculins.com\/pt-pt\/#website\"},\"datePublished\":\"2021-04-27T09:38:11+00:00\",\"dateModified\":\"2023-07-11T06:06:44+00:00\",\"description\":\"Saco suave cor-de-rosa mini liberdade. Mini bola para passeio de tamanho justo para n\u00e3o sobrecarregar e carregar o que voc\u00ea precisa. Em liberdade rosa macia.\",\"breadcrumb\":{\"@id\":\"https:\/\/lespiculins.com\/pt-pt\/produto\/mini-liberty-soft-pink-bag\/#breadcrumb\"},\"inLanguage\":\"pt-PT\",\"potentialAction\":[{\"@type\":\"ReadAction\",\"target\":[\"https:\/\/lespiculins.com\/pt-pt\/produto\/mini-liberty-soft-pink-bag\/\"]}]},{\"@type\":\"BreadcrumbList\",\"@id\":\"https:\/\/lespiculins.com\/pt-pt\/produto\/mini-liberty-soft-pink-bag\/#breadcrumb\",\"itemListElement\":[{\"@type\":\"ListItem\",\"position\":1,\"name\":\"Portada\",\"item\":\"https:\/\/lespiculins.com\/pt-pt\/inicio\/\"},{\"@type\":\"ListItem\",\"position\":2,\"name\":\"Loja\",\"item\":\"https:\/\/lespiculins.com\/pt-pt\/loja\/\"},{\"@type\":\"ListItem\",\"position\":3,\"name\":\"Mala Pequena Rosa Macia\"}]},{\"@type\":\"WebSite\",\"@id\":\"https:\/\/lespiculins.com\/pt-pt\/#website\",\"url\":\"https:\/\/lespiculins.com\/pt-pt\/\",\"name\":\"Les Piculins\",\"description\":\"Fundas para carritos, bugaboo, maclaren, icoo, bebecar, mima...\",\"potentialAction\":[{\"@type\":\"SearchAction\",\"target\":{\"@type\":\"EntryPoint\",\"urlTemplate\":\"https:\/\/lespiculins.com\/pt-pt\/?s={search_term_string}\"},\"query-input\":\"required name=search_term_string\"}],\"inLanguage\":\"pt-PT\"}]}<\/script>\n<!-- \/ Yoast SEO plugin. -->","yoast_head_json":{"title":"Mala Pequena Rosa Macia | Acces\u00f3rios de passeio | Les Piculins","description":"Saco suave cor-de-rosa mini liberdade. Mini bola para passeio de tamanho justo para n\u00e3o sobrecarregar e carregar o que voc\u00ea precisa. Em liberdade rosa macia.","robots":{"index":"index","follow":"follow","max-snippet":"max-snippet:-1","max-image-preview":"max-image-preview:large","max-video-preview":"max-video-preview:-1"},"canonical":"https:\/\/lespiculins.com\/pt-pt\/produto\/mini-liberty-soft-pink-bag\/","og_locale":"pt_PT","og_type":"article","og_title":"Mala Pequena Rosa Macia | Acces\u00f3rios de passeio | Les Piculins","og_description":"Saco suave cor-de-rosa mini liberdade. Mini bola para passeio de tamanho justo para n\u00e3o sobrecarregar e carregar o que voc\u00ea precisa. Em liberdade rosa macia.","og_url":"https:\/\/lespiculins.com\/pt-pt\/produto\/mini-liberty-soft-pink-bag\/","og_site_name":"Les Piculins","article_modified_time":"2023-07-11T06:06:44+00:00","og_image":[{"width":1080,"height":1005,"url":"https:\/\/lespiculins.com\/wp-content\/uploads\/2020\/11\/michelle1.jpg","type":"image\/jpeg"}],"twitter_card":"summary_large_image","schema":{"@context":"https:\/\/schema.org","@graph":[{"@type":"WebPage","@id":"https:\/\/lespiculins.com\/pt-pt\/produto\/mini-liberty-soft-pink-bag\/","url":"https:\/\/lespiculins.com\/pt-pt\/produto\/mini-liberty-soft-pink-bag\/","name":"Mala Pequena Rosa Macia | Acces\u00f3rios de passeio | Les Piculins","isPartOf":{"@id":"https:\/\/lespiculins.com\/pt-pt\/#website"},"datePublished":"2021-04-27T09:38:11+00:00","dateModified":"2023-07-11T06:06:44+00:00","description":"Saco suave cor-de-rosa mini liberdade. Mini bola para passeio de tamanho justo para n\u00e3o sobrecarregar e carregar o que voc\u00ea precisa. Em liberdade rosa macia.","breadcrumb":{"@id":"https:\/\/lespiculins.com\/pt-pt\/produto\/mini-liberty-soft-pink-bag\/#breadcrumb"},"inLanguage":"pt-PT","potentialAction":[{"@type":"ReadAction","target":["https:\/\/lespiculins.com\/pt-pt\/produto\/mini-liberty-soft-pink-bag\/"]}]},{"@type":"BreadcrumbList","@id":"https:\/\/lespiculins.com\/pt-pt\/produto\/mini-liberty-soft-pink-bag\/#breadcrumb","itemListElement":[{"@type":"ListItem","position":1,"name":"Portada","item":"https:\/\/lespiculins.com\/pt-pt\/inicio\/"},{"@type":"ListItem","position":2,"name":"Loja","item":"https:\/\/lespiculins.com\/pt-pt\/loja\/"},{"@type":"ListItem","position":3,"name":"Mala Pequena Rosa Macia"}]},{"@type":"WebSite","@id":"https:\/\/lespiculins.com\/pt-pt\/#website","url":"https:\/\/lespiculins.com\/pt-pt\/","name":"Les Piculins","description":"Fundas para carritos, bugaboo, maclaren, icoo, bebecar, mima...","potentialAction":[{"@type":"SearchAction","target":{"@type":"EntryPoint","urlTemplate":"https:\/\/lespiculins.com\/pt-pt\/?s={search_term_string}"},"query-input":"required name=search_term_string"}],"inLanguage":"pt-PT"}]}},"_links":{"self":[{"href":"https:\/\/lespiculins.com\/pt-pt\/wp-json\/wp\/v2\/product\/31335"}],"collection":[{"href":"https:\/\/lespiculins.com\/pt-pt\/wp-json\/wp\/v2\/product"}],"about":[{"href":"https:\/\/lespiculins.com\/pt-pt\/wp-json\/wp\/v2\/types\/product"}],"wp:featuredmedia":[{"embeddable":true,"href":"https:\/\/lespiculins.com\/pt-pt\/wp-json\/wp\/v2\/media\/34490"}],"wp:attachment":[{"href":"https:\/\/lespiculins.com\/pt-pt\/wp-json\/wp\/v2\/media?parent=31335"}],"wp:term":[{"taxonomy":"product_cat","embeddable":true,"href":"https:\/\/lespiculins.com\/pt-pt\/wp-json\/wp\/v2\/product_cat?post=31335"},{"taxonomy":"product_tag","embeddable":true,"href":"https:\/\/lespiculins.com\/pt-pt\/wp-json\/wp\/v2\/product_tag?post=31335"}],"curies":[{"name":"wp","href":"https:\/\/api.w.org\/{rel}","templated":true}]}}