{"id":31333,"date":"2020-11-19T15:42:51","date_gmt":"2021-04-27T09:37:45","guid":{"rendered":"https:\/\/lespiculins.com\/producto\/saco-da-floresta-panera-liberty\/"},"modified":"2022-03-10T12:14:25","modified_gmt":"2022-03-10T11:14:25","slug":"saco-da-floresta-panera-liberty","status":"publish","type":"product","link":"https:\/\/lespiculins.com\/pt-pt\/produto\/saco-da-floresta-panera-liberty\/","title":{"rendered":"Mala Liberty Floresta"},"content":{"rendered":"<section class=\"wpb-content-wrapper\"><section class=\"l-section wpb_row height_medium\"><div class=\"l-section-h i-cf\"><div class=\"g-cols vc_row via_flex valign_top type_default stacking_default\"><div class=\"vc_col-sm-12 wpb_column vc_column_container\"><div class=\"vc_column-inner\"><div class=\"wpb_wrapper\"><div class=\"wpb_text_column\"><div class=\"wpb_wrapper\"><p>Mais detalhes do nosso Panera Liberty Forest Bag:<\/p>\n<ul>\n<li>Bolso interior com dois compartimentos.<\/li>\n<li>Tamanho 38 x 39 x 12 cm.<\/li>\n<li>Impresso e colorido: Liberty London com flores em tons de azul escuro, verde escuro, verde claro e pau rosa.<\/li>\n<li>Combine o <a href=\"https:\/\/lespiculins.com\/pt-pt\/produto\/saco-baby-liberdade-floresta\/\" target=\"_blank\" rel=\"noopener\">Saco do Beb\u00ea da Floresta da Liberdade<\/a><\/li>\n<\/ul>\n<\/div><\/div><\/div><\/div><\/div><\/div><\/div><\/section>\n<\/section>","protected":false},"excerpt":{"rendered":"<p>Mala Liberty Floresta<\/p>\n<p style=\"text-align: justify;\">Reinventamos um cl\u00e1ssico: os nossas malas panera t\u00eam al\u00e7as &#8220;remover e colocar&#8221; para que possa lav\u00e1-las sem lavar o saco inteiro. Tamb\u00e9m t\u00eam uma pega comprida para pendurar nos ombros.<\/p>\n<p style=\"text-align: justify;\">Tecido Liberty London forrado para consist\u00eancia e bot\u00f5es de madeira natural.<\/p>\n<div class=\"woocommerce-product-details__short-description\">\n<p style=\"text-align: justify;\">Em Les Piculins temos que combinar com o nosso saco panera a <a href=\"https:\/\/lespiculins.com\/producto\/saco-bebe-liberty-bosque\/\" target=\"_blank\" rel=\"noopener\">Floresta da Liberdade do Saco do Beb\u00ea.<\/a><\/p>\n<p style=\"text-align: justify;\">Para manter o seu bosa como novo, siga as nossas dicas de lavagem. Maquinado, com o detergente hipoalerg\u00e9nico do seu beb\u00e9, m\u00e1ximo a 30oC. N\u00e3o pode passar ou usar um secador.<\/p>\n<\/div>\n","protected":false},"featured_media":30940,"template":"","meta":{"_joinchat":[]},"product_cat":[138],"product_tag":[310],"yoast_head":"<!-- This site is optimized with the Yoast SEO plugin v21.5 - https:\/\/yoast.com\/wordpress\/plugins\/seo\/ -->\n<title>Mala Liberty Floresta | Acces\u00f3rios de passeio | Les Piculins<\/title>\n<meta name=\"description\" content=\"Mala Liberty Floresta. F\u00e1cil de transportar com a pega comprida ou remover e colocar pegas. Impress\u00e3o liberty londres com flores.\" \/>\n<meta name=\"robots\" content=\"index, follow, max-snippet:-1, max-image-preview:large, max-video-preview:-1\" \/>\n<link rel=\"canonical\" href=\"https:\/\/lespiculins.com\/pt-pt\/produto\/saco-da-floresta-panera-liberty\/\" \/>\n<meta property=\"og:locale\" content=\"pt_PT\" \/>\n<meta property=\"og:type\" content=\"article\" \/>\n<meta property=\"og:title\" content=\"Mala Liberty Floresta | Acces\u00f3rios de passeio | Les Piculins\" \/>\n<meta property=\"og:description\" content=\"Mala Liberty Floresta. F\u00e1cil de transportar com a pega comprida ou remover e colocar pegas. Impress\u00e3o liberty londres com flores.\" \/>\n<meta property=\"og:url\" content=\"https:\/\/lespiculins.com\/pt-pt\/produto\/saco-da-floresta-panera-liberty\/\" \/>\n<meta property=\"og:site_name\" content=\"Les Piculins\" \/>\n<meta property=\"article:modified_time\" content=\"2022-03-10T11:14:25+00:00\" \/>\n<meta property=\"og:image\" content=\"https:\/\/lespiculins.com\/wp-content\/uploads\/2020\/11\/Bolsa-Panera-Liberty-Bosque-1-scaled.jpg\" \/>\n\t<meta property=\"og:image:width\" content=\"2351\" \/>\n\t<meta property=\"og:image:height\" content=\"2560\" \/>\n\t<meta property=\"og:image:type\" content=\"image\/jpeg\" \/>\n<meta name=\"twitter:card\" content=\"summary_large_image\" \/>\n<script type=\"application\/ld+json\" class=\"yoast-schema-graph\">{\"@context\":\"https:\/\/schema.org\",\"@graph\":[{\"@type\":\"WebPage\",\"@id\":\"https:\/\/lespiculins.com\/pt-pt\/produto\/saco-da-floresta-panera-liberty\/\",\"url\":\"https:\/\/lespiculins.com\/pt-pt\/produto\/saco-da-floresta-panera-liberty\/\",\"name\":\"Mala Liberty Floresta | Acces\u00f3rios de passeio | Les Piculins\",\"isPartOf\":{\"@id\":\"https:\/\/lespiculins.com\/pt-pt\/#website\"},\"datePublished\":\"2021-04-27T09:37:45+00:00\",\"dateModified\":\"2022-03-10T11:14:25+00:00\",\"description\":\"Mala Liberty Floresta. F\u00e1cil de transportar com a pega comprida ou remover e colocar pegas. Impress\u00e3o liberty londres com flores.\",\"breadcrumb\":{\"@id\":\"https:\/\/lespiculins.com\/pt-pt\/produto\/saco-da-floresta-panera-liberty\/#breadcrumb\"},\"inLanguage\":\"pt-PT\",\"potentialAction\":[{\"@type\":\"ReadAction\",\"target\":[\"https:\/\/lespiculins.com\/pt-pt\/produto\/saco-da-floresta-panera-liberty\/\"]}]},{\"@type\":\"BreadcrumbList\",\"@id\":\"https:\/\/lespiculins.com\/pt-pt\/produto\/saco-da-floresta-panera-liberty\/#breadcrumb\",\"itemListElement\":[{\"@type\":\"ListItem\",\"position\":1,\"name\":\"Portada\",\"item\":\"https:\/\/lespiculins.com\/pt-pt\/inicio\/\"},{\"@type\":\"ListItem\",\"position\":2,\"name\":\"Loja\",\"item\":\"https:\/\/lespiculins.com\/pt-pt\/loja\/\"},{\"@type\":\"ListItem\",\"position\":3,\"name\":\"Mala Liberty Floresta\"}]},{\"@type\":\"WebSite\",\"@id\":\"https:\/\/lespiculins.com\/pt-pt\/#website\",\"url\":\"https:\/\/lespiculins.com\/pt-pt\/\",\"name\":\"Les Piculins\",\"description\":\"Fundas para carritos, bugaboo, maclaren, icoo, bebecar, mima...\",\"potentialAction\":[{\"@type\":\"SearchAction\",\"target\":{\"@type\":\"EntryPoint\",\"urlTemplate\":\"https:\/\/lespiculins.com\/pt-pt\/?s={search_term_string}\"},\"query-input\":\"required name=search_term_string\"}],\"inLanguage\":\"pt-PT\"}]}<\/script>\n<!-- \/ Yoast SEO plugin. -->","yoast_head_json":{"title":"Mala Liberty Floresta | Acces\u00f3rios de passeio | Les Piculins","description":"Mala Liberty Floresta. F\u00e1cil de transportar com a pega comprida ou remover e colocar pegas. Impress\u00e3o liberty londres com flores.","robots":{"index":"index","follow":"follow","max-snippet":"max-snippet:-1","max-image-preview":"max-image-preview:large","max-video-preview":"max-video-preview:-1"},"canonical":"https:\/\/lespiculins.com\/pt-pt\/produto\/saco-da-floresta-panera-liberty\/","og_locale":"pt_PT","og_type":"article","og_title":"Mala Liberty Floresta | Acces\u00f3rios de passeio | Les Piculins","og_description":"Mala Liberty Floresta. F\u00e1cil de transportar com a pega comprida ou remover e colocar pegas. Impress\u00e3o liberty londres com flores.","og_url":"https:\/\/lespiculins.com\/pt-pt\/produto\/saco-da-floresta-panera-liberty\/","og_site_name":"Les Piculins","article_modified_time":"2022-03-10T11:14:25+00:00","og_image":[{"width":2351,"height":2560,"url":"https:\/\/lespiculins.com\/wp-content\/uploads\/2020\/11\/Bolsa-Panera-Liberty-Bosque-1-scaled.jpg","type":"image\/jpeg"}],"twitter_card":"summary_large_image","schema":{"@context":"https:\/\/schema.org","@graph":[{"@type":"WebPage","@id":"https:\/\/lespiculins.com\/pt-pt\/produto\/saco-da-floresta-panera-liberty\/","url":"https:\/\/lespiculins.com\/pt-pt\/produto\/saco-da-floresta-panera-liberty\/","name":"Mala Liberty Floresta | Acces\u00f3rios de passeio | Les Piculins","isPartOf":{"@id":"https:\/\/lespiculins.com\/pt-pt\/#website"},"datePublished":"2021-04-27T09:37:45+00:00","dateModified":"2022-03-10T11:14:25+00:00","description":"Mala Liberty Floresta. F\u00e1cil de transportar com a pega comprida ou remover e colocar pegas. Impress\u00e3o liberty londres com flores.","breadcrumb":{"@id":"https:\/\/lespiculins.com\/pt-pt\/produto\/saco-da-floresta-panera-liberty\/#breadcrumb"},"inLanguage":"pt-PT","potentialAction":[{"@type":"ReadAction","target":["https:\/\/lespiculins.com\/pt-pt\/produto\/saco-da-floresta-panera-liberty\/"]}]},{"@type":"BreadcrumbList","@id":"https:\/\/lespiculins.com\/pt-pt\/produto\/saco-da-floresta-panera-liberty\/#breadcrumb","itemListElement":[{"@type":"ListItem","position":1,"name":"Portada","item":"https:\/\/lespiculins.com\/pt-pt\/inicio\/"},{"@type":"ListItem","position":2,"name":"Loja","item":"https:\/\/lespiculins.com\/pt-pt\/loja\/"},{"@type":"ListItem","position":3,"name":"Mala Liberty Floresta"}]},{"@type":"WebSite","@id":"https:\/\/lespiculins.com\/pt-pt\/#website","url":"https:\/\/lespiculins.com\/pt-pt\/","name":"Les Piculins","description":"Fundas para carritos, bugaboo, maclaren, icoo, bebecar, mima...","potentialAction":[{"@type":"SearchAction","target":{"@type":"EntryPoint","urlTemplate":"https:\/\/lespiculins.com\/pt-pt\/?s={search_term_string}"},"query-input":"required name=search_term_string"}],"inLanguage":"pt-PT"}]}},"_links":{"self":[{"href":"https:\/\/lespiculins.com\/pt-pt\/wp-json\/wp\/v2\/product\/31333"}],"collection":[{"href":"https:\/\/lespiculins.com\/pt-pt\/wp-json\/wp\/v2\/product"}],"about":[{"href":"https:\/\/lespiculins.com\/pt-pt\/wp-json\/wp\/v2\/types\/product"}],"wp:featuredmedia":[{"embeddable":true,"href":"https:\/\/lespiculins.com\/pt-pt\/wp-json\/wp\/v2\/media\/30940"}],"wp:attachment":[{"href":"https:\/\/lespiculins.com\/pt-pt\/wp-json\/wp\/v2\/media?parent=31333"}],"wp:term":[{"taxonomy":"product_cat","embeddable":true,"href":"https:\/\/lespiculins.com\/pt-pt\/wp-json\/wp\/v2\/product_cat?post=31333"},{"taxonomy":"product_tag","embeddable":true,"href":"https:\/\/lespiculins.com\/pt-pt\/wp-json\/wp\/v2\/product_tag?post=31333"}],"curies":[{"name":"wp","href":"https:\/\/api.w.org\/{rel}","templated":true}]}}