{"id":31327,"date":"2020-11-19T15:51:42","date_gmt":"2021-04-27T09:29:45","guid":{"rendered":"https:\/\/lespiculins.com\/producto\/mini-liberty-bag-flores-em-po\/"},"modified":"2023-07-11T08:06:36","modified_gmt":"2023-07-11T06:06:36","slug":"mini-liberty-bag-flores-em-po","status":"publish","type":"product","link":"https:\/\/lespiculins.com\/pt-pt\/produto\/mini-liberty-bag-flores-em-po\/","title":{"rendered":"Mala Pequena Liberty Empoeirado"},"content":{"rendered":"<section class=\"wpb-content-wrapper\"><section class=\"l-section wpb_row height_medium\"><div class=\"l-section-h i-cf\"><div class=\"g-cols vc_row via_flex valign_top type_default stacking_default\"><div class=\"vc_col-sm-12 wpb_column vc_column_container\"><div class=\"vc_column-inner\"><div class=\"wpb_wrapper\"><div class=\"wpb_text_column\"><div class=\"wpb_wrapper\"><p>Mais detalhes do nosso Mini Flor Em P\u00f3<\/p>\n<ul>\n<li>Os nossos Mini Bags t\u00eam um tamanho que lhe permitir\u00e1 ter as suas pequenas coisas \u00e0 m\u00e3o sem carregar demasiado o carro do seu Beb\u00e9.<\/li>\n<li>Tamanho 34 x 21 x 8 cm<\/li>\n<li>Impress\u00e3o e cor: Flores de rosa em p\u00f3<\/li>\n<\/ul>\n<\/div><\/div><\/div><\/div><\/div><\/div><\/div><\/section>\n<\/section>","protected":false},"excerpt":{"rendered":"<p>Mala Pequena Liberty Empoeirado<\/p>\n<p style=\"text-align: justify;\">Os nossos mini-sacos t\u00eam o tamanho certo para levar consigo os must-haves do seu beb\u00e9 enquanto d\u00e1 uma volta. Ideal para carrinho de beb\u00e9 ou poltrona. Liberty London design tecido em cor em p\u00f3. Carrinho de passeio artesanal com materiais de alta qualidade.<\/p>\n<p style=\"text-align: justify;\">F\u00e1cil de abrir gra\u00e7as ao fecho frontal e \u00e0s pegas que se ligam ao carrinho gra\u00e7as aos bot\u00f5es de clique. As pegas s\u00e3o cinza clara e uma listra cor-de-rosa em p\u00f3.<\/p>\n<p style=\"text-align: justify;\">Para um excelente cuidado, siga as nossas dicas de lavagem. Maquinado, com o detergente hipoalerg\u00e9nico do seu beb\u00e9, m\u00e1ximo a 30oC. N\u00e3o pode passar ou usar um secador.<\/p>\n","protected":false},"featured_media":34451,"template":"","meta":{"_joinchat":[]},"product_cat":[138],"product_tag":[312],"yoast_head":"<!-- This site is optimized with the Yoast SEO plugin v21.5 - https:\/\/yoast.com\/wordpress\/plugins\/seo\/ -->\n<title>Mala Pequena Liberty Empoeirado | Acces\u00f3rios de passeio | Les Piculins<\/title>\n<meta name=\"description\" content=\"Mala Pequena Liberty Empoeirado. Nossos mini sacos de passeio s\u00e3o ideais para transportar tudo o que voc\u00ea precisa. Impress\u00e3o em p\u00f3.\" \/>\n<meta name=\"robots\" content=\"index, follow, max-snippet:-1, max-image-preview:large, max-video-preview:-1\" \/>\n<link rel=\"canonical\" href=\"https:\/\/lespiculins.com\/pt-pt\/produto\/mini-liberty-bag-flores-em-po\/\" \/>\n<meta property=\"og:locale\" content=\"pt_PT\" \/>\n<meta property=\"og:type\" content=\"article\" \/>\n<meta property=\"og:title\" content=\"Mala Pequena Liberty Empoeirado | Acces\u00f3rios de passeio | Les Piculins\" \/>\n<meta property=\"og:description\" content=\"Mala Pequena Liberty Empoeirado. Nossos mini sacos de passeio s\u00e3o ideais para transportar tudo o que voc\u00ea precisa. Impress\u00e3o em p\u00f3.\" \/>\n<meta property=\"og:url\" content=\"https:\/\/lespiculins.com\/pt-pt\/produto\/mini-liberty-bag-flores-em-po\/\" \/>\n<meta property=\"og:site_name\" content=\"Les Piculins\" \/>\n<meta property=\"article:modified_time\" content=\"2023-07-11T06:06:36+00:00\" \/>\n<meta property=\"og:image\" content=\"https:\/\/lespiculins.com\/wp-content\/uploads\/2020\/11\/thumbnail-9.jpg\" \/>\n\t<meta property=\"og:image:width\" content=\"887\" \/>\n\t<meta property=\"og:image:height\" content=\"900\" \/>\n\t<meta property=\"og:image:type\" content=\"image\/jpeg\" \/>\n<meta name=\"twitter:card\" content=\"summary_large_image\" \/>\n<script type=\"application\/ld+json\" class=\"yoast-schema-graph\">{\"@context\":\"https:\/\/schema.org\",\"@graph\":[{\"@type\":\"WebPage\",\"@id\":\"https:\/\/lespiculins.com\/pt-pt\/produto\/mini-liberty-bag-flores-em-po\/\",\"url\":\"https:\/\/lespiculins.com\/pt-pt\/produto\/mini-liberty-bag-flores-em-po\/\",\"name\":\"Mala Pequena Liberty Empoeirado | Acces\u00f3rios de passeio | Les Piculins\",\"isPartOf\":{\"@id\":\"https:\/\/lespiculins.com\/pt-pt\/#website\"},\"datePublished\":\"2021-04-27T09:29:45+00:00\",\"dateModified\":\"2023-07-11T06:06:36+00:00\",\"description\":\"Mala Pequena Liberty Empoeirado. Nossos mini sacos de passeio s\u00e3o ideais para transportar tudo o que voc\u00ea precisa. Impress\u00e3o em p\u00f3.\",\"breadcrumb\":{\"@id\":\"https:\/\/lespiculins.com\/pt-pt\/produto\/mini-liberty-bag-flores-em-po\/#breadcrumb\"},\"inLanguage\":\"pt-PT\",\"potentialAction\":[{\"@type\":\"ReadAction\",\"target\":[\"https:\/\/lespiculins.com\/pt-pt\/produto\/mini-liberty-bag-flores-em-po\/\"]}]},{\"@type\":\"BreadcrumbList\",\"@id\":\"https:\/\/lespiculins.com\/pt-pt\/produto\/mini-liberty-bag-flores-em-po\/#breadcrumb\",\"itemListElement\":[{\"@type\":\"ListItem\",\"position\":1,\"name\":\"Portada\",\"item\":\"https:\/\/lespiculins.com\/pt-pt\/inicio\/\"},{\"@type\":\"ListItem\",\"position\":2,\"name\":\"Loja\",\"item\":\"https:\/\/lespiculins.com\/pt-pt\/loja\/\"},{\"@type\":\"ListItem\",\"position\":3,\"name\":\"Mala Pequena Liberty Empoeirado\"}]},{\"@type\":\"WebSite\",\"@id\":\"https:\/\/lespiculins.com\/pt-pt\/#website\",\"url\":\"https:\/\/lespiculins.com\/pt-pt\/\",\"name\":\"Les Piculins\",\"description\":\"Fundas para carritos, bugaboo, maclaren, icoo, bebecar, mima...\",\"potentialAction\":[{\"@type\":\"SearchAction\",\"target\":{\"@type\":\"EntryPoint\",\"urlTemplate\":\"https:\/\/lespiculins.com\/pt-pt\/?s={search_term_string}\"},\"query-input\":\"required name=search_term_string\"}],\"inLanguage\":\"pt-PT\"}]}<\/script>\n<!-- \/ Yoast SEO plugin. -->","yoast_head_json":{"title":"Mala Pequena Liberty Empoeirado | Acces\u00f3rios de passeio | Les Piculins","description":"Mala Pequena Liberty Empoeirado. Nossos mini sacos de passeio s\u00e3o ideais para transportar tudo o que voc\u00ea precisa. Impress\u00e3o em p\u00f3.","robots":{"index":"index","follow":"follow","max-snippet":"max-snippet:-1","max-image-preview":"max-image-preview:large","max-video-preview":"max-video-preview:-1"},"canonical":"https:\/\/lespiculins.com\/pt-pt\/produto\/mini-liberty-bag-flores-em-po\/","og_locale":"pt_PT","og_type":"article","og_title":"Mala Pequena Liberty Empoeirado | Acces\u00f3rios de passeio | Les Piculins","og_description":"Mala Pequena Liberty Empoeirado. Nossos mini sacos de passeio s\u00e3o ideais para transportar tudo o que voc\u00ea precisa. Impress\u00e3o em p\u00f3.","og_url":"https:\/\/lespiculins.com\/pt-pt\/produto\/mini-liberty-bag-flores-em-po\/","og_site_name":"Les Piculins","article_modified_time":"2023-07-11T06:06:36+00:00","og_image":[{"width":887,"height":900,"url":"https:\/\/lespiculins.com\/wp-content\/uploads\/2020\/11\/thumbnail-9.jpg","type":"image\/jpeg"}],"twitter_card":"summary_large_image","schema":{"@context":"https:\/\/schema.org","@graph":[{"@type":"WebPage","@id":"https:\/\/lespiculins.com\/pt-pt\/produto\/mini-liberty-bag-flores-em-po\/","url":"https:\/\/lespiculins.com\/pt-pt\/produto\/mini-liberty-bag-flores-em-po\/","name":"Mala Pequena Liberty Empoeirado | Acces\u00f3rios de passeio | Les Piculins","isPartOf":{"@id":"https:\/\/lespiculins.com\/pt-pt\/#website"},"datePublished":"2021-04-27T09:29:45+00:00","dateModified":"2023-07-11T06:06:36+00:00","description":"Mala Pequena Liberty Empoeirado. Nossos mini sacos de passeio s\u00e3o ideais para transportar tudo o que voc\u00ea precisa. Impress\u00e3o em p\u00f3.","breadcrumb":{"@id":"https:\/\/lespiculins.com\/pt-pt\/produto\/mini-liberty-bag-flores-em-po\/#breadcrumb"},"inLanguage":"pt-PT","potentialAction":[{"@type":"ReadAction","target":["https:\/\/lespiculins.com\/pt-pt\/produto\/mini-liberty-bag-flores-em-po\/"]}]},{"@type":"BreadcrumbList","@id":"https:\/\/lespiculins.com\/pt-pt\/produto\/mini-liberty-bag-flores-em-po\/#breadcrumb","itemListElement":[{"@type":"ListItem","position":1,"name":"Portada","item":"https:\/\/lespiculins.com\/pt-pt\/inicio\/"},{"@type":"ListItem","position":2,"name":"Loja","item":"https:\/\/lespiculins.com\/pt-pt\/loja\/"},{"@type":"ListItem","position":3,"name":"Mala Pequena Liberty Empoeirado"}]},{"@type":"WebSite","@id":"https:\/\/lespiculins.com\/pt-pt\/#website","url":"https:\/\/lespiculins.com\/pt-pt\/","name":"Les Piculins","description":"Fundas para carritos, bugaboo, maclaren, icoo, bebecar, mima...","potentialAction":[{"@type":"SearchAction","target":{"@type":"EntryPoint","urlTemplate":"https:\/\/lespiculins.com\/pt-pt\/?s={search_term_string}"},"query-input":"required name=search_term_string"}],"inLanguage":"pt-PT"}]}},"_links":{"self":[{"href":"https:\/\/lespiculins.com\/pt-pt\/wp-json\/wp\/v2\/product\/31327"}],"collection":[{"href":"https:\/\/lespiculins.com\/pt-pt\/wp-json\/wp\/v2\/product"}],"about":[{"href":"https:\/\/lespiculins.com\/pt-pt\/wp-json\/wp\/v2\/types\/product"}],"wp:featuredmedia":[{"embeddable":true,"href":"https:\/\/lespiculins.com\/pt-pt\/wp-json\/wp\/v2\/media\/34451"}],"wp:attachment":[{"href":"https:\/\/lespiculins.com\/pt-pt\/wp-json\/wp\/v2\/media?parent=31327"}],"wp:term":[{"taxonomy":"product_cat","embeddable":true,"href":"https:\/\/lespiculins.com\/pt-pt\/wp-json\/wp\/v2\/product_cat?post=31327"},{"taxonomy":"product_tag","embeddable":true,"href":"https:\/\/lespiculins.com\/pt-pt\/wp-json\/wp\/v2\/product_tag?post=31327"}],"curies":[{"name":"wp","href":"https:\/\/api.w.org\/{rel}","templated":true}]}}