{"id":31320,"date":"2020-11-19T15:58:08","date_gmt":"2021-04-27T09:26:34","guid":{"rendered":"https:\/\/lespiculins.com\/producto\/panera-liberty-animalitos-pastel-bag\/"},"modified":"2025-08-05T02:00:54","modified_gmt":"2025-08-05T00:00:54","slug":"bag-panera-liberty-animalitos-pastel","status":"publish","type":"product","link":"https:\/\/lespiculins.com\/pt-pt\/produto\/bag-panera-liberty-animalitos-pastel\/","title":{"rendered":"Mala Liberty Animalitos Pastel"},"content":{"rendered":"<section class=\"wpb-content-wrapper\"><section class=\"l-section wpb_row height_medium\"><div class=\"l-section-h i-cf\"><div class=\"g-cols vc_row via_flex valign_top type_default stacking_default\"><div class=\"vc_col-sm-12 wpb_column vc_column_container\"><div class=\"vc_column-inner\"><div class=\"wpb_wrapper\"><div class=\"wpb_text_column\"><div class=\"wpb_wrapper\"><p>Mais detalhes do nosso Panera Liberty Animalitos Pastel Bag:<\/p>\n<ul>\n<li>Bolso interior com dois compartimentos.<\/li>\n<li>Tamanho 38 x 39 x 12 cm.<\/li>\n<li>Cor: Animais pastel em um fundo branco<\/li>\n<li>Combine com <a href=\"https:\/\/lespiculins.com\/pt-pt\/produto\/saco-de-bebe-pastel-de-liberty-animalitos\/\" target=\"_blank\" rel=\"noopener\">liberty animalitos pastel baby bag,<\/a> <a href=\"https:\/\/lespiculins.com\/pt-pt\/produto\/pastel-reversivel-do-tapete-bugaboo-animalitos\/\" target=\"_blank\" rel=\"noopener\">Bugaboo Animalitos Pastel Reversible Mattress e<\/a> <a href=\"https:\/\/lespiculins.com\/pt-pt\/produto\/saco-bugaboo-liberty-animalitos-pastel\/\">Bugaboo Liberty AnimalItos Pastel Bag.<\/a><\/li>\n<\/ul>\n<\/div><\/div><\/div><\/div><\/div><\/div><\/div><\/section>\n<\/section>","protected":false},"excerpt":{"rendered":"<p>Mala Liberty Animalitos Pastel<\/p>\n<p style=\"text-align: justify;\">Reinventamos um cl\u00e1ssico: os nossos sacos Panera t\u00eam al\u00e7as &#8220;remover e colocar&#8221; para que possa lav\u00e1-las sem lavar o saco inteiro. Tamb\u00e9m t\u00eam uma pega comprida para pendurar nos ombros.<\/p>\n<p style=\"text-align: justify;\">Tecido Liberty London forrado para consist\u00eancia e bot\u00f5es de madeira natural.<\/p>\n<p style=\"text-align: justify;\">Lanched em lonetite ou bambula, voc\u00ea s\u00f3 tem que indicar o tecido que voc\u00ea prefere em observa\u00e7\u00f5es. Podem ser facilmente removidos e colocados.<\/p>\n<p style=\"text-align: justify;\">Na Les Piculins tamb\u00e9m temos outros produtos para combinar com o nosso mini saco. Estes s\u00e3o: <a href=\"https:\/\/lespiculins.com\/producto\/saco-bebe-liberty-animalitos-pastel\/\" target=\"_blank\" rel=\"noopener\">Liberty Animalitos Pastel Baby Bag,<\/a> <a href=\"https:\/\/lespiculins.com\/producto\/colchoneta-reversible-bugaboo-animalitos-pastel\/\" target=\"_blank\" rel=\"noopener\">Bugaboo AnimalItos Pastel Reversible<\/a> Mattress e <a href=\"https:\/\/lespiculins.com\/producto\/saco-bugaboo-liberty-animalitos-pastel\/\" target=\"_blank\" rel=\"noopener\">Bugaboo Liberty AnimalItos Pastel Bag.<\/a><\/p>\n<p style=\"text-align: justify;\">Se quiser manter a sua mala como primeiro dia, siga as nossas dicas de lavagem. Maquinado, com o detergente hipoalerg\u00e9nico do seu beb\u00e9, m\u00e1ximo a 30oC. N\u00e3o pode passar ou usar um secador.<\/p>\n","protected":false},"featured_media":30946,"template":"","meta":{"_joinchat":[]},"product_cat":[138],"product_tag":[304],"yoast_head":"<!-- This site is optimized with the Yoast SEO plugin v21.5 - https:\/\/yoast.com\/wordpress\/plugins\/seo\/ -->\n<title>Mala Liberty Animalitos Pastel | Acces\u00f3rios de passeio | Les Piculins<\/title>\n<meta name=\"description\" content=\"Mala Liberty Animalitos Pastel. Bola com retire e coloque as pegas, al\u00e9m de uma pega comprida para segurar no ombro. Com lags de remover e colocar.\" \/>\n<meta name=\"robots\" content=\"index, follow, max-snippet:-1, max-image-preview:large, max-video-preview:-1\" \/>\n<link rel=\"canonical\" href=\"https:\/\/lespiculins.com\/pt-pt\/produto\/bag-panera-liberty-animalitos-pastel\/\" \/>\n<meta property=\"og:locale\" content=\"pt_PT\" \/>\n<meta property=\"og:type\" content=\"article\" \/>\n<meta property=\"og:title\" content=\"Mala Liberty Animalitos Pastel | Acces\u00f3rios de passeio | Les Piculins\" \/>\n<meta property=\"og:description\" content=\"Mala Liberty Animalitos Pastel. Bola com retire e coloque as pegas, al\u00e9m de uma pega comprida para segurar no ombro. Com lags de remover e colocar.\" \/>\n<meta property=\"og:url\" content=\"https:\/\/lespiculins.com\/pt-pt\/produto\/bag-panera-liberty-animalitos-pastel\/\" \/>\n<meta property=\"og:site_name\" content=\"Les Piculins\" \/>\n<meta property=\"article:modified_time\" content=\"2025-08-05T00:00:54+00:00\" \/>\n<meta property=\"og:image\" content=\"https:\/\/lespiculins.com\/wp-content\/uploads\/2020\/11\/panera-liberty-animalitos-pastel-scaled.jpg\" \/>\n\t<meta property=\"og:image:width\" content=\"2181\" \/>\n\t<meta property=\"og:image:height\" content=\"2560\" \/>\n\t<meta property=\"og:image:type\" content=\"image\/jpeg\" \/>\n<meta name=\"twitter:card\" content=\"summary_large_image\" \/>\n<script type=\"application\/ld+json\" class=\"yoast-schema-graph\">{\"@context\":\"https:\/\/schema.org\",\"@graph\":[{\"@type\":\"WebPage\",\"@id\":\"https:\/\/lespiculins.com\/pt-pt\/produto\/bag-panera-liberty-animalitos-pastel\/\",\"url\":\"https:\/\/lespiculins.com\/pt-pt\/produto\/bag-panera-liberty-animalitos-pastel\/\",\"name\":\"Mala Liberty Animalitos Pastel | Acces\u00f3rios de passeio | Les Piculins\",\"isPartOf\":{\"@id\":\"https:\/\/lespiculins.com\/pt-pt\/#website\"},\"datePublished\":\"2021-04-27T09:26:34+00:00\",\"dateModified\":\"2025-08-05T00:00:54+00:00\",\"description\":\"Mala Liberty Animalitos Pastel. Bola com retire e coloque as pegas, al\u00e9m de uma pega comprida para segurar no ombro. Com lags de remover e colocar.\",\"breadcrumb\":{\"@id\":\"https:\/\/lespiculins.com\/pt-pt\/produto\/bag-panera-liberty-animalitos-pastel\/#breadcrumb\"},\"inLanguage\":\"pt-PT\",\"potentialAction\":[{\"@type\":\"ReadAction\",\"target\":[\"https:\/\/lespiculins.com\/pt-pt\/produto\/bag-panera-liberty-animalitos-pastel\/\"]}]},{\"@type\":\"BreadcrumbList\",\"@id\":\"https:\/\/lespiculins.com\/pt-pt\/produto\/bag-panera-liberty-animalitos-pastel\/#breadcrumb\",\"itemListElement\":[{\"@type\":\"ListItem\",\"position\":1,\"name\":\"Portada\",\"item\":\"https:\/\/lespiculins.com\/pt-pt\/inicio\/\"},{\"@type\":\"ListItem\",\"position\":2,\"name\":\"Loja\",\"item\":\"https:\/\/lespiculins.com\/pt-pt\/loja\/\"},{\"@type\":\"ListItem\",\"position\":3,\"name\":\"Mala Liberty Animalitos Pastel\"}]},{\"@type\":\"WebSite\",\"@id\":\"https:\/\/lespiculins.com\/pt-pt\/#website\",\"url\":\"https:\/\/lespiculins.com\/pt-pt\/\",\"name\":\"Les Piculins\",\"description\":\"Fundas para carritos, bugaboo, maclaren, icoo, bebecar, mima...\",\"potentialAction\":[{\"@type\":\"SearchAction\",\"target\":{\"@type\":\"EntryPoint\",\"urlTemplate\":\"https:\/\/lespiculins.com\/pt-pt\/?s={search_term_string}\"},\"query-input\":\"required name=search_term_string\"}],\"inLanguage\":\"pt-PT\"}]}<\/script>\n<!-- \/ Yoast SEO plugin. -->","yoast_head_json":{"title":"Mala Liberty Animalitos Pastel | Acces\u00f3rios de passeio | Les Piculins","description":"Mala Liberty Animalitos Pastel. Bola com retire e coloque as pegas, al\u00e9m de uma pega comprida para segurar no ombro. Com lags de remover e colocar.","robots":{"index":"index","follow":"follow","max-snippet":"max-snippet:-1","max-image-preview":"max-image-preview:large","max-video-preview":"max-video-preview:-1"},"canonical":"https:\/\/lespiculins.com\/pt-pt\/produto\/bag-panera-liberty-animalitos-pastel\/","og_locale":"pt_PT","og_type":"article","og_title":"Mala Liberty Animalitos Pastel | Acces\u00f3rios de passeio | Les Piculins","og_description":"Mala Liberty Animalitos Pastel. Bola com retire e coloque as pegas, al\u00e9m de uma pega comprida para segurar no ombro. Com lags de remover e colocar.","og_url":"https:\/\/lespiculins.com\/pt-pt\/produto\/bag-panera-liberty-animalitos-pastel\/","og_site_name":"Les Piculins","article_modified_time":"2025-08-05T00:00:54+00:00","og_image":[{"width":2181,"height":2560,"url":"https:\/\/lespiculins.com\/wp-content\/uploads\/2020\/11\/panera-liberty-animalitos-pastel-scaled.jpg","type":"image\/jpeg"}],"twitter_card":"summary_large_image","schema":{"@context":"https:\/\/schema.org","@graph":[{"@type":"WebPage","@id":"https:\/\/lespiculins.com\/pt-pt\/produto\/bag-panera-liberty-animalitos-pastel\/","url":"https:\/\/lespiculins.com\/pt-pt\/produto\/bag-panera-liberty-animalitos-pastel\/","name":"Mala Liberty Animalitos Pastel | Acces\u00f3rios de passeio | Les Piculins","isPartOf":{"@id":"https:\/\/lespiculins.com\/pt-pt\/#website"},"datePublished":"2021-04-27T09:26:34+00:00","dateModified":"2025-08-05T00:00:54+00:00","description":"Mala Liberty Animalitos Pastel. Bola com retire e coloque as pegas, al\u00e9m de uma pega comprida para segurar no ombro. Com lags de remover e colocar.","breadcrumb":{"@id":"https:\/\/lespiculins.com\/pt-pt\/produto\/bag-panera-liberty-animalitos-pastel\/#breadcrumb"},"inLanguage":"pt-PT","potentialAction":[{"@type":"ReadAction","target":["https:\/\/lespiculins.com\/pt-pt\/produto\/bag-panera-liberty-animalitos-pastel\/"]}]},{"@type":"BreadcrumbList","@id":"https:\/\/lespiculins.com\/pt-pt\/produto\/bag-panera-liberty-animalitos-pastel\/#breadcrumb","itemListElement":[{"@type":"ListItem","position":1,"name":"Portada","item":"https:\/\/lespiculins.com\/pt-pt\/inicio\/"},{"@type":"ListItem","position":2,"name":"Loja","item":"https:\/\/lespiculins.com\/pt-pt\/loja\/"},{"@type":"ListItem","position":3,"name":"Mala Liberty Animalitos Pastel"}]},{"@type":"WebSite","@id":"https:\/\/lespiculins.com\/pt-pt\/#website","url":"https:\/\/lespiculins.com\/pt-pt\/","name":"Les Piculins","description":"Fundas para carritos, bugaboo, maclaren, icoo, bebecar, mima...","potentialAction":[{"@type":"SearchAction","target":{"@type":"EntryPoint","urlTemplate":"https:\/\/lespiculins.com\/pt-pt\/?s={search_term_string}"},"query-input":"required name=search_term_string"}],"inLanguage":"pt-PT"}]}},"_links":{"self":[{"href":"https:\/\/lespiculins.com\/pt-pt\/wp-json\/wp\/v2\/product\/31320"}],"collection":[{"href":"https:\/\/lespiculins.com\/pt-pt\/wp-json\/wp\/v2\/product"}],"about":[{"href":"https:\/\/lespiculins.com\/pt-pt\/wp-json\/wp\/v2\/types\/product"}],"wp:featuredmedia":[{"embeddable":true,"href":"https:\/\/lespiculins.com\/pt-pt\/wp-json\/wp\/v2\/media\/30946"}],"wp:attachment":[{"href":"https:\/\/lespiculins.com\/pt-pt\/wp-json\/wp\/v2\/media?parent=31320"}],"wp:term":[{"taxonomy":"product_cat","embeddable":true,"href":"https:\/\/lespiculins.com\/pt-pt\/wp-json\/wp\/v2\/product_cat?post=31320"},{"taxonomy":"product_tag","embeddable":true,"href":"https:\/\/lespiculins.com\/pt-pt\/wp-json\/wp\/v2\/product_tag?post=31320"}],"curies":[{"name":"wp","href":"https:\/\/api.w.org\/{rel}","templated":true}]}}