{"id":31312,"date":"2020-11-19T16:05:18","date_gmt":"2021-04-27T09:24:08","guid":{"rendered":"https:\/\/lespiculins.com\/producto\/mini-saco-de-morango-da-liberdade\/"},"modified":"2022-03-10T12:09:49","modified_gmt":"2022-03-10T11:09:49","slug":"mini-saco-de-morango-da-liberdade","status":"publish","type":"product","link":"https:\/\/lespiculins.com\/pt-pt\/produto\/mini-saco-de-morango-da-liberdade\/","title":{"rendered":"Mala Pequena Liberty Rosa Morango"},"content":{"rendered":"<section class=\"wpb-content-wrapper\"><section class=\"l-section wpb_row height_medium\"><div class=\"l-section-h i-cf\"><div class=\"g-cols vc_row via_flex valign_top type_default stacking_default\"><div class=\"vc_col-sm-12 wpb_column vc_column_container\"><div class=\"vc_column-inner\"><div class=\"wpb_wrapper\"><div class=\"wpb_text_column\"><div class=\"wpb_wrapper\"><p>Mais detalhes do nosso Mini Liberty Strawberry Bag<\/p>\n<ul>\n<li>Os nossos Mini Bags t\u00eam um tamanho que lhe permitir\u00e1 ter as suas pequenas coisas \u00e0 m\u00e3o sem carregar demasiado o carro do seu Beb\u00e9.<\/li>\n<li>Tamanho 34 x 21 x 8 cm<\/li>\n<li>Imprimir e colorir: Flores maioritariamente rosa de morango.<\/li>\n<\/ul>\n<\/div><\/div><\/div><\/div><\/div><\/div><\/div><\/section>\n<\/section>","protected":false},"excerpt":{"rendered":"<p>Mala Pequena Liberty Rosa Morango<\/p>\n<p style=\"text-align: justify;\">Este mini saco de carrinhos com um design de flor em tons de morango \u00e9 ideal para transportar tudo o que voc\u00ea precisa para seu beb\u00ea cada vez que voc\u00ea vai dar um passeio. Saco artesanal, com materiais de alta qualidade.<\/p>\n<p style=\"text-align: justify;\">Abertura f\u00e1cil gra\u00e7as ao fecho dianteiro. O nosso mini saco est\u00e1 ligado ao carrinho com duas pegas que s\u00e3o facilmente fixadas \u00e0 cadeira com um bot\u00e3o de clique. As fitas s\u00e3o beges com uma risca cor-de-rosa.<\/p>\n<p style=\"text-align: justify;\">Para manter o seu mini saco como primeiro dia, siga as nossas dicas de lavagem. Maquinado, com o detergente hipoalerg\u00e9nico do seu beb\u00e9, m\u00e1ximo a 30oC. N\u00e3o pode passar ou usar um secador.<\/p>\n","protected":false},"featured_media":30182,"template":"","meta":{"_joinchat":[]},"product_cat":[138],"product_tag":[313],"yoast_head":"<!-- This site is optimized with the Yoast SEO plugin v21.5 - https:\/\/yoast.com\/wordpress\/plugins\/seo\/ -->\n<title>Mala Pequena Liberty Rosa Morango | Acces\u00f3rios de passeio | Les Piculins<\/title>\n<meta name=\"description\" content=\"Mala Pequena Liberty Rosa Morango. Mini saco de passeio com impress\u00e3o Liberty London e cor de morango. Ideal para usar o essencial do seu beb\u00e9.\" \/>\n<meta name=\"robots\" content=\"index, follow, max-snippet:-1, max-image-preview:large, max-video-preview:-1\" \/>\n<link rel=\"canonical\" href=\"https:\/\/lespiculins.com\/pt-pt\/produto\/mini-saco-de-morango-da-liberdade\/\" \/>\n<meta property=\"og:locale\" content=\"pt_PT\" \/>\n<meta property=\"og:type\" content=\"article\" \/>\n<meta property=\"og:title\" content=\"Mala Pequena Liberty Rosa Morango | Acces\u00f3rios de passeio | Les Piculins\" \/>\n<meta property=\"og:description\" content=\"Mala Pequena Liberty Rosa Morango. Mini saco de passeio com impress\u00e3o Liberty London e cor de morango. Ideal para usar o essencial do seu beb\u00e9.\" \/>\n<meta property=\"og:url\" content=\"https:\/\/lespiculins.com\/pt-pt\/produto\/mini-saco-de-morango-da-liberdade\/\" \/>\n<meta property=\"og:site_name\" content=\"Les Piculins\" \/>\n<meta property=\"article:modified_time\" content=\"2022-03-10T11:09:49+00:00\" \/>\n<meta property=\"og:image\" content=\"https:\/\/lespiculins.com\/wp-content\/uploads\/2020\/11\/thumbnail-7-1.jpg\" \/>\n\t<meta property=\"og:image:width\" content=\"860\" \/>\n\t<meta property=\"og:image:height\" content=\"900\" \/>\n\t<meta property=\"og:image:type\" content=\"image\/jpeg\" \/>\n<meta name=\"twitter:card\" content=\"summary_large_image\" \/>\n<script type=\"application\/ld+json\" class=\"yoast-schema-graph\">{\"@context\":\"https:\/\/schema.org\",\"@graph\":[{\"@type\":\"WebPage\",\"@id\":\"https:\/\/lespiculins.com\/pt-pt\/produto\/mini-saco-de-morango-da-liberdade\/\",\"url\":\"https:\/\/lespiculins.com\/pt-pt\/produto\/mini-saco-de-morango-da-liberdade\/\",\"name\":\"Mala Pequena Liberty Rosa Morango | Acces\u00f3rios de passeio | Les Piculins\",\"isPartOf\":{\"@id\":\"https:\/\/lespiculins.com\/pt-pt\/#website\"},\"datePublished\":\"2021-04-27T09:24:08+00:00\",\"dateModified\":\"2022-03-10T11:09:49+00:00\",\"description\":\"Mala Pequena Liberty Rosa Morango. Mini saco de passeio com impress\u00e3o Liberty London e cor de morango. Ideal para usar o essencial do seu beb\u00e9.\",\"breadcrumb\":{\"@id\":\"https:\/\/lespiculins.com\/pt-pt\/produto\/mini-saco-de-morango-da-liberdade\/#breadcrumb\"},\"inLanguage\":\"pt-PT\",\"potentialAction\":[{\"@type\":\"ReadAction\",\"target\":[\"https:\/\/lespiculins.com\/pt-pt\/produto\/mini-saco-de-morango-da-liberdade\/\"]}]},{\"@type\":\"BreadcrumbList\",\"@id\":\"https:\/\/lespiculins.com\/pt-pt\/produto\/mini-saco-de-morango-da-liberdade\/#breadcrumb\",\"itemListElement\":[{\"@type\":\"ListItem\",\"position\":1,\"name\":\"Portada\",\"item\":\"https:\/\/lespiculins.com\/pt-pt\/inicio\/\"},{\"@type\":\"ListItem\",\"position\":2,\"name\":\"Loja\",\"item\":\"https:\/\/lespiculins.com\/pt-pt\/loja\/\"},{\"@type\":\"ListItem\",\"position\":3,\"name\":\"Mala Pequena Liberty Rosa Morango\"}]},{\"@type\":\"WebSite\",\"@id\":\"https:\/\/lespiculins.com\/pt-pt\/#website\",\"url\":\"https:\/\/lespiculins.com\/pt-pt\/\",\"name\":\"Les Piculins\",\"description\":\"Fundas para carritos, bugaboo, maclaren, icoo, bebecar, mima...\",\"potentialAction\":[{\"@type\":\"SearchAction\",\"target\":{\"@type\":\"EntryPoint\",\"urlTemplate\":\"https:\/\/lespiculins.com\/pt-pt\/?s={search_term_string}\"},\"query-input\":\"required name=search_term_string\"}],\"inLanguage\":\"pt-PT\"}]}<\/script>\n<!-- \/ Yoast SEO plugin. -->","yoast_head_json":{"title":"Mala Pequena Liberty Rosa Morango | Acces\u00f3rios de passeio | Les Piculins","description":"Mala Pequena Liberty Rosa Morango. Mini saco de passeio com impress\u00e3o Liberty London e cor de morango. Ideal para usar o essencial do seu beb\u00e9.","robots":{"index":"index","follow":"follow","max-snippet":"max-snippet:-1","max-image-preview":"max-image-preview:large","max-video-preview":"max-video-preview:-1"},"canonical":"https:\/\/lespiculins.com\/pt-pt\/produto\/mini-saco-de-morango-da-liberdade\/","og_locale":"pt_PT","og_type":"article","og_title":"Mala Pequena Liberty Rosa Morango | Acces\u00f3rios de passeio | Les Piculins","og_description":"Mala Pequena Liberty Rosa Morango. Mini saco de passeio com impress\u00e3o Liberty London e cor de morango. Ideal para usar o essencial do seu beb\u00e9.","og_url":"https:\/\/lespiculins.com\/pt-pt\/produto\/mini-saco-de-morango-da-liberdade\/","og_site_name":"Les Piculins","article_modified_time":"2022-03-10T11:09:49+00:00","og_image":[{"width":860,"height":900,"url":"https:\/\/lespiculins.com\/wp-content\/uploads\/2020\/11\/thumbnail-7-1.jpg","type":"image\/jpeg"}],"twitter_card":"summary_large_image","schema":{"@context":"https:\/\/schema.org","@graph":[{"@type":"WebPage","@id":"https:\/\/lespiculins.com\/pt-pt\/produto\/mini-saco-de-morango-da-liberdade\/","url":"https:\/\/lespiculins.com\/pt-pt\/produto\/mini-saco-de-morango-da-liberdade\/","name":"Mala Pequena Liberty Rosa Morango | Acces\u00f3rios de passeio | Les Piculins","isPartOf":{"@id":"https:\/\/lespiculins.com\/pt-pt\/#website"},"datePublished":"2021-04-27T09:24:08+00:00","dateModified":"2022-03-10T11:09:49+00:00","description":"Mala Pequena Liberty Rosa Morango. Mini saco de passeio com impress\u00e3o Liberty London e cor de morango. Ideal para usar o essencial do seu beb\u00e9.","breadcrumb":{"@id":"https:\/\/lespiculins.com\/pt-pt\/produto\/mini-saco-de-morango-da-liberdade\/#breadcrumb"},"inLanguage":"pt-PT","potentialAction":[{"@type":"ReadAction","target":["https:\/\/lespiculins.com\/pt-pt\/produto\/mini-saco-de-morango-da-liberdade\/"]}]},{"@type":"BreadcrumbList","@id":"https:\/\/lespiculins.com\/pt-pt\/produto\/mini-saco-de-morango-da-liberdade\/#breadcrumb","itemListElement":[{"@type":"ListItem","position":1,"name":"Portada","item":"https:\/\/lespiculins.com\/pt-pt\/inicio\/"},{"@type":"ListItem","position":2,"name":"Loja","item":"https:\/\/lespiculins.com\/pt-pt\/loja\/"},{"@type":"ListItem","position":3,"name":"Mala Pequena Liberty Rosa Morango"}]},{"@type":"WebSite","@id":"https:\/\/lespiculins.com\/pt-pt\/#website","url":"https:\/\/lespiculins.com\/pt-pt\/","name":"Les Piculins","description":"Fundas para carritos, bugaboo, maclaren, icoo, bebecar, mima...","potentialAction":[{"@type":"SearchAction","target":{"@type":"EntryPoint","urlTemplate":"https:\/\/lespiculins.com\/pt-pt\/?s={search_term_string}"},"query-input":"required name=search_term_string"}],"inLanguage":"pt-PT"}]}},"_links":{"self":[{"href":"https:\/\/lespiculins.com\/pt-pt\/wp-json\/wp\/v2\/product\/31312"}],"collection":[{"href":"https:\/\/lespiculins.com\/pt-pt\/wp-json\/wp\/v2\/product"}],"about":[{"href":"https:\/\/lespiculins.com\/pt-pt\/wp-json\/wp\/v2\/types\/product"}],"wp:featuredmedia":[{"embeddable":true,"href":"https:\/\/lespiculins.com\/pt-pt\/wp-json\/wp\/v2\/media\/30182"}],"wp:attachment":[{"href":"https:\/\/lespiculins.com\/pt-pt\/wp-json\/wp\/v2\/media?parent=31312"}],"wp:term":[{"taxonomy":"product_cat","embeddable":true,"href":"https:\/\/lespiculins.com\/pt-pt\/wp-json\/wp\/v2\/product_cat?post=31312"},{"taxonomy":"product_tag","embeddable":true,"href":"https:\/\/lespiculins.com\/pt-pt\/wp-json\/wp\/v2\/product_tag?post=31312"}],"curies":[{"name":"wp","href":"https:\/\/api.w.org\/{rel}","templated":true}]}}