{"id":31307,"date":"2020-11-19T16:10:30","date_gmt":"2021-04-27T09:22:57","guid":{"rendered":"https:\/\/lespiculins.com\/producto\/liberty-soft-pink-document-holder\/"},"modified":"2022-01-27T11:55:56","modified_gmt":"2022-01-27T10:55:56","slug":"liberty-soft-pink-document-holder","status":"publish","type":"product","link":"https:\/\/lespiculins.com\/pt-pt\/produto\/liberty-soft-pink-document-holder\/","title":{"rendered":"Liberty Soft Pink Document Holder"},"content":{"rendered":"<section class=\"wpb-content-wrapper\"><section class=\"l-section wpb_row height_medium\"><div class=\"l-section-h i-cf\"><div class=\"g-cols vc_row via_flex valign_top type_default stacking_default\"><div class=\"vc_col-sm-12 wpb_column vc_column_container\"><div class=\"vc_column-inner\"><div class=\"wpb_wrapper\"><div class=\"wpb_text_column\"><div class=\"wpb_wrapper\"><p>Mais detalhes do nosso Liberty Soft Pink Document Holder<\/p>\n<ul>\n<li>Abra as dimens\u00f5es 30 x 22 cm.<\/li>\n<li><strong>Dicas de lavagem : M\u00e1quina,<\/strong>com detergente hipoalerg\u00e9nico do beb\u00e9, at\u00e9 30oC. N\u00e3o pode passar ou usar um secador.<\/li>\n<\/ul>\n<\/div><\/div><\/div><\/div><\/div><\/div><\/div><\/section>\n<\/section>","protected":false},"excerpt":{"rendered":"<p style=\"text-align: justify;\">Presente perfeito e pr\u00e1tico <strong>para um rec\u00e9m-nascido.<\/strong> Transporte bolsos <strong>para organizar melhor<\/strong> todos os documentos. Ter\u00e1 sempre \u00e0 m\u00e3o tudo o que precisa numa emerg\u00eancia: os seus documentos, cart\u00e3o de vacina\u00e7\u00e3o, etc.<\/p>\n<p style=\"text-align: justify;\">Nossa <strong>sugest\u00e3o:<\/strong>guarde-o como recorda\u00e7\u00e3o juntamente com os detalhes especiais <strong>dos seus primeiros meses.<\/strong><\/p>\n<p style=\"text-align: justify;\">Quer esteja \u00e0 procura de um presente para beb\u00e9 ou a preparar-se para a sua chegada, o nosso porta-documentos combina perfeitamente com outros produtos da <strong>cole\u00e7\u00e3o Liberty Soft Pink.<\/strong> Por exemplo: o <a href=\"https:\/\/lespiculins.com\/producto\/bolsa-mini-liberty-rosa-suave\/\" target=\"_blank\" rel=\"noopener\">Mini Bag ou<\/a> o Liberty Soft Pink <a href=\"https:\/\/lespiculins.com\/producto\/bolsa-panera-liberty-rosa-suave\/\" target=\"_blank\" rel=\"noopener\">Panera Bag.<\/a> A <a href=\"https:\/\/lespiculins.com\/producto\/maleta-maternidad-liberty-rosa-suave\/\" target=\"_blank\" rel=\"noopener\">Mala de Maternidade Cor-de-Rosa Suave Liberty<\/a> ou o Conjunto De Flor <a href=\"https:\/\/lespiculins.com\/producto\/conjunto-capazo-bugaboo-bee-flores-rosa-suave\/\" target=\"_blank\" rel=\"noopener\">Cor-de-Rosa Macia Bugaboo Bee.<\/a><\/p>\n<p>&nbsp;<\/p>\n<p>&nbsp;<\/p>\n<p>&nbsp;<\/p>\n","protected":false},"featured_media":30288,"template":"","meta":{"_joinchat":[]},"product_cat":[140],"product_tag":[320],"yoast_head":"<!-- This site is optimized with the Yoast SEO plugin v21.5 - https:\/\/yoast.com\/wordpress\/plugins\/seo\/ -->\n<title>Titular do documento Liberty Rosa Macio | Acess\u00f3rios para beb\u00e9s | Les Piculins<\/title>\n<meta name=\"description\" content=\"Titular do documento Liberty Rosa Macio. Bolso para organizar melhor os documentos do seu beb\u00e9: cart\u00e3o de vacina\u00e7\u00e3o, cart\u00e3o de sa\u00fade...\" \/>\n<meta name=\"robots\" content=\"index, follow, max-snippet:-1, max-image-preview:large, max-video-preview:-1\" \/>\n<link rel=\"canonical\" href=\"https:\/\/lespiculins.com\/pt-pt\/produto\/liberty-soft-pink-document-holder\/\" \/>\n<meta property=\"og:locale\" content=\"pt_PT\" \/>\n<meta property=\"og:type\" content=\"article\" \/>\n<meta property=\"og:title\" content=\"Titular do documento Liberty Rosa Macio | Acess\u00f3rios para beb\u00e9s | Les Piculins\" \/>\n<meta property=\"og:description\" content=\"Titular do documento Liberty Rosa Macio. Bolso para organizar melhor os documentos do seu beb\u00e9: cart\u00e3o de vacina\u00e7\u00e3o, cart\u00e3o de sa\u00fade...\" \/>\n<meta property=\"og:url\" content=\"https:\/\/lespiculins.com\/pt-pt\/produto\/liberty-soft-pink-document-holder\/\" \/>\n<meta property=\"og:site_name\" content=\"Les Piculins\" \/>\n<meta property=\"article:modified_time\" content=\"2022-01-27T10:55:56+00:00\" \/>\n<meta property=\"og:image\" content=\"https:\/\/lespiculins.com\/wp-content\/uploads\/2020\/11\/portadocu3.jpg\" \/>\n\t<meta property=\"og:image:width\" content=\"1080\" \/>\n\t<meta property=\"og:image:height\" content=\"810\" \/>\n\t<meta property=\"og:image:type\" content=\"image\/jpeg\" \/>\n<meta name=\"twitter:card\" content=\"summary_large_image\" \/>\n<script type=\"application\/ld+json\" class=\"yoast-schema-graph\">{\"@context\":\"https:\/\/schema.org\",\"@graph\":[{\"@type\":\"WebPage\",\"@id\":\"https:\/\/lespiculins.com\/pt-pt\/produto\/liberty-soft-pink-document-holder\/\",\"url\":\"https:\/\/lespiculins.com\/pt-pt\/produto\/liberty-soft-pink-document-holder\/\",\"name\":\"Titular do documento Liberty Rosa Macio | Acess\u00f3rios para beb\u00e9s | Les Piculins\",\"isPartOf\":{\"@id\":\"https:\/\/lespiculins.com\/pt-pt\/#website\"},\"datePublished\":\"2021-04-27T09:22:57+00:00\",\"dateModified\":\"2022-01-27T10:55:56+00:00\",\"description\":\"Titular do documento Liberty Rosa Macio. Bolso para organizar melhor os documentos do seu beb\u00e9: cart\u00e3o de vacina\u00e7\u00e3o, cart\u00e3o de sa\u00fade...\",\"breadcrumb\":{\"@id\":\"https:\/\/lespiculins.com\/pt-pt\/produto\/liberty-soft-pink-document-holder\/#breadcrumb\"},\"inLanguage\":\"pt-PT\",\"potentialAction\":[{\"@type\":\"ReadAction\",\"target\":[\"https:\/\/lespiculins.com\/pt-pt\/produto\/liberty-soft-pink-document-holder\/\"]}]},{\"@type\":\"BreadcrumbList\",\"@id\":\"https:\/\/lespiculins.com\/pt-pt\/produto\/liberty-soft-pink-document-holder\/#breadcrumb\",\"itemListElement\":[{\"@type\":\"ListItem\",\"position\":1,\"name\":\"Portada\",\"item\":\"https:\/\/lespiculins.com\/pt-pt\/inicio\/\"},{\"@type\":\"ListItem\",\"position\":2,\"name\":\"Loja\",\"item\":\"https:\/\/lespiculins.com\/pt-pt\/loja\/\"},{\"@type\":\"ListItem\",\"position\":3,\"name\":\"Liberty Soft Pink Document Holder\"}]},{\"@type\":\"WebSite\",\"@id\":\"https:\/\/lespiculins.com\/pt-pt\/#website\",\"url\":\"https:\/\/lespiculins.com\/pt-pt\/\",\"name\":\"Les Piculins\",\"description\":\"Fundas para carritos, bugaboo, maclaren, icoo, bebecar, mima...\",\"potentialAction\":[{\"@type\":\"SearchAction\",\"target\":{\"@type\":\"EntryPoint\",\"urlTemplate\":\"https:\/\/lespiculins.com\/pt-pt\/?s={search_term_string}\"},\"query-input\":\"required name=search_term_string\"}],\"inLanguage\":\"pt-PT\"}]}<\/script>\n<!-- \/ Yoast SEO plugin. -->","yoast_head_json":{"title":"Titular do documento Liberty Rosa Macio | Acess\u00f3rios para beb\u00e9s | Les Piculins","description":"Titular do documento Liberty Rosa Macio. Bolso para organizar melhor os documentos do seu beb\u00e9: cart\u00e3o de vacina\u00e7\u00e3o, cart\u00e3o de sa\u00fade...","robots":{"index":"index","follow":"follow","max-snippet":"max-snippet:-1","max-image-preview":"max-image-preview:large","max-video-preview":"max-video-preview:-1"},"canonical":"https:\/\/lespiculins.com\/pt-pt\/produto\/liberty-soft-pink-document-holder\/","og_locale":"pt_PT","og_type":"article","og_title":"Titular do documento Liberty Rosa Macio | Acess\u00f3rios para beb\u00e9s | Les Piculins","og_description":"Titular do documento Liberty Rosa Macio. Bolso para organizar melhor os documentos do seu beb\u00e9: cart\u00e3o de vacina\u00e7\u00e3o, cart\u00e3o de sa\u00fade...","og_url":"https:\/\/lespiculins.com\/pt-pt\/produto\/liberty-soft-pink-document-holder\/","og_site_name":"Les Piculins","article_modified_time":"2022-01-27T10:55:56+00:00","og_image":[{"width":1080,"height":810,"url":"https:\/\/lespiculins.com\/wp-content\/uploads\/2020\/11\/portadocu3.jpg","type":"image\/jpeg"}],"twitter_card":"summary_large_image","schema":{"@context":"https:\/\/schema.org","@graph":[{"@type":"WebPage","@id":"https:\/\/lespiculins.com\/pt-pt\/produto\/liberty-soft-pink-document-holder\/","url":"https:\/\/lespiculins.com\/pt-pt\/produto\/liberty-soft-pink-document-holder\/","name":"Titular do documento Liberty Rosa Macio | Acess\u00f3rios para beb\u00e9s | Les Piculins","isPartOf":{"@id":"https:\/\/lespiculins.com\/pt-pt\/#website"},"datePublished":"2021-04-27T09:22:57+00:00","dateModified":"2022-01-27T10:55:56+00:00","description":"Titular do documento Liberty Rosa Macio. Bolso para organizar melhor os documentos do seu beb\u00e9: cart\u00e3o de vacina\u00e7\u00e3o, cart\u00e3o de sa\u00fade...","breadcrumb":{"@id":"https:\/\/lespiculins.com\/pt-pt\/produto\/liberty-soft-pink-document-holder\/#breadcrumb"},"inLanguage":"pt-PT","potentialAction":[{"@type":"ReadAction","target":["https:\/\/lespiculins.com\/pt-pt\/produto\/liberty-soft-pink-document-holder\/"]}]},{"@type":"BreadcrumbList","@id":"https:\/\/lespiculins.com\/pt-pt\/produto\/liberty-soft-pink-document-holder\/#breadcrumb","itemListElement":[{"@type":"ListItem","position":1,"name":"Portada","item":"https:\/\/lespiculins.com\/pt-pt\/inicio\/"},{"@type":"ListItem","position":2,"name":"Loja","item":"https:\/\/lespiculins.com\/pt-pt\/loja\/"},{"@type":"ListItem","position":3,"name":"Liberty Soft Pink Document Holder"}]},{"@type":"WebSite","@id":"https:\/\/lespiculins.com\/pt-pt\/#website","url":"https:\/\/lespiculins.com\/pt-pt\/","name":"Les Piculins","description":"Fundas para carritos, bugaboo, maclaren, icoo, bebecar, mima...","potentialAction":[{"@type":"SearchAction","target":{"@type":"EntryPoint","urlTemplate":"https:\/\/lespiculins.com\/pt-pt\/?s={search_term_string}"},"query-input":"required name=search_term_string"}],"inLanguage":"pt-PT"}]}},"_links":{"self":[{"href":"https:\/\/lespiculins.com\/pt-pt\/wp-json\/wp\/v2\/product\/31307"}],"collection":[{"href":"https:\/\/lespiculins.com\/pt-pt\/wp-json\/wp\/v2\/product"}],"about":[{"href":"https:\/\/lespiculins.com\/pt-pt\/wp-json\/wp\/v2\/types\/product"}],"wp:featuredmedia":[{"embeddable":true,"href":"https:\/\/lespiculins.com\/pt-pt\/wp-json\/wp\/v2\/media\/30288"}],"wp:attachment":[{"href":"https:\/\/lespiculins.com\/pt-pt\/wp-json\/wp\/v2\/media?parent=31307"}],"wp:term":[{"taxonomy":"product_cat","embeddable":true,"href":"https:\/\/lespiculins.com\/pt-pt\/wp-json\/wp\/v2\/product_cat?post=31307"},{"taxonomy":"product_tag","embeddable":true,"href":"https:\/\/lespiculins.com\/pt-pt\/wp-json\/wp\/v2\/product_tag?post=31307"}],"curies":[{"name":"wp","href":"https:\/\/api.w.org\/{rel}","templated":true}]}}