{"id":31303,"date":"2020-11-19T18:34:53","date_gmt":"2021-04-27T09:21:56","guid":{"rendered":"https:\/\/lespiculins.com\/producto\/mini-liberty-animalitos-blue-bag\/"},"modified":"2023-07-11T07:29:17","modified_gmt":"2023-07-11T05:29:17","slug":"mini-liberty-animalitos-blue-bag","status":"publish","type":"product","link":"https:\/\/lespiculins.com\/pt-pt\/produto\/mini-liberty-animalitos-blue-bag\/","title":{"rendered":"Mala Pequena Liberty Animaizinhos Azul"},"content":{"rendered":"<section class=\"wpb-content-wrapper\"><section class=\"l-section wpb_row height_medium\"><div class=\"l-section-h i-cf\"><div class=\"g-cols vc_row via_flex valign_top type_default stacking_default\"><div class=\"vc_col-sm-12 wpb_column vc_column_container\"><div class=\"vc_column-inner\"><div class=\"wpb_wrapper\"><div class=\"wpb_text_column\"><div class=\"wpb_wrapper\"><p>Mais detalhes do nosso Mini Liberty Animalitos Blue Bag<\/p>\n<ul>\n<li>Os nossos Mini Bags t\u00eam um tamanho que lhe permitir\u00e1 ter as suas pequenas coisas \u00e0 m\u00e3o sem carregar demasiado o carro do seu Beb\u00e9.<\/li>\n<li>Tamanho 34 x 21 x 8 cm<\/li>\n<li>Cor: Animais em azul em um fundo branco<\/li>\n<li>Combine com <a href=\"https:\/\/lespiculins.com\/pt-pt\/produto\/saco-de-bebe-animal-azul-da-liberdade\/\" target=\"_blank\" rel=\"noopener\">Liberty Baby Bag Blue Animalitos<\/a> e Reversible Mat <a href=\"https:\/\/lespiculins.com\/pt-pt\/produto\/colchao-reversivel-bugaboo-animalitos\/\" target=\"_blank\" rel=\"noopener\">Bugaboo Blue Animalitos.<\/a><\/li>\n<\/ul>\n<\/div><\/div><\/div><\/div><\/div><\/div><\/div><\/section>\n<\/section>","protected":false},"excerpt":{"rendered":"<p>Mala Pequena Liberty Animaizinhos Azul<\/p>\n<p style=\"text-align: justify;\">Este mini carrinho de beb\u00e9 com um design de animal azul, \u00e9 ideal para transportar tudo o que o seu beb\u00e9 precisa. Saco artesanal, com materiais de alta qualidade e muito resistente.<\/p>\n<p style=\"text-align: justify;\">Abertura f\u00e1cil com fecho dianteiro, ideal para caminhar com tudo o que precisa. O nosso mini saco est\u00e1 ligado ao carrinho com duas fitas que s\u00e3o fixadas com um bot\u00e3o de clique.<\/p>\n<p style=\"text-align: justify;\">Na Les Piculins tamb\u00e9m temos outros produtos para combinar com o nosso mini saco. Estes s\u00e3o: <a href=\"https:\/\/lespiculins.com\/producto\/saco-bebe-liberty-animalitos-azul\/\" target=\"_blank\" rel=\"noopener\">o Saco de Beb\u00ea Animal Azul Liberty<\/a> ou o Colch\u00e3o <a href=\"https:\/\/lespiculins.com\/producto\/colchoneta-reversible-bugaboo-animalitos-azul\/\" target=\"_blank\" rel=\"noopener\">Revers\u00edvel Azul Animalitos Bugaboo<\/a><\/p>\n<p style=\"text-align: justify;\">Mantenha o seu mini saco como novo, seguindo as nossas dicas de lavagem. Maquinado, com o detergente hipoalerg\u00e9nico do seu beb\u00e9, m\u00e1ximo a 30oC. N\u00e3o pode passar ou usar um secador.<\/p>\n","protected":false},"featured_media":34798,"template":"","meta":{"_joinchat":[]},"product_cat":[138],"product_tag":[305],"yoast_head":"<!-- This site is optimized with the Yoast SEO plugin v21.5 - https:\/\/yoast.com\/wordpress\/plugins\/seo\/ -->\n<title>Mala Pequena Liberty Animaizinhos Azul | Acces\u00f3rios de passeio | Les Piculins<\/title>\n<meta name=\"description\" content=\"Mala Pequena Liberty Animaizinhos Azul. Mini saco ideal para carrinho de passeio e leve para um passeio tudo o que voc\u00ea precisa do seu beb\u00ea. Animaisites e tom azul\" \/>\n<meta name=\"robots\" content=\"index, follow, max-snippet:-1, max-image-preview:large, max-video-preview:-1\" \/>\n<link rel=\"canonical\" href=\"https:\/\/lespiculins.com\/pt-pt\/produto\/mini-liberty-animalitos-blue-bag\/\" \/>\n<meta property=\"og:locale\" content=\"pt_PT\" \/>\n<meta property=\"og:type\" content=\"article\" \/>\n<meta property=\"og:title\" content=\"Mala Pequena Liberty Animaizinhos Azul | Acces\u00f3rios de passeio | Les Piculins\" \/>\n<meta property=\"og:description\" content=\"Mala Pequena Liberty Animaizinhos Azul. Mini saco ideal para carrinho de passeio e leve para um passeio tudo o que voc\u00ea precisa do seu beb\u00ea. Animaisites e tom azul\" \/>\n<meta property=\"og:url\" content=\"https:\/\/lespiculins.com\/pt-pt\/produto\/mini-liberty-animalitos-blue-bag\/\" \/>\n<meta property=\"og:site_name\" content=\"Les Piculins\" \/>\n<meta property=\"article:modified_time\" content=\"2023-07-11T05:29:17+00:00\" \/>\n<meta property=\"og:image\" content=\"https:\/\/lespiculins.com\/wp-content\/uploads\/2020\/11\/minitheo.jpg\" \/>\n\t<meta property=\"og:image:width\" content=\"1080\" \/>\n\t<meta property=\"og:image:height\" content=\"1440\" \/>\n\t<meta property=\"og:image:type\" content=\"image\/jpeg\" \/>\n<meta name=\"twitter:card\" content=\"summary_large_image\" \/>\n<script type=\"application\/ld+json\" class=\"yoast-schema-graph\">{\"@context\":\"https:\/\/schema.org\",\"@graph\":[{\"@type\":\"WebPage\",\"@id\":\"https:\/\/lespiculins.com\/pt-pt\/produto\/mini-liberty-animalitos-blue-bag\/\",\"url\":\"https:\/\/lespiculins.com\/pt-pt\/produto\/mini-liberty-animalitos-blue-bag\/\",\"name\":\"Mala Pequena Liberty Animaizinhos Azul | Acces\u00f3rios de passeio | Les Piculins\",\"isPartOf\":{\"@id\":\"https:\/\/lespiculins.com\/pt-pt\/#website\"},\"datePublished\":\"2021-04-27T09:21:56+00:00\",\"dateModified\":\"2023-07-11T05:29:17+00:00\",\"description\":\"Mala Pequena Liberty Animaizinhos Azul. Mini saco ideal para carrinho de passeio e leve para um passeio tudo o que voc\u00ea precisa do seu beb\u00ea. Animaisites e tom azul\",\"breadcrumb\":{\"@id\":\"https:\/\/lespiculins.com\/pt-pt\/produto\/mini-liberty-animalitos-blue-bag\/#breadcrumb\"},\"inLanguage\":\"pt-PT\",\"potentialAction\":[{\"@type\":\"ReadAction\",\"target\":[\"https:\/\/lespiculins.com\/pt-pt\/produto\/mini-liberty-animalitos-blue-bag\/\"]}]},{\"@type\":\"BreadcrumbList\",\"@id\":\"https:\/\/lespiculins.com\/pt-pt\/produto\/mini-liberty-animalitos-blue-bag\/#breadcrumb\",\"itemListElement\":[{\"@type\":\"ListItem\",\"position\":1,\"name\":\"Portada\",\"item\":\"https:\/\/lespiculins.com\/pt-pt\/inicio\/\"},{\"@type\":\"ListItem\",\"position\":2,\"name\":\"Loja\",\"item\":\"https:\/\/lespiculins.com\/pt-pt\/loja\/\"},{\"@type\":\"ListItem\",\"position\":3,\"name\":\"Mala Pequena Liberty Animaizinhos Azul\"}]},{\"@type\":\"WebSite\",\"@id\":\"https:\/\/lespiculins.com\/pt-pt\/#website\",\"url\":\"https:\/\/lespiculins.com\/pt-pt\/\",\"name\":\"Les Piculins\",\"description\":\"Fundas para carritos, bugaboo, maclaren, icoo, bebecar, mima...\",\"potentialAction\":[{\"@type\":\"SearchAction\",\"target\":{\"@type\":\"EntryPoint\",\"urlTemplate\":\"https:\/\/lespiculins.com\/pt-pt\/?s={search_term_string}\"},\"query-input\":\"required name=search_term_string\"}],\"inLanguage\":\"pt-PT\"}]}<\/script>\n<!-- \/ Yoast SEO plugin. -->","yoast_head_json":{"title":"Mala Pequena Liberty Animaizinhos Azul | Acces\u00f3rios de passeio | Les Piculins","description":"Mala Pequena Liberty Animaizinhos Azul. Mini saco ideal para carrinho de passeio e leve para um passeio tudo o que voc\u00ea precisa do seu beb\u00ea. Animaisites e tom azul","robots":{"index":"index","follow":"follow","max-snippet":"max-snippet:-1","max-image-preview":"max-image-preview:large","max-video-preview":"max-video-preview:-1"},"canonical":"https:\/\/lespiculins.com\/pt-pt\/produto\/mini-liberty-animalitos-blue-bag\/","og_locale":"pt_PT","og_type":"article","og_title":"Mala Pequena Liberty Animaizinhos Azul | Acces\u00f3rios de passeio | Les Piculins","og_description":"Mala Pequena Liberty Animaizinhos Azul. Mini saco ideal para carrinho de passeio e leve para um passeio tudo o que voc\u00ea precisa do seu beb\u00ea. Animaisites e tom azul","og_url":"https:\/\/lespiculins.com\/pt-pt\/produto\/mini-liberty-animalitos-blue-bag\/","og_site_name":"Les Piculins","article_modified_time":"2023-07-11T05:29:17+00:00","og_image":[{"width":1080,"height":1440,"url":"https:\/\/lespiculins.com\/wp-content\/uploads\/2020\/11\/minitheo.jpg","type":"image\/jpeg"}],"twitter_card":"summary_large_image","schema":{"@context":"https:\/\/schema.org","@graph":[{"@type":"WebPage","@id":"https:\/\/lespiculins.com\/pt-pt\/produto\/mini-liberty-animalitos-blue-bag\/","url":"https:\/\/lespiculins.com\/pt-pt\/produto\/mini-liberty-animalitos-blue-bag\/","name":"Mala Pequena Liberty Animaizinhos Azul | Acces\u00f3rios de passeio | Les Piculins","isPartOf":{"@id":"https:\/\/lespiculins.com\/pt-pt\/#website"},"datePublished":"2021-04-27T09:21:56+00:00","dateModified":"2023-07-11T05:29:17+00:00","description":"Mala Pequena Liberty Animaizinhos Azul. Mini saco ideal para carrinho de passeio e leve para um passeio tudo o que voc\u00ea precisa do seu beb\u00ea. Animaisites e tom azul","breadcrumb":{"@id":"https:\/\/lespiculins.com\/pt-pt\/produto\/mini-liberty-animalitos-blue-bag\/#breadcrumb"},"inLanguage":"pt-PT","potentialAction":[{"@type":"ReadAction","target":["https:\/\/lespiculins.com\/pt-pt\/produto\/mini-liberty-animalitos-blue-bag\/"]}]},{"@type":"BreadcrumbList","@id":"https:\/\/lespiculins.com\/pt-pt\/produto\/mini-liberty-animalitos-blue-bag\/#breadcrumb","itemListElement":[{"@type":"ListItem","position":1,"name":"Portada","item":"https:\/\/lespiculins.com\/pt-pt\/inicio\/"},{"@type":"ListItem","position":2,"name":"Loja","item":"https:\/\/lespiculins.com\/pt-pt\/loja\/"},{"@type":"ListItem","position":3,"name":"Mala Pequena Liberty Animaizinhos Azul"}]},{"@type":"WebSite","@id":"https:\/\/lespiculins.com\/pt-pt\/#website","url":"https:\/\/lespiculins.com\/pt-pt\/","name":"Les Piculins","description":"Fundas para carritos, bugaboo, maclaren, icoo, bebecar, mima...","potentialAction":[{"@type":"SearchAction","target":{"@type":"EntryPoint","urlTemplate":"https:\/\/lespiculins.com\/pt-pt\/?s={search_term_string}"},"query-input":"required name=search_term_string"}],"inLanguage":"pt-PT"}]}},"_links":{"self":[{"href":"https:\/\/lespiculins.com\/pt-pt\/wp-json\/wp\/v2\/product\/31303"}],"collection":[{"href":"https:\/\/lespiculins.com\/pt-pt\/wp-json\/wp\/v2\/product"}],"about":[{"href":"https:\/\/lespiculins.com\/pt-pt\/wp-json\/wp\/v2\/types\/product"}],"wp:featuredmedia":[{"embeddable":true,"href":"https:\/\/lespiculins.com\/pt-pt\/wp-json\/wp\/v2\/media\/34798"}],"wp:attachment":[{"href":"https:\/\/lespiculins.com\/pt-pt\/wp-json\/wp\/v2\/media?parent=31303"}],"wp:term":[{"taxonomy":"product_cat","embeddable":true,"href":"https:\/\/lespiculins.com\/pt-pt\/wp-json\/wp\/v2\/product_cat?post=31303"},{"taxonomy":"product_tag","embeddable":true,"href":"https:\/\/lespiculins.com\/pt-pt\/wp-json\/wp\/v2\/product_tag?post=31303"}],"curies":[{"name":"wp","href":"https:\/\/api.w.org\/{rel}","templated":true}]}}