{"id":31300,"date":"2020-11-19T18:35:46","date_gmt":"2021-04-27T09:21:28","guid":{"rendered":"https:\/\/lespiculins.com\/producto\/mini-saco-de-mel-da-liberdade\/"},"modified":"2023-07-11T07:28:54","modified_gmt":"2023-07-11T05:28:54","slug":"mini-saco-de-mel-da-liberdade","status":"publish","type":"product","link":"https:\/\/lespiculins.com\/pt-pt\/produto\/mini-saco-de-mel-da-liberdade\/","title":{"rendered":"Mala Pequena Liberty Mel"},"content":{"rendered":"<section class=\"wpb-content-wrapper\"><section class=\"l-section wpb_row height_medium\"><div class=\"l-section-h i-cf\"><div class=\"g-cols vc_row via_flex valign_top type_default stacking_default\"><div class=\"vc_col-sm-12 wpb_column vc_column_container\"><div class=\"vc_column-inner\"><div class=\"wpb_wrapper\"><div class=\"wpb_text_column\"><div class=\"wpb_wrapper\"><p>Mais detalhes sobre o nosso Mini Liberty Honey Bag:<\/p>\n<ul>\n<li>Os nossos Mini Bags t\u00eam um tamanho que lhe permitir\u00e1 ter as suas pequenas coisas \u00e0 m\u00e3o sem carregar demasiado o carro do seu Beb\u00e9.<\/li>\n<li>Tamanho 34 x 21 x 8 cm<\/li>\n<li>Impress\u00e3o e cor: Liberdade com flores em tons maioritariamente amarelos.<\/li>\n<li>Combinado com o nosso mini saco: <a href=\"https:\/\/lespiculins.com\/pt-pt\/produto\/liberty-honey-baby-sack\/\" target=\"_blank\" rel=\"noopener\">o Liberty Honey Baby Bag.<\/a><\/li>\n<\/ul>\n<\/div><\/div><\/div><\/div><\/div><\/div><\/div><\/section>\n<\/section>","protected":false},"excerpt":{"rendered":"<p>Mala Pequena Liberty Mel<\/p>\n<p style=\"text-align: justify;\">Mini saco bonito com impress\u00e3o de flor com tons principalmente amarelos. Tamb\u00e9m tem tra\u00e7os verdes e azuis. Ideal para carregar tudo o que o seu beb\u00e9 precisa. Saco artesanal, com materiais de alta qualidade.<\/p>\n<p style=\"text-align: justify;\">\u00c9 facilmente acessado gra\u00e7as ao seu fecho exterior e tamb\u00e9m tem f\u00e1cil apego ao carrinho porque as suas pegas t\u00eam dois bot\u00f5es em clique. As pegas s\u00e3o beges com uma risca laranja.<\/p>\n<p style=\"text-align: justify;\">No Les Piculins tamb\u00e9m temos outro produto para combinar com o nosso mini saco: <a href=\"https:\/\/lespiculins.com\/producto\/saco-bebe-liberty-miel\/\" target=\"_blank\" rel=\"noopener\">o Liberty Honey Baby Bag.<\/a><\/p>\n<p style=\"text-align: justify;\">Guarde o seu mini saco como primeiro dia, seguindo as nossas dicas de lavagem. Maquinado, com o detergente hipoalerg\u00e9nico do seu beb\u00e9, m\u00e1ximo a 30oC. N\u00e3o pode passar ou usar um secador.<\/p>\n","protected":false},"featured_media":34475,"template":"","meta":{"_joinchat":[]},"product_cat":[138],"product_tag":[315],"yoast_head":"<!-- This site is optimized with the Yoast SEO plugin v21.5 - https:\/\/yoast.com\/wordpress\/plugins\/seo\/ -->\n<title>Mala Pequena Liberty Mel | Acess\u00f3rios de passeio| Les Piculins<\/title>\n<meta name=\"description\" content=\"Mala Pequena Liberty Mel. Carrinho de mini tamanho ou saco de carrinho. Ideal para transportar o inpreescidente. Impress\u00e3o de liberdade com flores.\" \/>\n<meta name=\"robots\" content=\"index, follow, max-snippet:-1, max-image-preview:large, max-video-preview:-1\" \/>\n<link rel=\"canonical\" href=\"https:\/\/lespiculins.com\/pt-pt\/produto\/mini-saco-de-mel-da-liberdade\/\" \/>\n<meta property=\"og:locale\" content=\"pt_PT\" \/>\n<meta property=\"og:type\" content=\"article\" \/>\n<meta property=\"og:title\" content=\"Mala Pequena Liberty Mel | Acess\u00f3rios de passeio| Les Piculins\" \/>\n<meta property=\"og:description\" content=\"Mala Pequena Liberty Mel. Carrinho de mini tamanho ou saco de carrinho. Ideal para transportar o inpreescidente. Impress\u00e3o de liberdade com flores.\" \/>\n<meta property=\"og:url\" content=\"https:\/\/lespiculins.com\/pt-pt\/produto\/mini-saco-de-mel-da-liberdade\/\" \/>\n<meta property=\"og:site_name\" content=\"Les Piculins\" \/>\n<meta property=\"article:modified_time\" content=\"2023-07-11T05:28:54+00:00\" \/>\n<meta property=\"og:image\" content=\"https:\/\/lespiculins.com\/wp-content\/uploads\/2020\/11\/miel.jpg\" \/>\n\t<meta property=\"og:image:width\" content=\"1080\" \/>\n\t<meta property=\"og:image:height\" content=\"1055\" \/>\n\t<meta property=\"og:image:type\" content=\"image\/jpeg\" \/>\n<meta name=\"twitter:card\" content=\"summary_large_image\" \/>\n<script type=\"application\/ld+json\" class=\"yoast-schema-graph\">{\"@context\":\"https:\/\/schema.org\",\"@graph\":[{\"@type\":\"WebPage\",\"@id\":\"https:\/\/lespiculins.com\/pt-pt\/produto\/mini-saco-de-mel-da-liberdade\/\",\"url\":\"https:\/\/lespiculins.com\/pt-pt\/produto\/mini-saco-de-mel-da-liberdade\/\",\"name\":\"Mala Pequena Liberty Mel | Acess\u00f3rios de passeio| Les Piculins\",\"isPartOf\":{\"@id\":\"https:\/\/lespiculins.com\/pt-pt\/#website\"},\"datePublished\":\"2021-04-27T09:21:28+00:00\",\"dateModified\":\"2023-07-11T05:28:54+00:00\",\"description\":\"Mala Pequena Liberty Mel. Carrinho de mini tamanho ou saco de carrinho. Ideal para transportar o inpreescidente. Impress\u00e3o de liberdade com flores.\",\"breadcrumb\":{\"@id\":\"https:\/\/lespiculins.com\/pt-pt\/produto\/mini-saco-de-mel-da-liberdade\/#breadcrumb\"},\"inLanguage\":\"pt-PT\",\"potentialAction\":[{\"@type\":\"ReadAction\",\"target\":[\"https:\/\/lespiculins.com\/pt-pt\/produto\/mini-saco-de-mel-da-liberdade\/\"]}]},{\"@type\":\"BreadcrumbList\",\"@id\":\"https:\/\/lespiculins.com\/pt-pt\/produto\/mini-saco-de-mel-da-liberdade\/#breadcrumb\",\"itemListElement\":[{\"@type\":\"ListItem\",\"position\":1,\"name\":\"Portada\",\"item\":\"https:\/\/lespiculins.com\/pt-pt\/inicio\/\"},{\"@type\":\"ListItem\",\"position\":2,\"name\":\"Loja\",\"item\":\"https:\/\/lespiculins.com\/pt-pt\/loja\/\"},{\"@type\":\"ListItem\",\"position\":3,\"name\":\"Mala Pequena Liberty Mel\"}]},{\"@type\":\"WebSite\",\"@id\":\"https:\/\/lespiculins.com\/pt-pt\/#website\",\"url\":\"https:\/\/lespiculins.com\/pt-pt\/\",\"name\":\"Les Piculins\",\"description\":\"Fundas para carritos, bugaboo, maclaren, icoo, bebecar, mima...\",\"potentialAction\":[{\"@type\":\"SearchAction\",\"target\":{\"@type\":\"EntryPoint\",\"urlTemplate\":\"https:\/\/lespiculins.com\/pt-pt\/?s={search_term_string}\"},\"query-input\":\"required name=search_term_string\"}],\"inLanguage\":\"pt-PT\"}]}<\/script>\n<!-- \/ Yoast SEO plugin. -->","yoast_head_json":{"title":"Mala Pequena Liberty Mel | Acess\u00f3rios de passeio| Les Piculins","description":"Mala Pequena Liberty Mel. Carrinho de mini tamanho ou saco de carrinho. Ideal para transportar o inpreescidente. Impress\u00e3o de liberdade com flores.","robots":{"index":"index","follow":"follow","max-snippet":"max-snippet:-1","max-image-preview":"max-image-preview:large","max-video-preview":"max-video-preview:-1"},"canonical":"https:\/\/lespiculins.com\/pt-pt\/produto\/mini-saco-de-mel-da-liberdade\/","og_locale":"pt_PT","og_type":"article","og_title":"Mala Pequena Liberty Mel | Acess\u00f3rios de passeio| Les Piculins","og_description":"Mala Pequena Liberty Mel. Carrinho de mini tamanho ou saco de carrinho. Ideal para transportar o inpreescidente. Impress\u00e3o de liberdade com flores.","og_url":"https:\/\/lespiculins.com\/pt-pt\/produto\/mini-saco-de-mel-da-liberdade\/","og_site_name":"Les Piculins","article_modified_time":"2023-07-11T05:28:54+00:00","og_image":[{"width":1080,"height":1055,"url":"https:\/\/lespiculins.com\/wp-content\/uploads\/2020\/11\/miel.jpg","type":"image\/jpeg"}],"twitter_card":"summary_large_image","schema":{"@context":"https:\/\/schema.org","@graph":[{"@type":"WebPage","@id":"https:\/\/lespiculins.com\/pt-pt\/produto\/mini-saco-de-mel-da-liberdade\/","url":"https:\/\/lespiculins.com\/pt-pt\/produto\/mini-saco-de-mel-da-liberdade\/","name":"Mala Pequena Liberty Mel | Acess\u00f3rios de passeio| Les Piculins","isPartOf":{"@id":"https:\/\/lespiculins.com\/pt-pt\/#website"},"datePublished":"2021-04-27T09:21:28+00:00","dateModified":"2023-07-11T05:28:54+00:00","description":"Mala Pequena Liberty Mel. Carrinho de mini tamanho ou saco de carrinho. Ideal para transportar o inpreescidente. Impress\u00e3o de liberdade com flores.","breadcrumb":{"@id":"https:\/\/lespiculins.com\/pt-pt\/produto\/mini-saco-de-mel-da-liberdade\/#breadcrumb"},"inLanguage":"pt-PT","potentialAction":[{"@type":"ReadAction","target":["https:\/\/lespiculins.com\/pt-pt\/produto\/mini-saco-de-mel-da-liberdade\/"]}]},{"@type":"BreadcrumbList","@id":"https:\/\/lespiculins.com\/pt-pt\/produto\/mini-saco-de-mel-da-liberdade\/#breadcrumb","itemListElement":[{"@type":"ListItem","position":1,"name":"Portada","item":"https:\/\/lespiculins.com\/pt-pt\/inicio\/"},{"@type":"ListItem","position":2,"name":"Loja","item":"https:\/\/lespiculins.com\/pt-pt\/loja\/"},{"@type":"ListItem","position":3,"name":"Mala Pequena Liberty Mel"}]},{"@type":"WebSite","@id":"https:\/\/lespiculins.com\/pt-pt\/#website","url":"https:\/\/lespiculins.com\/pt-pt\/","name":"Les Piculins","description":"Fundas para carritos, bugaboo, maclaren, icoo, bebecar, mima...","potentialAction":[{"@type":"SearchAction","target":{"@type":"EntryPoint","urlTemplate":"https:\/\/lespiculins.com\/pt-pt\/?s={search_term_string}"},"query-input":"required name=search_term_string"}],"inLanguage":"pt-PT"}]}},"_links":{"self":[{"href":"https:\/\/lespiculins.com\/pt-pt\/wp-json\/wp\/v2\/product\/31300"}],"collection":[{"href":"https:\/\/lespiculins.com\/pt-pt\/wp-json\/wp\/v2\/product"}],"about":[{"href":"https:\/\/lespiculins.com\/pt-pt\/wp-json\/wp\/v2\/types\/product"}],"wp:featuredmedia":[{"embeddable":true,"href":"https:\/\/lespiculins.com\/pt-pt\/wp-json\/wp\/v2\/media\/34475"}],"wp:attachment":[{"href":"https:\/\/lespiculins.com\/pt-pt\/wp-json\/wp\/v2\/media?parent=31300"}],"wp:term":[{"taxonomy":"product_cat","embeddable":true,"href":"https:\/\/lespiculins.com\/pt-pt\/wp-json\/wp\/v2\/product_cat?post=31300"},{"taxonomy":"product_tag","embeddable":true,"href":"https:\/\/lespiculins.com\/pt-pt\/wp-json\/wp\/v2\/product_tag?post=31300"}],"curies":[{"name":"wp","href":"https:\/\/api.w.org\/{rel}","templated":true}]}}