{"id":31295,"date":"2020-11-19T19:51:34","date_gmt":"2021-04-27T09:19:52","guid":{"rendered":"https:\/\/lespiculins.com\/producto\/liberty-aqua-baby-bag\/"},"modified":"2023-07-11T07:44:22","modified_gmt":"2023-07-11T05:44:22","slug":"liberty-aqua-baby-bag","status":"publish","type":"product","link":"https:\/\/lespiculins.com\/pt-pt\/produto\/liberty-aqua-baby-bag\/","title":{"rendered":"Liberty Aqua Baby Bag"},"content":{"rendered":"<section class=\"wpb-content-wrapper\"><section class=\"l-section wpb_row height_medium\"><div class=\"l-section-h i-cf\"><div class=\"g-cols vc_row via_flex valign_top type_default stacking_default\"><div class=\"vc_col-sm-12 wpb_column vc_column_container\"><div class=\"vc_column-inner\"><div class=\"wpb_wrapper\"><div class=\"wpb_text_column\"><div class=\"wpb_wrapper\"><p>Mais detalhes do nosso Liberty Aqua Baby Bag<\/p>\n<ul>\n<li>Fechos laterais para usar apenas a base<\/li>\n<li>Cor: Flores azuis e verdes.<\/li>\n<li>Combinado com <a href=\"https:\/\/lespiculins.com\/producto\/bolsa-mini-liberty-flores-aqua\/\" target=\"_blank\" rel=\"noopener\">o Mini Liberty Flowers Aqua<\/a>Bag, e o <a href=\"https:\/\/lespiculins.com\/pt-pt\/produto\/colchao-reversivel-bugaboo-liberty-aqua\/\" target=\"_blank\" rel=\"noopener\">Bugaboo Liberty Aqua Reversible Mat.<\/a><\/li>\n<li>Vantagens do nosso saco de beb\u00e9: Dormir mant\u00e9m-nos a uma temperatura constante. Tamb\u00e9m os impede de descobrir e arrefecer. Muitos beb\u00e9s habituam-se \u00e0s malas e associam-nos na hora de dormir, ajudando-os a adormecer. Proporciona conforto ao beb\u00ea no passeio.<\/li>\n<li><strong>Combina<\/strong> com <strong>o cap\u00f4 Azul steam da Bugaboo.<\/strong><\/li>\n<li><strong>Gorjetas de lavagem .<\/strong> Maquinado, com o detergente hipoalerg\u00e9nico do seu beb\u00e9, m\u00e1ximo a 30oC. N\u00e3o pode passar ou usar um secador.<\/li>\n<\/ul>\n<\/div><\/div><\/div><\/div><\/div><\/div><\/div><\/section>\n<\/section>","protected":false},"excerpt":{"rendered":"<p>Liberty Aqua Baby Bag<\/p>\n<p style=\"text-align: justify;\">Se gosta de impress\u00f5es da Liberty London, parab\u00e9ns. A nossa <strong>cole\u00e7\u00e3o<\/strong> Aqua combina fenomenal com <strong>a capota Blue Steam da Bugaboo.<\/strong><\/p>\n<p style=\"text-align: justify;\">Para manter o seu beb\u00e9 confort\u00e1vel, aquecido e protegido. Nosso <strong>saco \u00e9 universal porque<\/strong> serve como uma cama ou <strong>ber\u00e7o.<\/strong> Para aqueles dias em que l@s preferem andar nos <strong>seus bra\u00e7os, para os embalar.<\/strong><\/p>\n<p style=\"text-align: justify;\">Feito \u00e0 m\u00e3o com tecidos de alta qualidade. No exterior o design \u00e9 de flores em tons azuis e verdes. O interior \u00e9 em <strong>bambula.<\/strong> <strong>Confort\u00e1vel e macio,<\/strong>sem pelos por dentro. Tamb\u00e9m tem fechos de correr em ambos os lados para que possa utilizar apenas a base. Ideal para crian\u00e7as l@s continuar a usar assim que crescerem.<\/p>\n<p style=\"text-align: justify;\">No Les Piculins temos outros produtos para combinar com a nossa saqueta: <a href=\"https:\/\/lespiculins.com\/producto\/bolsa-mini-liberty-flores-aqua\/\" target=\"_blank\" rel=\"noopener\">o Mini Liberty Flores Aqua<\/a> Bag e o <a href=\"https:\/\/lespiculins.com\/producto\/colchoneta-reversible-bugaboo-mini-flor-aqua\/\" target=\"_blank\" rel=\"noopener\">Bugaboo Liberty Aqua Reversible Mattress<\/a><\/p>\n","protected":false},"featured_media":34744,"template":"","meta":{"_joinchat":[]},"product_cat":[226],"product_tag":[307],"yoast_head":"<!-- This site is optimized with the Yoast SEO plugin v21.5 - https:\/\/yoast.com\/wordpress\/plugins\/seo\/ -->\n<title>| do saco de beb\u00e9s Liberty Aqua acess\u00f3rios para passeios | Os Piculins<\/title>\n<meta name=\"description\" content=\"Liberty Aqua Baby Bag. Forne\u00e7a calor e prote\u00e7\u00e3o ao seu beb\u00e9. Com fechos e com um design Liberty London flores azuis e verdes.\" \/>\n<meta name=\"robots\" content=\"index, follow, max-snippet:-1, max-image-preview:large, max-video-preview:-1\" \/>\n<link rel=\"canonical\" href=\"https:\/\/lespiculins.com\/pt-pt\/produto\/liberty-aqua-baby-bag\/\" \/>\n<meta property=\"og:locale\" content=\"pt_PT\" \/>\n<meta property=\"og:type\" content=\"article\" \/>\n<meta property=\"og:title\" content=\"| do saco de beb\u00e9s Liberty Aqua acess\u00f3rios para passeios | Os Piculins\" \/>\n<meta property=\"og:description\" content=\"Liberty Aqua Baby Bag. Forne\u00e7a calor e prote\u00e7\u00e3o ao seu beb\u00e9. Com fechos e com um design Liberty London flores azuis e verdes.\" \/>\n<meta property=\"og:url\" content=\"https:\/\/lespiculins.com\/pt-pt\/produto\/liberty-aqua-baby-bag\/\" \/>\n<meta property=\"og:site_name\" content=\"Les Piculins\" \/>\n<meta property=\"article:modified_time\" content=\"2023-07-11T05:44:22+00:00\" \/>\n<meta property=\"og:image\" content=\"https:\/\/lespiculins.com\/wp-content\/uploads\/2020\/11\/sac15.jpg\" \/>\n\t<meta property=\"og:image:width\" content=\"948\" \/>\n\t<meta property=\"og:image:height\" content=\"900\" \/>\n\t<meta property=\"og:image:type\" content=\"image\/jpeg\" \/>\n<meta name=\"twitter:card\" content=\"summary_large_image\" \/>\n<meta name=\"twitter:label1\" content=\"Tempo estimado de leitura\" \/>\n\t<meta name=\"twitter:data1\" content=\"1 minuto\" \/>\n<script type=\"application\/ld+json\" class=\"yoast-schema-graph\">{\"@context\":\"https:\/\/schema.org\",\"@graph\":[{\"@type\":\"WebPage\",\"@id\":\"https:\/\/lespiculins.com\/pt-pt\/produto\/liberty-aqua-baby-bag\/\",\"url\":\"https:\/\/lespiculins.com\/pt-pt\/produto\/liberty-aqua-baby-bag\/\",\"name\":\"| do saco de beb\u00e9s Liberty Aqua acess\u00f3rios para passeios | Os Piculins\",\"isPartOf\":{\"@id\":\"https:\/\/lespiculins.com\/pt-pt\/#website\"},\"datePublished\":\"2021-04-27T09:19:52+00:00\",\"dateModified\":\"2023-07-11T05:44:22+00:00\",\"description\":\"Liberty Aqua Baby Bag. Forne\u00e7a calor e prote\u00e7\u00e3o ao seu beb\u00e9. Com fechos e com um design Liberty London flores azuis e verdes.\",\"breadcrumb\":{\"@id\":\"https:\/\/lespiculins.com\/pt-pt\/produto\/liberty-aqua-baby-bag\/#breadcrumb\"},\"inLanguage\":\"pt-PT\",\"potentialAction\":[{\"@type\":\"ReadAction\",\"target\":[\"https:\/\/lespiculins.com\/pt-pt\/produto\/liberty-aqua-baby-bag\/\"]}]},{\"@type\":\"BreadcrumbList\",\"@id\":\"https:\/\/lespiculins.com\/pt-pt\/produto\/liberty-aqua-baby-bag\/#breadcrumb\",\"itemListElement\":[{\"@type\":\"ListItem\",\"position\":1,\"name\":\"Portada\",\"item\":\"https:\/\/lespiculins.com\/pt-pt\/inicio\/\"},{\"@type\":\"ListItem\",\"position\":2,\"name\":\"Loja\",\"item\":\"https:\/\/lespiculins.com\/pt-pt\/loja\/\"},{\"@type\":\"ListItem\",\"position\":3,\"name\":\"Liberty Aqua Baby Bag\"}]},{\"@type\":\"WebSite\",\"@id\":\"https:\/\/lespiculins.com\/pt-pt\/#website\",\"url\":\"https:\/\/lespiculins.com\/pt-pt\/\",\"name\":\"Les Piculins\",\"description\":\"Fundas para carritos, bugaboo, maclaren, icoo, bebecar, mima...\",\"potentialAction\":[{\"@type\":\"SearchAction\",\"target\":{\"@type\":\"EntryPoint\",\"urlTemplate\":\"https:\/\/lespiculins.com\/pt-pt\/?s={search_term_string}\"},\"query-input\":\"required name=search_term_string\"}],\"inLanguage\":\"pt-PT\"}]}<\/script>\n<!-- \/ Yoast SEO plugin. -->","yoast_head_json":{"title":"| do saco de beb\u00e9s Liberty Aqua acess\u00f3rios para passeios | Os Piculins","description":"Liberty Aqua Baby Bag. Forne\u00e7a calor e prote\u00e7\u00e3o ao seu beb\u00e9. Com fechos e com um design Liberty London flores azuis e verdes.","robots":{"index":"index","follow":"follow","max-snippet":"max-snippet:-1","max-image-preview":"max-image-preview:large","max-video-preview":"max-video-preview:-1"},"canonical":"https:\/\/lespiculins.com\/pt-pt\/produto\/liberty-aqua-baby-bag\/","og_locale":"pt_PT","og_type":"article","og_title":"| do saco de beb\u00e9s Liberty Aqua acess\u00f3rios para passeios | Os Piculins","og_description":"Liberty Aqua Baby Bag. Forne\u00e7a calor e prote\u00e7\u00e3o ao seu beb\u00e9. Com fechos e com um design Liberty London flores azuis e verdes.","og_url":"https:\/\/lespiculins.com\/pt-pt\/produto\/liberty-aqua-baby-bag\/","og_site_name":"Les Piculins","article_modified_time":"2023-07-11T05:44:22+00:00","og_image":[{"width":948,"height":900,"url":"https:\/\/lespiculins.com\/wp-content\/uploads\/2020\/11\/sac15.jpg","type":"image\/jpeg"}],"twitter_card":"summary_large_image","twitter_misc":{"Tempo estimado de leitura":"1 minuto"},"schema":{"@context":"https:\/\/schema.org","@graph":[{"@type":"WebPage","@id":"https:\/\/lespiculins.com\/pt-pt\/produto\/liberty-aqua-baby-bag\/","url":"https:\/\/lespiculins.com\/pt-pt\/produto\/liberty-aqua-baby-bag\/","name":"| do saco de beb\u00e9s Liberty Aqua acess\u00f3rios para passeios | Os Piculins","isPartOf":{"@id":"https:\/\/lespiculins.com\/pt-pt\/#website"},"datePublished":"2021-04-27T09:19:52+00:00","dateModified":"2023-07-11T05:44:22+00:00","description":"Liberty Aqua Baby Bag. Forne\u00e7a calor e prote\u00e7\u00e3o ao seu beb\u00e9. Com fechos e com um design Liberty London flores azuis e verdes.","breadcrumb":{"@id":"https:\/\/lespiculins.com\/pt-pt\/produto\/liberty-aqua-baby-bag\/#breadcrumb"},"inLanguage":"pt-PT","potentialAction":[{"@type":"ReadAction","target":["https:\/\/lespiculins.com\/pt-pt\/produto\/liberty-aqua-baby-bag\/"]}]},{"@type":"BreadcrumbList","@id":"https:\/\/lespiculins.com\/pt-pt\/produto\/liberty-aqua-baby-bag\/#breadcrumb","itemListElement":[{"@type":"ListItem","position":1,"name":"Portada","item":"https:\/\/lespiculins.com\/pt-pt\/inicio\/"},{"@type":"ListItem","position":2,"name":"Loja","item":"https:\/\/lespiculins.com\/pt-pt\/loja\/"},{"@type":"ListItem","position":3,"name":"Liberty Aqua Baby Bag"}]},{"@type":"WebSite","@id":"https:\/\/lespiculins.com\/pt-pt\/#website","url":"https:\/\/lespiculins.com\/pt-pt\/","name":"Les Piculins","description":"Fundas para carritos, bugaboo, maclaren, icoo, bebecar, mima...","potentialAction":[{"@type":"SearchAction","target":{"@type":"EntryPoint","urlTemplate":"https:\/\/lespiculins.com\/pt-pt\/?s={search_term_string}"},"query-input":"required name=search_term_string"}],"inLanguage":"pt-PT"}]}},"_links":{"self":[{"href":"https:\/\/lespiculins.com\/pt-pt\/wp-json\/wp\/v2\/product\/31295"}],"collection":[{"href":"https:\/\/lespiculins.com\/pt-pt\/wp-json\/wp\/v2\/product"}],"about":[{"href":"https:\/\/lespiculins.com\/pt-pt\/wp-json\/wp\/v2\/types\/product"}],"wp:featuredmedia":[{"embeddable":true,"href":"https:\/\/lespiculins.com\/pt-pt\/wp-json\/wp\/v2\/media\/34744"}],"wp:attachment":[{"href":"https:\/\/lespiculins.com\/pt-pt\/wp-json\/wp\/v2\/media?parent=31295"}],"wp:term":[{"taxonomy":"product_cat","embeddable":true,"href":"https:\/\/lespiculins.com\/pt-pt\/wp-json\/wp\/v2\/product_cat?post=31295"},{"taxonomy":"product_tag","embeddable":true,"href":"https:\/\/lespiculins.com\/pt-pt\/wp-json\/wp\/v2\/product_tag?post=31295"}],"curies":[{"name":"wp","href":"https:\/\/api.w.org\/{rel}","templated":true}]}}