{"id":31293,"date":"2020-11-19T19:52:26","date_gmt":"2021-04-27T09:18:43","guid":{"rendered":"https:\/\/lespiculins.com\/producto\/saco-de-bebe-pastel-de-liberty-animalitos\/"},"modified":"2021-04-27T11:18:45","modified_gmt":"2021-04-27T09:18:45","slug":"saco-de-bebe-pastel-de-liberty-animalitos","status":"publish","type":"product","link":"https:\/\/lespiculins.com\/pt-pt\/produto\/saco-de-bebe-pastel-de-liberty-animalitos\/","title":{"rendered":"Saco de beb\u00ea pastel de Liberty Animalitos"},"content":{"rendered":"<section class=\"wpb-content-wrapper\"><section class=\"l-section wpb_row height_medium\"><div class=\"l-section-h i-cf\"><div class=\"g-cols vc_row via_flex valign_top type_default stacking_default\"><div class=\"vc_col-sm-12 wpb_column vc_column_container\"><div class=\"vc_column-inner\"><div class=\"wpb_wrapper\"><div class=\"wpb_text_column\"><div class=\"wpb_wrapper\"><p>Mais detalhes do nosso Liberty Animalitos Pastel Baby Bag<\/p>\n<ul>\n<li>Fechos laterais para usar apenas a base<\/li>\n<li>Cor: Animais pastel em um fundo branco<\/li>\n<li>Combine com <a href=\"https:\/\/lespiculins.com\/producto\/mini-liberty-animalitos-pastel\/\" target=\"_blank\" rel=\"noopener\">mini liberty Animalitos Pastel Bag<\/a> e <a href=\"https:\/\/lespiculins.com\/pt-pt\/produto\/colchao-reversivel-bugaboo-animalitos\/\" target=\"_blank\" rel=\"noopener\">Bugaboo Animalitos Blue Reversible Mattress.<\/a><\/li>\n<li><strong>Gorjetas de lavagem .<\/strong> Maquinado, com o detergente hipoalerg\u00e9nico do seu beb\u00e9, m\u00e1ximo a 30oC. N\u00e3o pode passar ou usar um secador.<\/li>\n<li><strong>H\u00e1<\/strong> muitos benef\u00edcios de um casaco de beb\u00ea. Por exemplo, para dormir, mant\u00e9m uma temperatura constante e evita que os beb\u00e9s descubram e adorme\u00e7am. Muitos beb\u00e9s habituam-se \u00e0s malas e associam-nos na hora de dormir, ajudando-os a adormecer. Tamb\u00e9m s\u00e3o ideais para o passeio, especialmente quando s\u00e3o beb\u00e9s, pois sentir-se-\u00e3o muito mais confort\u00e1veis.<\/li>\n<\/ul>\n<\/div><\/div><\/div><\/div><\/div><\/div><\/div><\/section>\n<\/section>","protected":false},"excerpt":{"rendered":"<p>Saco de beb\u00ea pastel de Liberty Animalitos<\/p>\n<p style=\"text-align: justify;\">Usar um casaco de beb\u00e9 tem <strong>m\u00faltiplas vantagens porque o <\/strong>mant\u00eam protegido, confort\u00e1vel e quente. Al\u00e9m disso, a nossa mala tem um design muito tenro com animalitos em tons pastel.<\/p>\n<p style=\"text-align: justify;\">O nosso Liberty Animalitos Pastel Baby Bag \u00e9 <strong>um saco universal<\/strong> porque serve como uma cama de <strong>transporte,<\/strong> para ber\u00e7o e para aqueles dias em que l@s pequenos preferem <strong>andar<\/strong> nos seus bra\u00e7os ou apenas para <strong>os embalar.<\/strong><\/p>\n<p style=\"text-align: justify;\">O interior \u00e9 em Branco Bambula. <strong>Confort\u00e1vel e macio,<\/strong>sem pelos por dentro. Feito \u00e0 m\u00e3o com tecidos da mais alta qualidade. Tem fechos de ambos os lados para que possa usar apenas a base. Ideal para crian\u00e7as l@s continuar a usar assim que crescerem.<\/p>\n<p style=\"text-align: justify;\">No Les Piculins tamb\u00e9m temos outros produtos para combinar com este belo saco: <a href=\"https:\/\/lespiculins.com\/producto\/mini-liberty-animalitos-pastel\/\" target=\"_blank\" rel=\"noopener\">o Mini Liberty Animalitos Pastel<\/a> Bag e o <a href=\"https:\/\/lespiculins.com\/producto\/colchoneta-reversible-bugaboo-animalitos-azul\/\" target=\"_blank\" rel=\"noopener\">Bugaboo Animalitos Blue Reversible Mattress.<\/a><\/p>\n","protected":false},"featured_media":30390,"template":"","meta":{"_joinchat":[]},"product_cat":[226],"product_tag":[304],"yoast_head":"<!-- This site is optimized with the Yoast SEO plugin v21.5 - https:\/\/yoast.com\/wordpress\/plugins\/seo\/ -->\n<title>Baby Liberty Animalitos Pastel | | de caminhada Os Piculins<\/title>\n<meta name=\"description\" content=\"Liberty Animalitos Pastel Baby Sack. Bela saqueta de animais em tom pastel. Ideal para manter o beb\u00e9 quente e seguro.\" \/>\n<meta name=\"robots\" content=\"index, follow, max-snippet:-1, max-image-preview:large, max-video-preview:-1\" \/>\n<link rel=\"canonical\" href=\"https:\/\/lespiculins.com\/pt-pt\/produto\/saco-de-bebe-pastel-de-liberty-animalitos\/\" \/>\n<meta property=\"og:locale\" content=\"pt_PT\" \/>\n<meta property=\"og:type\" content=\"article\" \/>\n<meta property=\"og:title\" content=\"Baby Liberty Animalitos Pastel | | de caminhada Os Piculins\" \/>\n<meta property=\"og:description\" content=\"Liberty Animalitos Pastel Baby Sack. Bela saqueta de animais em tom pastel. Ideal para manter o beb\u00e9 quente e seguro.\" \/>\n<meta property=\"og:url\" content=\"https:\/\/lespiculins.com\/pt-pt\/produto\/saco-de-bebe-pastel-de-liberty-animalitos\/\" \/>\n<meta property=\"og:site_name\" content=\"Les Piculins\" \/>\n<meta property=\"article:modified_time\" content=\"2021-04-27T09:18:45+00:00\" \/>\n<meta property=\"og:image\" content=\"https:\/\/lespiculins.com\/wp-content\/uploads\/2020\/11\/sac4.jpg\" \/>\n\t<meta property=\"og:image:width\" content=\"1080\" \/>\n\t<meta property=\"og:image:height\" content=\"865\" \/>\n\t<meta property=\"og:image:type\" content=\"image\/jpeg\" \/>\n<meta name=\"twitter:card\" content=\"summary_large_image\" \/>\n<meta name=\"twitter:label1\" content=\"Tempo estimado de leitura\" \/>\n\t<meta name=\"twitter:data1\" content=\"1 minuto\" \/>\n<script type=\"application\/ld+json\" class=\"yoast-schema-graph\">{\"@context\":\"https:\/\/schema.org\",\"@graph\":[{\"@type\":\"WebPage\",\"@id\":\"https:\/\/lespiculins.com\/pt-pt\/produto\/saco-de-bebe-pastel-de-liberty-animalitos\/\",\"url\":\"https:\/\/lespiculins.com\/pt-pt\/produto\/saco-de-bebe-pastel-de-liberty-animalitos\/\",\"name\":\"Baby Liberty Animalitos Pastel | | de caminhada Os Piculins\",\"isPartOf\":{\"@id\":\"https:\/\/lespiculins.com\/pt-pt\/#website\"},\"datePublished\":\"2021-04-27T09:18:43+00:00\",\"dateModified\":\"2021-04-27T09:18:45+00:00\",\"description\":\"Liberty Animalitos Pastel Baby Sack. Bela saqueta de animais em tom pastel. Ideal para manter o beb\u00e9 quente e seguro.\",\"breadcrumb\":{\"@id\":\"https:\/\/lespiculins.com\/pt-pt\/produto\/saco-de-bebe-pastel-de-liberty-animalitos\/#breadcrumb\"},\"inLanguage\":\"pt-PT\",\"potentialAction\":[{\"@type\":\"ReadAction\",\"target\":[\"https:\/\/lespiculins.com\/pt-pt\/produto\/saco-de-bebe-pastel-de-liberty-animalitos\/\"]}]},{\"@type\":\"BreadcrumbList\",\"@id\":\"https:\/\/lespiculins.com\/pt-pt\/produto\/saco-de-bebe-pastel-de-liberty-animalitos\/#breadcrumb\",\"itemListElement\":[{\"@type\":\"ListItem\",\"position\":1,\"name\":\"Portada\",\"item\":\"https:\/\/lespiculins.com\/pt-pt\/inicio\/\"},{\"@type\":\"ListItem\",\"position\":2,\"name\":\"Loja\",\"item\":\"https:\/\/lespiculins.com\/pt-pt\/loja\/\"},{\"@type\":\"ListItem\",\"position\":3,\"name\":\"Saco de beb\u00ea pastel de Liberty Animalitos\"}]},{\"@type\":\"WebSite\",\"@id\":\"https:\/\/lespiculins.com\/pt-pt\/#website\",\"url\":\"https:\/\/lespiculins.com\/pt-pt\/\",\"name\":\"Les Piculins\",\"description\":\"Fundas para carritos, bugaboo, maclaren, icoo, bebecar, mima...\",\"potentialAction\":[{\"@type\":\"SearchAction\",\"target\":{\"@type\":\"EntryPoint\",\"urlTemplate\":\"https:\/\/lespiculins.com\/pt-pt\/?s={search_term_string}\"},\"query-input\":\"required name=search_term_string\"}],\"inLanguage\":\"pt-PT\"}]}<\/script>\n<!-- \/ Yoast SEO plugin. -->","yoast_head_json":{"title":"Baby Liberty Animalitos Pastel | | de caminhada Os Piculins","description":"Liberty Animalitos Pastel Baby Sack. Bela saqueta de animais em tom pastel. Ideal para manter o beb\u00e9 quente e seguro.","robots":{"index":"index","follow":"follow","max-snippet":"max-snippet:-1","max-image-preview":"max-image-preview:large","max-video-preview":"max-video-preview:-1"},"canonical":"https:\/\/lespiculins.com\/pt-pt\/produto\/saco-de-bebe-pastel-de-liberty-animalitos\/","og_locale":"pt_PT","og_type":"article","og_title":"Baby Liberty Animalitos Pastel | | de caminhada Os Piculins","og_description":"Liberty Animalitos Pastel Baby Sack. Bela saqueta de animais em tom pastel. Ideal para manter o beb\u00e9 quente e seguro.","og_url":"https:\/\/lespiculins.com\/pt-pt\/produto\/saco-de-bebe-pastel-de-liberty-animalitos\/","og_site_name":"Les Piculins","article_modified_time":"2021-04-27T09:18:45+00:00","og_image":[{"width":1080,"height":865,"url":"https:\/\/lespiculins.com\/wp-content\/uploads\/2020\/11\/sac4.jpg","type":"image\/jpeg"}],"twitter_card":"summary_large_image","twitter_misc":{"Tempo estimado de leitura":"1 minuto"},"schema":{"@context":"https:\/\/schema.org","@graph":[{"@type":"WebPage","@id":"https:\/\/lespiculins.com\/pt-pt\/produto\/saco-de-bebe-pastel-de-liberty-animalitos\/","url":"https:\/\/lespiculins.com\/pt-pt\/produto\/saco-de-bebe-pastel-de-liberty-animalitos\/","name":"Baby Liberty Animalitos Pastel | | de caminhada Os Piculins","isPartOf":{"@id":"https:\/\/lespiculins.com\/pt-pt\/#website"},"datePublished":"2021-04-27T09:18:43+00:00","dateModified":"2021-04-27T09:18:45+00:00","description":"Liberty Animalitos Pastel Baby Sack. Bela saqueta de animais em tom pastel. Ideal para manter o beb\u00e9 quente e seguro.","breadcrumb":{"@id":"https:\/\/lespiculins.com\/pt-pt\/produto\/saco-de-bebe-pastel-de-liberty-animalitos\/#breadcrumb"},"inLanguage":"pt-PT","potentialAction":[{"@type":"ReadAction","target":["https:\/\/lespiculins.com\/pt-pt\/produto\/saco-de-bebe-pastel-de-liberty-animalitos\/"]}]},{"@type":"BreadcrumbList","@id":"https:\/\/lespiculins.com\/pt-pt\/produto\/saco-de-bebe-pastel-de-liberty-animalitos\/#breadcrumb","itemListElement":[{"@type":"ListItem","position":1,"name":"Portada","item":"https:\/\/lespiculins.com\/pt-pt\/inicio\/"},{"@type":"ListItem","position":2,"name":"Loja","item":"https:\/\/lespiculins.com\/pt-pt\/loja\/"},{"@type":"ListItem","position":3,"name":"Saco de beb\u00ea pastel de Liberty Animalitos"}]},{"@type":"WebSite","@id":"https:\/\/lespiculins.com\/pt-pt\/#website","url":"https:\/\/lespiculins.com\/pt-pt\/","name":"Les Piculins","description":"Fundas para carritos, bugaboo, maclaren, icoo, bebecar, mima...","potentialAction":[{"@type":"SearchAction","target":{"@type":"EntryPoint","urlTemplate":"https:\/\/lespiculins.com\/pt-pt\/?s={search_term_string}"},"query-input":"required name=search_term_string"}],"inLanguage":"pt-PT"}]}},"_links":{"self":[{"href":"https:\/\/lespiculins.com\/pt-pt\/wp-json\/wp\/v2\/product\/31293"}],"collection":[{"href":"https:\/\/lespiculins.com\/pt-pt\/wp-json\/wp\/v2\/product"}],"about":[{"href":"https:\/\/lespiculins.com\/pt-pt\/wp-json\/wp\/v2\/types\/product"}],"wp:featuredmedia":[{"embeddable":true,"href":"https:\/\/lespiculins.com\/pt-pt\/wp-json\/wp\/v2\/media\/30390"}],"wp:attachment":[{"href":"https:\/\/lespiculins.com\/pt-pt\/wp-json\/wp\/v2\/media?parent=31293"}],"wp:term":[{"taxonomy":"product_cat","embeddable":true,"href":"https:\/\/lespiculins.com\/pt-pt\/wp-json\/wp\/v2\/product_cat?post=31293"},{"taxonomy":"product_tag","embeddable":true,"href":"https:\/\/lespiculins.com\/pt-pt\/wp-json\/wp\/v2\/product_tag?post=31293"}],"curies":[{"name":"wp","href":"https:\/\/api.w.org\/{rel}","templated":true}]}}