{"id":31291,"date":"2020-11-19T19:53:15","date_gmt":"2021-04-27T09:18:01","guid":{"rendered":"https:\/\/lespiculins.com\/producto\/saco-de-bebe-animal-azul-da-liberdade\/"},"modified":"2025-08-05T02:15:24","modified_gmt":"2025-08-05T00:15:24","slug":"saco-de-bebe-animal-azul-da-liberdade","status":"publish","type":"product","link":"https:\/\/lespiculins.com\/pt-pt\/produto\/saco-de-bebe-animal-azul-da-liberdade\/","title":{"rendered":"Saco de beb\u00ea animal azul da liberdade"},"content":{"rendered":"<section class=\"wpb-content-wrapper\"><section class=\"l-section wpb_row height_medium\"><div class=\"l-section-h i-cf\"><div class=\"g-cols vc_row via_flex valign_top type_default stacking_default\"><div class=\"vc_col-sm-12 wpb_column vc_column_container\"><div class=\"vc_column-inner\"><div class=\"wpb_wrapper\"><div class=\"wpb_text_column\"><div class=\"wpb_wrapper\"><p>Mais detalhes do nosso Liberty Animalitos Blue Baby Bag<\/p>\n<ul>\n<li>Fechos laterais para usar apenas a base<\/li>\n<li>Cor: Animais em azul em um fundo branco<\/li>\n<li>Combine com <a href=\"https:\/\/lespiculins.com\/producto\/mini-liberty-animalitos-azul\/\" target=\"_blank\" rel=\"noopener\">Mini Liberty Animalitos Blue Bag<\/a> e Reversible Mat <a href=\"https:\/\/lespiculins.com\/pt-pt\/produto\/colchao-reversivel-bugaboo-animalitos\/\" target=\"_blank\" rel=\"noopener\">Bugaboo Animalitos Blue.<\/a><\/li>\n<li>Vantagens do nosso saco de beb\u00e9: Dormir mant\u00e9m-nos a uma temperatura constante. Tamb\u00e9m os impede de descobrir e arrefecer. Muitos beb\u00e9s habituam-se \u00e0s malas e associam-nos na hora de dormir, ajudando-os a adormecer. Proporciona conforto ao beb\u00ea no passeio.<\/li>\n<li><strong>Gorjetas de lavagem .<\/strong> Maquinado, com o detergente hipoalerg\u00e9nico do seu beb\u00e9, m\u00e1ximo a 30oC. N\u00e3o pode passar ou usar um secador.<\/li>\n<\/ul>\n<\/div><\/div><\/div><\/div><\/div><\/div><\/div><\/section>\n<\/section>","protected":false},"excerpt":{"rendered":"<p>Saco de beb\u00ea animal azul da liberdade<\/p>\n<p style=\"text-align: justify;\">Para manter o seu beb\u00e9 confort\u00e1vel, aquecido e protegido. Nosso <strong>saco \u00e9 universal porque<\/strong> serve como uma cama ou <strong>ber\u00e7o.<\/strong> Para aqueles dias em que l@s preferem andar nos <strong>seus bra\u00e7os, para os embalar.<\/strong><\/p>\n<p style=\"text-align: justify;\">Por fora, o design est\u00e1 em animais em tons azuis. O interior <strong>da bambula.<\/strong> <strong>Confort\u00e1vel e macio,<\/strong>sem pelos por dentro. Feito \u00e0 m\u00e3o com tecidos da mais alta qualidade. Tem fechos de ambos os lados para que possa usar apenas a base. Ideal para crian\u00e7as l@s continuar a usar assim que crescerem.<\/p>\n<p style=\"text-align: justify;\">No Les Piculins tamb\u00e9m temos outros produtos a combinar: <a href=\"https:\/\/lespiculins.com\/producto\/mini-liberty-animalitos-azul\/\" target=\"_blank\" rel=\"noopener\">o Mini Liberty Animalitos Blue<\/a> Bag e o <a href=\"https:\/\/lespiculins.com\/producto\/colchoneta-reversible-bugaboo-animalitos-azul\/\" target=\"_blank\" rel=\"noopener\">Bugaboo Animalitos Blue Reversible Mattress.<\/a><\/p>\n","protected":false},"featured_media":30530,"template":"","meta":{"_joinchat":[]},"product_cat":[226],"product_tag":[305],"yoast_head":"<!-- This site is optimized with the Yoast SEO plugin v21.5 - https:\/\/yoast.com\/wordpress\/plugins\/seo\/ -->\n<title>Liberty Baby Bag Blue Animals | | de caminhada Os Piculins<\/title>\n<meta name=\"description\" content=\"Saco de animais azul beb\u00e9 Liberty. Saco universal para bagagem de m\u00e3o, ber\u00e7o ou para carregar o seu beb\u00e9 nos bra\u00e7os. Impress\u00e3o de animal azul.\" \/>\n<meta name=\"robots\" content=\"index, follow, max-snippet:-1, max-image-preview:large, max-video-preview:-1\" \/>\n<link rel=\"canonical\" href=\"https:\/\/lespiculins.com\/pt-pt\/produto\/saco-de-bebe-animal-azul-da-liberdade\/\" \/>\n<meta property=\"og:locale\" content=\"pt_PT\" \/>\n<meta property=\"og:type\" content=\"article\" \/>\n<meta property=\"og:title\" content=\"Liberty Baby Bag Blue Animals | | de caminhada Os Piculins\" \/>\n<meta property=\"og:description\" content=\"Saco de animais azul beb\u00e9 Liberty. Saco universal para bagagem de m\u00e3o, ber\u00e7o ou para carregar o seu beb\u00e9 nos bra\u00e7os. Impress\u00e3o de animal azul.\" \/>\n<meta property=\"og:url\" content=\"https:\/\/lespiculins.com\/pt-pt\/produto\/saco-de-bebe-animal-azul-da-liberdade\/\" \/>\n<meta property=\"og:site_name\" content=\"Les Piculins\" \/>\n<meta property=\"article:modified_time\" content=\"2025-08-05T00:15:24+00:00\" \/>\n<meta property=\"og:image\" content=\"https:\/\/lespiculins.com\/wp-content\/uploads\/2020\/11\/animl.jpg\" \/>\n\t<meta property=\"og:image:width\" content=\"957\" \/>\n\t<meta property=\"og:image:height\" content=\"900\" \/>\n\t<meta property=\"og:image:type\" content=\"image\/jpeg\" \/>\n<meta name=\"twitter:card\" content=\"summary_large_image\" \/>\n<meta name=\"twitter:label1\" content=\"Tempo estimado de leitura\" \/>\n\t<meta name=\"twitter:data1\" content=\"1 minuto\" \/>\n<script type=\"application\/ld+json\" class=\"yoast-schema-graph\">{\"@context\":\"https:\/\/schema.org\",\"@graph\":[{\"@type\":\"WebPage\",\"@id\":\"https:\/\/lespiculins.com\/pt-pt\/produto\/saco-de-bebe-animal-azul-da-liberdade\/\",\"url\":\"https:\/\/lespiculins.com\/pt-pt\/produto\/saco-de-bebe-animal-azul-da-liberdade\/\",\"name\":\"Liberty Baby Bag Blue Animals | | de caminhada Os Piculins\",\"isPartOf\":{\"@id\":\"https:\/\/lespiculins.com\/pt-pt\/#website\"},\"datePublished\":\"2021-04-27T09:18:01+00:00\",\"dateModified\":\"2025-08-05T00:15:24+00:00\",\"description\":\"Saco de animais azul beb\u00e9 Liberty. Saco universal para bagagem de m\u00e3o, ber\u00e7o ou para carregar o seu beb\u00e9 nos bra\u00e7os. Impress\u00e3o de animal azul.\",\"breadcrumb\":{\"@id\":\"https:\/\/lespiculins.com\/pt-pt\/produto\/saco-de-bebe-animal-azul-da-liberdade\/#breadcrumb\"},\"inLanguage\":\"pt-PT\",\"potentialAction\":[{\"@type\":\"ReadAction\",\"target\":[\"https:\/\/lespiculins.com\/pt-pt\/produto\/saco-de-bebe-animal-azul-da-liberdade\/\"]}]},{\"@type\":\"BreadcrumbList\",\"@id\":\"https:\/\/lespiculins.com\/pt-pt\/produto\/saco-de-bebe-animal-azul-da-liberdade\/#breadcrumb\",\"itemListElement\":[{\"@type\":\"ListItem\",\"position\":1,\"name\":\"Portada\",\"item\":\"https:\/\/lespiculins.com\/pt-pt\/inicio\/\"},{\"@type\":\"ListItem\",\"position\":2,\"name\":\"Loja\",\"item\":\"https:\/\/lespiculins.com\/pt-pt\/loja\/\"},{\"@type\":\"ListItem\",\"position\":3,\"name\":\"Saco de beb\u00ea animal azul da liberdade\"}]},{\"@type\":\"WebSite\",\"@id\":\"https:\/\/lespiculins.com\/pt-pt\/#website\",\"url\":\"https:\/\/lespiculins.com\/pt-pt\/\",\"name\":\"Les Piculins\",\"description\":\"Fundas para carritos, bugaboo, maclaren, icoo, bebecar, mima...\",\"potentialAction\":[{\"@type\":\"SearchAction\",\"target\":{\"@type\":\"EntryPoint\",\"urlTemplate\":\"https:\/\/lespiculins.com\/pt-pt\/?s={search_term_string}\"},\"query-input\":\"required name=search_term_string\"}],\"inLanguage\":\"pt-PT\"}]}<\/script>\n<!-- \/ Yoast SEO plugin. -->","yoast_head_json":{"title":"Liberty Baby Bag Blue Animals | | de caminhada Os Piculins","description":"Saco de animais azul beb\u00e9 Liberty. Saco universal para bagagem de m\u00e3o, ber\u00e7o ou para carregar o seu beb\u00e9 nos bra\u00e7os. Impress\u00e3o de animal azul.","robots":{"index":"index","follow":"follow","max-snippet":"max-snippet:-1","max-image-preview":"max-image-preview:large","max-video-preview":"max-video-preview:-1"},"canonical":"https:\/\/lespiculins.com\/pt-pt\/produto\/saco-de-bebe-animal-azul-da-liberdade\/","og_locale":"pt_PT","og_type":"article","og_title":"Liberty Baby Bag Blue Animals | | de caminhada Os Piculins","og_description":"Saco de animais azul beb\u00e9 Liberty. Saco universal para bagagem de m\u00e3o, ber\u00e7o ou para carregar o seu beb\u00e9 nos bra\u00e7os. Impress\u00e3o de animal azul.","og_url":"https:\/\/lespiculins.com\/pt-pt\/produto\/saco-de-bebe-animal-azul-da-liberdade\/","og_site_name":"Les Piculins","article_modified_time":"2025-08-05T00:15:24+00:00","og_image":[{"width":957,"height":900,"url":"https:\/\/lespiculins.com\/wp-content\/uploads\/2020\/11\/animl.jpg","type":"image\/jpeg"}],"twitter_card":"summary_large_image","twitter_misc":{"Tempo estimado de leitura":"1 minuto"},"schema":{"@context":"https:\/\/schema.org","@graph":[{"@type":"WebPage","@id":"https:\/\/lespiculins.com\/pt-pt\/produto\/saco-de-bebe-animal-azul-da-liberdade\/","url":"https:\/\/lespiculins.com\/pt-pt\/produto\/saco-de-bebe-animal-azul-da-liberdade\/","name":"Liberty Baby Bag Blue Animals | | de caminhada Os Piculins","isPartOf":{"@id":"https:\/\/lespiculins.com\/pt-pt\/#website"},"datePublished":"2021-04-27T09:18:01+00:00","dateModified":"2025-08-05T00:15:24+00:00","description":"Saco de animais azul beb\u00e9 Liberty. Saco universal para bagagem de m\u00e3o, ber\u00e7o ou para carregar o seu beb\u00e9 nos bra\u00e7os. Impress\u00e3o de animal azul.","breadcrumb":{"@id":"https:\/\/lespiculins.com\/pt-pt\/produto\/saco-de-bebe-animal-azul-da-liberdade\/#breadcrumb"},"inLanguage":"pt-PT","potentialAction":[{"@type":"ReadAction","target":["https:\/\/lespiculins.com\/pt-pt\/produto\/saco-de-bebe-animal-azul-da-liberdade\/"]}]},{"@type":"BreadcrumbList","@id":"https:\/\/lespiculins.com\/pt-pt\/produto\/saco-de-bebe-animal-azul-da-liberdade\/#breadcrumb","itemListElement":[{"@type":"ListItem","position":1,"name":"Portada","item":"https:\/\/lespiculins.com\/pt-pt\/inicio\/"},{"@type":"ListItem","position":2,"name":"Loja","item":"https:\/\/lespiculins.com\/pt-pt\/loja\/"},{"@type":"ListItem","position":3,"name":"Saco de beb\u00ea animal azul da liberdade"}]},{"@type":"WebSite","@id":"https:\/\/lespiculins.com\/pt-pt\/#website","url":"https:\/\/lespiculins.com\/pt-pt\/","name":"Les Piculins","description":"Fundas para carritos, bugaboo, maclaren, icoo, bebecar, mima...","potentialAction":[{"@type":"SearchAction","target":{"@type":"EntryPoint","urlTemplate":"https:\/\/lespiculins.com\/pt-pt\/?s={search_term_string}"},"query-input":"required name=search_term_string"}],"inLanguage":"pt-PT"}]}},"_links":{"self":[{"href":"https:\/\/lespiculins.com\/pt-pt\/wp-json\/wp\/v2\/product\/31291"}],"collection":[{"href":"https:\/\/lespiculins.com\/pt-pt\/wp-json\/wp\/v2\/product"}],"about":[{"href":"https:\/\/lespiculins.com\/pt-pt\/wp-json\/wp\/v2\/types\/product"}],"wp:featuredmedia":[{"embeddable":true,"href":"https:\/\/lespiculins.com\/pt-pt\/wp-json\/wp\/v2\/media\/30530"}],"wp:attachment":[{"href":"https:\/\/lespiculins.com\/pt-pt\/wp-json\/wp\/v2\/media?parent=31291"}],"wp:term":[{"taxonomy":"product_cat","embeddable":true,"href":"https:\/\/lespiculins.com\/pt-pt\/wp-json\/wp\/v2\/product_cat?post=31291"},{"taxonomy":"product_tag","embeddable":true,"href":"https:\/\/lespiculins.com\/pt-pt\/wp-json\/wp\/v2\/product_tag?post=31291"}],"curies":[{"name":"wp","href":"https:\/\/api.w.org\/{rel}","templated":true}]}}