{"id":31285,"date":"2020-11-19T19:55:27","date_gmt":"2021-04-27T09:16:19","guid":{"rendered":"https:\/\/lespiculins.com\/producto\/saco-de-bebe-rosa-medio-vichy\/"},"modified":"2021-05-13T13:37:58","modified_gmt":"2021-05-13T11:37:58","slug":"vichy-medio-rosa","status":"publish","type":"product","link":"https:\/\/lespiculins.com\/pt-pt\/produto\/vichy-medio-rosa\/","title":{"rendered":"Saco de beb\u00ea rosa m\u00e9dio vichy"},"content":{"rendered":"<p>Mais detalhes sobre o Vichy Medium Pink Baby Bag<\/p>\n<ul>\n<li>A sua forma e tamanho tornam-no um saco compat\u00edvel com praticamente todos os modelos de carrinhos no mercado. No entanto, se tiver alguma d\u00favida, contacte-nos e tentaremos resolv\u00ea-las.<\/li>\n<li>Composi\u00e7\u00e3o: 75% algod\u00e3o, 25% poli\u00e9ster.<\/li>\n<li>Para fazer com que o seu saco de beb\u00e9 pare\u00e7a novo siga as nossas dicas de lavagem: todas as nossas roupas podem ser lavadas na m\u00e1quina, no m\u00e1ximo 30oC. Pode utilizar o detergente l\u00edquido hipoalerg\u00e9nico do seu beb\u00e9. N\u00e3o utilize um secador, ao passar a ferro n\u00e3o pressione a pe\u00e7a com o ferro de modo a que o recheio permane\u00e7a t\u00e3o fluidito como no primeiro dia.<\/li>\n<\/ul>\n","protected":false},"excerpt":{"rendered":"<p style=\"text-align: justify;\">Universal Vichy aqua baby bag para baga, ber\u00e7o e para aqueles dias em que l@s preferem andar nos seus bra\u00e7os. Para manter o seu beb\u00e9 confort\u00e1vel, aquecido e protegido<\/p>\n<p style=\"text-align: justify;\">Feito em um Vichy rosa que vai ficar perfeito em seu carrinho bugaboo ou yo-yo. T\u00eam l\u00e1 dentro a bambula. Com fechos de ambos os lados para que possa utilizar apenas a base.<\/p>\n<p style=\"text-align: justify;\">Receba-o em 24 horas.<\/p>\n","protected":false},"featured_media":30396,"template":"","meta":{"_joinchat":[]},"product_cat":[226],"product_tag":[366],"yoast_head":"<!-- This site is optimized with the Yoast SEO plugin v21.5 - https:\/\/yoast.com\/wordpress\/plugins\/seo\/ -->\n<title>| de beb\u00ea rosa de Vichy acess\u00f3rios para passeios | Os Piculins<\/title>\n<meta name=\"description\" content=\"Vichy Medium Pink Baby Sack. Interior em bambula e feito em um Vichy em tons cor-de-rosa. Mantenha o seu beb\u00e9 protegido com este lindo casaco\" \/>\n<meta name=\"robots\" content=\"index, follow, max-snippet:-1, max-image-preview:large, max-video-preview:-1\" \/>\n<link rel=\"canonical\" href=\"https:\/\/lespiculins.com\/pt-pt\/produto\/vichy-medio-rosa\/\" \/>\n<meta property=\"og:locale\" content=\"pt_PT\" \/>\n<meta property=\"og:type\" content=\"article\" \/>\n<meta property=\"og:title\" content=\"| de beb\u00ea rosa de Vichy acess\u00f3rios para passeios | Os Piculins\" \/>\n<meta property=\"og:description\" content=\"Vichy Medium Pink Baby Sack. Interior em bambula e feito em um Vichy em tons cor-de-rosa. Mantenha o seu beb\u00e9 protegido com este lindo casaco\" \/>\n<meta property=\"og:url\" content=\"https:\/\/lespiculins.com\/pt-pt\/produto\/vichy-medio-rosa\/\" \/>\n<meta property=\"og:site_name\" content=\"Les Piculins\" \/>\n<meta property=\"article:modified_time\" content=\"2021-05-13T11:37:58+00:00\" \/>\n<meta property=\"og:image\" content=\"https:\/\/lespiculins.com\/wp-content\/uploads\/2020\/11\/sac9.jpg\" \/>\n\t<meta property=\"og:image:width\" content=\"993\" \/>\n\t<meta property=\"og:image:height\" content=\"900\" \/>\n\t<meta property=\"og:image:type\" content=\"image\/jpeg\" \/>\n<meta name=\"twitter:card\" content=\"summary_large_image\" \/>\n<meta name=\"twitter:label1\" content=\"Tempo estimado de leitura\" \/>\n\t<meta name=\"twitter:data1\" content=\"1 minuto\" \/>\n<script type=\"application\/ld+json\" class=\"yoast-schema-graph\">{\"@context\":\"https:\/\/schema.org\",\"@graph\":[{\"@type\":\"WebPage\",\"@id\":\"https:\/\/lespiculins.com\/pt-pt\/produto\/vichy-medio-rosa\/\",\"url\":\"https:\/\/lespiculins.com\/pt-pt\/produto\/vichy-medio-rosa\/\",\"name\":\"| de beb\u00ea rosa de Vichy acess\u00f3rios para passeios | Os Piculins\",\"isPartOf\":{\"@id\":\"https:\/\/lespiculins.com\/pt-pt\/#website\"},\"datePublished\":\"2021-04-27T09:16:19+00:00\",\"dateModified\":\"2021-05-13T11:37:58+00:00\",\"description\":\"Vichy Medium Pink Baby Sack. Interior em bambula e feito em um Vichy em tons cor-de-rosa. Mantenha o seu beb\u00e9 protegido com este lindo casaco\",\"breadcrumb\":{\"@id\":\"https:\/\/lespiculins.com\/pt-pt\/produto\/vichy-medio-rosa\/#breadcrumb\"},\"inLanguage\":\"pt-PT\",\"potentialAction\":[{\"@type\":\"ReadAction\",\"target\":[\"https:\/\/lespiculins.com\/pt-pt\/produto\/vichy-medio-rosa\/\"]}]},{\"@type\":\"BreadcrumbList\",\"@id\":\"https:\/\/lespiculins.com\/pt-pt\/produto\/vichy-medio-rosa\/#breadcrumb\",\"itemListElement\":[{\"@type\":\"ListItem\",\"position\":1,\"name\":\"Portada\",\"item\":\"https:\/\/lespiculins.com\/pt-pt\/inicio\/\"},{\"@type\":\"ListItem\",\"position\":2,\"name\":\"Loja\",\"item\":\"https:\/\/lespiculins.com\/pt-pt\/loja\/\"},{\"@type\":\"ListItem\",\"position\":3,\"name\":\"Saco de beb\u00ea rosa m\u00e9dio vichy\"}]},{\"@type\":\"WebSite\",\"@id\":\"https:\/\/lespiculins.com\/pt-pt\/#website\",\"url\":\"https:\/\/lespiculins.com\/pt-pt\/\",\"name\":\"Les Piculins\",\"description\":\"Fundas para carritos, bugaboo, maclaren, icoo, bebecar, mima...\",\"potentialAction\":[{\"@type\":\"SearchAction\",\"target\":{\"@type\":\"EntryPoint\",\"urlTemplate\":\"https:\/\/lespiculins.com\/pt-pt\/?s={search_term_string}\"},\"query-input\":\"required name=search_term_string\"}],\"inLanguage\":\"pt-PT\"}]}<\/script>\n<!-- \/ Yoast SEO plugin. -->","yoast_head_json":{"title":"| de beb\u00ea rosa de Vichy acess\u00f3rios para passeios | Os Piculins","description":"Vichy Medium Pink Baby Sack. Interior em bambula e feito em um Vichy em tons cor-de-rosa. Mantenha o seu beb\u00e9 protegido com este lindo casaco","robots":{"index":"index","follow":"follow","max-snippet":"max-snippet:-1","max-image-preview":"max-image-preview:large","max-video-preview":"max-video-preview:-1"},"canonical":"https:\/\/lespiculins.com\/pt-pt\/produto\/vichy-medio-rosa\/","og_locale":"pt_PT","og_type":"article","og_title":"| de beb\u00ea rosa de Vichy acess\u00f3rios para passeios | Os Piculins","og_description":"Vichy Medium Pink Baby Sack. Interior em bambula e feito em um Vichy em tons cor-de-rosa. Mantenha o seu beb\u00e9 protegido com este lindo casaco","og_url":"https:\/\/lespiculins.com\/pt-pt\/produto\/vichy-medio-rosa\/","og_site_name":"Les Piculins","article_modified_time":"2021-05-13T11:37:58+00:00","og_image":[{"width":993,"height":900,"url":"https:\/\/lespiculins.com\/wp-content\/uploads\/2020\/11\/sac9.jpg","type":"image\/jpeg"}],"twitter_card":"summary_large_image","twitter_misc":{"Tempo estimado de leitura":"1 minuto"},"schema":{"@context":"https:\/\/schema.org","@graph":[{"@type":"WebPage","@id":"https:\/\/lespiculins.com\/pt-pt\/produto\/vichy-medio-rosa\/","url":"https:\/\/lespiculins.com\/pt-pt\/produto\/vichy-medio-rosa\/","name":"| de beb\u00ea rosa de Vichy acess\u00f3rios para passeios | Os Piculins","isPartOf":{"@id":"https:\/\/lespiculins.com\/pt-pt\/#website"},"datePublished":"2021-04-27T09:16:19+00:00","dateModified":"2021-05-13T11:37:58+00:00","description":"Vichy Medium Pink Baby Sack. Interior em bambula e feito em um Vichy em tons cor-de-rosa. Mantenha o seu beb\u00e9 protegido com este lindo casaco","breadcrumb":{"@id":"https:\/\/lespiculins.com\/pt-pt\/produto\/vichy-medio-rosa\/#breadcrumb"},"inLanguage":"pt-PT","potentialAction":[{"@type":"ReadAction","target":["https:\/\/lespiculins.com\/pt-pt\/produto\/vichy-medio-rosa\/"]}]},{"@type":"BreadcrumbList","@id":"https:\/\/lespiculins.com\/pt-pt\/produto\/vichy-medio-rosa\/#breadcrumb","itemListElement":[{"@type":"ListItem","position":1,"name":"Portada","item":"https:\/\/lespiculins.com\/pt-pt\/inicio\/"},{"@type":"ListItem","position":2,"name":"Loja","item":"https:\/\/lespiculins.com\/pt-pt\/loja\/"},{"@type":"ListItem","position":3,"name":"Saco de beb\u00ea rosa m\u00e9dio vichy"}]},{"@type":"WebSite","@id":"https:\/\/lespiculins.com\/pt-pt\/#website","url":"https:\/\/lespiculins.com\/pt-pt\/","name":"Les Piculins","description":"Fundas para carritos, bugaboo, maclaren, icoo, bebecar, mima...","potentialAction":[{"@type":"SearchAction","target":{"@type":"EntryPoint","urlTemplate":"https:\/\/lespiculins.com\/pt-pt\/?s={search_term_string}"},"query-input":"required name=search_term_string"}],"inLanguage":"pt-PT"}]}},"_links":{"self":[{"href":"https:\/\/lespiculins.com\/pt-pt\/wp-json\/wp\/v2\/product\/31285"}],"collection":[{"href":"https:\/\/lespiculins.com\/pt-pt\/wp-json\/wp\/v2\/product"}],"about":[{"href":"https:\/\/lespiculins.com\/pt-pt\/wp-json\/wp\/v2\/types\/product"}],"wp:featuredmedia":[{"embeddable":true,"href":"https:\/\/lespiculins.com\/pt-pt\/wp-json\/wp\/v2\/media\/30396"}],"wp:attachment":[{"href":"https:\/\/lespiculins.com\/pt-pt\/wp-json\/wp\/v2\/media?parent=31285"}],"wp:term":[{"taxonomy":"product_cat","embeddable":true,"href":"https:\/\/lespiculins.com\/pt-pt\/wp-json\/wp\/v2\/product_cat?post=31285"},{"taxonomy":"product_tag","embeddable":true,"href":"https:\/\/lespiculins.com\/pt-pt\/wp-json\/wp\/v2\/product_tag?post=31285"}],"curies":[{"name":"wp","href":"https:\/\/api.w.org\/{rel}","templated":true}]}}