{"id":31282,"date":"2020-11-20T16:06:27","date_gmt":"2021-04-27T09:15:46","guid":{"rendered":"https:\/\/lespiculins.com\/producto\/mini-liberty-rosa-palo-bag\/"},"modified":"2023-07-11T07:29:16","modified_gmt":"2023-07-11T05:29:16","slug":"bag-mini-liberdade-rosa-stick","status":"publish","type":"product","link":"https:\/\/lespiculins.com\/pt-pt\/produto\/bag-mini-liberdade-rosa-stick\/","title":{"rendered":"Mala Pequena Liberty Rosa Claro"},"content":{"rendered":"<section class=\"wpb-content-wrapper\"><section class=\"l-section wpb_row height_medium\"><div class=\"l-section-h i-cf\"><div class=\"g-cols vc_row via_flex valign_top type_default stacking_default\"><div class=\"vc_col-sm-12 wpb_column vc_column_container\"><div class=\"vc_column-inner\"><div class=\"wpb_wrapper\"><div class=\"wpb_text_column\"><div class=\"wpb_wrapper\"><p>Mais detalhes do nosso Mini Liberty Rosa Palo Bag:<\/p>\n<p>As nossas mini-malas s\u00e3o um tamanho que lhe permitir\u00e1 ter as suas pequenas coisas \u00e0 m\u00e3o sem sobrecarregar o carro do seu Beb\u00e9.<\/p>\n<p>Tamanho 34 x 21 x 8 cm<\/p>\n<p>Impress\u00e3o e cor: Liberty London com flores em tons rosa, rosa e, em menor medida, azul e verde.<\/p>\n<p>Em conjunto com <a href=\"https:\/\/lespiculins.com\/pt-pt\/produto\/baby-bag-liberty-pink-stick\/\" target=\"_blank\" rel=\"noopener\">o Liberty Pink Palo Baby<\/a> Bag e o <a href=\"https:\/\/lespiculins.com\/pt-pt\/produto\/tapete-reversivel-bugaboo-liberty-pink-palo\/\" target=\"_blank\" rel=\"noopener\">Bugaboo Liberty Pink Stick Reversible Mattress<\/a><\/p>\n<\/div><\/div><\/div><\/div><\/div><\/div><\/div><\/section>\n<\/section>","protected":false},"excerpt":{"rendered":"<p>Mala Pequena Liberty Rosa Claro<\/p>\n<p style=\"text-align: justify;\">O nosso mini carrinho de beb\u00e9 \u00e9 o tamanho ideal para transportar tudo o que precisa para o seu beb\u00e9 sem a necessidade de ter excesso de peso no carrinho de beb\u00e9. O design da nossa mini-mala \u00e9 conhecido como Liberty London. Com uma impress\u00e3o que alterna pequenas flores em rosa, pau rosa e azulado. Mini saco artesanal com materiais de alta qualidade.<\/p>\n<p style=\"text-align: justify;\">F\u00e1cil de ajustar ao carrinho gra\u00e7as aos dois punhos com bot\u00e3o de clique. As pegas s\u00e3o brancas com uma risca cor-de-rosa. E acesso conveniente ao seu interior gra\u00e7as \u00e0 sua abertura com fecho de correr.<\/p>\n<p style=\"text-align: justify;\">No Les Piculins temos de combinar com o nosso mini <a href=\"https:\/\/lespiculins.com\/producto\/colchoneta-reversible-bugaboo-liberty-rosa-palo\/\" target=\"_blank\" rel=\"noopener\"> <\/a><a href=\"https:\/\/lespiculins.com\/producto\/saco-bebe-liberty-rosa-palo\/\" target=\"_blank\" rel=\"noopener\">saco, o Liberty Baby Bag Pink Palo.<\/a><\/p>\n<p style=\"text-align: justify;\">Para manter a sua bosa mini como nova, siga as nossas dicas de lavagem. Maquinado, com o detergente hipoalerg\u00e9nico do seu beb\u00e9, m\u00e1ximo a 30oC. N\u00e3o pode passar ou usar um secador.<\/p>\n","protected":false},"featured_media":34511,"template":"","meta":{"_joinchat":[]},"product_cat":[138],"product_tag":[319],"yoast_head":"<!-- This site is optimized with the Yoast SEO plugin v21.5 - https:\/\/yoast.com\/wordpress\/plugins\/seo\/ -->\n<title>Mala Pequena Liberty Rosa Claro | Acces\u00f3rios de passeio | Les Piculins<\/title>\n<meta name=\"description\" content=\"Mala Pequena Liberty Rosa Claro. Saco ideal para transportar o essencial durante passeios com o seu beb\u00e9. Impress\u00e3o de liberdade em tons de vara rosa.\" \/>\n<meta name=\"robots\" content=\"index, follow, max-snippet:-1, max-image-preview:large, max-video-preview:-1\" \/>\n<link rel=\"canonical\" href=\"https:\/\/lespiculins.com\/pt-pt\/produto\/bag-mini-liberdade-rosa-stick\/\" \/>\n<meta property=\"og:locale\" content=\"pt_PT\" \/>\n<meta property=\"og:type\" content=\"article\" \/>\n<meta property=\"og:title\" content=\"Mala Pequena Liberty Rosa Claro | Acces\u00f3rios de passeio | Les Piculins\" \/>\n<meta property=\"og:description\" content=\"Mala Pequena Liberty Rosa Claro. Saco ideal para transportar o essencial durante passeios com o seu beb\u00e9. Impress\u00e3o de liberdade em tons de vara rosa.\" \/>\n<meta property=\"og:url\" content=\"https:\/\/lespiculins.com\/pt-pt\/produto\/bag-mini-liberdade-rosa-stick\/\" \/>\n<meta property=\"og:site_name\" content=\"Les Piculins\" \/>\n<meta property=\"article:modified_time\" content=\"2023-07-11T05:29:16+00:00\" \/>\n<meta property=\"og:image\" content=\"https:\/\/lespiculins.com\/wp-content\/uploads\/2020\/11\/betsyrosa.jpg\" \/>\n\t<meta property=\"og:image:width\" content=\"1080\" \/>\n\t<meta property=\"og:image:height\" content=\"1152\" \/>\n\t<meta property=\"og:image:type\" content=\"image\/jpeg\" \/>\n<meta name=\"twitter:card\" content=\"summary_large_image\" \/>\n<script type=\"application\/ld+json\" class=\"yoast-schema-graph\">{\"@context\":\"https:\/\/schema.org\",\"@graph\":[{\"@type\":\"WebPage\",\"@id\":\"https:\/\/lespiculins.com\/pt-pt\/produto\/bag-mini-liberdade-rosa-stick\/\",\"url\":\"https:\/\/lespiculins.com\/pt-pt\/produto\/bag-mini-liberdade-rosa-stick\/\",\"name\":\"Mala Pequena Liberty Rosa Claro | Acces\u00f3rios de passeio | Les Piculins\",\"isPartOf\":{\"@id\":\"https:\/\/lespiculins.com\/pt-pt\/#website\"},\"datePublished\":\"2021-04-27T09:15:46+00:00\",\"dateModified\":\"2023-07-11T05:29:16+00:00\",\"description\":\"Mala Pequena Liberty Rosa Claro. Saco ideal para transportar o essencial durante passeios com o seu beb\u00e9. Impress\u00e3o de liberdade em tons de vara rosa.\",\"breadcrumb\":{\"@id\":\"https:\/\/lespiculins.com\/pt-pt\/produto\/bag-mini-liberdade-rosa-stick\/#breadcrumb\"},\"inLanguage\":\"pt-PT\",\"potentialAction\":[{\"@type\":\"ReadAction\",\"target\":[\"https:\/\/lespiculins.com\/pt-pt\/produto\/bag-mini-liberdade-rosa-stick\/\"]}]},{\"@type\":\"BreadcrumbList\",\"@id\":\"https:\/\/lespiculins.com\/pt-pt\/produto\/bag-mini-liberdade-rosa-stick\/#breadcrumb\",\"itemListElement\":[{\"@type\":\"ListItem\",\"position\":1,\"name\":\"Portada\",\"item\":\"https:\/\/lespiculins.com\/pt-pt\/inicio\/\"},{\"@type\":\"ListItem\",\"position\":2,\"name\":\"Loja\",\"item\":\"https:\/\/lespiculins.com\/pt-pt\/loja\/\"},{\"@type\":\"ListItem\",\"position\":3,\"name\":\"Mala Pequena Liberty Rosa Claro\"}]},{\"@type\":\"WebSite\",\"@id\":\"https:\/\/lespiculins.com\/pt-pt\/#website\",\"url\":\"https:\/\/lespiculins.com\/pt-pt\/\",\"name\":\"Les Piculins\",\"description\":\"Fundas para carritos, bugaboo, maclaren, icoo, bebecar, mima...\",\"potentialAction\":[{\"@type\":\"SearchAction\",\"target\":{\"@type\":\"EntryPoint\",\"urlTemplate\":\"https:\/\/lespiculins.com\/pt-pt\/?s={search_term_string}\"},\"query-input\":\"required name=search_term_string\"}],\"inLanguage\":\"pt-PT\"}]}<\/script>\n<!-- \/ Yoast SEO plugin. -->","yoast_head_json":{"title":"Mala Pequena Liberty Rosa Claro | Acces\u00f3rios de passeio | Les Piculins","description":"Mala Pequena Liberty Rosa Claro. Saco ideal para transportar o essencial durante passeios com o seu beb\u00e9. Impress\u00e3o de liberdade em tons de vara rosa.","robots":{"index":"index","follow":"follow","max-snippet":"max-snippet:-1","max-image-preview":"max-image-preview:large","max-video-preview":"max-video-preview:-1"},"canonical":"https:\/\/lespiculins.com\/pt-pt\/produto\/bag-mini-liberdade-rosa-stick\/","og_locale":"pt_PT","og_type":"article","og_title":"Mala Pequena Liberty Rosa Claro | Acces\u00f3rios de passeio | Les Piculins","og_description":"Mala Pequena Liberty Rosa Claro. Saco ideal para transportar o essencial durante passeios com o seu beb\u00e9. Impress\u00e3o de liberdade em tons de vara rosa.","og_url":"https:\/\/lespiculins.com\/pt-pt\/produto\/bag-mini-liberdade-rosa-stick\/","og_site_name":"Les Piculins","article_modified_time":"2023-07-11T05:29:16+00:00","og_image":[{"width":1080,"height":1152,"url":"https:\/\/lespiculins.com\/wp-content\/uploads\/2020\/11\/betsyrosa.jpg","type":"image\/jpeg"}],"twitter_card":"summary_large_image","schema":{"@context":"https:\/\/schema.org","@graph":[{"@type":"WebPage","@id":"https:\/\/lespiculins.com\/pt-pt\/produto\/bag-mini-liberdade-rosa-stick\/","url":"https:\/\/lespiculins.com\/pt-pt\/produto\/bag-mini-liberdade-rosa-stick\/","name":"Mala Pequena Liberty Rosa Claro | Acces\u00f3rios de passeio | Les Piculins","isPartOf":{"@id":"https:\/\/lespiculins.com\/pt-pt\/#website"},"datePublished":"2021-04-27T09:15:46+00:00","dateModified":"2023-07-11T05:29:16+00:00","description":"Mala Pequena Liberty Rosa Claro. Saco ideal para transportar o essencial durante passeios com o seu beb\u00e9. Impress\u00e3o de liberdade em tons de vara rosa.","breadcrumb":{"@id":"https:\/\/lespiculins.com\/pt-pt\/produto\/bag-mini-liberdade-rosa-stick\/#breadcrumb"},"inLanguage":"pt-PT","potentialAction":[{"@type":"ReadAction","target":["https:\/\/lespiculins.com\/pt-pt\/produto\/bag-mini-liberdade-rosa-stick\/"]}]},{"@type":"BreadcrumbList","@id":"https:\/\/lespiculins.com\/pt-pt\/produto\/bag-mini-liberdade-rosa-stick\/#breadcrumb","itemListElement":[{"@type":"ListItem","position":1,"name":"Portada","item":"https:\/\/lespiculins.com\/pt-pt\/inicio\/"},{"@type":"ListItem","position":2,"name":"Loja","item":"https:\/\/lespiculins.com\/pt-pt\/loja\/"},{"@type":"ListItem","position":3,"name":"Mala Pequena Liberty Rosa Claro"}]},{"@type":"WebSite","@id":"https:\/\/lespiculins.com\/pt-pt\/#website","url":"https:\/\/lespiculins.com\/pt-pt\/","name":"Les Piculins","description":"Fundas para carritos, bugaboo, maclaren, icoo, bebecar, mima...","potentialAction":[{"@type":"SearchAction","target":{"@type":"EntryPoint","urlTemplate":"https:\/\/lespiculins.com\/pt-pt\/?s={search_term_string}"},"query-input":"required name=search_term_string"}],"inLanguage":"pt-PT"}]}},"_links":{"self":[{"href":"https:\/\/lespiculins.com\/pt-pt\/wp-json\/wp\/v2\/product\/31282"}],"collection":[{"href":"https:\/\/lespiculins.com\/pt-pt\/wp-json\/wp\/v2\/product"}],"about":[{"href":"https:\/\/lespiculins.com\/pt-pt\/wp-json\/wp\/v2\/types\/product"}],"wp:featuredmedia":[{"embeddable":true,"href":"https:\/\/lespiculins.com\/pt-pt\/wp-json\/wp\/v2\/media\/34511"}],"wp:attachment":[{"href":"https:\/\/lespiculins.com\/pt-pt\/wp-json\/wp\/v2\/media?parent=31282"}],"wp:term":[{"taxonomy":"product_cat","embeddable":true,"href":"https:\/\/lespiculins.com\/pt-pt\/wp-json\/wp\/v2\/product_cat?post=31282"},{"taxonomy":"product_tag","embeddable":true,"href":"https:\/\/lespiculins.com\/pt-pt\/wp-json\/wp\/v2\/product_tag?post=31282"}],"curies":[{"name":"wp","href":"https:\/\/api.w.org\/{rel}","templated":true}]}}