{"id":31277,"date":"2020-11-20T16:19:55","date_gmt":"2021-04-27T09:14:36","guid":{"rendered":"https:\/\/lespiculins.com\/producto\/liberty-animals-blue-talega\/"},"modified":"2021-04-27T11:14:38","modified_gmt":"2021-04-27T09:14:38","slug":"liberty-animals-blue-talega","status":"publish","type":"product","link":"https:\/\/lespiculins.com\/pt-pt\/produto\/liberty-animals-blue-talega\/","title":{"rendered":"Liberty Animals Blue Talega"},"content":{"rendered":"<section class=\"wpb-content-wrapper\"><section class=\"l-section wpb_row height_medium\"><div class=\"l-section-h i-cf\"><div class=\"g-cols vc_row via_flex valign_top type_default stacking_default\"><div class=\"vc_col-sm-12 wpb_column vc_column_container\"><div class=\"vc_column-inner\"><div class=\"wpb_wrapper\"><div class=\"wpb_text_column\"><div class=\"wpb_wrapper\"><p>Detalhes da nossa Liberty Animalitos Blue Talega<\/p>\n<ul>\n<li>Interior imperme\u00e1vel.<\/li>\n<li>Tamanho 34 x 28 cm.<\/li>\n<li>Impress\u00e3o liberty londres com animais azuis.<\/li>\n<li><strong>Gorjetas de lavagem .<\/strong> Maquinado, com o detergente hipoalerg\u00e9nico do seu beb\u00e9, m\u00e1ximo a 30oC. N\u00e3o pode passar ou usar um secador.<\/li>\n<\/ul>\n<\/div><\/div><\/div><\/div><\/div><\/div><\/div><\/section>\n<\/section>","protected":false},"excerpt":{"rendered":"<p style=\"text-align: justify;\">O nosso ch\u00e1 de beb\u00ea tem tantas<strong>possibilidades como pode imaginar.<\/strong><br \/>\nComo <strong>refor\u00e7o<\/strong> quando o saco do carro vai &#8220;rabo&#8221;, para guardar <strong>a<\/strong> sua ropita, o seu lanche, brinquedos de beb\u00e9&#8230; <\/p>\n<p style=\"text-align: justify;\">Tamb\u00e9m como o seu <strong>interior \u00e9 imperme\u00e1vel<\/strong> \u00e9 ideal para armazenar roupas que o nosso beb\u00e9 <strong>se<\/strong> tenha sujado. Se est\u00e1 molhado <strong>ou<\/strong> molhado porque escapou de um pouco de xixi.<\/p>\n<p style=\"text-align: justify;\">Voc\u00ea <strong>pode combinar a nossa mala com<\/strong> o resto dos produtos da cole\u00e7\u00e3o Liberty London Animalitos Azul. Como o <a href=\"https:\/\/lespiculins.com\/producto\/mini-liberty-animalitos-azul\/\" target=\"_blank\" rel=\"noopener\">Blue Animal Mini Liberty Bag,<\/a>o Blue Animal Liberty Baby <a href=\"https:\/\/lespiculins.com\/producto\/saco-bebe-liberty-animalitos-azul\/\" target=\"_blank\" rel=\"noopener\">Bag<\/a> ou <a href=\"https:\/\/lespiculins.com\/producto\/colchoneta-reversible-bugaboo-animalitos-azul\/\" target=\"_blank\" rel=\"noopener\">o Bugaboo Animalitos Blue Reversible Mattress.<\/a><\/p>\n<p>&nbsp;<\/p>\n","protected":false},"featured_media":30450,"template":"","meta":{"_joinchat":[]},"product_cat":[141],"product_tag":[305],"yoast_head":"<!-- This site is optimized with the Yoast SEO plugin v21.5 - https:\/\/yoast.com\/wordpress\/plugins\/seo\/ -->\n<title>| Azul dos Animais da Liberdade Acess\u00f3rios para beb\u00e9s | Os Piculins<\/title>\n<meta name=\"description\" content=\"Liberty Blue Animal Mowing. Com interior imperme\u00e1vel para armazenar tudo o que o seu beb\u00e9 precisa. Impress\u00e3o da liberdade de animais azuis.\" \/>\n<meta name=\"robots\" content=\"index, follow, max-snippet:-1, max-image-preview:large, max-video-preview:-1\" \/>\n<link rel=\"canonical\" href=\"https:\/\/lespiculins.com\/pt-pt\/produto\/liberty-animals-blue-talega\/\" \/>\n<meta property=\"og:locale\" content=\"pt_PT\" \/>\n<meta property=\"og:type\" content=\"article\" \/>\n<meta property=\"og:title\" content=\"| Azul dos Animais da Liberdade Acess\u00f3rios para beb\u00e9s | Os Piculins\" \/>\n<meta property=\"og:description\" content=\"Liberty Blue Animal Mowing. Com interior imperme\u00e1vel para armazenar tudo o que o seu beb\u00e9 precisa. Impress\u00e3o da liberdade de animais azuis.\" \/>\n<meta property=\"og:url\" content=\"https:\/\/lespiculins.com\/pt-pt\/produto\/liberty-animals-blue-talega\/\" \/>\n<meta property=\"og:site_name\" content=\"Les Piculins\" \/>\n<meta property=\"article:modified_time\" content=\"2021-04-27T09:14:38+00:00\" \/>\n<meta property=\"og:image\" content=\"https:\/\/lespiculins.com\/wp-content\/uploads\/2020\/11\/tal10.jpg\" \/>\n\t<meta property=\"og:image:width\" content=\"736\" \/>\n\t<meta property=\"og:image:height\" content=\"900\" \/>\n\t<meta property=\"og:image:type\" content=\"image\/jpeg\" \/>\n<meta name=\"twitter:card\" content=\"summary_large_image\" \/>\n<script type=\"application\/ld+json\" class=\"yoast-schema-graph\">{\"@context\":\"https:\/\/schema.org\",\"@graph\":[{\"@type\":\"WebPage\",\"@id\":\"https:\/\/lespiculins.com\/pt-pt\/produto\/liberty-animals-blue-talega\/\",\"url\":\"https:\/\/lespiculins.com\/pt-pt\/produto\/liberty-animals-blue-talega\/\",\"name\":\"| Azul dos Animais da Liberdade Acess\u00f3rios para beb\u00e9s | Os Piculins\",\"isPartOf\":{\"@id\":\"https:\/\/lespiculins.com\/pt-pt\/#website\"},\"datePublished\":\"2021-04-27T09:14:36+00:00\",\"dateModified\":\"2021-04-27T09:14:38+00:00\",\"description\":\"Liberty Blue Animal Mowing. Com interior imperme\u00e1vel para armazenar tudo o que o seu beb\u00e9 precisa. Impress\u00e3o da liberdade de animais azuis.\",\"breadcrumb\":{\"@id\":\"https:\/\/lespiculins.com\/pt-pt\/produto\/liberty-animals-blue-talega\/#breadcrumb\"},\"inLanguage\":\"pt-PT\",\"potentialAction\":[{\"@type\":\"ReadAction\",\"target\":[\"https:\/\/lespiculins.com\/pt-pt\/produto\/liberty-animals-blue-talega\/\"]}]},{\"@type\":\"BreadcrumbList\",\"@id\":\"https:\/\/lespiculins.com\/pt-pt\/produto\/liberty-animals-blue-talega\/#breadcrumb\",\"itemListElement\":[{\"@type\":\"ListItem\",\"position\":1,\"name\":\"Portada\",\"item\":\"https:\/\/lespiculins.com\/pt-pt\/inicio\/\"},{\"@type\":\"ListItem\",\"position\":2,\"name\":\"Loja\",\"item\":\"https:\/\/lespiculins.com\/pt-pt\/loja\/\"},{\"@type\":\"ListItem\",\"position\":3,\"name\":\"Liberty Animals Blue Talega\"}]},{\"@type\":\"WebSite\",\"@id\":\"https:\/\/lespiculins.com\/pt-pt\/#website\",\"url\":\"https:\/\/lespiculins.com\/pt-pt\/\",\"name\":\"Les Piculins\",\"description\":\"Fundas para carritos, bugaboo, maclaren, icoo, bebecar, mima...\",\"potentialAction\":[{\"@type\":\"SearchAction\",\"target\":{\"@type\":\"EntryPoint\",\"urlTemplate\":\"https:\/\/lespiculins.com\/pt-pt\/?s={search_term_string}\"},\"query-input\":\"required name=search_term_string\"}],\"inLanguage\":\"pt-PT\"}]}<\/script>\n<!-- \/ Yoast SEO plugin. -->","yoast_head_json":{"title":"| Azul dos Animais da Liberdade Acess\u00f3rios para beb\u00e9s | Os Piculins","description":"Liberty Blue Animal Mowing. Com interior imperme\u00e1vel para armazenar tudo o que o seu beb\u00e9 precisa. Impress\u00e3o da liberdade de animais azuis.","robots":{"index":"index","follow":"follow","max-snippet":"max-snippet:-1","max-image-preview":"max-image-preview:large","max-video-preview":"max-video-preview:-1"},"canonical":"https:\/\/lespiculins.com\/pt-pt\/produto\/liberty-animals-blue-talega\/","og_locale":"pt_PT","og_type":"article","og_title":"| Azul dos Animais da Liberdade Acess\u00f3rios para beb\u00e9s | Os Piculins","og_description":"Liberty Blue Animal Mowing. Com interior imperme\u00e1vel para armazenar tudo o que o seu beb\u00e9 precisa. Impress\u00e3o da liberdade de animais azuis.","og_url":"https:\/\/lespiculins.com\/pt-pt\/produto\/liberty-animals-blue-talega\/","og_site_name":"Les Piculins","article_modified_time":"2021-04-27T09:14:38+00:00","og_image":[{"width":736,"height":900,"url":"https:\/\/lespiculins.com\/wp-content\/uploads\/2020\/11\/tal10.jpg","type":"image\/jpeg"}],"twitter_card":"summary_large_image","schema":{"@context":"https:\/\/schema.org","@graph":[{"@type":"WebPage","@id":"https:\/\/lespiculins.com\/pt-pt\/produto\/liberty-animals-blue-talega\/","url":"https:\/\/lespiculins.com\/pt-pt\/produto\/liberty-animals-blue-talega\/","name":"| Azul dos Animais da Liberdade Acess\u00f3rios para beb\u00e9s | Os Piculins","isPartOf":{"@id":"https:\/\/lespiculins.com\/pt-pt\/#website"},"datePublished":"2021-04-27T09:14:36+00:00","dateModified":"2021-04-27T09:14:38+00:00","description":"Liberty Blue Animal Mowing. Com interior imperme\u00e1vel para armazenar tudo o que o seu beb\u00e9 precisa. Impress\u00e3o da liberdade de animais azuis.","breadcrumb":{"@id":"https:\/\/lespiculins.com\/pt-pt\/produto\/liberty-animals-blue-talega\/#breadcrumb"},"inLanguage":"pt-PT","potentialAction":[{"@type":"ReadAction","target":["https:\/\/lespiculins.com\/pt-pt\/produto\/liberty-animals-blue-talega\/"]}]},{"@type":"BreadcrumbList","@id":"https:\/\/lespiculins.com\/pt-pt\/produto\/liberty-animals-blue-talega\/#breadcrumb","itemListElement":[{"@type":"ListItem","position":1,"name":"Portada","item":"https:\/\/lespiculins.com\/pt-pt\/inicio\/"},{"@type":"ListItem","position":2,"name":"Loja","item":"https:\/\/lespiculins.com\/pt-pt\/loja\/"},{"@type":"ListItem","position":3,"name":"Liberty Animals Blue Talega"}]},{"@type":"WebSite","@id":"https:\/\/lespiculins.com\/pt-pt\/#website","url":"https:\/\/lespiculins.com\/pt-pt\/","name":"Les Piculins","description":"Fundas para carritos, bugaboo, maclaren, icoo, bebecar, mima...","potentialAction":[{"@type":"SearchAction","target":{"@type":"EntryPoint","urlTemplate":"https:\/\/lespiculins.com\/pt-pt\/?s={search_term_string}"},"query-input":"required name=search_term_string"}],"inLanguage":"pt-PT"}]}},"_links":{"self":[{"href":"https:\/\/lespiculins.com\/pt-pt\/wp-json\/wp\/v2\/product\/31277"}],"collection":[{"href":"https:\/\/lespiculins.com\/pt-pt\/wp-json\/wp\/v2\/product"}],"about":[{"href":"https:\/\/lespiculins.com\/pt-pt\/wp-json\/wp\/v2\/types\/product"}],"wp:featuredmedia":[{"embeddable":true,"href":"https:\/\/lespiculins.com\/pt-pt\/wp-json\/wp\/v2\/media\/30450"}],"wp:attachment":[{"href":"https:\/\/lespiculins.com\/pt-pt\/wp-json\/wp\/v2\/media?parent=31277"}],"wp:term":[{"taxonomy":"product_cat","embeddable":true,"href":"https:\/\/lespiculins.com\/pt-pt\/wp-json\/wp\/v2\/product_cat?post=31277"},{"taxonomy":"product_tag","embeddable":true,"href":"https:\/\/lespiculins.com\/pt-pt\/wp-json\/wp\/v2\/product_tag?post=31277"}],"curies":[{"name":"wp","href":"https:\/\/api.w.org\/{rel}","templated":true}]}}