{"id":31269,"date":"2020-11-20T16:24:01","date_gmt":"2021-04-27T09:11:28","guid":{"rendered":"https:\/\/lespiculins.com\/producto\/talega-liberty-aqua\/"},"modified":"2021-04-27T11:11:31","modified_gmt":"2021-04-27T09:11:31","slug":"talega-liberty-aqua","status":"publish","type":"product","link":"https:\/\/lespiculins.com\/pt-pt\/produto\/talega-liberty-aqua\/","title":{"rendered":"Talega Liberty Aqua"},"content":{"rendered":"<section class=\"wpb-content-wrapper\"><section class=\"l-section wpb_row height_medium\"><div class=\"l-section-h i-cf\"><div class=\"g-cols vc_row via_flex valign_top type_default stacking_default\"><div class=\"vc_col-sm-12 wpb_column vc_column_container\"><div class=\"vc_column-inner\"><div class=\"wpb_wrapper\"><div class=\"wpb_text_column\"><div class=\"wpb_wrapper\"><p>Detalhes da nossa Liberty Aqua Talega<\/p>\n<ul>\n<li>Interior imperme\u00e1vel.<\/li>\n<li>Tamanho 34 x 28 cm.<\/li>\n<li>Liberty London imprimir flores em tons azuis e verdes.<\/li>\n<li><strong>Combina<\/strong> fenomenal com <strong>o capuz blue steam do Bugaboo.<\/strong><\/li>\n<li><strong>Gorjetas de lavagem .<\/strong> Maquinado, com o detergente hipoalerg\u00e9nico do seu beb\u00e9, m\u00e1ximo a 30oC. N\u00e3o pode passar ou usar um secador.<\/li>\n<\/ul>\n<\/div><\/div><\/div><\/div><\/div><\/div><\/div><\/section>\n<\/section>","protected":false},"excerpt":{"rendered":"<p style=\"text-align: justify;\">Para os amantes das gravuras liberty london, a nossa cole\u00e7\u00e3o Aqua <strong>combina fenomenal com a capota Blue Steam da Bugaboo.<\/strong><\/p>\n<p style=\"text-align: justify;\">O nosso ch\u00e1 de beb\u00e9 tem <strong>tantas possibilidades como pode imaginar:<\/strong> <strong>Refor\u00e7o<\/strong> quando o saco do carro vai &#8220;rabo&#8221;, mochila para <strong>guardar<\/strong> a sua ropita, o seu lanche, brinquedos para beb\u00e9s&#8230;<\/p>\n<p style=\"text-align: justify;\">Com <strong>interior imperme\u00e1vel, <\/strong>ideal para <strong>armazenar roupas que o nosso beb\u00e9 se suja.<\/strong> Se est\u00e1 molhado <strong>ou<\/strong> molhado porque escapou de um pouco de xixi.<\/p>\n<p style=\"text-align: justify;\">Voc\u00ea pode combinar a <strong>nossa mala com<\/strong> o resto dos produtos na cole\u00e7\u00e3o Liberty London Aqua: o Mini Liberty Flores <a href=\"https:\/\/lespiculins.com\/producto\/bolsa-mini-liberty-flores-aqua\/\" target=\"_blank\" rel=\"noopener\">Aqua<\/a>Bag, o <a href=\"https:\/\/lespiculins.com\/producto\/colchoneta-reversible-bugaboo-mini-flor-aqua\/\" target=\"_blank\" rel=\"noopener\">Bugaboo Liberty Aqua Reversible Mattress<\/a> e o Liberty Aqua Baby <a href=\"https:\/\/lespiculins.com\/producto\/saco-bebe-liberty-aqua\/\" target=\"_blank\" rel=\"noopener\">Bag.<\/a><\/p>\n","protected":false},"featured_media":30436,"template":"","meta":{"_joinchat":[]},"product_cat":[141],"product_tag":[307],"yoast_head":"<!-- This site is optimized with the Yoast SEO plugin v21.5 - https:\/\/yoast.com\/wordpress\/plugins\/seo\/ -->\n<title>| Liberty Aqua Acess\u00f3rios para beb\u00e9s | Os Piculins<\/title>\n<meta name=\"description\" content=\"Liberty Aqua talega. Milhares de possibilidades de utiliza\u00e7\u00e3o: armazenar roupas molhadas gra\u00e7as ao seu interior imperme\u00e1vel, refor\u00e7o para o saco.\" \/>\n<meta name=\"robots\" content=\"index, follow, max-snippet:-1, max-image-preview:large, max-video-preview:-1\" \/>\n<link rel=\"canonical\" href=\"https:\/\/lespiculins.com\/pt-pt\/produto\/talega-liberty-aqua\/\" \/>\n<meta property=\"og:locale\" content=\"pt_PT\" \/>\n<meta property=\"og:type\" content=\"article\" \/>\n<meta property=\"og:title\" content=\"| Liberty Aqua Acess\u00f3rios para beb\u00e9s | Os Piculins\" \/>\n<meta property=\"og:description\" content=\"Liberty Aqua talega. Milhares de possibilidades de utiliza\u00e7\u00e3o: armazenar roupas molhadas gra\u00e7as ao seu interior imperme\u00e1vel, refor\u00e7o para o saco.\" \/>\n<meta property=\"og:url\" content=\"https:\/\/lespiculins.com\/pt-pt\/produto\/talega-liberty-aqua\/\" \/>\n<meta property=\"og:site_name\" content=\"Les Piculins\" \/>\n<meta property=\"article:modified_time\" content=\"2021-04-27T09:11:31+00:00\" \/>\n<meta property=\"og:image\" content=\"https:\/\/lespiculins.com\/wp-content\/uploads\/2020\/11\/tal3.jpg\" \/>\n\t<meta property=\"og:image:width\" content=\"767\" \/>\n\t<meta property=\"og:image:height\" content=\"900\" \/>\n\t<meta property=\"og:image:type\" content=\"image\/jpeg\" \/>\n<meta name=\"twitter:card\" content=\"summary_large_image\" \/>\n<script type=\"application\/ld+json\" class=\"yoast-schema-graph\">{\"@context\":\"https:\/\/schema.org\",\"@graph\":[{\"@type\":\"WebPage\",\"@id\":\"https:\/\/lespiculins.com\/pt-pt\/produto\/talega-liberty-aqua\/\",\"url\":\"https:\/\/lespiculins.com\/pt-pt\/produto\/talega-liberty-aqua\/\",\"name\":\"| Liberty Aqua Acess\u00f3rios para beb\u00e9s | Os Piculins\",\"isPartOf\":{\"@id\":\"https:\/\/lespiculins.com\/pt-pt\/#website\"},\"datePublished\":\"2021-04-27T09:11:28+00:00\",\"dateModified\":\"2021-04-27T09:11:31+00:00\",\"description\":\"Liberty Aqua talega. Milhares de possibilidades de utiliza\u00e7\u00e3o: armazenar roupas molhadas gra\u00e7as ao seu interior imperme\u00e1vel, refor\u00e7o para o saco.\",\"breadcrumb\":{\"@id\":\"https:\/\/lespiculins.com\/pt-pt\/produto\/talega-liberty-aqua\/#breadcrumb\"},\"inLanguage\":\"pt-PT\",\"potentialAction\":[{\"@type\":\"ReadAction\",\"target\":[\"https:\/\/lespiculins.com\/pt-pt\/produto\/talega-liberty-aqua\/\"]}]},{\"@type\":\"BreadcrumbList\",\"@id\":\"https:\/\/lespiculins.com\/pt-pt\/produto\/talega-liberty-aqua\/#breadcrumb\",\"itemListElement\":[{\"@type\":\"ListItem\",\"position\":1,\"name\":\"Portada\",\"item\":\"https:\/\/lespiculins.com\/pt-pt\/inicio\/\"},{\"@type\":\"ListItem\",\"position\":2,\"name\":\"Loja\",\"item\":\"https:\/\/lespiculins.com\/pt-pt\/loja\/\"},{\"@type\":\"ListItem\",\"position\":3,\"name\":\"Talega Liberty Aqua\"}]},{\"@type\":\"WebSite\",\"@id\":\"https:\/\/lespiculins.com\/pt-pt\/#website\",\"url\":\"https:\/\/lespiculins.com\/pt-pt\/\",\"name\":\"Les Piculins\",\"description\":\"Fundas para carritos, bugaboo, maclaren, icoo, bebecar, mima...\",\"potentialAction\":[{\"@type\":\"SearchAction\",\"target\":{\"@type\":\"EntryPoint\",\"urlTemplate\":\"https:\/\/lespiculins.com\/pt-pt\/?s={search_term_string}\"},\"query-input\":\"required name=search_term_string\"}],\"inLanguage\":\"pt-PT\"}]}<\/script>\n<!-- \/ Yoast SEO plugin. -->","yoast_head_json":{"title":"| Liberty Aqua Acess\u00f3rios para beb\u00e9s | Os Piculins","description":"Liberty Aqua talega. Milhares de possibilidades de utiliza\u00e7\u00e3o: armazenar roupas molhadas gra\u00e7as ao seu interior imperme\u00e1vel, refor\u00e7o para o saco.","robots":{"index":"index","follow":"follow","max-snippet":"max-snippet:-1","max-image-preview":"max-image-preview:large","max-video-preview":"max-video-preview:-1"},"canonical":"https:\/\/lespiculins.com\/pt-pt\/produto\/talega-liberty-aqua\/","og_locale":"pt_PT","og_type":"article","og_title":"| Liberty Aqua Acess\u00f3rios para beb\u00e9s | Os Piculins","og_description":"Liberty Aqua talega. Milhares de possibilidades de utiliza\u00e7\u00e3o: armazenar roupas molhadas gra\u00e7as ao seu interior imperme\u00e1vel, refor\u00e7o para o saco.","og_url":"https:\/\/lespiculins.com\/pt-pt\/produto\/talega-liberty-aqua\/","og_site_name":"Les Piculins","article_modified_time":"2021-04-27T09:11:31+00:00","og_image":[{"width":767,"height":900,"url":"https:\/\/lespiculins.com\/wp-content\/uploads\/2020\/11\/tal3.jpg","type":"image\/jpeg"}],"twitter_card":"summary_large_image","schema":{"@context":"https:\/\/schema.org","@graph":[{"@type":"WebPage","@id":"https:\/\/lespiculins.com\/pt-pt\/produto\/talega-liberty-aqua\/","url":"https:\/\/lespiculins.com\/pt-pt\/produto\/talega-liberty-aqua\/","name":"| Liberty Aqua Acess\u00f3rios para beb\u00e9s | Os Piculins","isPartOf":{"@id":"https:\/\/lespiculins.com\/pt-pt\/#website"},"datePublished":"2021-04-27T09:11:28+00:00","dateModified":"2021-04-27T09:11:31+00:00","description":"Liberty Aqua talega. Milhares de possibilidades de utiliza\u00e7\u00e3o: armazenar roupas molhadas gra\u00e7as ao seu interior imperme\u00e1vel, refor\u00e7o para o saco.","breadcrumb":{"@id":"https:\/\/lespiculins.com\/pt-pt\/produto\/talega-liberty-aqua\/#breadcrumb"},"inLanguage":"pt-PT","potentialAction":[{"@type":"ReadAction","target":["https:\/\/lespiculins.com\/pt-pt\/produto\/talega-liberty-aqua\/"]}]},{"@type":"BreadcrumbList","@id":"https:\/\/lespiculins.com\/pt-pt\/produto\/talega-liberty-aqua\/#breadcrumb","itemListElement":[{"@type":"ListItem","position":1,"name":"Portada","item":"https:\/\/lespiculins.com\/pt-pt\/inicio\/"},{"@type":"ListItem","position":2,"name":"Loja","item":"https:\/\/lespiculins.com\/pt-pt\/loja\/"},{"@type":"ListItem","position":3,"name":"Talega Liberty Aqua"}]},{"@type":"WebSite","@id":"https:\/\/lespiculins.com\/pt-pt\/#website","url":"https:\/\/lespiculins.com\/pt-pt\/","name":"Les Piculins","description":"Fundas para carritos, bugaboo, maclaren, icoo, bebecar, mima...","potentialAction":[{"@type":"SearchAction","target":{"@type":"EntryPoint","urlTemplate":"https:\/\/lespiculins.com\/pt-pt\/?s={search_term_string}"},"query-input":"required name=search_term_string"}],"inLanguage":"pt-PT"}]}},"_links":{"self":[{"href":"https:\/\/lespiculins.com\/pt-pt\/wp-json\/wp\/v2\/product\/31269"}],"collection":[{"href":"https:\/\/lespiculins.com\/pt-pt\/wp-json\/wp\/v2\/product"}],"about":[{"href":"https:\/\/lespiculins.com\/pt-pt\/wp-json\/wp\/v2\/types\/product"}],"wp:featuredmedia":[{"embeddable":true,"href":"https:\/\/lespiculins.com\/pt-pt\/wp-json\/wp\/v2\/media\/30436"}],"wp:attachment":[{"href":"https:\/\/lespiculins.com\/pt-pt\/wp-json\/wp\/v2\/media?parent=31269"}],"wp:term":[{"taxonomy":"product_cat","embeddable":true,"href":"https:\/\/lespiculins.com\/pt-pt\/wp-json\/wp\/v2\/product_cat?post=31269"},{"taxonomy":"product_tag","embeddable":true,"href":"https:\/\/lespiculins.com\/pt-pt\/wp-json\/wp\/v2\/product_tag?post=31269"}],"curies":[{"name":"wp","href":"https:\/\/api.w.org\/{rel}","templated":true}]}}