{"id":31267,"date":"2020-11-20T20:46:56","date_gmt":"2021-04-27T09:10:50","guid":{"rendered":"https:\/\/lespiculins.com\/producto\/sabanita-liberty-animalitos-azul\/"},"modified":"2023-07-11T07:29:09","modified_gmt":"2023-07-11T05:29:09","slug":"sabanita-liberty-animalitos-azul","status":"publish","type":"product","link":"https:\/\/lespiculins.com\/pt-pt\/produto\/sabanita-liberty-animalitos-azul\/","title":{"rendered":"Sabanita Liberty Animalitos Azul"},"content":{"rendered":"<section class=\"wpb-content-wrapper\"><section class=\"l-section wpb_row height_medium\"><div class=\"l-section-h i-cf\"><div class=\"g-cols vc_row via_flex valign_top type_default stacking_default\"><div class=\"vc_col-sm-12 wpb_column vc_column_container\"><div class=\"vc_column-inner\"><div class=\"wpb_wrapper\"><div class=\"wpb_text_column\"><div class=\"wpb_wrapper\"><p>Mais detalhes do nosso Sabanita Liberty Animalitos Azul<\/p>\n<ul>\n<li>Gorjetas de lavagem. Maquinado, com o detergente hipoalerg\u00e9nico do seu beb\u00e9, m\u00e1ximo a 30oC. N\u00e3o pode passar ou usar um secador.<\/li>\n<li>Outros produtos da cole\u00e7\u00e3o: o <a href=\"https:\/\/lespiculins.com\/producto\/mini-liberty-animalitos-azul\/\" target=\"_blank\" rel=\"noopener\">Mini Liberty Animalitos Blue Bag.<\/a> O <a href=\"https:\/\/lespiculins.com\/producto\/saco-bebe-liberty-animalitos-azul\/\" target=\"_blank\" rel=\"noopener\">saco de beb\u00e9s liberty blue animal.<\/a> O <a href=\"https:\/\/lespiculins.com\/pt-pt\/produto\/colchao-reversivel-bugaboo-animalitos\/\" target=\"_blank\" rel=\"noopener\">Colch\u00e3o Revers\u00edvel Azul Bugaboo Animalitos.<\/a> O <a href=\"https:\/\/lespiculins.com\/producto\/talega-liberty-animalitos-azul\/\" target=\"_blank\" rel=\"noopener\">Liberty Animalitos Blue Talega.<\/a> Ou o <a href=\"https:\/\/lespiculins.com\/pt-pt\/produto\/liberty-animalitos-blue-changer\/\" target=\"_blank\" rel=\"noopener\">Blue Animal Liberty Changer.<\/a><\/li>\n<\/ul>\n<\/div><\/div><\/div><\/div><\/div><\/div><\/div><\/section>\n<\/section>","protected":false},"excerpt":{"rendered":"<p style=\"text-align: justify;\">Os nossos sabanitas s\u00e3o feitos \u00e0 m\u00e3o em <strong>bambula macia.<\/strong> No Les Piculins temos os melhores tecidos para dar ao seu beb\u00e9 o resto que ele merece, tecidos amigos do beb\u00e9.<\/p>\n<p style=\"text-align: justify;\">O detalhe do volantito \u00e9 feito de <strong>tecido Liberty London, com uma impress\u00e3o animal em tons azuis.<\/strong><\/p>\n<p style=\"text-align: justify;\">As suas medi\u00e7\u00f5es de <strong>70 x 90 cm permitem a<\/strong> sua utiliza\u00e7\u00e3o tanto na <strong>bagagem de m\u00e3o como<\/strong> no ber\u00e7o.<\/p>\n","protected":false},"featured_media":30460,"template":"","meta":{"_joinchat":[]},"product_cat":[107],"product_tag":[305],"yoast_head":"<!-- This site is optimized with the Yoast SEO plugin v21.5 - https:\/\/yoast.com\/wordpress\/plugins\/seo\/ -->\n<title>Sabanita Liberty Animalitos Blue | Acess\u00f3rios para beb\u00e9s | Os Piculins<\/title>\n<meta name=\"description\" content=\"Sabanita Liberty Blue Animalitos. Feito \u00e0 m\u00e3o em bambula com o volante detalhado feito de tecido Liberty com animais azuis.\" \/>\n<meta name=\"robots\" content=\"index, follow, max-snippet:-1, max-image-preview:large, max-video-preview:-1\" \/>\n<link rel=\"canonical\" href=\"https:\/\/lespiculins.com\/pt-pt\/produto\/sabanita-liberty-animalitos-azul\/\" \/>\n<meta property=\"og:locale\" content=\"pt_PT\" \/>\n<meta property=\"og:type\" content=\"article\" \/>\n<meta property=\"og:title\" content=\"Sabanita Liberty Animalitos Blue | Acess\u00f3rios para beb\u00e9s | Os Piculins\" \/>\n<meta property=\"og:description\" content=\"Sabanita Liberty Blue Animalitos. Feito \u00e0 m\u00e3o em bambula com o volante detalhado feito de tecido Liberty com animais azuis.\" \/>\n<meta property=\"og:url\" content=\"https:\/\/lespiculins.com\/pt-pt\/produto\/sabanita-liberty-animalitos-azul\/\" \/>\n<meta property=\"og:site_name\" content=\"Les Piculins\" \/>\n<meta property=\"article:modified_time\" content=\"2023-07-11T05:29:09+00:00\" \/>\n<meta property=\"og:image\" content=\"https:\/\/lespiculins.com\/wp-content\/uploads\/2020\/11\/sab1.jpg\" \/>\n\t<meta property=\"og:image:width\" content=\"971\" \/>\n\t<meta property=\"og:image:height\" content=\"900\" \/>\n\t<meta property=\"og:image:type\" content=\"image\/jpeg\" \/>\n<meta name=\"twitter:card\" content=\"summary_large_image\" \/>\n<script type=\"application\/ld+json\" class=\"yoast-schema-graph\">{\"@context\":\"https:\/\/schema.org\",\"@graph\":[{\"@type\":\"WebPage\",\"@id\":\"https:\/\/lespiculins.com\/pt-pt\/produto\/sabanita-liberty-animalitos-azul\/\",\"url\":\"https:\/\/lespiculins.com\/pt-pt\/produto\/sabanita-liberty-animalitos-azul\/\",\"name\":\"Sabanita Liberty Animalitos Blue | Acess\u00f3rios para beb\u00e9s | Os Piculins\",\"isPartOf\":{\"@id\":\"https:\/\/lespiculins.com\/pt-pt\/#website\"},\"datePublished\":\"2021-04-27T09:10:50+00:00\",\"dateModified\":\"2023-07-11T05:29:09+00:00\",\"description\":\"Sabanita Liberty Blue Animalitos. Feito \u00e0 m\u00e3o em bambula com o volante detalhado feito de tecido Liberty com animais azuis.\",\"breadcrumb\":{\"@id\":\"https:\/\/lespiculins.com\/pt-pt\/produto\/sabanita-liberty-animalitos-azul\/#breadcrumb\"},\"inLanguage\":\"pt-PT\",\"potentialAction\":[{\"@type\":\"ReadAction\",\"target\":[\"https:\/\/lespiculins.com\/pt-pt\/produto\/sabanita-liberty-animalitos-azul\/\"]}]},{\"@type\":\"BreadcrumbList\",\"@id\":\"https:\/\/lespiculins.com\/pt-pt\/produto\/sabanita-liberty-animalitos-azul\/#breadcrumb\",\"itemListElement\":[{\"@type\":\"ListItem\",\"position\":1,\"name\":\"Portada\",\"item\":\"https:\/\/lespiculins.com\/pt-pt\/inicio\/\"},{\"@type\":\"ListItem\",\"position\":2,\"name\":\"Loja\",\"item\":\"https:\/\/lespiculins.com\/pt-pt\/loja\/\"},{\"@type\":\"ListItem\",\"position\":3,\"name\":\"Sabanita Liberty Animalitos Azul\"}]},{\"@type\":\"WebSite\",\"@id\":\"https:\/\/lespiculins.com\/pt-pt\/#website\",\"url\":\"https:\/\/lespiculins.com\/pt-pt\/\",\"name\":\"Les Piculins\",\"description\":\"Fundas para carritos, bugaboo, maclaren, icoo, bebecar, mima...\",\"potentialAction\":[{\"@type\":\"SearchAction\",\"target\":{\"@type\":\"EntryPoint\",\"urlTemplate\":\"https:\/\/lespiculins.com\/pt-pt\/?s={search_term_string}\"},\"query-input\":\"required name=search_term_string\"}],\"inLanguage\":\"pt-PT\"}]}<\/script>\n<!-- \/ Yoast SEO plugin. -->","yoast_head_json":{"title":"Sabanita Liberty Animalitos Blue | Acess\u00f3rios para beb\u00e9s | Os Piculins","description":"Sabanita Liberty Blue Animalitos. Feito \u00e0 m\u00e3o em bambula com o volante detalhado feito de tecido Liberty com animais azuis.","robots":{"index":"index","follow":"follow","max-snippet":"max-snippet:-1","max-image-preview":"max-image-preview:large","max-video-preview":"max-video-preview:-1"},"canonical":"https:\/\/lespiculins.com\/pt-pt\/produto\/sabanita-liberty-animalitos-azul\/","og_locale":"pt_PT","og_type":"article","og_title":"Sabanita Liberty Animalitos Blue | Acess\u00f3rios para beb\u00e9s | Os Piculins","og_description":"Sabanita Liberty Blue Animalitos. Feito \u00e0 m\u00e3o em bambula com o volante detalhado feito de tecido Liberty com animais azuis.","og_url":"https:\/\/lespiculins.com\/pt-pt\/produto\/sabanita-liberty-animalitos-azul\/","og_site_name":"Les Piculins","article_modified_time":"2023-07-11T05:29:09+00:00","og_image":[{"width":971,"height":900,"url":"https:\/\/lespiculins.com\/wp-content\/uploads\/2020\/11\/sab1.jpg","type":"image\/jpeg"}],"twitter_card":"summary_large_image","schema":{"@context":"https:\/\/schema.org","@graph":[{"@type":"WebPage","@id":"https:\/\/lespiculins.com\/pt-pt\/produto\/sabanita-liberty-animalitos-azul\/","url":"https:\/\/lespiculins.com\/pt-pt\/produto\/sabanita-liberty-animalitos-azul\/","name":"Sabanita Liberty Animalitos Blue | Acess\u00f3rios para beb\u00e9s | Os Piculins","isPartOf":{"@id":"https:\/\/lespiculins.com\/pt-pt\/#website"},"datePublished":"2021-04-27T09:10:50+00:00","dateModified":"2023-07-11T05:29:09+00:00","description":"Sabanita Liberty Blue Animalitos. Feito \u00e0 m\u00e3o em bambula com o volante detalhado feito de tecido Liberty com animais azuis.","breadcrumb":{"@id":"https:\/\/lespiculins.com\/pt-pt\/produto\/sabanita-liberty-animalitos-azul\/#breadcrumb"},"inLanguage":"pt-PT","potentialAction":[{"@type":"ReadAction","target":["https:\/\/lespiculins.com\/pt-pt\/produto\/sabanita-liberty-animalitos-azul\/"]}]},{"@type":"BreadcrumbList","@id":"https:\/\/lespiculins.com\/pt-pt\/produto\/sabanita-liberty-animalitos-azul\/#breadcrumb","itemListElement":[{"@type":"ListItem","position":1,"name":"Portada","item":"https:\/\/lespiculins.com\/pt-pt\/inicio\/"},{"@type":"ListItem","position":2,"name":"Loja","item":"https:\/\/lespiculins.com\/pt-pt\/loja\/"},{"@type":"ListItem","position":3,"name":"Sabanita Liberty Animalitos Azul"}]},{"@type":"WebSite","@id":"https:\/\/lespiculins.com\/pt-pt\/#website","url":"https:\/\/lespiculins.com\/pt-pt\/","name":"Les Piculins","description":"Fundas para carritos, bugaboo, maclaren, icoo, bebecar, mima...","potentialAction":[{"@type":"SearchAction","target":{"@type":"EntryPoint","urlTemplate":"https:\/\/lespiculins.com\/pt-pt\/?s={search_term_string}"},"query-input":"required name=search_term_string"}],"inLanguage":"pt-PT"}]}},"_links":{"self":[{"href":"https:\/\/lespiculins.com\/pt-pt\/wp-json\/wp\/v2\/product\/31267"}],"collection":[{"href":"https:\/\/lespiculins.com\/pt-pt\/wp-json\/wp\/v2\/product"}],"about":[{"href":"https:\/\/lespiculins.com\/pt-pt\/wp-json\/wp\/v2\/types\/product"}],"wp:featuredmedia":[{"embeddable":true,"href":"https:\/\/lespiculins.com\/pt-pt\/wp-json\/wp\/v2\/media\/30460"}],"wp:attachment":[{"href":"https:\/\/lespiculins.com\/pt-pt\/wp-json\/wp\/v2\/media?parent=31267"}],"wp:term":[{"taxonomy":"product_cat","embeddable":true,"href":"https:\/\/lespiculins.com\/pt-pt\/wp-json\/wp\/v2\/product_cat?post=31267"},{"taxonomy":"product_tag","embeddable":true,"href":"https:\/\/lespiculins.com\/pt-pt\/wp-json\/wp\/v2\/product_tag?post=31267"}],"curies":[{"name":"wp","href":"https:\/\/api.w.org\/{rel}","templated":true}]}}