{"id":31265,"date":"2020-11-20T20:47:51","date_gmt":"2021-04-27T09:10:27","guid":{"rendered":"https:\/\/lespiculins.com\/producto\/sabanita-liberty-aqua\/"},"modified":"2021-04-27T11:10:28","modified_gmt":"2021-04-27T09:10:28","slug":"sabanita-liberdade-aqua","status":"publish","type":"product","link":"https:\/\/lespiculins.com\/pt-pt\/produto\/sabanita-liberdade-aqua\/","title":{"rendered":"Sabanita Liberty Aqua"},"content":{"rendered":"<p>Mais detalhes do nosso Sabanita Liberty Aqua:<\/p>\n<ul>\n<li>Gorjetas de lavagem. Maquinado, com o detergente hipoalerg\u00e9nico do seu beb\u00e9, m\u00e1ximo a 30oC. N\u00e3o pode passar ou usar um secador.<\/li>\n<li>Outros produtos da cole\u00e7\u00e3o: o <a href=\"https:\/\/lespiculins.com\/producto\/bolsa-mini-liberty-flores-aqua\/\" target=\"_blank\" rel=\"noopener\">Mini Liberty Flores Aqua Bag.<\/a> O <a href=\"https:\/\/lespiculins.com\/producto\/colchoneta-reversible-bugaboo-mini-flor-aqua\/\" target=\"_blank\" rel=\"noopener\">Tapete Revers\u00edvel Bugaboo Liberty Aqua.<\/a> O <a href=\"https:\/\/lespiculins.com\/producto\/saco-bebe-liberty-aqua\/\" target=\"_blank\" rel=\"noopener\">Liberty Aqua Baby Bag.<\/a> O <a href=\"https:\/\/lespiculins.com\/producto\/talega-liberty-aqua\/\" target=\"_blank\" rel=\"noopener\">Talega Liberty Aqua.<\/a> Ou o <a href=\"https:\/\/lespiculins.com\/producto\/cambiador-liberty-flores-aqua\/\" target=\"_blank\" rel=\"noopener\">Liberty Aqua Flowers Changer.<\/a><\/li>\n<\/ul>\n","protected":false},"excerpt":{"rendered":"<p style=\"text-align: justify;\">Os nossos sabanitas s\u00e3o feitos \u00e0 m\u00e3o em <strong>bambula macia.<\/strong> A qualidade dos nossos tecidos \u00e9 imbat\u00edvel. Todos s\u00e3o adequados para o beb\u00e9, para lhe dar o resto que merece.<\/p>\n<p style=\"text-align: justify;\">O detalhe do volantito \u00e9 feito de <strong>tecido Liberty London, com um design de flores em tons azuis e verdes.<\/strong> Para os amantes das gravuras liberty london, a nossa cole\u00e7\u00e3o Aqua <strong>combina fenomenal com a capota Blue Steam da Bugaboo.<\/strong><\/p>\n<p style=\"text-align: justify;\">As suas medi\u00e7\u00f5es de <strong>70 x 90 cm permitem a<\/strong> sua utiliza\u00e7\u00e3o tanto na <strong>bagagem de m\u00e3o como<\/strong> no ber\u00e7o.<\/p>\n","protected":false},"featured_media":30462,"template":"","meta":{"_joinchat":[]},"product_cat":[107],"product_tag":[307],"yoast_head":"<!-- This site is optimized with the Yoast SEO plugin v21.5 - https:\/\/yoast.com\/wordpress\/plugins\/seo\/ -->\n<title>Sabanita Liberty Aqua | Acess\u00f3rios para beb\u00e9s | Os Piculins<\/title>\n<meta name=\"description\" content=\"Sabanita Liberty Aqua. Feito \u00e0 m\u00e3o em bambula com o volante detalhado feito de tecido liberty com fjitas azuis, verdes e aqua\" \/>\n<meta name=\"robots\" content=\"index, follow, max-snippet:-1, max-image-preview:large, max-video-preview:-1\" \/>\n<link rel=\"canonical\" href=\"https:\/\/lespiculins.com\/pt-pt\/produto\/sabanita-liberdade-aqua\/\" \/>\n<meta property=\"og:locale\" content=\"pt_PT\" \/>\n<meta property=\"og:type\" content=\"article\" \/>\n<meta property=\"og:title\" content=\"Sabanita Liberty Aqua | Acess\u00f3rios para beb\u00e9s | Os Piculins\" \/>\n<meta property=\"og:description\" content=\"Sabanita Liberty Aqua. Feito \u00e0 m\u00e3o em bambula com o volante detalhado feito de tecido liberty com fjitas azuis, verdes e aqua\" \/>\n<meta property=\"og:url\" content=\"https:\/\/lespiculins.com\/pt-pt\/produto\/sabanita-liberdade-aqua\/\" \/>\n<meta property=\"og:site_name\" content=\"Les Piculins\" \/>\n<meta property=\"article:modified_time\" content=\"2021-04-27T09:10:28+00:00\" \/>\n<meta property=\"og:image\" content=\"https:\/\/lespiculins.com\/wp-content\/uploads\/2020\/11\/sab2.jpg\" \/>\n\t<meta property=\"og:image:width\" content=\"929\" \/>\n\t<meta property=\"og:image:height\" content=\"900\" \/>\n\t<meta property=\"og:image:type\" content=\"image\/jpeg\" \/>\n<meta name=\"twitter:card\" content=\"summary_large_image\" \/>\n<script type=\"application\/ld+json\" class=\"yoast-schema-graph\">{\"@context\":\"https:\/\/schema.org\",\"@graph\":[{\"@type\":\"WebPage\",\"@id\":\"https:\/\/lespiculins.com\/pt-pt\/produto\/sabanita-liberdade-aqua\/\",\"url\":\"https:\/\/lespiculins.com\/pt-pt\/produto\/sabanita-liberdade-aqua\/\",\"name\":\"Sabanita Liberty Aqua | Acess\u00f3rios para beb\u00e9s | Os Piculins\",\"isPartOf\":{\"@id\":\"https:\/\/lespiculins.com\/pt-pt\/#website\"},\"datePublished\":\"2021-04-27T09:10:27+00:00\",\"dateModified\":\"2021-04-27T09:10:28+00:00\",\"description\":\"Sabanita Liberty Aqua. Feito \u00e0 m\u00e3o em bambula com o volante detalhado feito de tecido liberty com fjitas azuis, verdes e aqua\",\"breadcrumb\":{\"@id\":\"https:\/\/lespiculins.com\/pt-pt\/produto\/sabanita-liberdade-aqua\/#breadcrumb\"},\"inLanguage\":\"pt-PT\",\"potentialAction\":[{\"@type\":\"ReadAction\",\"target\":[\"https:\/\/lespiculins.com\/pt-pt\/produto\/sabanita-liberdade-aqua\/\"]}]},{\"@type\":\"BreadcrumbList\",\"@id\":\"https:\/\/lespiculins.com\/pt-pt\/produto\/sabanita-liberdade-aqua\/#breadcrumb\",\"itemListElement\":[{\"@type\":\"ListItem\",\"position\":1,\"name\":\"Portada\",\"item\":\"https:\/\/lespiculins.com\/pt-pt\/inicio\/\"},{\"@type\":\"ListItem\",\"position\":2,\"name\":\"Loja\",\"item\":\"https:\/\/lespiculins.com\/pt-pt\/loja\/\"},{\"@type\":\"ListItem\",\"position\":3,\"name\":\"Sabanita Liberty Aqua\"}]},{\"@type\":\"WebSite\",\"@id\":\"https:\/\/lespiculins.com\/pt-pt\/#website\",\"url\":\"https:\/\/lespiculins.com\/pt-pt\/\",\"name\":\"Les Piculins\",\"description\":\"Fundas para carritos, bugaboo, maclaren, icoo, bebecar, mima...\",\"potentialAction\":[{\"@type\":\"SearchAction\",\"target\":{\"@type\":\"EntryPoint\",\"urlTemplate\":\"https:\/\/lespiculins.com\/pt-pt\/?s={search_term_string}\"},\"query-input\":\"required name=search_term_string\"}],\"inLanguage\":\"pt-PT\"}]}<\/script>\n<!-- \/ Yoast SEO plugin. -->","yoast_head_json":{"title":"Sabanita Liberty Aqua | Acess\u00f3rios para beb\u00e9s | Os Piculins","description":"Sabanita Liberty Aqua. Feito \u00e0 m\u00e3o em bambula com o volante detalhado feito de tecido liberty com fjitas azuis, verdes e aqua","robots":{"index":"index","follow":"follow","max-snippet":"max-snippet:-1","max-image-preview":"max-image-preview:large","max-video-preview":"max-video-preview:-1"},"canonical":"https:\/\/lespiculins.com\/pt-pt\/produto\/sabanita-liberdade-aqua\/","og_locale":"pt_PT","og_type":"article","og_title":"Sabanita Liberty Aqua | Acess\u00f3rios para beb\u00e9s | Os Piculins","og_description":"Sabanita Liberty Aqua. Feito \u00e0 m\u00e3o em bambula com o volante detalhado feito de tecido liberty com fjitas azuis, verdes e aqua","og_url":"https:\/\/lespiculins.com\/pt-pt\/produto\/sabanita-liberdade-aqua\/","og_site_name":"Les Piculins","article_modified_time":"2021-04-27T09:10:28+00:00","og_image":[{"width":929,"height":900,"url":"https:\/\/lespiculins.com\/wp-content\/uploads\/2020\/11\/sab2.jpg","type":"image\/jpeg"}],"twitter_card":"summary_large_image","schema":{"@context":"https:\/\/schema.org","@graph":[{"@type":"WebPage","@id":"https:\/\/lespiculins.com\/pt-pt\/produto\/sabanita-liberdade-aqua\/","url":"https:\/\/lespiculins.com\/pt-pt\/produto\/sabanita-liberdade-aqua\/","name":"Sabanita Liberty Aqua | Acess\u00f3rios para beb\u00e9s | Os Piculins","isPartOf":{"@id":"https:\/\/lespiculins.com\/pt-pt\/#website"},"datePublished":"2021-04-27T09:10:27+00:00","dateModified":"2021-04-27T09:10:28+00:00","description":"Sabanita Liberty Aqua. Feito \u00e0 m\u00e3o em bambula com o volante detalhado feito de tecido liberty com fjitas azuis, verdes e aqua","breadcrumb":{"@id":"https:\/\/lespiculins.com\/pt-pt\/produto\/sabanita-liberdade-aqua\/#breadcrumb"},"inLanguage":"pt-PT","potentialAction":[{"@type":"ReadAction","target":["https:\/\/lespiculins.com\/pt-pt\/produto\/sabanita-liberdade-aqua\/"]}]},{"@type":"BreadcrumbList","@id":"https:\/\/lespiculins.com\/pt-pt\/produto\/sabanita-liberdade-aqua\/#breadcrumb","itemListElement":[{"@type":"ListItem","position":1,"name":"Portada","item":"https:\/\/lespiculins.com\/pt-pt\/inicio\/"},{"@type":"ListItem","position":2,"name":"Loja","item":"https:\/\/lespiculins.com\/pt-pt\/loja\/"},{"@type":"ListItem","position":3,"name":"Sabanita Liberty Aqua"}]},{"@type":"WebSite","@id":"https:\/\/lespiculins.com\/pt-pt\/#website","url":"https:\/\/lespiculins.com\/pt-pt\/","name":"Les Piculins","description":"Fundas para carritos, bugaboo, maclaren, icoo, bebecar, mima...","potentialAction":[{"@type":"SearchAction","target":{"@type":"EntryPoint","urlTemplate":"https:\/\/lespiculins.com\/pt-pt\/?s={search_term_string}"},"query-input":"required name=search_term_string"}],"inLanguage":"pt-PT"}]}},"_links":{"self":[{"href":"https:\/\/lespiculins.com\/pt-pt\/wp-json\/wp\/v2\/product\/31265"}],"collection":[{"href":"https:\/\/lespiculins.com\/pt-pt\/wp-json\/wp\/v2\/product"}],"about":[{"href":"https:\/\/lespiculins.com\/pt-pt\/wp-json\/wp\/v2\/types\/product"}],"wp:featuredmedia":[{"embeddable":true,"href":"https:\/\/lespiculins.com\/pt-pt\/wp-json\/wp\/v2\/media\/30462"}],"wp:attachment":[{"href":"https:\/\/lespiculins.com\/pt-pt\/wp-json\/wp\/v2\/media?parent=31265"}],"wp:term":[{"taxonomy":"product_cat","embeddable":true,"href":"https:\/\/lespiculins.com\/pt-pt\/wp-json\/wp\/v2\/product_cat?post=31265"},{"taxonomy":"product_tag","embeddable":true,"href":"https:\/\/lespiculins.com\/pt-pt\/wp-json\/wp\/v2\/product_tag?post=31265"}],"curies":[{"name":"wp","href":"https:\/\/api.w.org\/{rel}","templated":true}]}}