{"id":31256,"date":"2020-12-01T10:03:47","date_gmt":"2021-04-27T08:59:26","guid":{"rendered":"https:\/\/lespiculins.com\/producto\/borboletas-neceser-liberty\/"},"modified":"2022-03-10T12:22:20","modified_gmt":"2022-03-10T11:22:20","slug":"borboletas-neceser-liberty","status":"publish","type":"product","link":"https:\/\/lespiculins.com\/pt-pt\/produto\/borboletas-neceser-liberty\/","title":{"rendered":"Borboletas neceser liberty"},"content":{"rendered":"<section class=\"wpb-content-wrapper\"><section class=\"l-section wpb_row height_medium\"><div class=\"l-section-h i-cf\"><div class=\"g-cols vc_row via_flex valign_top type_default stacking_default\"><div class=\"vc_col-sm-12 wpb_column vc_column_container\"><div class=\"vc_column-inner\"><div class=\"wpb_wrapper\"><div class=\"wpb_text_column\"><div class=\"wpb_wrapper\"><p>Mais detalhes das nossas Borboletas Neceser Liberty<\/p>\n<ul>\n<li>Tamanho 28 x 15 x 8.<\/li>\n<li>Outros produtos da cole\u00e7\u00e3o: <a href=\"https:\/\/lespiculins.com\/pt-pt\/produto\/mini-saco-de-borboleta-da-liberdade\/\" target=\"_blank\" rel=\"noopener\">Mini Liberty Butterflies Bag.<\/a><\/li>\n<li>Gorjetas de lavagem. Maquinado, com o detergente hipoalerg\u00e9nico do seu beb\u00e9, m\u00e1ximo a 30oC. N\u00e3o pode passar ou usar um secador.<\/li>\n<\/ul>\n<\/div><\/div><\/div><\/div><\/div><\/div><\/div><\/section>\n<\/section>","protected":false},"excerpt":{"rendered":"<p style=\"text-align: justify;\">Caso &#8211; necess\u00e1rio para <strong>fraldas e toalhetes.<\/strong> Tamb\u00e9m \u00e9 forrado e tem um detalhe enlameado. No tecido liberty londres e <strong>impress\u00e3o de flores em tons em p\u00f3.<\/strong><\/p>\n<p style=\"text-align: justify;\">Com a chegada de um beb\u00e9 tudo \u00e9 revolucionado: a vida e o lar. \u00c9 por isso que propomos esta bela <strong>mala.para encomendar todas as suas coisas de higiene e casa de banho.<\/strong> Tamb\u00e9m pr\u00e1tico para qualquer viagem ou como <strong>organizador<\/strong> para a sua mala.<\/p>\n","protected":false},"featured_media":30540,"template":"","meta":{"_joinchat":[]},"product_cat":[109],"product_tag":[314],"yoast_head":"<!-- This site is optimized with the Yoast SEO plugin v21.5 - https:\/\/yoast.com\/wordpress\/plugins\/seo\/ -->\n<title>N\u00e9cessaire Liberty Borboletas<\/title>\n<meta name=\"description\" content=\"N\u00e9cessaire Liberty Borboletas. Para armazenar todos os produtos de higiene e produtos de higiene do seu beb\u00e9. Tecido liberty Londres com um design de borboleta.\" \/>\n<meta name=\"robots\" content=\"index, follow, max-snippet:-1, max-image-preview:large, max-video-preview:-1\" \/>\n<link rel=\"canonical\" href=\"https:\/\/lespiculins.com\/pt-pt\/produto\/borboletas-neceser-liberty\/\" \/>\n<meta property=\"og:locale\" content=\"pt_PT\" \/>\n<meta property=\"og:type\" content=\"article\" \/>\n<meta property=\"og:title\" content=\"N\u00e9cessaire Liberty Borboletas\" \/>\n<meta property=\"og:description\" content=\"N\u00e9cessaire Liberty Borboletas. Para armazenar todos os produtos de higiene e produtos de higiene do seu beb\u00e9. Tecido liberty Londres com um design de borboleta.\" \/>\n<meta property=\"og:url\" content=\"https:\/\/lespiculins.com\/pt-pt\/produto\/borboletas-neceser-liberty\/\" \/>\n<meta property=\"og:site_name\" content=\"Les Piculins\" \/>\n<meta property=\"article:modified_time\" content=\"2022-03-10T11:22:20+00:00\" \/>\n<meta property=\"og:image\" content=\"https:\/\/lespiculins.com\/wp-content\/uploads\/2020\/12\/neceser-morris-butterfly.jpg\" \/>\n\t<meta property=\"og:image:width\" content=\"1255\" \/>\n\t<meta property=\"og:image:height\" content=\"900\" \/>\n\t<meta property=\"og:image:type\" content=\"image\/jpeg\" \/>\n<meta name=\"twitter:card\" content=\"summary_large_image\" \/>\n<script type=\"application\/ld+json\" class=\"yoast-schema-graph\">{\"@context\":\"https:\/\/schema.org\",\"@graph\":[{\"@type\":\"WebPage\",\"@id\":\"https:\/\/lespiculins.com\/pt-pt\/produto\/borboletas-neceser-liberty\/\",\"url\":\"https:\/\/lespiculins.com\/pt-pt\/produto\/borboletas-neceser-liberty\/\",\"name\":\"N\u00e9cessaire Liberty Borboletas\",\"isPartOf\":{\"@id\":\"https:\/\/lespiculins.com\/pt-pt\/#website\"},\"datePublished\":\"2021-04-27T08:59:26+00:00\",\"dateModified\":\"2022-03-10T11:22:20+00:00\",\"description\":\"N\u00e9cessaire Liberty Borboletas. Para armazenar todos os produtos de higiene e produtos de higiene do seu beb\u00e9. Tecido liberty Londres com um design de borboleta.\",\"breadcrumb\":{\"@id\":\"https:\/\/lespiculins.com\/pt-pt\/produto\/borboletas-neceser-liberty\/#breadcrumb\"},\"inLanguage\":\"pt-PT\",\"potentialAction\":[{\"@type\":\"ReadAction\",\"target\":[\"https:\/\/lespiculins.com\/pt-pt\/produto\/borboletas-neceser-liberty\/\"]}]},{\"@type\":\"BreadcrumbList\",\"@id\":\"https:\/\/lespiculins.com\/pt-pt\/produto\/borboletas-neceser-liberty\/#breadcrumb\",\"itemListElement\":[{\"@type\":\"ListItem\",\"position\":1,\"name\":\"Portada\",\"item\":\"https:\/\/lespiculins.com\/pt-pt\/inicio\/\"},{\"@type\":\"ListItem\",\"position\":2,\"name\":\"Loja\",\"item\":\"https:\/\/lespiculins.com\/pt-pt\/loja\/\"},{\"@type\":\"ListItem\",\"position\":3,\"name\":\"Borboletas neceser liberty\"}]},{\"@type\":\"WebSite\",\"@id\":\"https:\/\/lespiculins.com\/pt-pt\/#website\",\"url\":\"https:\/\/lespiculins.com\/pt-pt\/\",\"name\":\"Les Piculins\",\"description\":\"Fundas para carritos, bugaboo, maclaren, icoo, bebecar, mima...\",\"potentialAction\":[{\"@type\":\"SearchAction\",\"target\":{\"@type\":\"EntryPoint\",\"urlTemplate\":\"https:\/\/lespiculins.com\/pt-pt\/?s={search_term_string}\"},\"query-input\":\"required name=search_term_string\"}],\"inLanguage\":\"pt-PT\"}]}<\/script>\n<!-- \/ Yoast SEO plugin. -->","yoast_head_json":{"title":"N\u00e9cessaire Liberty Borboletas","description":"N\u00e9cessaire Liberty Borboletas. Para armazenar todos os produtos de higiene e produtos de higiene do seu beb\u00e9. Tecido liberty Londres com um design de borboleta.","robots":{"index":"index","follow":"follow","max-snippet":"max-snippet:-1","max-image-preview":"max-image-preview:large","max-video-preview":"max-video-preview:-1"},"canonical":"https:\/\/lespiculins.com\/pt-pt\/produto\/borboletas-neceser-liberty\/","og_locale":"pt_PT","og_type":"article","og_title":"N\u00e9cessaire Liberty Borboletas","og_description":"N\u00e9cessaire Liberty Borboletas. Para armazenar todos os produtos de higiene e produtos de higiene do seu beb\u00e9. Tecido liberty Londres com um design de borboleta.","og_url":"https:\/\/lespiculins.com\/pt-pt\/produto\/borboletas-neceser-liberty\/","og_site_name":"Les Piculins","article_modified_time":"2022-03-10T11:22:20+00:00","og_image":[{"width":1255,"height":900,"url":"https:\/\/lespiculins.com\/wp-content\/uploads\/2020\/12\/neceser-morris-butterfly.jpg","type":"image\/jpeg"}],"twitter_card":"summary_large_image","schema":{"@context":"https:\/\/schema.org","@graph":[{"@type":"WebPage","@id":"https:\/\/lespiculins.com\/pt-pt\/produto\/borboletas-neceser-liberty\/","url":"https:\/\/lespiculins.com\/pt-pt\/produto\/borboletas-neceser-liberty\/","name":"N\u00e9cessaire Liberty Borboletas","isPartOf":{"@id":"https:\/\/lespiculins.com\/pt-pt\/#website"},"datePublished":"2021-04-27T08:59:26+00:00","dateModified":"2022-03-10T11:22:20+00:00","description":"N\u00e9cessaire Liberty Borboletas. Para armazenar todos os produtos de higiene e produtos de higiene do seu beb\u00e9. Tecido liberty Londres com um design de borboleta.","breadcrumb":{"@id":"https:\/\/lespiculins.com\/pt-pt\/produto\/borboletas-neceser-liberty\/#breadcrumb"},"inLanguage":"pt-PT","potentialAction":[{"@type":"ReadAction","target":["https:\/\/lespiculins.com\/pt-pt\/produto\/borboletas-neceser-liberty\/"]}]},{"@type":"BreadcrumbList","@id":"https:\/\/lespiculins.com\/pt-pt\/produto\/borboletas-neceser-liberty\/#breadcrumb","itemListElement":[{"@type":"ListItem","position":1,"name":"Portada","item":"https:\/\/lespiculins.com\/pt-pt\/inicio\/"},{"@type":"ListItem","position":2,"name":"Loja","item":"https:\/\/lespiculins.com\/pt-pt\/loja\/"},{"@type":"ListItem","position":3,"name":"Borboletas neceser liberty"}]},{"@type":"WebSite","@id":"https:\/\/lespiculins.com\/pt-pt\/#website","url":"https:\/\/lespiculins.com\/pt-pt\/","name":"Les Piculins","description":"Fundas para carritos, bugaboo, maclaren, icoo, bebecar, mima...","potentialAction":[{"@type":"SearchAction","target":{"@type":"EntryPoint","urlTemplate":"https:\/\/lespiculins.com\/pt-pt\/?s={search_term_string}"},"query-input":"required name=search_term_string"}],"inLanguage":"pt-PT"}]}},"_links":{"self":[{"href":"https:\/\/lespiculins.com\/pt-pt\/wp-json\/wp\/v2\/product\/31256"}],"collection":[{"href":"https:\/\/lespiculins.com\/pt-pt\/wp-json\/wp\/v2\/product"}],"about":[{"href":"https:\/\/lespiculins.com\/pt-pt\/wp-json\/wp\/v2\/types\/product"}],"wp:featuredmedia":[{"embeddable":true,"href":"https:\/\/lespiculins.com\/pt-pt\/wp-json\/wp\/v2\/media\/30540"}],"wp:attachment":[{"href":"https:\/\/lespiculins.com\/pt-pt\/wp-json\/wp\/v2\/media?parent=31256"}],"wp:term":[{"taxonomy":"product_cat","embeddable":true,"href":"https:\/\/lespiculins.com\/pt-pt\/wp-json\/wp\/v2\/product_cat?post=31256"},{"taxonomy":"product_tag","embeddable":true,"href":"https:\/\/lespiculins.com\/pt-pt\/wp-json\/wp\/v2\/product_tag?post=31256"}],"curies":[{"name":"wp","href":"https:\/\/api.w.org\/{rel}","templated":true}]}}