{"id":31249,"date":"2020-12-01T12:18:24","date_gmt":"2021-04-27T08:56:17","guid":{"rendered":"https:\/\/lespiculins.com\/producto\/liberty-animalitos-pastel-changer\/"},"modified":"2024-10-31T12:48:53","modified_gmt":"2024-10-31T11:48:53","slug":"liberty-animalitos-pastel-changer","status":"publish","type":"product","link":"https:\/\/lespiculins.com\/pt-pt\/produto\/liberty-animalitos-pastel-changer\/","title":{"rendered":"Liberty Animalitos Pastel Changer"},"content":{"rendered":"<section class=\"wpb-content-wrapper\"><section class=\"l-section wpb_row height_medium\"><div class=\"l-section-h i-cf\"><div class=\"g-cols vc_row via_flex valign_top type_default stacking_default\"><div class=\"vc_col-sm-12 wpb_column vc_column_container\"><div class=\"vc_column-inner\"><div class=\"wpb_wrapper\"><div class=\"wpb_text_column\"><div class=\"wpb_wrapper\"><p>Mais detalhes do nosso Liberty Animalitos Pastel Changer<\/p>\n<ul>\n<li>Dimens\u00f5es fechadas 32 x 22 x 8 cm.<\/li>\n<li>Abra as dimens\u00f5es 49 x 74 cm.<\/li>\n<li>Impress\u00e3o liberty londres com animais de cor pastel.<\/li>\n<li><strong>Gorjetas de lavagem .<\/strong> Maquinado, com o detergente hipoalerg\u00e9nico do seu beb\u00e9, m\u00e1ximo a 30oC. N\u00e3o pode passar ou usar um secador.<\/li>\n<\/ul>\n<\/div><\/div><\/div><\/div><\/div><\/div><\/div><\/section>\n<\/section>","protected":false},"excerpt":{"rendered":"<p style=\"text-align: justify;\">Fa\u00e7a com que a fralda do seu beb\u00e9 mude de roupa e se torne mais <strong>suport\u00e1vel<\/strong>com o nosso confort\u00e1vel trocador. O seu <strong>interior \u00e9 \u00e0 prova de \u00e1gua e tem uma sensa\u00e7\u00e3o de veludo.<\/strong> Tamb\u00e9m gra\u00e7as ao seu tamanho pode lev\u00e1-lo para a rua quando for dar um passeio com o seu beb\u00e9.<\/p>\n<p style=\"text-align: justify;\">Na Liberty London com estampado animal <strong>com tons pastel.<\/strong> Como detalhe tem um pouco volantito e fecha com um bot\u00e3o em tom de madeira. O tecido <strong>\u00e9 100% algod\u00e3o.<\/strong><\/p>\n<p style=\"text-align: justify;\">Outros produtos da cole\u00e7\u00e3o London Liberty Animalitos Pastel: <a href=\"https:\/\/lespiculins.com\/producto\/mini-liberty-animalitos-pastel\/\" target=\"_blank\" rel=\"noopener\">o Mini Liberty Animalitos Pastel<\/a>Bag, o Liberty Animalitos Pastel Baby <a href=\"https:\/\/lespiculins.com\/producto\/saco-bebe-liberty-animalitos-pastel\/\" target=\"_blank\" rel=\"noopener\">Bag,<\/a> <a href=\"https:\/\/lespiculins.com\/producto\/colchoneta-reversible-bugaboo-animalitos-pastel\/\" target=\"_blank\" rel=\"noopener\">o Bugaboo Animalitos Pastel Reversible<\/a> Mattress ou o Liberty <a href=\"https:\/\/lespiculins.com\/producto\/talega-liberty-animalitos-pastel\/\" target=\"_blank\" rel=\"noopener\">Animalitos Pastel Talega.<\/a><\/p>\n<p>&nbsp;<\/p>\n","protected":false},"featured_media":30554,"template":"","meta":{"_joinchat":[]},"product_cat":[115],"product_tag":[304],"yoast_head":"<!-- This site is optimized with the Yoast SEO plugin v21.5 - https:\/\/yoast.com\/wordpress\/plugins\/seo\/ -->\n<title>Trocador Liberty Animaizinhos Pastel | Acess\u00f3rios para beb\u00e9s | Les Piculins<\/title>\n<meta name=\"description\" content=\"Trocador Liberty Animaizinhos Pastel . Interior imperme\u00e1vel e toque de veludo. 100% algod\u00e3o com tons pastel. Para troca de roupa de banho e fraldas.\" \/>\n<meta name=\"robots\" content=\"index, follow, max-snippet:-1, max-image-preview:large, max-video-preview:-1\" \/>\n<link rel=\"canonical\" href=\"https:\/\/lespiculins.com\/pt-pt\/produto\/liberty-animalitos-pastel-changer\/\" \/>\n<meta property=\"og:locale\" content=\"pt_PT\" \/>\n<meta property=\"og:type\" content=\"article\" \/>\n<meta property=\"og:title\" content=\"Trocador Liberty Animaizinhos Pastel | Acess\u00f3rios para beb\u00e9s | Les Piculins\" \/>\n<meta property=\"og:description\" content=\"Trocador Liberty Animaizinhos Pastel . Interior imperme\u00e1vel e toque de veludo. 100% algod\u00e3o com tons pastel. Para troca de roupa de banho e fraldas.\" \/>\n<meta property=\"og:url\" content=\"https:\/\/lespiculins.com\/pt-pt\/produto\/liberty-animalitos-pastel-changer\/\" \/>\n<meta property=\"og:site_name\" content=\"Les Piculins\" \/>\n<meta property=\"article:modified_time\" content=\"2024-10-31T11:48:53+00:00\" \/>\n<meta property=\"og:image\" content=\"https:\/\/lespiculins.com\/wp-content\/uploads\/2020\/12\/Cambiador-Theo-pastel-.jpg\" \/>\n\t<meta property=\"og:image:width\" content=\"1131\" \/>\n\t<meta property=\"og:image:height\" content=\"900\" \/>\n\t<meta property=\"og:image:type\" content=\"image\/jpeg\" \/>\n<meta name=\"twitter:card\" content=\"summary_large_image\" \/>\n<script type=\"application\/ld+json\" class=\"yoast-schema-graph\">{\"@context\":\"https:\/\/schema.org\",\"@graph\":[{\"@type\":\"WebPage\",\"@id\":\"https:\/\/lespiculins.com\/pt-pt\/produto\/liberty-animalitos-pastel-changer\/\",\"url\":\"https:\/\/lespiculins.com\/pt-pt\/produto\/liberty-animalitos-pastel-changer\/\",\"name\":\"Trocador Liberty Animaizinhos Pastel | Acess\u00f3rios para beb\u00e9s | Les Piculins\",\"isPartOf\":{\"@id\":\"https:\/\/lespiculins.com\/pt-pt\/#website\"},\"datePublished\":\"2021-04-27T08:56:17+00:00\",\"dateModified\":\"2024-10-31T11:48:53+00:00\",\"description\":\"Trocador Liberty Animaizinhos Pastel . Interior imperme\u00e1vel e toque de veludo. 100% algod\u00e3o com tons pastel. Para troca de roupa de banho e fraldas.\",\"breadcrumb\":{\"@id\":\"https:\/\/lespiculins.com\/pt-pt\/produto\/liberty-animalitos-pastel-changer\/#breadcrumb\"},\"inLanguage\":\"pt-PT\",\"potentialAction\":[{\"@type\":\"ReadAction\",\"target\":[\"https:\/\/lespiculins.com\/pt-pt\/produto\/liberty-animalitos-pastel-changer\/\"]}]},{\"@type\":\"BreadcrumbList\",\"@id\":\"https:\/\/lespiculins.com\/pt-pt\/produto\/liberty-animalitos-pastel-changer\/#breadcrumb\",\"itemListElement\":[{\"@type\":\"ListItem\",\"position\":1,\"name\":\"Portada\",\"item\":\"https:\/\/lespiculins.com\/pt-pt\/inicio\/\"},{\"@type\":\"ListItem\",\"position\":2,\"name\":\"Loja\",\"item\":\"https:\/\/lespiculins.com\/pt-pt\/loja\/\"},{\"@type\":\"ListItem\",\"position\":3,\"name\":\"Liberty Animalitos Pastel Changer\"}]},{\"@type\":\"WebSite\",\"@id\":\"https:\/\/lespiculins.com\/pt-pt\/#website\",\"url\":\"https:\/\/lespiculins.com\/pt-pt\/\",\"name\":\"Les Piculins\",\"description\":\"Fundas para carritos, bugaboo, maclaren, icoo, bebecar, mima...\",\"potentialAction\":[{\"@type\":\"SearchAction\",\"target\":{\"@type\":\"EntryPoint\",\"urlTemplate\":\"https:\/\/lespiculins.com\/pt-pt\/?s={search_term_string}\"},\"query-input\":\"required name=search_term_string\"}],\"inLanguage\":\"pt-PT\"}]}<\/script>\n<!-- \/ Yoast SEO plugin. -->","yoast_head_json":{"title":"Trocador Liberty Animaizinhos Pastel | Acess\u00f3rios para beb\u00e9s | Les Piculins","description":"Trocador Liberty Animaizinhos Pastel . Interior imperme\u00e1vel e toque de veludo. 100% algod\u00e3o com tons pastel. Para troca de roupa de banho e fraldas.","robots":{"index":"index","follow":"follow","max-snippet":"max-snippet:-1","max-image-preview":"max-image-preview:large","max-video-preview":"max-video-preview:-1"},"canonical":"https:\/\/lespiculins.com\/pt-pt\/produto\/liberty-animalitos-pastel-changer\/","og_locale":"pt_PT","og_type":"article","og_title":"Trocador Liberty Animaizinhos Pastel | Acess\u00f3rios para beb\u00e9s | Les Piculins","og_description":"Trocador Liberty Animaizinhos Pastel . Interior imperme\u00e1vel e toque de veludo. 100% algod\u00e3o com tons pastel. Para troca de roupa de banho e fraldas.","og_url":"https:\/\/lespiculins.com\/pt-pt\/produto\/liberty-animalitos-pastel-changer\/","og_site_name":"Les Piculins","article_modified_time":"2024-10-31T11:48:53+00:00","og_image":[{"width":1131,"height":900,"url":"https:\/\/lespiculins.com\/wp-content\/uploads\/2020\/12\/Cambiador-Theo-pastel-.jpg","type":"image\/jpeg"}],"twitter_card":"summary_large_image","schema":{"@context":"https:\/\/schema.org","@graph":[{"@type":"WebPage","@id":"https:\/\/lespiculins.com\/pt-pt\/produto\/liberty-animalitos-pastel-changer\/","url":"https:\/\/lespiculins.com\/pt-pt\/produto\/liberty-animalitos-pastel-changer\/","name":"Trocador Liberty Animaizinhos Pastel | Acess\u00f3rios para beb\u00e9s | Les Piculins","isPartOf":{"@id":"https:\/\/lespiculins.com\/pt-pt\/#website"},"datePublished":"2021-04-27T08:56:17+00:00","dateModified":"2024-10-31T11:48:53+00:00","description":"Trocador Liberty Animaizinhos Pastel . Interior imperme\u00e1vel e toque de veludo. 100% algod\u00e3o com tons pastel. Para troca de roupa de banho e fraldas.","breadcrumb":{"@id":"https:\/\/lespiculins.com\/pt-pt\/produto\/liberty-animalitos-pastel-changer\/#breadcrumb"},"inLanguage":"pt-PT","potentialAction":[{"@type":"ReadAction","target":["https:\/\/lespiculins.com\/pt-pt\/produto\/liberty-animalitos-pastel-changer\/"]}]},{"@type":"BreadcrumbList","@id":"https:\/\/lespiculins.com\/pt-pt\/produto\/liberty-animalitos-pastel-changer\/#breadcrumb","itemListElement":[{"@type":"ListItem","position":1,"name":"Portada","item":"https:\/\/lespiculins.com\/pt-pt\/inicio\/"},{"@type":"ListItem","position":2,"name":"Loja","item":"https:\/\/lespiculins.com\/pt-pt\/loja\/"},{"@type":"ListItem","position":3,"name":"Liberty Animalitos Pastel Changer"}]},{"@type":"WebSite","@id":"https:\/\/lespiculins.com\/pt-pt\/#website","url":"https:\/\/lespiculins.com\/pt-pt\/","name":"Les Piculins","description":"Fundas para carritos, bugaboo, maclaren, icoo, bebecar, mima...","potentialAction":[{"@type":"SearchAction","target":{"@type":"EntryPoint","urlTemplate":"https:\/\/lespiculins.com\/pt-pt\/?s={search_term_string}"},"query-input":"required name=search_term_string"}],"inLanguage":"pt-PT"}]}},"_links":{"self":[{"href":"https:\/\/lespiculins.com\/pt-pt\/wp-json\/wp\/v2\/product\/31249"}],"collection":[{"href":"https:\/\/lespiculins.com\/pt-pt\/wp-json\/wp\/v2\/product"}],"about":[{"href":"https:\/\/lespiculins.com\/pt-pt\/wp-json\/wp\/v2\/types\/product"}],"wp:featuredmedia":[{"embeddable":true,"href":"https:\/\/lespiculins.com\/pt-pt\/wp-json\/wp\/v2\/media\/30554"}],"wp:attachment":[{"href":"https:\/\/lespiculins.com\/pt-pt\/wp-json\/wp\/v2\/media?parent=31249"}],"wp:term":[{"taxonomy":"product_cat","embeddable":true,"href":"https:\/\/lespiculins.com\/pt-pt\/wp-json\/wp\/v2\/product_cat?post=31249"},{"taxonomy":"product_tag","embeddable":true,"href":"https:\/\/lespiculins.com\/pt-pt\/wp-json\/wp\/v2\/product_tag?post=31249"}],"curies":[{"name":"wp","href":"https:\/\/api.w.org\/{rel}","templated":true}]}}