{"id":31241,"date":"2020-11-21T16:21:27","date_gmt":"2021-04-27T08:52:42","guid":{"rendered":"https:\/\/lespiculins.com\/producto\/mini-neceser-liberty-intense-blue\/"},"modified":"2021-04-27T10:52:48","modified_gmt":"2021-04-27T08:52:48","slug":"mini-neceser-liberty-intense-blue","status":"publish","type":"product","link":"https:\/\/lespiculins.com\/pt-pt\/produto\/mini-neceser-liberty-intense-blue\/","title":{"rendered":"Mini Neceser Liberty Intense Blue"},"content":{"rendered":"<section class=\"wpb-content-wrapper\"><section class=\"l-section wpb_row height_medium\"><div class=\"l-section-h i-cf\"><div class=\"g-cols vc_row via_flex valign_top type_default stacking_default\"><div class=\"vc_col-sm-12 wpb_column vc_column_container\"><div class=\"vc_column-inner\"><div class=\"wpb_wrapper\"><div class=\"wpb_text_column\"><div class=\"wpb_wrapper\"><p>Mais detalhes do nosso Mini Neceser Liberty Intense Blue<\/p>\n<ul>\n<li>Tamanho 13 x 13 x 7 cm.<\/li>\n<li>100% algod\u00e3o.<\/li>\n<li>Espanha artesanal<\/li>\n<li>Combinado com o seu <a href=\"https:\/\/lespiculins.com\/producto\/bolsa-mini-liberty-azul-intenso\/\" target=\"_blank\" rel=\"noopener\">Intense Blue Mini Liberty Bag.<\/a><\/li>\n<\/ul>\n<\/div><\/div><\/div><\/div><\/div><\/div><\/div><\/section>\n<\/section>","protected":false},"excerpt":{"rendered":"<p style=\"text-align: justify;\">Podes us\u00e1-lo <strong>como chupeta,<\/strong>ou para esses <strong>pequenos detalhes.<\/strong> Na Liberty London telita com <strong>estampado de flores,<\/strong>azul mais intenso que s\u00e3o intercalados com um pouco de rosa. F\u00e1cil de abrir <strong>com<\/strong> fecho e detalhe de fita.<\/p>\n<p style=\"text-align: justify;\">Tamb\u00e9m \u00e9 usado por muitas mam\u00e3s para carregar as suas coisinhas na bolsa.<\/p>\n<p style=\"text-align: justify;\">Presente ideal para dar a um beb\u00e9 juntamente com o seu <a href=\"https:\/\/lespiculins.com\/producto\/bolsa-mini-liberty-azul-intenso\/\" target=\"_blank\" rel=\"noopener\">Intense Blue Mini Liberty Bag.<\/a><\/p>\n<p style=\"text-align: justify;\"><strong>Gorjetas de lavagem .<\/strong> Maquinado, com o detergente hipoalerg\u00e9nico do seu beb\u00e9, m\u00e1ximo a 30oC. N\u00e3o pode passar ou usar um secador.<\/p>\n<p>&nbsp;<\/p>\n","protected":false},"featured_media":30524,"template":"","meta":{"_joinchat":[]},"product_cat":[123],"product_tag":[308],"yoast_head":"<!-- This site is optimized with the Yoast SEO plugin v21.5 - https:\/\/yoast.com\/wordpress\/plugins\/seo\/ -->\n<title>Mini Neceser Liberty Intense Blue | Acess\u00f3rios para beb\u00e9s | Os Piculins<\/title>\n<meta name=\"description\" content=\"Mini Neceser Liberty Intense Blue. 100% algod\u00e3o. Interior imperme\u00e1vel. Tecido liberty londres com flores azuis profundas.\" \/>\n<meta name=\"robots\" content=\"index, follow, max-snippet:-1, max-image-preview:large, max-video-preview:-1\" \/>\n<link rel=\"canonical\" href=\"https:\/\/lespiculins.com\/pt-pt\/produto\/mini-neceser-liberty-intense-blue\/\" \/>\n<meta property=\"og:locale\" content=\"pt_PT\" \/>\n<meta property=\"og:type\" content=\"article\" \/>\n<meta property=\"og:title\" content=\"Mini Neceser Liberty Intense Blue | Acess\u00f3rios para beb\u00e9s | Os Piculins\" \/>\n<meta property=\"og:description\" content=\"Mini Neceser Liberty Intense Blue. 100% algod\u00e3o. Interior imperme\u00e1vel. Tecido liberty londres com flores azuis profundas.\" \/>\n<meta property=\"og:url\" content=\"https:\/\/lespiculins.com\/pt-pt\/produto\/mini-neceser-liberty-intense-blue\/\" \/>\n<meta property=\"og:site_name\" content=\"Les Piculins\" \/>\n<meta property=\"article:modified_time\" content=\"2021-04-27T08:52:48+00:00\" \/>\n<meta property=\"og:image\" content=\"https:\/\/lespiculins.com\/wp-content\/uploads\/2020\/11\/4.jpg\" \/>\n\t<meta property=\"og:image:width\" content=\"1034\" \/>\n\t<meta property=\"og:image:height\" content=\"900\" \/>\n\t<meta property=\"og:image:type\" content=\"image\/jpeg\" \/>\n<meta name=\"twitter:card\" content=\"summary_large_image\" \/>\n<script type=\"application\/ld+json\" class=\"yoast-schema-graph\">{\"@context\":\"https:\/\/schema.org\",\"@graph\":[{\"@type\":\"WebPage\",\"@id\":\"https:\/\/lespiculins.com\/pt-pt\/produto\/mini-neceser-liberty-intense-blue\/\",\"url\":\"https:\/\/lespiculins.com\/pt-pt\/produto\/mini-neceser-liberty-intense-blue\/\",\"name\":\"Mini Neceser Liberty Intense Blue | Acess\u00f3rios para beb\u00e9s | Os Piculins\",\"isPartOf\":{\"@id\":\"https:\/\/lespiculins.com\/pt-pt\/#website\"},\"datePublished\":\"2021-04-27T08:52:42+00:00\",\"dateModified\":\"2021-04-27T08:52:48+00:00\",\"description\":\"Mini Neceser Liberty Intense Blue. 100% algod\u00e3o. Interior imperme\u00e1vel. Tecido liberty londres com flores azuis profundas.\",\"breadcrumb\":{\"@id\":\"https:\/\/lespiculins.com\/pt-pt\/produto\/mini-neceser-liberty-intense-blue\/#breadcrumb\"},\"inLanguage\":\"pt-PT\",\"potentialAction\":[{\"@type\":\"ReadAction\",\"target\":[\"https:\/\/lespiculins.com\/pt-pt\/produto\/mini-neceser-liberty-intense-blue\/\"]}]},{\"@type\":\"BreadcrumbList\",\"@id\":\"https:\/\/lespiculins.com\/pt-pt\/produto\/mini-neceser-liberty-intense-blue\/#breadcrumb\",\"itemListElement\":[{\"@type\":\"ListItem\",\"position\":1,\"name\":\"Portada\",\"item\":\"https:\/\/lespiculins.com\/pt-pt\/inicio\/\"},{\"@type\":\"ListItem\",\"position\":2,\"name\":\"Loja\",\"item\":\"https:\/\/lespiculins.com\/pt-pt\/loja\/\"},{\"@type\":\"ListItem\",\"position\":3,\"name\":\"Mini Neceser Liberty Intense Blue\"}]},{\"@type\":\"WebSite\",\"@id\":\"https:\/\/lespiculins.com\/pt-pt\/#website\",\"url\":\"https:\/\/lespiculins.com\/pt-pt\/\",\"name\":\"Les Piculins\",\"description\":\"Fundas para carritos, bugaboo, maclaren, icoo, bebecar, mima...\",\"potentialAction\":[{\"@type\":\"SearchAction\",\"target\":{\"@type\":\"EntryPoint\",\"urlTemplate\":\"https:\/\/lespiculins.com\/pt-pt\/?s={search_term_string}\"},\"query-input\":\"required name=search_term_string\"}],\"inLanguage\":\"pt-PT\"}]}<\/script>\n<!-- \/ Yoast SEO plugin. -->","yoast_head_json":{"title":"Mini Neceser Liberty Intense Blue | Acess\u00f3rios para beb\u00e9s | Os Piculins","description":"Mini Neceser Liberty Intense Blue. 100% algod\u00e3o. Interior imperme\u00e1vel. Tecido liberty londres com flores azuis profundas.","robots":{"index":"index","follow":"follow","max-snippet":"max-snippet:-1","max-image-preview":"max-image-preview:large","max-video-preview":"max-video-preview:-1"},"canonical":"https:\/\/lespiculins.com\/pt-pt\/produto\/mini-neceser-liberty-intense-blue\/","og_locale":"pt_PT","og_type":"article","og_title":"Mini Neceser Liberty Intense Blue | Acess\u00f3rios para beb\u00e9s | Os Piculins","og_description":"Mini Neceser Liberty Intense Blue. 100% algod\u00e3o. Interior imperme\u00e1vel. Tecido liberty londres com flores azuis profundas.","og_url":"https:\/\/lespiculins.com\/pt-pt\/produto\/mini-neceser-liberty-intense-blue\/","og_site_name":"Les Piculins","article_modified_time":"2021-04-27T08:52:48+00:00","og_image":[{"width":1034,"height":900,"url":"https:\/\/lespiculins.com\/wp-content\/uploads\/2020\/11\/4.jpg","type":"image\/jpeg"}],"twitter_card":"summary_large_image","schema":{"@context":"https:\/\/schema.org","@graph":[{"@type":"WebPage","@id":"https:\/\/lespiculins.com\/pt-pt\/produto\/mini-neceser-liberty-intense-blue\/","url":"https:\/\/lespiculins.com\/pt-pt\/produto\/mini-neceser-liberty-intense-blue\/","name":"Mini Neceser Liberty Intense Blue | Acess\u00f3rios para beb\u00e9s | Os Piculins","isPartOf":{"@id":"https:\/\/lespiculins.com\/pt-pt\/#website"},"datePublished":"2021-04-27T08:52:42+00:00","dateModified":"2021-04-27T08:52:48+00:00","description":"Mini Neceser Liberty Intense Blue. 100% algod\u00e3o. Interior imperme\u00e1vel. Tecido liberty londres com flores azuis profundas.","breadcrumb":{"@id":"https:\/\/lespiculins.com\/pt-pt\/produto\/mini-neceser-liberty-intense-blue\/#breadcrumb"},"inLanguage":"pt-PT","potentialAction":[{"@type":"ReadAction","target":["https:\/\/lespiculins.com\/pt-pt\/produto\/mini-neceser-liberty-intense-blue\/"]}]},{"@type":"BreadcrumbList","@id":"https:\/\/lespiculins.com\/pt-pt\/produto\/mini-neceser-liberty-intense-blue\/#breadcrumb","itemListElement":[{"@type":"ListItem","position":1,"name":"Portada","item":"https:\/\/lespiculins.com\/pt-pt\/inicio\/"},{"@type":"ListItem","position":2,"name":"Loja","item":"https:\/\/lespiculins.com\/pt-pt\/loja\/"},{"@type":"ListItem","position":3,"name":"Mini Neceser Liberty Intense Blue"}]},{"@type":"WebSite","@id":"https:\/\/lespiculins.com\/pt-pt\/#website","url":"https:\/\/lespiculins.com\/pt-pt\/","name":"Les Piculins","description":"Fundas para carritos, bugaboo, maclaren, icoo, bebecar, mima...","potentialAction":[{"@type":"SearchAction","target":{"@type":"EntryPoint","urlTemplate":"https:\/\/lespiculins.com\/pt-pt\/?s={search_term_string}"},"query-input":"required name=search_term_string"}],"inLanguage":"pt-PT"}]}},"_links":{"self":[{"href":"https:\/\/lespiculins.com\/pt-pt\/wp-json\/wp\/v2\/product\/31241"}],"collection":[{"href":"https:\/\/lespiculins.com\/pt-pt\/wp-json\/wp\/v2\/product"}],"about":[{"href":"https:\/\/lespiculins.com\/pt-pt\/wp-json\/wp\/v2\/types\/product"}],"wp:featuredmedia":[{"embeddable":true,"href":"https:\/\/lespiculins.com\/pt-pt\/wp-json\/wp\/v2\/media\/30524"}],"wp:attachment":[{"href":"https:\/\/lespiculins.com\/pt-pt\/wp-json\/wp\/v2\/media?parent=31241"}],"wp:term":[{"taxonomy":"product_cat","embeddable":true,"href":"https:\/\/lespiculins.com\/pt-pt\/wp-json\/wp\/v2\/product_cat?post=31241"},{"taxonomy":"product_tag","embeddable":true,"href":"https:\/\/lespiculins.com\/pt-pt\/wp-json\/wp\/v2\/product_tag?post=31241"}],"curies":[{"name":"wp","href":"https:\/\/api.w.org\/{rel}","templated":true}]}}