{"id":31236,"date":"2020-11-21T16:15:14","date_gmt":"2021-04-27T08:50:00","guid":{"rendered":"https:\/\/lespiculins.com\/producto\/almofada-anti-roll-pastel-animalitos-liberty-animalitos\/"},"modified":"2023-07-11T07:28:48","modified_gmt":"2023-07-11T05:28:48","slug":"almofada-anti-roll-pastel-animalitos-liberty-animalitos","status":"publish","type":"product","link":"https:\/\/lespiculins.com\/pt-pt\/produto\/almofada-anti-roll-pastel-animalitos-liberty-animalitos\/","title":{"rendered":"Almofada Anti-Roll Pastel Animalitos Liberty Animalitos"},"content":{"rendered":"<section class=\"wpb-content-wrapper\"><section class=\"l-section wpb_row height_medium\"><div class=\"l-section-h i-cf\"><div class=\"g-cols vc_row via_flex valign_top type_default stacking_default\"><div class=\"vc_col-sm-12 wpb_column vc_column_container\"><div class=\"vc_column-inner\"><div class=\"wpb_wrapper\"><div class=\"wpb_text_column\"><div class=\"wpb_wrapper\"><p>Mais detalhes da nossa Almofada Anti-Roll Liberty Animalitos Pastel Lazadas<\/p>\n<ul>\n<li>Estofamento amov\u00edvel.<\/li>\n<li><strong>Dicas de lavagem : M\u00e1quina,<\/strong>com detergente hipoalerg\u00e9nico do beb\u00e9, at\u00e9 30oC. N\u00e3o pode passar ou usar um secador.<\/li>\n<\/ul>\n<\/div><\/div><\/div><\/div><\/div><\/div><\/div><\/section>\n<\/section>","protected":false},"excerpt":{"rendered":"<p style=\"text-align: justify;\">Almofadas anti-rolo em uma bambula crua de muito bom gosto, com arcos largos na Liberdade. Para beb\u00e9s <strong>at\u00e9 aos 5 ou 6 meses de idade, <\/strong>para que durmam na posi\u00e7\u00e3o <strong>certa<\/strong> sem se virarem \u00e0 noite. Tamb\u00e9m evitam asfixia&#8230;<\/p>\n<p style=\"text-align: justify;\"><strong>Tem uma grande ins\u00edvas em Liberty.<\/strong> Como medida de seguran\u00e7a, os la\u00e7os s\u00e3o costurados para que n\u00e3o se desmoronem e n\u00e3o tenha que se preocupar em faz\u00ea-los. A impress\u00e3o do tecido tem animais em tons pastel.<\/p>\n<p style=\"text-align: justify;\"><strong>Estofamento amov\u00edvel<\/strong> para que possa lavar a cobertura ou o enchimento separadamente.<\/p>\n","protected":false},"featured_media":30500,"template":"","meta":{"_joinchat":[]},"product_cat":[116],"product_tag":[304],"yoast_head":"<!-- This site is optimized with the Yoast SEO plugin v21.5 - https:\/\/yoast.com\/wordpress\/plugins\/seo\/ -->\n<title>Almofada anti-roll da Liberty Animalitos Pastel | acess\u00f3rios | Os Piculins<\/title>\n<meta name=\"description\" content=\"Almofada Anti-Roll Liberty Animalitos Pastel. Numa bambula branca de muito bom gosto. Complemento ideal para o seu carrinho ou ber\u00e7o.\" \/>\n<meta name=\"robots\" content=\"index, follow, max-snippet:-1, max-image-preview:large, max-video-preview:-1\" \/>\n<link rel=\"canonical\" href=\"https:\/\/lespiculins.com\/pt-pt\/produto\/almofada-anti-roll-pastel-animalitos-liberty-animalitos\/\" \/>\n<meta property=\"og:locale\" content=\"pt_PT\" \/>\n<meta property=\"og:type\" content=\"article\" \/>\n<meta property=\"og:title\" content=\"Almofada anti-roll da Liberty Animalitos Pastel | acess\u00f3rios | Os Piculins\" \/>\n<meta property=\"og:description\" content=\"Almofada Anti-Roll Liberty Animalitos Pastel. Numa bambula branca de muito bom gosto. Complemento ideal para o seu carrinho ou ber\u00e7o.\" \/>\n<meta property=\"og:url\" content=\"https:\/\/lespiculins.com\/pt-pt\/produto\/almofada-anti-roll-pastel-animalitos-liberty-animalitos\/\" \/>\n<meta property=\"og:site_name\" content=\"Les Piculins\" \/>\n<meta property=\"article:modified_time\" content=\"2023-07-11T05:28:48+00:00\" \/>\n<meta property=\"og:image\" content=\"https:\/\/lespiculins.com\/wp-content\/uploads\/2020\/11\/cojintheo.jpg\" \/>\n\t<meta property=\"og:image:width\" content=\"986\" \/>\n\t<meta property=\"og:image:height\" content=\"900\" \/>\n\t<meta property=\"og:image:type\" content=\"image\/jpeg\" \/>\n<meta name=\"twitter:card\" content=\"summary_large_image\" \/>\n<script type=\"application\/ld+json\" class=\"yoast-schema-graph\">{\"@context\":\"https:\/\/schema.org\",\"@graph\":[{\"@type\":\"WebPage\",\"@id\":\"https:\/\/lespiculins.com\/pt-pt\/produto\/almofada-anti-roll-pastel-animalitos-liberty-animalitos\/\",\"url\":\"https:\/\/lespiculins.com\/pt-pt\/produto\/almofada-anti-roll-pastel-animalitos-liberty-animalitos\/\",\"name\":\"Almofada anti-roll da Liberty Animalitos Pastel | acess\u00f3rios | Os Piculins\",\"isPartOf\":{\"@id\":\"https:\/\/lespiculins.com\/pt-pt\/#website\"},\"datePublished\":\"2021-04-27T08:50:00+00:00\",\"dateModified\":\"2023-07-11T05:28:48+00:00\",\"description\":\"Almofada Anti-Roll Liberty Animalitos Pastel. Numa bambula branca de muito bom gosto. Complemento ideal para o seu carrinho ou ber\u00e7o.\",\"breadcrumb\":{\"@id\":\"https:\/\/lespiculins.com\/pt-pt\/produto\/almofada-anti-roll-pastel-animalitos-liberty-animalitos\/#breadcrumb\"},\"inLanguage\":\"pt-PT\",\"potentialAction\":[{\"@type\":\"ReadAction\",\"target\":[\"https:\/\/lespiculins.com\/pt-pt\/produto\/almofada-anti-roll-pastel-animalitos-liberty-animalitos\/\"]}]},{\"@type\":\"BreadcrumbList\",\"@id\":\"https:\/\/lespiculins.com\/pt-pt\/produto\/almofada-anti-roll-pastel-animalitos-liberty-animalitos\/#breadcrumb\",\"itemListElement\":[{\"@type\":\"ListItem\",\"position\":1,\"name\":\"Portada\",\"item\":\"https:\/\/lespiculins.com\/pt-pt\/inicio\/\"},{\"@type\":\"ListItem\",\"position\":2,\"name\":\"Loja\",\"item\":\"https:\/\/lespiculins.com\/pt-pt\/loja\/\"},{\"@type\":\"ListItem\",\"position\":3,\"name\":\"Almofada Anti-Roll Pastel Animalitos Liberty Animalitos\"}]},{\"@type\":\"WebSite\",\"@id\":\"https:\/\/lespiculins.com\/pt-pt\/#website\",\"url\":\"https:\/\/lespiculins.com\/pt-pt\/\",\"name\":\"Les Piculins\",\"description\":\"Fundas para carritos, bugaboo, maclaren, icoo, bebecar, mima...\",\"potentialAction\":[{\"@type\":\"SearchAction\",\"target\":{\"@type\":\"EntryPoint\",\"urlTemplate\":\"https:\/\/lespiculins.com\/pt-pt\/?s={search_term_string}\"},\"query-input\":\"required name=search_term_string\"}],\"inLanguage\":\"pt-PT\"}]}<\/script>\n<!-- \/ Yoast SEO plugin. -->","yoast_head_json":{"title":"Almofada anti-roll da Liberty Animalitos Pastel | acess\u00f3rios | Os Piculins","description":"Almofada Anti-Roll Liberty Animalitos Pastel. Numa bambula branca de muito bom gosto. Complemento ideal para o seu carrinho ou ber\u00e7o.","robots":{"index":"index","follow":"follow","max-snippet":"max-snippet:-1","max-image-preview":"max-image-preview:large","max-video-preview":"max-video-preview:-1"},"canonical":"https:\/\/lespiculins.com\/pt-pt\/produto\/almofada-anti-roll-pastel-animalitos-liberty-animalitos\/","og_locale":"pt_PT","og_type":"article","og_title":"Almofada anti-roll da Liberty Animalitos Pastel | acess\u00f3rios | Os Piculins","og_description":"Almofada Anti-Roll Liberty Animalitos Pastel. Numa bambula branca de muito bom gosto. Complemento ideal para o seu carrinho ou ber\u00e7o.","og_url":"https:\/\/lespiculins.com\/pt-pt\/produto\/almofada-anti-roll-pastel-animalitos-liberty-animalitos\/","og_site_name":"Les Piculins","article_modified_time":"2023-07-11T05:28:48+00:00","og_image":[{"width":986,"height":900,"url":"https:\/\/lespiculins.com\/wp-content\/uploads\/2020\/11\/cojintheo.jpg","type":"image\/jpeg"}],"twitter_card":"summary_large_image","schema":{"@context":"https:\/\/schema.org","@graph":[{"@type":"WebPage","@id":"https:\/\/lespiculins.com\/pt-pt\/produto\/almofada-anti-roll-pastel-animalitos-liberty-animalitos\/","url":"https:\/\/lespiculins.com\/pt-pt\/produto\/almofada-anti-roll-pastel-animalitos-liberty-animalitos\/","name":"Almofada anti-roll da Liberty Animalitos Pastel | acess\u00f3rios | Os Piculins","isPartOf":{"@id":"https:\/\/lespiculins.com\/pt-pt\/#website"},"datePublished":"2021-04-27T08:50:00+00:00","dateModified":"2023-07-11T05:28:48+00:00","description":"Almofada Anti-Roll Liberty Animalitos Pastel. Numa bambula branca de muito bom gosto. Complemento ideal para o seu carrinho ou ber\u00e7o.","breadcrumb":{"@id":"https:\/\/lespiculins.com\/pt-pt\/produto\/almofada-anti-roll-pastel-animalitos-liberty-animalitos\/#breadcrumb"},"inLanguage":"pt-PT","potentialAction":[{"@type":"ReadAction","target":["https:\/\/lespiculins.com\/pt-pt\/produto\/almofada-anti-roll-pastel-animalitos-liberty-animalitos\/"]}]},{"@type":"BreadcrumbList","@id":"https:\/\/lespiculins.com\/pt-pt\/produto\/almofada-anti-roll-pastel-animalitos-liberty-animalitos\/#breadcrumb","itemListElement":[{"@type":"ListItem","position":1,"name":"Portada","item":"https:\/\/lespiculins.com\/pt-pt\/inicio\/"},{"@type":"ListItem","position":2,"name":"Loja","item":"https:\/\/lespiculins.com\/pt-pt\/loja\/"},{"@type":"ListItem","position":3,"name":"Almofada Anti-Roll Pastel Animalitos Liberty Animalitos"}]},{"@type":"WebSite","@id":"https:\/\/lespiculins.com\/pt-pt\/#website","url":"https:\/\/lespiculins.com\/pt-pt\/","name":"Les Piculins","description":"Fundas para carritos, bugaboo, maclaren, icoo, bebecar, mima...","potentialAction":[{"@type":"SearchAction","target":{"@type":"EntryPoint","urlTemplate":"https:\/\/lespiculins.com\/pt-pt\/?s={search_term_string}"},"query-input":"required name=search_term_string"}],"inLanguage":"pt-PT"}]}},"_links":{"self":[{"href":"https:\/\/lespiculins.com\/pt-pt\/wp-json\/wp\/v2\/product\/31236"}],"collection":[{"href":"https:\/\/lespiculins.com\/pt-pt\/wp-json\/wp\/v2\/product"}],"about":[{"href":"https:\/\/lespiculins.com\/pt-pt\/wp-json\/wp\/v2\/types\/product"}],"wp:featuredmedia":[{"embeddable":true,"href":"https:\/\/lespiculins.com\/pt-pt\/wp-json\/wp\/v2\/media\/30500"}],"wp:attachment":[{"href":"https:\/\/lespiculins.com\/pt-pt\/wp-json\/wp\/v2\/media?parent=31236"}],"wp:term":[{"taxonomy":"product_cat","embeddable":true,"href":"https:\/\/lespiculins.com\/pt-pt\/wp-json\/wp\/v2\/product_cat?post=31236"},{"taxonomy":"product_tag","embeddable":true,"href":"https:\/\/lespiculins.com\/pt-pt\/wp-json\/wp\/v2\/product_tag?post=31236"}],"curies":[{"name":"wp","href":"https:\/\/api.w.org\/{rel}","templated":true}]}}