{"id":31230,"date":"2020-11-21T15:51:08","date_gmt":"2021-04-27T08:47:00","guid":{"rendered":"https:\/\/lespiculins.com\/producto\/mini-saco-de-vichy-impermeavel\/"},"modified":"2023-07-11T07:29:15","modified_gmt":"2023-07-11T05:29:15","slug":"mini-saco-de-vichy-impermeavel","status":"publish","type":"product","link":"https:\/\/lespiculins.com\/pt-pt\/produto\/mini-saco-de-vichy-impermeavel\/","title":{"rendered":"Mala Pequena Vichy Imperme\u00e1vel"},"content":{"rendered":"<section class=\"wpb-content-wrapper\"><section class=\"l-section wpb_row height_medium\"><div class=\"l-section-h i-cf\"><div class=\"g-cols vc_row via_flex valign_top type_default stacking_default\"><div class=\"vc_col-sm-12 wpb_column vc_column_container\"><div class=\"vc_column-inner\"><div class=\"wpb_wrapper\"><div class=\"wpb_text_column\"><div class=\"wpb_wrapper\"><p>Mais detalhes do nosso Mini Saco Vichy imperme\u00e1vel<\/p>\n<ul>\n<li>Os nossos Mini Bags t\u00eam um tamanho que lhe permitir\u00e1 ter as suas pequenas coisas \u00e0 m\u00e3o sem carregar demasiado o carro do seu Beb\u00e9.<\/li>\n<li>Tamanho 34 x 21 x 8 cm.<\/li>\n<li>Vichy impress\u00e3o de pinturas cor-de-rosa.<\/li>\n<\/ul>\n<\/div><\/div><\/div><\/div><\/div><\/div><\/div><\/section>\n<\/section>","protected":false},"excerpt":{"rendered":"<p>Mala Pequena Vichy Imperme\u00e1vel<\/p>\n<p style=\"text-align: justify;\">Mini saco agrad\u00e1vel mas simples com impress\u00e3o Vichy em molduras cor-de-rosa no fundo branco. Tamb\u00e9m \u00e9 \u00e0 prova de \u00e1gua. Carregue tudo o que o seu beb\u00e9 precisa sem sobrecarregar o carrinho ou o carrinho de beb\u00e9. Saco artesanal, com materiais de alta qualidade.<\/p>\n<p style=\"text-align: justify;\">\u00c9 facilmente acessado gra\u00e7as ao seu fecho exterior e tamb\u00e9m tem f\u00e1cil apego ao carrinho porque as suas pegas t\u00eam dois bot\u00f5es em clique. As pegas s\u00e3o brancas com uma risca cor-de-rosa.<\/p>\n","protected":false},"featured_media":34496,"template":"","meta":{"_joinchat":[]},"product_cat":[138],"product_tag":[333],"yoast_head":"<!-- This site is optimized with the Yoast SEO plugin v21.5 - https:\/\/yoast.com\/wordpress\/plugins\/seo\/ -->\n<title>Mala Pequena Vichy Imperme\u00e1vel | Acess\u00f3rios de passeio | Les Piculins<\/title>\n<meta name=\"description\" content=\"Mini Vichy \u00e0 prova de \u00e1gua. Mini saco de tamanho para levar para um passeio com voc\u00ea tudo o que o seu beb\u00e9 precisa. Impress\u00e3o de imagem cor-de-rosa.\" \/>\n<meta name=\"robots\" content=\"index, follow, max-snippet:-1, max-image-preview:large, max-video-preview:-1\" \/>\n<link rel=\"canonical\" href=\"https:\/\/lespiculins.com\/pt-pt\/produto\/mini-saco-de-vichy-impermeavel\/\" \/>\n<meta property=\"og:locale\" content=\"pt_PT\" \/>\n<meta property=\"og:type\" content=\"article\" \/>\n<meta property=\"og:title\" content=\"Mala Pequena Vichy Imperme\u00e1vel | Acess\u00f3rios de passeio | Les Piculins\" \/>\n<meta property=\"og:description\" content=\"Mini Vichy \u00e0 prova de \u00e1gua. Mini saco de tamanho para levar para um passeio com voc\u00ea tudo o que o seu beb\u00e9 precisa. Impress\u00e3o de imagem cor-de-rosa.\" \/>\n<meta property=\"og:url\" content=\"https:\/\/lespiculins.com\/pt-pt\/produto\/mini-saco-de-vichy-impermeavel\/\" \/>\n<meta property=\"og:site_name\" content=\"Les Piculins\" \/>\n<meta property=\"article:modified_time\" content=\"2023-07-11T05:29:15+00:00\" \/>\n<meta property=\"og:image\" content=\"https:\/\/lespiculins.com\/wp-content\/uploads\/2020\/11\/vichyrosa.jpg\" \/>\n\t<meta property=\"og:image:width\" content=\"1080\" \/>\n\t<meta property=\"og:image:height\" content=\"897\" \/>\n\t<meta property=\"og:image:type\" content=\"image\/jpeg\" \/>\n<meta name=\"twitter:card\" content=\"summary_large_image\" \/>\n<script type=\"application\/ld+json\" class=\"yoast-schema-graph\">{\"@context\":\"https:\/\/schema.org\",\"@graph\":[{\"@type\":\"WebPage\",\"@id\":\"https:\/\/lespiculins.com\/pt-pt\/produto\/mini-saco-de-vichy-impermeavel\/\",\"url\":\"https:\/\/lespiculins.com\/pt-pt\/produto\/mini-saco-de-vichy-impermeavel\/\",\"name\":\"Mala Pequena Vichy Imperme\u00e1vel | Acess\u00f3rios de passeio | Les Piculins\",\"isPartOf\":{\"@id\":\"https:\/\/lespiculins.com\/pt-pt\/#website\"},\"datePublished\":\"2021-04-27T08:47:00+00:00\",\"dateModified\":\"2023-07-11T05:29:15+00:00\",\"description\":\"Mini Vichy \u00e0 prova de \u00e1gua. Mini saco de tamanho para levar para um passeio com voc\u00ea tudo o que o seu beb\u00e9 precisa. Impress\u00e3o de imagem cor-de-rosa.\",\"breadcrumb\":{\"@id\":\"https:\/\/lespiculins.com\/pt-pt\/produto\/mini-saco-de-vichy-impermeavel\/#breadcrumb\"},\"inLanguage\":\"pt-PT\",\"potentialAction\":[{\"@type\":\"ReadAction\",\"target\":[\"https:\/\/lespiculins.com\/pt-pt\/produto\/mini-saco-de-vichy-impermeavel\/\"]}]},{\"@type\":\"BreadcrumbList\",\"@id\":\"https:\/\/lespiculins.com\/pt-pt\/produto\/mini-saco-de-vichy-impermeavel\/#breadcrumb\",\"itemListElement\":[{\"@type\":\"ListItem\",\"position\":1,\"name\":\"Portada\",\"item\":\"https:\/\/lespiculins.com\/pt-pt\/inicio\/\"},{\"@type\":\"ListItem\",\"position\":2,\"name\":\"Loja\",\"item\":\"https:\/\/lespiculins.com\/pt-pt\/loja\/\"},{\"@type\":\"ListItem\",\"position\":3,\"name\":\"Mala Pequena Vichy Imperme\u00e1vel\"}]},{\"@type\":\"WebSite\",\"@id\":\"https:\/\/lespiculins.com\/pt-pt\/#website\",\"url\":\"https:\/\/lespiculins.com\/pt-pt\/\",\"name\":\"Les Piculins\",\"description\":\"Fundas para carritos, bugaboo, maclaren, icoo, bebecar, mima...\",\"potentialAction\":[{\"@type\":\"SearchAction\",\"target\":{\"@type\":\"EntryPoint\",\"urlTemplate\":\"https:\/\/lespiculins.com\/pt-pt\/?s={search_term_string}\"},\"query-input\":\"required name=search_term_string\"}],\"inLanguage\":\"pt-PT\"}]}<\/script>\n<!-- \/ Yoast SEO plugin. -->","yoast_head_json":{"title":"Mala Pequena Vichy Imperme\u00e1vel | Acess\u00f3rios de passeio | Les Piculins","description":"Mini Vichy \u00e0 prova de \u00e1gua. Mini saco de tamanho para levar para um passeio com voc\u00ea tudo o que o seu beb\u00e9 precisa. Impress\u00e3o de imagem cor-de-rosa.","robots":{"index":"index","follow":"follow","max-snippet":"max-snippet:-1","max-image-preview":"max-image-preview:large","max-video-preview":"max-video-preview:-1"},"canonical":"https:\/\/lespiculins.com\/pt-pt\/produto\/mini-saco-de-vichy-impermeavel\/","og_locale":"pt_PT","og_type":"article","og_title":"Mala Pequena Vichy Imperme\u00e1vel | Acess\u00f3rios de passeio | Les Piculins","og_description":"Mini Vichy \u00e0 prova de \u00e1gua. Mini saco de tamanho para levar para um passeio com voc\u00ea tudo o que o seu beb\u00e9 precisa. Impress\u00e3o de imagem cor-de-rosa.","og_url":"https:\/\/lespiculins.com\/pt-pt\/produto\/mini-saco-de-vichy-impermeavel\/","og_site_name":"Les Piculins","article_modified_time":"2023-07-11T05:29:15+00:00","og_image":[{"width":1080,"height":897,"url":"https:\/\/lespiculins.com\/wp-content\/uploads\/2020\/11\/vichyrosa.jpg","type":"image\/jpeg"}],"twitter_card":"summary_large_image","schema":{"@context":"https:\/\/schema.org","@graph":[{"@type":"WebPage","@id":"https:\/\/lespiculins.com\/pt-pt\/produto\/mini-saco-de-vichy-impermeavel\/","url":"https:\/\/lespiculins.com\/pt-pt\/produto\/mini-saco-de-vichy-impermeavel\/","name":"Mala Pequena Vichy Imperme\u00e1vel | Acess\u00f3rios de passeio | Les Piculins","isPartOf":{"@id":"https:\/\/lespiculins.com\/pt-pt\/#website"},"datePublished":"2021-04-27T08:47:00+00:00","dateModified":"2023-07-11T05:29:15+00:00","description":"Mini Vichy \u00e0 prova de \u00e1gua. Mini saco de tamanho para levar para um passeio com voc\u00ea tudo o que o seu beb\u00e9 precisa. Impress\u00e3o de imagem cor-de-rosa.","breadcrumb":{"@id":"https:\/\/lespiculins.com\/pt-pt\/produto\/mini-saco-de-vichy-impermeavel\/#breadcrumb"},"inLanguage":"pt-PT","potentialAction":[{"@type":"ReadAction","target":["https:\/\/lespiculins.com\/pt-pt\/produto\/mini-saco-de-vichy-impermeavel\/"]}]},{"@type":"BreadcrumbList","@id":"https:\/\/lespiculins.com\/pt-pt\/produto\/mini-saco-de-vichy-impermeavel\/#breadcrumb","itemListElement":[{"@type":"ListItem","position":1,"name":"Portada","item":"https:\/\/lespiculins.com\/pt-pt\/inicio\/"},{"@type":"ListItem","position":2,"name":"Loja","item":"https:\/\/lespiculins.com\/pt-pt\/loja\/"},{"@type":"ListItem","position":3,"name":"Mala Pequena Vichy Imperme\u00e1vel"}]},{"@type":"WebSite","@id":"https:\/\/lespiculins.com\/pt-pt\/#website","url":"https:\/\/lespiculins.com\/pt-pt\/","name":"Les Piculins","description":"Fundas para carritos, bugaboo, maclaren, icoo, bebecar, mima...","potentialAction":[{"@type":"SearchAction","target":{"@type":"EntryPoint","urlTemplate":"https:\/\/lespiculins.com\/pt-pt\/?s={search_term_string}"},"query-input":"required name=search_term_string"}],"inLanguage":"pt-PT"}]}},"_links":{"self":[{"href":"https:\/\/lespiculins.com\/pt-pt\/wp-json\/wp\/v2\/product\/31230"}],"collection":[{"href":"https:\/\/lespiculins.com\/pt-pt\/wp-json\/wp\/v2\/product"}],"about":[{"href":"https:\/\/lespiculins.com\/pt-pt\/wp-json\/wp\/v2\/types\/product"}],"wp:featuredmedia":[{"embeddable":true,"href":"https:\/\/lespiculins.com\/pt-pt\/wp-json\/wp\/v2\/media\/34496"}],"wp:attachment":[{"href":"https:\/\/lespiculins.com\/pt-pt\/wp-json\/wp\/v2\/media?parent=31230"}],"wp:term":[{"taxonomy":"product_cat","embeddable":true,"href":"https:\/\/lespiculins.com\/pt-pt\/wp-json\/wp\/v2\/product_cat?post=31230"},{"taxonomy":"product_tag","embeddable":true,"href":"https:\/\/lespiculins.com\/pt-pt\/wp-json\/wp\/v2\/product_tag?post=31230"}],"curies":[{"name":"wp","href":"https:\/\/api.w.org\/{rel}","templated":true}]}}