{"id":31228,"date":"2020-11-21T15:46:57","date_gmt":"2021-04-27T08:46:00","guid":{"rendered":"https:\/\/lespiculins.com\/producto\/saco-de-bebe-vichy-aqua\/"},"modified":"2023-07-11T07:44:21","modified_gmt":"2023-07-11T05:44:21","slug":"saco-de-bebe-vichy-aqua","status":"publish","type":"product","link":"https:\/\/lespiculins.com\/pt-pt\/produto\/saco-de-bebe-vichy-aqua\/","title":{"rendered":"Saco de beb\u00ea Vichy Aqua"},"content":{"rendered":"<section class=\"wpb-content-wrapper\"><section class=\"l-section wpb_row height_medium\"><div class=\"l-section-h i-cf\"><div class=\"g-cols vc_row via_flex valign_top type_default stacking_default\"><div class=\"vc_col-sm-12 wpb_column vc_column_container\"><div class=\"vc_column-inner\"><div class=\"wpb_wrapper\"><div class=\"wpb_text_column\"><div class=\"wpb_wrapper\"><p>Mais detalhes sobre o Vichy Aqua Baby Bag<\/p>\n<ul>\n<li>A sua forma e tamanho tornam-no um saco compat\u00edvel com praticamente todos os modelos de carrinhos no mercado. No entanto, se tiver alguma d\u00favida, contacte-nos e tentaremos resolv\u00ea-las.<\/li>\n<li>Composi\u00e7\u00e3o: 75% algod\u00e3o, 25% poli\u00e9ster.<\/li>\n<li>Para fazer com que o seu saco de beb\u00e9 pare\u00e7a novo siga as nossas dicas de lavagem: todas as nossas roupas podem ser lavadas na m\u00e1quina, no m\u00e1ximo 30oC. Pode utilizar o detergente l\u00edquido hipoalerg\u00e9nico do seu beb\u00e9. N\u00e3o utilize um secador, ao passar a ferro n\u00e3o pressione a pe\u00e7a com o ferro de modo a que o recheio permane\u00e7a t\u00e3o fluidito como no primeiro dia.<\/li>\n<\/ul>\n<\/div><\/div><\/div><\/div><\/div><\/div><\/div><\/section>\n<\/section>","protected":false},"excerpt":{"rendered":"<p style=\"text-align: justify;\">Universal Vichy aqua baby bag para baga, ber\u00e7o e para aqueles dias em que l@s preferem andar nos seus bra\u00e7os. Para manter o seu beb\u00e9 confort\u00e1vel, aquecido e protegido<\/p>\n<p style=\"text-align: justify;\">Feito em um Vichy em tons de aqua que combinar\u00e1 perfeitamente com o seu Bugaboo Steam Blue Hood e BabyZen Yo-Yo Aqua. T\u00eam interiores numa ovelha muito macia e quente. Com fechos de ambos os lados para que possa utilizar apenas a base.<\/p>\n<p style=\"text-align: justify;\">Receba-o em 24 horas.<\/p>\n<p style=\"text-align: justify;\">Voc\u00ea pode ver mais itens da cole\u00e7\u00e3o Vichy aqua em nosso site, tais como: <a href=\"https:\/\/lespiculins.com\/producto\/bolsa-mini-vichy-aqua\/\" target=\"_blank\" rel=\"noopener\">o Vichy Aqua Mini Bag,<\/a> <a href=\"https:\/\/lespiculins.com\/producto\/bolsa-panera-vichy-aqua\/\" target=\"_blank\" rel=\"noopener\">o Vichy Aqua Panera Bag,<\/a> <a href=\"https:\/\/lespiculins.com\/producto\/colchoneta-universal-vichy-aqua\/\" target=\"_blank\" rel=\"noopener\">o Vichy Aqua Universal<\/a> Mattress e o Yo Yo <a href=\"https:\/\/lespiculins.com\/producto\/colchoneta-yo-yo-vichy-aqua\/\" target=\"_blank\" rel=\"noopener\">Vichy Aqua Mattress.<\/a><\/p>\n","protected":false},"featured_media":34795,"template":"","meta":{"_joinchat":[]},"product_cat":[226],"product_tag":[326],"yoast_head":"<!-- This site is optimized with the Yoast SEO plugin v21.5 - https:\/\/yoast.com\/wordpress\/plugins\/seo\/ -->\n<title>| de saco de beb\u00ea vichy aqua Sacos de beb\u00ea | Os Piculins<\/title>\n<meta name=\"description\" content=\"Casaco de beb\u00ea vichy aqua. Interior em uma ovelha muito macia e quente. Feito de um Vichy em tons aqua.\" \/>\n<meta name=\"robots\" content=\"index, follow, max-snippet:-1, max-image-preview:large, max-video-preview:-1\" \/>\n<link rel=\"canonical\" href=\"https:\/\/lespiculins.com\/pt-pt\/produto\/saco-de-bebe-vichy-aqua\/\" \/>\n<meta property=\"og:locale\" content=\"pt_PT\" \/>\n<meta property=\"og:type\" content=\"article\" \/>\n<meta property=\"og:title\" content=\"| de saco de beb\u00ea vichy aqua Sacos de beb\u00ea | Os Piculins\" \/>\n<meta property=\"og:description\" content=\"Casaco de beb\u00ea vichy aqua. Interior em uma ovelha muito macia e quente. Feito de um Vichy em tons aqua.\" \/>\n<meta property=\"og:url\" content=\"https:\/\/lespiculins.com\/pt-pt\/produto\/saco-de-bebe-vichy-aqua\/\" \/>\n<meta property=\"og:site_name\" content=\"Les Piculins\" \/>\n<meta property=\"article:modified_time\" content=\"2023-07-11T05:44:21+00:00\" \/>\n<meta property=\"og:image\" content=\"https:\/\/lespiculins.com\/wp-content\/uploads\/2020\/11\/vichyaqua4.jpg\" \/>\n\t<meta property=\"og:image:width\" content=\"1080\" \/>\n\t<meta property=\"og:image:height\" content=\"810\" \/>\n\t<meta property=\"og:image:type\" content=\"image\/jpeg\" \/>\n<meta name=\"twitter:card\" content=\"summary_large_image\" \/>\n<meta name=\"twitter:label1\" content=\"Tempo estimado de leitura\" \/>\n\t<meta name=\"twitter:data1\" content=\"1 minuto\" \/>\n<script type=\"application\/ld+json\" class=\"yoast-schema-graph\">{\"@context\":\"https:\/\/schema.org\",\"@graph\":[{\"@type\":\"WebPage\",\"@id\":\"https:\/\/lespiculins.com\/pt-pt\/produto\/saco-de-bebe-vichy-aqua\/\",\"url\":\"https:\/\/lespiculins.com\/pt-pt\/produto\/saco-de-bebe-vichy-aqua\/\",\"name\":\"| de saco de beb\u00ea vichy aqua Sacos de beb\u00ea | Os Piculins\",\"isPartOf\":{\"@id\":\"https:\/\/lespiculins.com\/pt-pt\/#website\"},\"datePublished\":\"2021-04-27T08:46:00+00:00\",\"dateModified\":\"2023-07-11T05:44:21+00:00\",\"description\":\"Casaco de beb\u00ea vichy aqua. Interior em uma ovelha muito macia e quente. Feito de um Vichy em tons aqua.\",\"breadcrumb\":{\"@id\":\"https:\/\/lespiculins.com\/pt-pt\/produto\/saco-de-bebe-vichy-aqua\/#breadcrumb\"},\"inLanguage\":\"pt-PT\",\"potentialAction\":[{\"@type\":\"ReadAction\",\"target\":[\"https:\/\/lespiculins.com\/pt-pt\/produto\/saco-de-bebe-vichy-aqua\/\"]}]},{\"@type\":\"BreadcrumbList\",\"@id\":\"https:\/\/lespiculins.com\/pt-pt\/produto\/saco-de-bebe-vichy-aqua\/#breadcrumb\",\"itemListElement\":[{\"@type\":\"ListItem\",\"position\":1,\"name\":\"Portada\",\"item\":\"https:\/\/lespiculins.com\/pt-pt\/inicio\/\"},{\"@type\":\"ListItem\",\"position\":2,\"name\":\"Loja\",\"item\":\"https:\/\/lespiculins.com\/pt-pt\/loja\/\"},{\"@type\":\"ListItem\",\"position\":3,\"name\":\"Saco de beb\u00ea Vichy Aqua\"}]},{\"@type\":\"WebSite\",\"@id\":\"https:\/\/lespiculins.com\/pt-pt\/#website\",\"url\":\"https:\/\/lespiculins.com\/pt-pt\/\",\"name\":\"Les Piculins\",\"description\":\"Fundas para carritos, bugaboo, maclaren, icoo, bebecar, mima...\",\"potentialAction\":[{\"@type\":\"SearchAction\",\"target\":{\"@type\":\"EntryPoint\",\"urlTemplate\":\"https:\/\/lespiculins.com\/pt-pt\/?s={search_term_string}\"},\"query-input\":\"required name=search_term_string\"}],\"inLanguage\":\"pt-PT\"}]}<\/script>\n<!-- \/ Yoast SEO plugin. -->","yoast_head_json":{"title":"| de saco de beb\u00ea vichy aqua Sacos de beb\u00ea | Os Piculins","description":"Casaco de beb\u00ea vichy aqua. Interior em uma ovelha muito macia e quente. Feito de um Vichy em tons aqua.","robots":{"index":"index","follow":"follow","max-snippet":"max-snippet:-1","max-image-preview":"max-image-preview:large","max-video-preview":"max-video-preview:-1"},"canonical":"https:\/\/lespiculins.com\/pt-pt\/produto\/saco-de-bebe-vichy-aqua\/","og_locale":"pt_PT","og_type":"article","og_title":"| de saco de beb\u00ea vichy aqua Sacos de beb\u00ea | Os Piculins","og_description":"Casaco de beb\u00ea vichy aqua. Interior em uma ovelha muito macia e quente. Feito de um Vichy em tons aqua.","og_url":"https:\/\/lespiculins.com\/pt-pt\/produto\/saco-de-bebe-vichy-aqua\/","og_site_name":"Les Piculins","article_modified_time":"2023-07-11T05:44:21+00:00","og_image":[{"width":1080,"height":810,"url":"https:\/\/lespiculins.com\/wp-content\/uploads\/2020\/11\/vichyaqua4.jpg","type":"image\/jpeg"}],"twitter_card":"summary_large_image","twitter_misc":{"Tempo estimado de leitura":"1 minuto"},"schema":{"@context":"https:\/\/schema.org","@graph":[{"@type":"WebPage","@id":"https:\/\/lespiculins.com\/pt-pt\/produto\/saco-de-bebe-vichy-aqua\/","url":"https:\/\/lespiculins.com\/pt-pt\/produto\/saco-de-bebe-vichy-aqua\/","name":"| de saco de beb\u00ea vichy aqua Sacos de beb\u00ea | Os Piculins","isPartOf":{"@id":"https:\/\/lespiculins.com\/pt-pt\/#website"},"datePublished":"2021-04-27T08:46:00+00:00","dateModified":"2023-07-11T05:44:21+00:00","description":"Casaco de beb\u00ea vichy aqua. Interior em uma ovelha muito macia e quente. Feito de um Vichy em tons aqua.","breadcrumb":{"@id":"https:\/\/lespiculins.com\/pt-pt\/produto\/saco-de-bebe-vichy-aqua\/#breadcrumb"},"inLanguage":"pt-PT","potentialAction":[{"@type":"ReadAction","target":["https:\/\/lespiculins.com\/pt-pt\/produto\/saco-de-bebe-vichy-aqua\/"]}]},{"@type":"BreadcrumbList","@id":"https:\/\/lespiculins.com\/pt-pt\/produto\/saco-de-bebe-vichy-aqua\/#breadcrumb","itemListElement":[{"@type":"ListItem","position":1,"name":"Portada","item":"https:\/\/lespiculins.com\/pt-pt\/inicio\/"},{"@type":"ListItem","position":2,"name":"Loja","item":"https:\/\/lespiculins.com\/pt-pt\/loja\/"},{"@type":"ListItem","position":3,"name":"Saco de beb\u00ea Vichy Aqua"}]},{"@type":"WebSite","@id":"https:\/\/lespiculins.com\/pt-pt\/#website","url":"https:\/\/lespiculins.com\/pt-pt\/","name":"Les Piculins","description":"Fundas para carritos, bugaboo, maclaren, icoo, bebecar, mima...","potentialAction":[{"@type":"SearchAction","target":{"@type":"EntryPoint","urlTemplate":"https:\/\/lespiculins.com\/pt-pt\/?s={search_term_string}"},"query-input":"required name=search_term_string"}],"inLanguage":"pt-PT"}]}},"_links":{"self":[{"href":"https:\/\/lespiculins.com\/pt-pt\/wp-json\/wp\/v2\/product\/31228"}],"collection":[{"href":"https:\/\/lespiculins.com\/pt-pt\/wp-json\/wp\/v2\/product"}],"about":[{"href":"https:\/\/lespiculins.com\/pt-pt\/wp-json\/wp\/v2\/types\/product"}],"wp:featuredmedia":[{"embeddable":true,"href":"https:\/\/lespiculins.com\/pt-pt\/wp-json\/wp\/v2\/media\/34795"}],"wp:attachment":[{"href":"https:\/\/lespiculins.com\/pt-pt\/wp-json\/wp\/v2\/media?parent=31228"}],"wp:term":[{"taxonomy":"product_cat","embeddable":true,"href":"https:\/\/lespiculins.com\/pt-pt\/wp-json\/wp\/v2\/product_cat?post=31228"},{"taxonomy":"product_tag","embeddable":true,"href":"https:\/\/lespiculins.com\/pt-pt\/wp-json\/wp\/v2\/product_tag?post=31228"}],"curies":[{"name":"wp","href":"https:\/\/api.w.org\/{rel}","templated":true}]}}