{"id":31225,"date":"2020-12-01T12:22:45","date_gmt":"2021-04-27T08:42:54","guid":{"rendered":"https:\/\/lespiculins.com\/producto\/liberty-aqua-flowers-changer\/"},"modified":"2024-05-27T09:44:20","modified_gmt":"2024-05-27T07:44:20","slug":"changer-liberty-flores-aqua","status":"publish","type":"product","link":"https:\/\/lespiculins.com\/pt-pt\/produto\/changer-liberty-flores-aqua\/","title":{"rendered":"Liberty Aqua Flowers Changer"},"content":{"rendered":"<section class=\"wpb-content-wrapper\"><section class=\"l-section wpb_row height_medium\"><div class=\"l-section-h i-cf\"><div class=\"g-cols vc_row via_flex valign_top type_default stacking_default\"><div class=\"vc_col-sm-12 wpb_column vc_column_container\"><div class=\"vc_column-inner\"><div class=\"wpb_wrapper\"><div class=\"wpb_text_column\"><div class=\"wpb_wrapper\"><p>Mais detalhes do nosso Liberty Aqua Flowers Changer<\/p>\n<ul>\n<li>Dimens\u00f5es fechadas 32 x 22 x 8 cm.<\/li>\n<li>Abra as dimens\u00f5es 49 x 74 cm.<\/li>\n<li>Impress\u00e3o liberty londres com flores verdes e azuis.<\/li>\n<li><strong>Gorjetas de lavagem .<\/strong> Maquinado, com o detergente hipoalerg\u00e9nico do seu beb\u00e9, m\u00e1ximo a 30oC. N\u00e3o pode passar ou usar um secador.<\/li>\n<\/ul>\n<\/div><\/div><\/div><\/div><\/div><\/div><\/div><\/section>\n<\/section>","protected":false},"excerpt":{"rendered":"<p style=\"text-align: justify;\">Trocador <strong>com toque de veludo e interior imperme\u00e1vel macio.<\/strong> O seu tamanho \u00e9 perfeito para ser usado tanto em casa como na rua quando vai dar um passeio com o seu beb\u00e9. Fa\u00e7a com que a fralda do seu beb\u00e9 mude de roupa e se torne mais suport\u00e1vel com o nosso confort\u00e1vel trocador.<\/p>\n<p style=\"text-align: justify;\">Na Liberty London com estampado de flores em tons verdes e azuis. Tem o detalhe do <strong>volante<\/strong> e fecha com um bot\u00e3o de madeira. O tecido <strong>\u00e9 100% algod\u00e3o.<\/strong> Para todos os que possuem um Bugaboo e s\u00e3o amantes das gravuras da Liberty London, a nossa cole\u00e7\u00e3o Aqua <strong>combina fenomenal com o bugaboo Blue Steam hood.<\/strong><\/p>\n<p style=\"text-align: justify;\">Outros produtos da cole\u00e7\u00e3o Liberty Flores Aqua: <a href=\"https:\/\/lespiculins.com\/producto\/bolsa-mini-liberty-flores-aqua\/\" target=\"_blank\" rel=\"noopener\">o Mini Liberty Flowers Aqua<\/a>Bag, o <a href=\"https:\/\/lespiculins.com\/producto\/colchoneta-reversible-bugaboo-mini-flor-aqua\/\" target=\"_blank\" rel=\"noopener\">Bugaboo Liberty Aqua Reversible Mat,<\/a> <a href=\"https:\/\/lespiculins.com\/producto\/saco-bebe-liberty-aqua\/\" target=\"_blank\" rel=\"noopener\">o Liberty Aqua Baby Bag<\/a> e o Liberty <a href=\"https:\/\/lespiculins.com\/producto\/talega-liberty-aqua\/\" target=\"_blank\" rel=\"noopener\">Aqua Talega.<\/a><\/p>\n<p>&nbsp;<\/p>\n","protected":false},"featured_media":30556,"template":"","meta":{"_joinchat":[]},"product_cat":[115],"product_tag":[307],"yoast_head":"<!-- This site is optimized with the Yoast SEO plugin v21.5 - https:\/\/yoast.com\/wordpress\/plugins\/seo\/ -->\n<title>Trocador Liberty Flores Aqua | Acess\u00f3rios para beb\u00e9s | Os Piculins<\/title>\n<meta name=\"description\" content=\"Trocador Liberty Flores Aqua. Trocador com interior imperme\u00e1vel e toque de veludo. 100% algod\u00e3o. Para troca de roupa de banho e fraldas.\" \/>\n<meta name=\"robots\" content=\"index, follow, max-snippet:-1, max-image-preview:large, max-video-preview:-1\" \/>\n<link rel=\"canonical\" href=\"https:\/\/lespiculins.com\/pt-pt\/produto\/changer-liberty-flores-aqua\/\" \/>\n<meta property=\"og:locale\" content=\"pt_PT\" \/>\n<meta property=\"og:type\" content=\"article\" \/>\n<meta property=\"og:title\" content=\"Trocador Liberty Flores Aqua | Acess\u00f3rios para beb\u00e9s | Os Piculins\" \/>\n<meta property=\"og:description\" content=\"Trocador Liberty Flores Aqua. Trocador com interior imperme\u00e1vel e toque de veludo. 100% algod\u00e3o. Para troca de roupa de banho e fraldas.\" \/>\n<meta property=\"og:url\" content=\"https:\/\/lespiculins.com\/pt-pt\/produto\/changer-liberty-flores-aqua\/\" \/>\n<meta property=\"og:site_name\" content=\"Les Piculins\" \/>\n<meta property=\"article:modified_time\" content=\"2024-05-27T07:44:20+00:00\" \/>\n<meta property=\"og:image\" content=\"https:\/\/lespiculins.com\/wp-content\/uploads\/2020\/12\/Cambiador-Floriana.jpg\" \/>\n\t<meta property=\"og:image:width\" content=\"1200\" \/>\n\t<meta property=\"og:image:height\" content=\"900\" \/>\n\t<meta property=\"og:image:type\" content=\"image\/jpeg\" \/>\n<meta name=\"twitter:card\" content=\"summary_large_image\" \/>\n<script type=\"application\/ld+json\" class=\"yoast-schema-graph\">{\"@context\":\"https:\/\/schema.org\",\"@graph\":[{\"@type\":\"WebPage\",\"@id\":\"https:\/\/lespiculins.com\/pt-pt\/produto\/changer-liberty-flores-aqua\/\",\"url\":\"https:\/\/lespiculins.com\/pt-pt\/produto\/changer-liberty-flores-aqua\/\",\"name\":\"Trocador Liberty Flores Aqua | Acess\u00f3rios para beb\u00e9s | Os Piculins\",\"isPartOf\":{\"@id\":\"https:\/\/lespiculins.com\/pt-pt\/#website\"},\"datePublished\":\"2021-04-27T08:42:54+00:00\",\"dateModified\":\"2024-05-27T07:44:20+00:00\",\"description\":\"Trocador Liberty Flores Aqua. Trocador com interior imperme\u00e1vel e toque de veludo. 100% algod\u00e3o. Para troca de roupa de banho e fraldas.\",\"breadcrumb\":{\"@id\":\"https:\/\/lespiculins.com\/pt-pt\/produto\/changer-liberty-flores-aqua\/#breadcrumb\"},\"inLanguage\":\"pt-PT\",\"potentialAction\":[{\"@type\":\"ReadAction\",\"target\":[\"https:\/\/lespiculins.com\/pt-pt\/produto\/changer-liberty-flores-aqua\/\"]}]},{\"@type\":\"BreadcrumbList\",\"@id\":\"https:\/\/lespiculins.com\/pt-pt\/produto\/changer-liberty-flores-aqua\/#breadcrumb\",\"itemListElement\":[{\"@type\":\"ListItem\",\"position\":1,\"name\":\"Portada\",\"item\":\"https:\/\/lespiculins.com\/pt-pt\/inicio\/\"},{\"@type\":\"ListItem\",\"position\":2,\"name\":\"Loja\",\"item\":\"https:\/\/lespiculins.com\/pt-pt\/loja\/\"},{\"@type\":\"ListItem\",\"position\":3,\"name\":\"Liberty Aqua Flowers Changer\"}]},{\"@type\":\"WebSite\",\"@id\":\"https:\/\/lespiculins.com\/pt-pt\/#website\",\"url\":\"https:\/\/lespiculins.com\/pt-pt\/\",\"name\":\"Les Piculins\",\"description\":\"Fundas para carritos, bugaboo, maclaren, icoo, bebecar, mima...\",\"potentialAction\":[{\"@type\":\"SearchAction\",\"target\":{\"@type\":\"EntryPoint\",\"urlTemplate\":\"https:\/\/lespiculins.com\/pt-pt\/?s={search_term_string}\"},\"query-input\":\"required name=search_term_string\"}],\"inLanguage\":\"pt-PT\"}]}<\/script>\n<!-- \/ Yoast SEO plugin. -->","yoast_head_json":{"title":"Trocador Liberty Flores Aqua | Acess\u00f3rios para beb\u00e9s | Os Piculins","description":"Trocador Liberty Flores Aqua. Trocador com interior imperme\u00e1vel e toque de veludo. 100% algod\u00e3o. Para troca de roupa de banho e fraldas.","robots":{"index":"index","follow":"follow","max-snippet":"max-snippet:-1","max-image-preview":"max-image-preview:large","max-video-preview":"max-video-preview:-1"},"canonical":"https:\/\/lespiculins.com\/pt-pt\/produto\/changer-liberty-flores-aqua\/","og_locale":"pt_PT","og_type":"article","og_title":"Trocador Liberty Flores Aqua | Acess\u00f3rios para beb\u00e9s | Os Piculins","og_description":"Trocador Liberty Flores Aqua. Trocador com interior imperme\u00e1vel e toque de veludo. 100% algod\u00e3o. Para troca de roupa de banho e fraldas.","og_url":"https:\/\/lespiculins.com\/pt-pt\/produto\/changer-liberty-flores-aqua\/","og_site_name":"Les Piculins","article_modified_time":"2024-05-27T07:44:20+00:00","og_image":[{"width":1200,"height":900,"url":"https:\/\/lespiculins.com\/wp-content\/uploads\/2020\/12\/Cambiador-Floriana.jpg","type":"image\/jpeg"}],"twitter_card":"summary_large_image","schema":{"@context":"https:\/\/schema.org","@graph":[{"@type":"WebPage","@id":"https:\/\/lespiculins.com\/pt-pt\/produto\/changer-liberty-flores-aqua\/","url":"https:\/\/lespiculins.com\/pt-pt\/produto\/changer-liberty-flores-aqua\/","name":"Trocador Liberty Flores Aqua | Acess\u00f3rios para beb\u00e9s | Os Piculins","isPartOf":{"@id":"https:\/\/lespiculins.com\/pt-pt\/#website"},"datePublished":"2021-04-27T08:42:54+00:00","dateModified":"2024-05-27T07:44:20+00:00","description":"Trocador Liberty Flores Aqua. Trocador com interior imperme\u00e1vel e toque de veludo. 100% algod\u00e3o. Para troca de roupa de banho e fraldas.","breadcrumb":{"@id":"https:\/\/lespiculins.com\/pt-pt\/produto\/changer-liberty-flores-aqua\/#breadcrumb"},"inLanguage":"pt-PT","potentialAction":[{"@type":"ReadAction","target":["https:\/\/lespiculins.com\/pt-pt\/produto\/changer-liberty-flores-aqua\/"]}]},{"@type":"BreadcrumbList","@id":"https:\/\/lespiculins.com\/pt-pt\/produto\/changer-liberty-flores-aqua\/#breadcrumb","itemListElement":[{"@type":"ListItem","position":1,"name":"Portada","item":"https:\/\/lespiculins.com\/pt-pt\/inicio\/"},{"@type":"ListItem","position":2,"name":"Loja","item":"https:\/\/lespiculins.com\/pt-pt\/loja\/"},{"@type":"ListItem","position":3,"name":"Liberty Aqua Flowers Changer"}]},{"@type":"WebSite","@id":"https:\/\/lespiculins.com\/pt-pt\/#website","url":"https:\/\/lespiculins.com\/pt-pt\/","name":"Les Piculins","description":"Fundas para carritos, bugaboo, maclaren, icoo, bebecar, mima...","potentialAction":[{"@type":"SearchAction","target":{"@type":"EntryPoint","urlTemplate":"https:\/\/lespiculins.com\/pt-pt\/?s={search_term_string}"},"query-input":"required name=search_term_string"}],"inLanguage":"pt-PT"}]}},"_links":{"self":[{"href":"https:\/\/lespiculins.com\/pt-pt\/wp-json\/wp\/v2\/product\/31225"}],"collection":[{"href":"https:\/\/lespiculins.com\/pt-pt\/wp-json\/wp\/v2\/product"}],"about":[{"href":"https:\/\/lespiculins.com\/pt-pt\/wp-json\/wp\/v2\/types\/product"}],"wp:featuredmedia":[{"embeddable":true,"href":"https:\/\/lespiculins.com\/pt-pt\/wp-json\/wp\/v2\/media\/30556"}],"wp:attachment":[{"href":"https:\/\/lespiculins.com\/pt-pt\/wp-json\/wp\/v2\/media?parent=31225"}],"wp:term":[{"taxonomy":"product_cat","embeddable":true,"href":"https:\/\/lespiculins.com\/pt-pt\/wp-json\/wp\/v2\/product_cat?post=31225"},{"taxonomy":"product_tag","embeddable":true,"href":"https:\/\/lespiculins.com\/pt-pt\/wp-json\/wp\/v2\/product_tag?post=31225"}],"curies":[{"name":"wp","href":"https:\/\/api.w.org\/{rel}","templated":true}]}}