{"id":31217,"date":"2020-12-04T12:17:58","date_gmt":"2021-04-27T08:39:56","guid":{"rendered":"https:\/\/lespiculins.com\/producto\/toquilla-bege\/"},"modified":"2021-04-27T10:39:56","modified_gmt":"2021-04-27T08:39:56","slug":"toquilla-bege","status":"publish","type":"product","link":"https:\/\/lespiculins.com\/pt-pt\/produto\/toquilla-bege\/","title":{"rendered":"Toquilla Bege"},"content":{"rendered":"<p>Mais detalhes da nossa Toquilla Bege<\/p>\n<ul>\n<li><strong>Dicas de lavagem : M\u00e1quina,<\/strong>com detergente hipoalerg\u00e9nico do beb\u00e9, at\u00e9 30oC. N\u00e3o pode passar ou usar um secador.<\/li>\n<\/ul>\n","protected":false},"excerpt":{"rendered":"<p style=\"text-align: justify;\">Toquilla toupeira cl\u00e1ssica com ded\u00e3o bordado extra largo e detalhe enlameado. Pegue a sua capa correspondente para guardar, ser\u00e1 o seu cobertor favorito.<\/p>\n<p style=\"text-align: justify;\">Este cl\u00e1ssico toquilla \u00e9 um <strong>presente especial<\/strong> para uma m\u00e3e que est\u00e1 \u00e0 espera do seu beb\u00e9 ou de um rec\u00e9m-nascido.<\/p>\n<p style=\"text-align: justify;\">As toquillas do beb\u00e9 s\u00e3o cobertores ligeiramente mais finos do que os cobertores normais. <strong>\u00c9 aconselh\u00e1vel transportar um toquilla<\/strong>sempre, tamb\u00e9m no ver\u00e3o, uma vez que muitas lojas ou restaurantes usam o <strong>ar<\/strong> condicionado ou para as noites de ver\u00e3o em que <strong>se refresca.<\/strong> \u00c9 assim que impedimos o nosso beb\u00e9 de adoecer.<\/p>\n","protected":false},"featured_media":30576,"template":"","meta":{"_joinchat":[]},"product_cat":[142],"product_tag":[321],"yoast_head":"<!-- This site is optimized with the Yoast SEO plugin v21.5 - https:\/\/yoast.com\/wordpress\/plugins\/seo\/ -->\n<title>Toquilla bege | Acess\u00f3rios para beb\u00e9s | Os Piculins<\/title>\n<meta name=\"description\" content=\"Toquilla bege. Toquilla toupeira cl\u00e1ssica com ded\u00e3o bordado extra largo e detalhe enlameado. Com cobertura a condizer. Ideal para presente.\" \/>\n<meta name=\"robots\" content=\"index, follow, max-snippet:-1, max-image-preview:large, max-video-preview:-1\" \/>\n<link rel=\"canonical\" href=\"https:\/\/lespiculins.com\/pt-pt\/produto\/toquilla-bege\/\" \/>\n<meta property=\"og:locale\" content=\"pt_PT\" \/>\n<meta property=\"og:type\" content=\"article\" \/>\n<meta property=\"og:title\" content=\"Toquilla bege | Acess\u00f3rios para beb\u00e9s | Os Piculins\" \/>\n<meta property=\"og:description\" content=\"Toquilla bege. Toquilla toupeira cl\u00e1ssica com ded\u00e3o bordado extra largo e detalhe enlameado. Com cobertura a condizer. Ideal para presente.\" \/>\n<meta property=\"og:url\" content=\"https:\/\/lespiculins.com\/pt-pt\/produto\/toquilla-bege\/\" \/>\n<meta property=\"og:site_name\" content=\"Les Piculins\" \/>\n<meta property=\"og:image\" content=\"https:\/\/lespiculins.com\/wp-content\/uploads\/2020\/12\/50596842_349750042295230_2825914293072584883_n.jpg\" \/>\n\t<meta property=\"og:image:width\" content=\"640\" \/>\n\t<meta property=\"og:image:height\" content=\"640\" \/>\n\t<meta property=\"og:image:type\" content=\"image\/jpeg\" \/>\n<meta name=\"twitter:card\" content=\"summary_large_image\" \/>\n<script type=\"application\/ld+json\" class=\"yoast-schema-graph\">{\"@context\":\"https:\/\/schema.org\",\"@graph\":[{\"@type\":\"WebPage\",\"@id\":\"https:\/\/lespiculins.com\/pt-pt\/produto\/toquilla-bege\/\",\"url\":\"https:\/\/lespiculins.com\/pt-pt\/produto\/toquilla-bege\/\",\"name\":\"Toquilla bege | Acess\u00f3rios para beb\u00e9s | Os Piculins\",\"isPartOf\":{\"@id\":\"https:\/\/lespiculins.com\/pt-pt\/#website\"},\"datePublished\":\"2021-04-27T08:39:56+00:00\",\"dateModified\":\"2021-04-27T08:39:56+00:00\",\"description\":\"Toquilla bege. Toquilla toupeira cl\u00e1ssica com ded\u00e3o bordado extra largo e detalhe enlameado. Com cobertura a condizer. Ideal para presente.\",\"breadcrumb\":{\"@id\":\"https:\/\/lespiculins.com\/pt-pt\/produto\/toquilla-bege\/#breadcrumb\"},\"inLanguage\":\"pt-PT\",\"potentialAction\":[{\"@type\":\"ReadAction\",\"target\":[\"https:\/\/lespiculins.com\/pt-pt\/produto\/toquilla-bege\/\"]}]},{\"@type\":\"BreadcrumbList\",\"@id\":\"https:\/\/lespiculins.com\/pt-pt\/produto\/toquilla-bege\/#breadcrumb\",\"itemListElement\":[{\"@type\":\"ListItem\",\"position\":1,\"name\":\"Portada\",\"item\":\"https:\/\/lespiculins.com\/pt-pt\/inicio\/\"},{\"@type\":\"ListItem\",\"position\":2,\"name\":\"Loja\",\"item\":\"https:\/\/lespiculins.com\/pt-pt\/loja\/\"},{\"@type\":\"ListItem\",\"position\":3,\"name\":\"Toquilla Bege\"}]},{\"@type\":\"WebSite\",\"@id\":\"https:\/\/lespiculins.com\/pt-pt\/#website\",\"url\":\"https:\/\/lespiculins.com\/pt-pt\/\",\"name\":\"Les Piculins\",\"description\":\"Fundas para carritos, bugaboo, maclaren, icoo, bebecar, mima...\",\"potentialAction\":[{\"@type\":\"SearchAction\",\"target\":{\"@type\":\"EntryPoint\",\"urlTemplate\":\"https:\/\/lespiculins.com\/pt-pt\/?s={search_term_string}\"},\"query-input\":\"required name=search_term_string\"}],\"inLanguage\":\"pt-PT\"}]}<\/script>\n<!-- \/ Yoast SEO plugin. -->","yoast_head_json":{"title":"Toquilla bege | Acess\u00f3rios para beb\u00e9s | Os Piculins","description":"Toquilla bege. Toquilla toupeira cl\u00e1ssica com ded\u00e3o bordado extra largo e detalhe enlameado. Com cobertura a condizer. Ideal para presente.","robots":{"index":"index","follow":"follow","max-snippet":"max-snippet:-1","max-image-preview":"max-image-preview:large","max-video-preview":"max-video-preview:-1"},"canonical":"https:\/\/lespiculins.com\/pt-pt\/produto\/toquilla-bege\/","og_locale":"pt_PT","og_type":"article","og_title":"Toquilla bege | Acess\u00f3rios para beb\u00e9s | Os Piculins","og_description":"Toquilla bege. Toquilla toupeira cl\u00e1ssica com ded\u00e3o bordado extra largo e detalhe enlameado. Com cobertura a condizer. Ideal para presente.","og_url":"https:\/\/lespiculins.com\/pt-pt\/produto\/toquilla-bege\/","og_site_name":"Les Piculins","og_image":[{"width":640,"height":640,"url":"https:\/\/lespiculins.com\/wp-content\/uploads\/2020\/12\/50596842_349750042295230_2825914293072584883_n.jpg","type":"image\/jpeg"}],"twitter_card":"summary_large_image","schema":{"@context":"https:\/\/schema.org","@graph":[{"@type":"WebPage","@id":"https:\/\/lespiculins.com\/pt-pt\/produto\/toquilla-bege\/","url":"https:\/\/lespiculins.com\/pt-pt\/produto\/toquilla-bege\/","name":"Toquilla bege | Acess\u00f3rios para beb\u00e9s | Os Piculins","isPartOf":{"@id":"https:\/\/lespiculins.com\/pt-pt\/#website"},"datePublished":"2021-04-27T08:39:56+00:00","dateModified":"2021-04-27T08:39:56+00:00","description":"Toquilla bege. Toquilla toupeira cl\u00e1ssica com ded\u00e3o bordado extra largo e detalhe enlameado. Com cobertura a condizer. Ideal para presente.","breadcrumb":{"@id":"https:\/\/lespiculins.com\/pt-pt\/produto\/toquilla-bege\/#breadcrumb"},"inLanguage":"pt-PT","potentialAction":[{"@type":"ReadAction","target":["https:\/\/lespiculins.com\/pt-pt\/produto\/toquilla-bege\/"]}]},{"@type":"BreadcrumbList","@id":"https:\/\/lespiculins.com\/pt-pt\/produto\/toquilla-bege\/#breadcrumb","itemListElement":[{"@type":"ListItem","position":1,"name":"Portada","item":"https:\/\/lespiculins.com\/pt-pt\/inicio\/"},{"@type":"ListItem","position":2,"name":"Loja","item":"https:\/\/lespiculins.com\/pt-pt\/loja\/"},{"@type":"ListItem","position":3,"name":"Toquilla Bege"}]},{"@type":"WebSite","@id":"https:\/\/lespiculins.com\/pt-pt\/#website","url":"https:\/\/lespiculins.com\/pt-pt\/","name":"Les Piculins","description":"Fundas para carritos, bugaboo, maclaren, icoo, bebecar, mima...","potentialAction":[{"@type":"SearchAction","target":{"@type":"EntryPoint","urlTemplate":"https:\/\/lespiculins.com\/pt-pt\/?s={search_term_string}"},"query-input":"required name=search_term_string"}],"inLanguage":"pt-PT"}]}},"_links":{"self":[{"href":"https:\/\/lespiculins.com\/pt-pt\/wp-json\/wp\/v2\/product\/31217"}],"collection":[{"href":"https:\/\/lespiculins.com\/pt-pt\/wp-json\/wp\/v2\/product"}],"about":[{"href":"https:\/\/lespiculins.com\/pt-pt\/wp-json\/wp\/v2\/types\/product"}],"wp:featuredmedia":[{"embeddable":true,"href":"https:\/\/lespiculins.com\/pt-pt\/wp-json\/wp\/v2\/media\/30576"}],"wp:attachment":[{"href":"https:\/\/lespiculins.com\/pt-pt\/wp-json\/wp\/v2\/media?parent=31217"}],"wp:term":[{"taxonomy":"product_cat","embeddable":true,"href":"https:\/\/lespiculins.com\/pt-pt\/wp-json\/wp\/v2\/product_cat?post=31217"},{"taxonomy":"product_tag","embeddable":true,"href":"https:\/\/lespiculins.com\/pt-pt\/wp-json\/wp\/v2\/product_tag?post=31217"}],"curies":[{"name":"wp","href":"https:\/\/api.w.org\/{rel}","templated":true}]}}