{"id":31208,"date":"2020-12-04T13:16:23","date_gmt":"2021-04-27T08:37:28","guid":{"rendered":"https:\/\/lespiculins.com\/producto\/conjunto-de-verao-de-camelo-de-bugaboo\/"},"modified":"2021-04-27T10:37:32","modified_gmt":"2021-04-27T08:37:32","slug":"set-verao-bugaboo-cameleon","status":"publish","type":"product","link":"https:\/\/lespiculins.com\/pt-pt\/produto\/set-verao-bugaboo-cameleon\/","title":{"rendered":"Conjunto de ver\u00e3o de Camelo de Bugaboo"},"content":{"rendered":"<p>Mais detalhes sobre o Conjunto de ver\u00e3o de Cameleon Bugaboo<\/p>\n<ul>\n<li>Este conjunto inclui: capa de cadeira de ver\u00e3o e mini saco.<\/li>\n<li>Dimens\u00f5es do mini saco: 34 x 21 x 8 cm.<\/li>\n<li>\n<div class=\"infoGroup\">Capa da cadeira feita de tecido piqu\u00e9.<\/div>\n<\/li>\n<li>Lavagem autom\u00e1tica, com detergente hipoalerg\u00e9nico m\u00e1ximo a 30oC. N\u00e3o pode passar ou usar um secador.<\/li>\n<\/ul>\n","protected":false},"excerpt":{"rendered":"<p>Conjunto de ver\u00e3o bugaboo Cameleon composto por capa de ver\u00e3o e mini saco correspondente.<\/p>\n<p>Feito de piqu\u00e9 branco com alambiques bordados de areia, ideal para combinar com capa de areia bugaboo original.<\/p>\n<p>Cobre os arreios para combinar.<\/p>\n<p>Prazo de entrega 7 dias \u00fateis.<\/p>\n","protected":false},"featured_media":30594,"template":"","meta":{"_joinchat":[]},"product_cat":[146],"product_tag":[],"yoast_head":"<!-- This site is optimized with the Yoast SEO plugin v21.5 - https:\/\/yoast.com\/wordpress\/plugins\/seo\/ -->\n<title>Conjunto de ver\u00e3o de | de ver\u00e3o de Bugaboo Cameleon Assembleias de cadeiras | Os Piculins<\/title>\n<meta name=\"description\" content=\"Conjunto de ver\u00e3o Bugaboo Cameleon composto por mini estojo e saco correspondentes. Envio para casa em 7 dias \u00fateis.\" \/>\n<meta name=\"robots\" content=\"index, follow, max-snippet:-1, max-image-preview:large, max-video-preview:-1\" \/>\n<link rel=\"canonical\" href=\"https:\/\/lespiculins.com\/pt-pt\/produto\/set-verao-bugaboo-cameleon\/\" \/>\n<meta property=\"og:locale\" content=\"pt_PT\" \/>\n<meta property=\"og:type\" content=\"article\" \/>\n<meta property=\"og:title\" content=\"Conjunto de ver\u00e3o de | de ver\u00e3o de Bugaboo Cameleon Assembleias de cadeiras | Os Piculins\" \/>\n<meta property=\"og:description\" content=\"Conjunto de ver\u00e3o Bugaboo Cameleon composto por mini estojo e saco correspondentes. Envio para casa em 7 dias \u00fateis.\" \/>\n<meta property=\"og:url\" content=\"https:\/\/lespiculins.com\/pt-pt\/produto\/set-verao-bugaboo-cameleon\/\" \/>\n<meta property=\"og:site_name\" content=\"Les Piculins\" \/>\n<meta property=\"article:modified_time\" content=\"2021-04-27T08:37:32+00:00\" \/>\n<meta property=\"og:image\" content=\"https:\/\/lespiculins.com\/wp-content\/uploads\/2020\/12\/funda-verano-bodoques-1.jpg\" \/>\n\t<meta property=\"og:image:width\" content=\"695\" \/>\n\t<meta property=\"og:image:height\" content=\"900\" \/>\n\t<meta property=\"og:image:type\" content=\"image\/jpeg\" \/>\n<meta name=\"twitter:card\" content=\"summary_large_image\" \/>\n<script type=\"application\/ld+json\" class=\"yoast-schema-graph\">{\"@context\":\"https:\/\/schema.org\",\"@graph\":[{\"@type\":\"WebPage\",\"@id\":\"https:\/\/lespiculins.com\/pt-pt\/produto\/set-verao-bugaboo-cameleon\/\",\"url\":\"https:\/\/lespiculins.com\/pt-pt\/produto\/set-verao-bugaboo-cameleon\/\",\"name\":\"Conjunto de ver\u00e3o de | de ver\u00e3o de Bugaboo Cameleon Assembleias de cadeiras | Os Piculins\",\"isPartOf\":{\"@id\":\"https:\/\/lespiculins.com\/pt-pt\/#website\"},\"datePublished\":\"2021-04-27T08:37:28+00:00\",\"dateModified\":\"2021-04-27T08:37:32+00:00\",\"description\":\"Conjunto de ver\u00e3o Bugaboo Cameleon composto por mini estojo e saco correspondentes. Envio para casa em 7 dias \u00fateis.\",\"breadcrumb\":{\"@id\":\"https:\/\/lespiculins.com\/pt-pt\/produto\/set-verao-bugaboo-cameleon\/#breadcrumb\"},\"inLanguage\":\"pt-PT\",\"potentialAction\":[{\"@type\":\"ReadAction\",\"target\":[\"https:\/\/lespiculins.com\/pt-pt\/produto\/set-verao-bugaboo-cameleon\/\"]}]},{\"@type\":\"BreadcrumbList\",\"@id\":\"https:\/\/lespiculins.com\/pt-pt\/produto\/set-verao-bugaboo-cameleon\/#breadcrumb\",\"itemListElement\":[{\"@type\":\"ListItem\",\"position\":1,\"name\":\"Portada\",\"item\":\"https:\/\/lespiculins.com\/pt-pt\/inicio\/\"},{\"@type\":\"ListItem\",\"position\":2,\"name\":\"Loja\",\"item\":\"https:\/\/lespiculins.com\/pt-pt\/loja\/\"},{\"@type\":\"ListItem\",\"position\":3,\"name\":\"Conjunto de ver\u00e3o de Camelo de Bugaboo\"}]},{\"@type\":\"WebSite\",\"@id\":\"https:\/\/lespiculins.com\/pt-pt\/#website\",\"url\":\"https:\/\/lespiculins.com\/pt-pt\/\",\"name\":\"Les Piculins\",\"description\":\"Fundas para carritos, bugaboo, maclaren, icoo, bebecar, mima...\",\"potentialAction\":[{\"@type\":\"SearchAction\",\"target\":{\"@type\":\"EntryPoint\",\"urlTemplate\":\"https:\/\/lespiculins.com\/pt-pt\/?s={search_term_string}\"},\"query-input\":\"required name=search_term_string\"}],\"inLanguage\":\"pt-PT\"}]}<\/script>\n<!-- \/ Yoast SEO plugin. -->","yoast_head_json":{"title":"Conjunto de ver\u00e3o de | de ver\u00e3o de Bugaboo Cameleon Assembleias de cadeiras | Os Piculins","description":"Conjunto de ver\u00e3o Bugaboo Cameleon composto por mini estojo e saco correspondentes. Envio para casa em 7 dias \u00fateis.","robots":{"index":"index","follow":"follow","max-snippet":"max-snippet:-1","max-image-preview":"max-image-preview:large","max-video-preview":"max-video-preview:-1"},"canonical":"https:\/\/lespiculins.com\/pt-pt\/produto\/set-verao-bugaboo-cameleon\/","og_locale":"pt_PT","og_type":"article","og_title":"Conjunto de ver\u00e3o de | de ver\u00e3o de Bugaboo Cameleon Assembleias de cadeiras | Os Piculins","og_description":"Conjunto de ver\u00e3o Bugaboo Cameleon composto por mini estojo e saco correspondentes. Envio para casa em 7 dias \u00fateis.","og_url":"https:\/\/lespiculins.com\/pt-pt\/produto\/set-verao-bugaboo-cameleon\/","og_site_name":"Les Piculins","article_modified_time":"2021-04-27T08:37:32+00:00","og_image":[{"width":695,"height":900,"url":"https:\/\/lespiculins.com\/wp-content\/uploads\/2020\/12\/funda-verano-bodoques-1.jpg","type":"image\/jpeg"}],"twitter_card":"summary_large_image","schema":{"@context":"https:\/\/schema.org","@graph":[{"@type":"WebPage","@id":"https:\/\/lespiculins.com\/pt-pt\/produto\/set-verao-bugaboo-cameleon\/","url":"https:\/\/lespiculins.com\/pt-pt\/produto\/set-verao-bugaboo-cameleon\/","name":"Conjunto de ver\u00e3o de | de ver\u00e3o de Bugaboo Cameleon Assembleias de cadeiras | Os Piculins","isPartOf":{"@id":"https:\/\/lespiculins.com\/pt-pt\/#website"},"datePublished":"2021-04-27T08:37:28+00:00","dateModified":"2021-04-27T08:37:32+00:00","description":"Conjunto de ver\u00e3o Bugaboo Cameleon composto por mini estojo e saco correspondentes. Envio para casa em 7 dias \u00fateis.","breadcrumb":{"@id":"https:\/\/lespiculins.com\/pt-pt\/produto\/set-verao-bugaboo-cameleon\/#breadcrumb"},"inLanguage":"pt-PT","potentialAction":[{"@type":"ReadAction","target":["https:\/\/lespiculins.com\/pt-pt\/produto\/set-verao-bugaboo-cameleon\/"]}]},{"@type":"BreadcrumbList","@id":"https:\/\/lespiculins.com\/pt-pt\/produto\/set-verao-bugaboo-cameleon\/#breadcrumb","itemListElement":[{"@type":"ListItem","position":1,"name":"Portada","item":"https:\/\/lespiculins.com\/pt-pt\/inicio\/"},{"@type":"ListItem","position":2,"name":"Loja","item":"https:\/\/lespiculins.com\/pt-pt\/loja\/"},{"@type":"ListItem","position":3,"name":"Conjunto de ver\u00e3o de Camelo de Bugaboo"}]},{"@type":"WebSite","@id":"https:\/\/lespiculins.com\/pt-pt\/#website","url":"https:\/\/lespiculins.com\/pt-pt\/","name":"Les Piculins","description":"Fundas para carritos, bugaboo, maclaren, icoo, bebecar, mima...","potentialAction":[{"@type":"SearchAction","target":{"@type":"EntryPoint","urlTemplate":"https:\/\/lespiculins.com\/pt-pt\/?s={search_term_string}"},"query-input":"required name=search_term_string"}],"inLanguage":"pt-PT"}]}},"_links":{"self":[{"href":"https:\/\/lespiculins.com\/pt-pt\/wp-json\/wp\/v2\/product\/31208"}],"collection":[{"href":"https:\/\/lespiculins.com\/pt-pt\/wp-json\/wp\/v2\/product"}],"about":[{"href":"https:\/\/lespiculins.com\/pt-pt\/wp-json\/wp\/v2\/types\/product"}],"wp:featuredmedia":[{"embeddable":true,"href":"https:\/\/lespiculins.com\/pt-pt\/wp-json\/wp\/v2\/media\/30594"}],"wp:attachment":[{"href":"https:\/\/lespiculins.com\/pt-pt\/wp-json\/wp\/v2\/media?parent=31208"}],"wp:term":[{"taxonomy":"product_cat","embeddable":true,"href":"https:\/\/lespiculins.com\/pt-pt\/wp-json\/wp\/v2\/product_cat?post=31208"},{"taxonomy":"product_tag","embeddable":true,"href":"https:\/\/lespiculins.com\/pt-pt\/wp-json\/wp\/v2\/product_tag?post=31208"}],"curies":[{"name":"wp","href":"https:\/\/api.w.org\/{rel}","templated":true}]}}