{"id":31206,"date":"2020-12-04T13:18:56","date_gmt":"2021-04-27T08:36:58","guid":{"rendered":"https:\/\/lespiculins.com\/producto\/toquilla-azul\/"},"modified":"2021-04-27T10:37:01","modified_gmt":"2021-04-27T08:37:01","slug":"toquilla-azulon","status":"publish","type":"product","link":"https:\/\/lespiculins.com\/pt-pt\/produto\/toquilla-azulon\/","title":{"rendered":"Toquilla azul"},"content":{"rendered":"<p>Mais detalhes da nossa Toquilla Azul<\/p>\n<ul>\n<li><strong>Dicas de lavagem : M\u00e1quina,<\/strong>com detergente hipoalerg\u00e9nico do beb\u00e9, at\u00e9 30oC. N\u00e3o pode passar ou usar um secador.<\/li>\n<\/ul>\n","protected":false},"excerpt":{"rendered":"<p><strong>Toquilla<\/strong> toupeira cl\u00e1ssica com ded\u00e3o bordado extra largo e <strong>detalhe enlameado.<\/strong> Pegue a sua capa correspondente para guardar, ser\u00e1 o seu cobertor favorito.<\/p>\n<p>As toquillas do beb\u00e9 s\u00e3o cobertores ligeiramente mais finos do que os cobertores normais. <strong>\u00c9 aconselh\u00e1vel transportar sempre um toquilla,<\/strong>mesmo no ver\u00e3o, pois pode ser necess\u00e1rio pelo nosso beb\u00e9, quer se <strong>refresque<\/strong> \u00e0 noite ou entremos em alguma loja ou restaurante onde o ar <strong>condicionado est\u00e1 a ser utilizado.<\/strong> \u00c9 assim que impedimos o nosso beb\u00e9 de adoecer.<\/p>\n<p>Este cl\u00e1ssico toquilla \u00e9 um <strong>presente especial<\/strong> para uma m\u00e3e que est\u00e1 \u00e0 espera do seu beb\u00e9 ou de um rec\u00e9m-nascido.<\/p>\n<p>&nbsp;<\/p>\n","protected":false},"featured_media":30600,"template":"","meta":{"_joinchat":[]},"product_cat":[142],"product_tag":[370],"yoast_head":"<!-- This site is optimized with the Yoast SEO plugin v21.5 - https:\/\/yoast.com\/wordpress\/plugins\/seo\/ -->\n<title>Toquilla azul | Acess\u00f3rios para beb\u00e9s | Os Piculins<\/title>\n<meta name=\"description\" content=\"Toquilla azul. Toquilla toupeira cl\u00e1ssica com ded\u00e3o bordado extra largo e detalhe enlameado. Com cobertura a condizer. Ideal para presente.\" \/>\n<meta name=\"robots\" content=\"index, follow, max-snippet:-1, max-image-preview:large, max-video-preview:-1\" \/>\n<link rel=\"canonical\" href=\"https:\/\/lespiculins.com\/pt-pt\/produto\/toquilla-azulon\/\" \/>\n<meta property=\"og:locale\" content=\"pt_PT\" \/>\n<meta property=\"og:type\" content=\"article\" \/>\n<meta property=\"og:title\" content=\"Toquilla azul | Acess\u00f3rios para beb\u00e9s | Os Piculins\" \/>\n<meta property=\"og:description\" content=\"Toquilla azul. Toquilla toupeira cl\u00e1ssica com ded\u00e3o bordado extra largo e detalhe enlameado. Com cobertura a condizer. Ideal para presente.\" \/>\n<meta property=\"og:url\" content=\"https:\/\/lespiculins.com\/pt-pt\/produto\/toquilla-azulon\/\" \/>\n<meta property=\"og:site_name\" content=\"Les Piculins\" \/>\n<meta property=\"article:modified_time\" content=\"2021-04-27T08:37:01+00:00\" \/>\n<meta property=\"og:image\" content=\"https:\/\/lespiculins.com\/wp-content\/uploads\/2020\/12\/toquilla-azul.jpg\" \/>\n\t<meta property=\"og:image:width\" content=\"1200\" \/>\n\t<meta property=\"og:image:height\" content=\"900\" \/>\n\t<meta property=\"og:image:type\" content=\"image\/jpeg\" \/>\n<meta name=\"twitter:card\" content=\"summary_large_image\" \/>\n<script type=\"application\/ld+json\" class=\"yoast-schema-graph\">{\"@context\":\"https:\/\/schema.org\",\"@graph\":[{\"@type\":\"WebPage\",\"@id\":\"https:\/\/lespiculins.com\/pt-pt\/produto\/toquilla-azulon\/\",\"url\":\"https:\/\/lespiculins.com\/pt-pt\/produto\/toquilla-azulon\/\",\"name\":\"Toquilla azul | Acess\u00f3rios para beb\u00e9s | Os Piculins\",\"isPartOf\":{\"@id\":\"https:\/\/lespiculins.com\/pt-pt\/#website\"},\"datePublished\":\"2021-04-27T08:36:58+00:00\",\"dateModified\":\"2021-04-27T08:37:01+00:00\",\"description\":\"Toquilla azul. Toquilla toupeira cl\u00e1ssica com ded\u00e3o bordado extra largo e detalhe enlameado. Com cobertura a condizer. Ideal para presente.\",\"breadcrumb\":{\"@id\":\"https:\/\/lespiculins.com\/pt-pt\/produto\/toquilla-azulon\/#breadcrumb\"},\"inLanguage\":\"pt-PT\",\"potentialAction\":[{\"@type\":\"ReadAction\",\"target\":[\"https:\/\/lespiculins.com\/pt-pt\/produto\/toquilla-azulon\/\"]}]},{\"@type\":\"BreadcrumbList\",\"@id\":\"https:\/\/lespiculins.com\/pt-pt\/produto\/toquilla-azulon\/#breadcrumb\",\"itemListElement\":[{\"@type\":\"ListItem\",\"position\":1,\"name\":\"Portada\",\"item\":\"https:\/\/lespiculins.com\/pt-pt\/inicio\/\"},{\"@type\":\"ListItem\",\"position\":2,\"name\":\"Loja\",\"item\":\"https:\/\/lespiculins.com\/pt-pt\/loja\/\"},{\"@type\":\"ListItem\",\"position\":3,\"name\":\"Toquilla azul\"}]},{\"@type\":\"WebSite\",\"@id\":\"https:\/\/lespiculins.com\/pt-pt\/#website\",\"url\":\"https:\/\/lespiculins.com\/pt-pt\/\",\"name\":\"Les Piculins\",\"description\":\"Fundas para carritos, bugaboo, maclaren, icoo, bebecar, mima...\",\"potentialAction\":[{\"@type\":\"SearchAction\",\"target\":{\"@type\":\"EntryPoint\",\"urlTemplate\":\"https:\/\/lespiculins.com\/pt-pt\/?s={search_term_string}\"},\"query-input\":\"required name=search_term_string\"}],\"inLanguage\":\"pt-PT\"}]}<\/script>\n<!-- \/ Yoast SEO plugin. -->","yoast_head_json":{"title":"Toquilla azul | Acess\u00f3rios para beb\u00e9s | Os Piculins","description":"Toquilla azul. Toquilla toupeira cl\u00e1ssica com ded\u00e3o bordado extra largo e detalhe enlameado. Com cobertura a condizer. Ideal para presente.","robots":{"index":"index","follow":"follow","max-snippet":"max-snippet:-1","max-image-preview":"max-image-preview:large","max-video-preview":"max-video-preview:-1"},"canonical":"https:\/\/lespiculins.com\/pt-pt\/produto\/toquilla-azulon\/","og_locale":"pt_PT","og_type":"article","og_title":"Toquilla azul | Acess\u00f3rios para beb\u00e9s | Os Piculins","og_description":"Toquilla azul. Toquilla toupeira cl\u00e1ssica com ded\u00e3o bordado extra largo e detalhe enlameado. Com cobertura a condizer. Ideal para presente.","og_url":"https:\/\/lespiculins.com\/pt-pt\/produto\/toquilla-azulon\/","og_site_name":"Les Piculins","article_modified_time":"2021-04-27T08:37:01+00:00","og_image":[{"width":1200,"height":900,"url":"https:\/\/lespiculins.com\/wp-content\/uploads\/2020\/12\/toquilla-azul.jpg","type":"image\/jpeg"}],"twitter_card":"summary_large_image","schema":{"@context":"https:\/\/schema.org","@graph":[{"@type":"WebPage","@id":"https:\/\/lespiculins.com\/pt-pt\/produto\/toquilla-azulon\/","url":"https:\/\/lespiculins.com\/pt-pt\/produto\/toquilla-azulon\/","name":"Toquilla azul | Acess\u00f3rios para beb\u00e9s | Os Piculins","isPartOf":{"@id":"https:\/\/lespiculins.com\/pt-pt\/#website"},"datePublished":"2021-04-27T08:36:58+00:00","dateModified":"2021-04-27T08:37:01+00:00","description":"Toquilla azul. Toquilla toupeira cl\u00e1ssica com ded\u00e3o bordado extra largo e detalhe enlameado. Com cobertura a condizer. Ideal para presente.","breadcrumb":{"@id":"https:\/\/lespiculins.com\/pt-pt\/produto\/toquilla-azulon\/#breadcrumb"},"inLanguage":"pt-PT","potentialAction":[{"@type":"ReadAction","target":["https:\/\/lespiculins.com\/pt-pt\/produto\/toquilla-azulon\/"]}]},{"@type":"BreadcrumbList","@id":"https:\/\/lespiculins.com\/pt-pt\/produto\/toquilla-azulon\/#breadcrumb","itemListElement":[{"@type":"ListItem","position":1,"name":"Portada","item":"https:\/\/lespiculins.com\/pt-pt\/inicio\/"},{"@type":"ListItem","position":2,"name":"Loja","item":"https:\/\/lespiculins.com\/pt-pt\/loja\/"},{"@type":"ListItem","position":3,"name":"Toquilla azul"}]},{"@type":"WebSite","@id":"https:\/\/lespiculins.com\/pt-pt\/#website","url":"https:\/\/lespiculins.com\/pt-pt\/","name":"Les Piculins","description":"Fundas para carritos, bugaboo, maclaren, icoo, bebecar, mima...","potentialAction":[{"@type":"SearchAction","target":{"@type":"EntryPoint","urlTemplate":"https:\/\/lespiculins.com\/pt-pt\/?s={search_term_string}"},"query-input":"required name=search_term_string"}],"inLanguage":"pt-PT"}]}},"_links":{"self":[{"href":"https:\/\/lespiculins.com\/pt-pt\/wp-json\/wp\/v2\/product\/31206"}],"collection":[{"href":"https:\/\/lespiculins.com\/pt-pt\/wp-json\/wp\/v2\/product"}],"about":[{"href":"https:\/\/lespiculins.com\/pt-pt\/wp-json\/wp\/v2\/types\/product"}],"wp:featuredmedia":[{"embeddable":true,"href":"https:\/\/lespiculins.com\/pt-pt\/wp-json\/wp\/v2\/media\/30600"}],"wp:attachment":[{"href":"https:\/\/lespiculins.com\/pt-pt\/wp-json\/wp\/v2\/media?parent=31206"}],"wp:term":[{"taxonomy":"product_cat","embeddable":true,"href":"https:\/\/lespiculins.com\/pt-pt\/wp-json\/wp\/v2\/product_cat?post=31206"},{"taxonomy":"product_tag","embeddable":true,"href":"https:\/\/lespiculins.com\/pt-pt\/wp-json\/wp\/v2\/product_tag?post=31206"}],"curies":[{"name":"wp","href":"https:\/\/api.w.org\/{rel}","templated":true}]}}