{"id":31204,"date":"2020-12-04T13:32:53","date_gmt":"2021-04-27T08:36:30","guid":{"rendered":"https:\/\/lespiculins.com\/producto\/conjunto-de-cadeira-de-abelha\/"},"modified":"2021-11-19T13:02:22","modified_gmt":"2021-11-19T12:02:22","slug":"set-chair-bee","status":"publish","type":"product","link":"https:\/\/lespiculins.com\/pt-pt\/produto\/set-chair-bee\/","title":{"rendered":"Definir saco e saco para a abelha cadeira"},"content":{"rendered":"<p>Mais detalhes sobre o conjunto de cadeira de abelha<\/p>\n<ul>\n<li>Este conjunto inclui um saco e cadeira e um saco de rolo com arcos.<\/li>\n<li>Dicas de lavagem: m\u00e1quina, m\u00e1xima a 30oC. N\u00e3o pode passar ou usar um secador.<\/li>\n<\/ul>\n","protected":false},"excerpt":{"rendered":"<p>Conjunto de cadeira de abelha composto por saco e saco com arcos.<\/p>\n<p>P\u00e9 de galinha impresso em tons de chocolate e acabamentos de renda.<\/p>\n<p>Abertura com fecho de correr de ambos os lados.<\/p>\n<p>Feito de tecido Liberty London.<\/p>\n<p>Cobre arneses em Liberdade para combinar com o saco.<\/p>\n<p>Prazo de entrega 7 dias \u00fateis.<\/p>\n","protected":false},"featured_media":32940,"template":"","meta":{"_joinchat":[]},"product_cat":[146],"product_tag":[],"yoast_head":"<!-- This site is optimized with the Yoast SEO plugin v21.5 - https:\/\/yoast.com\/wordpress\/plugins\/seo\/ -->\n<title>Conjunto de cadeira Bee | Conjuntos de cadeiras | Les Piculins<\/title>\n<meta name=\"description\" content=\"Conjunto de saqueta e saco de carrinho feito de tecido Liberty London. Envio em 7 dias \u00fateis.\" \/>\n<meta name=\"robots\" content=\"index, follow, max-snippet:-1, max-image-preview:large, max-video-preview:-1\" \/>\n<link rel=\"canonical\" href=\"https:\/\/lespiculins.com\/pt-pt\/produto\/set-chair-bee\/\" \/>\n<meta property=\"og:locale\" content=\"pt_PT\" \/>\n<meta property=\"og:type\" content=\"article\" \/>\n<meta property=\"og:title\" content=\"Conjunto de cadeira Bee | Conjuntos de cadeiras | Les Piculins\" \/>\n<meta property=\"og:description\" content=\"Conjunto de saqueta e saco de carrinho feito de tecido Liberty London. Envio em 7 dias \u00fateis.\" \/>\n<meta property=\"og:url\" content=\"https:\/\/lespiculins.com\/pt-pt\/produto\/set-chair-bee\/\" \/>\n<meta property=\"og:site_name\" content=\"Les Piculins\" \/>\n<meta property=\"article:modified_time\" content=\"2021-11-19T12:02:22+00:00\" \/>\n<meta property=\"og:image\" content=\"https:\/\/lespiculins.com\/wp-content\/uploads\/2020\/12\/websustituir4-1.jpg\" \/>\n\t<meta property=\"og:image:width\" content=\"1080\" \/>\n\t<meta property=\"og:image:height\" content=\"1063\" \/>\n\t<meta property=\"og:image:type\" content=\"image\/jpeg\" \/>\n<meta name=\"twitter:card\" content=\"summary_large_image\" \/>\n<script type=\"application\/ld+json\" class=\"yoast-schema-graph\">{\"@context\":\"https:\/\/schema.org\",\"@graph\":[{\"@type\":\"WebPage\",\"@id\":\"https:\/\/lespiculins.com\/pt-pt\/produto\/set-chair-bee\/\",\"url\":\"https:\/\/lespiculins.com\/pt-pt\/produto\/set-chair-bee\/\",\"name\":\"Conjunto de cadeira Bee | Conjuntos de cadeiras | Les Piculins\",\"isPartOf\":{\"@id\":\"https:\/\/lespiculins.com\/pt-pt\/#website\"},\"datePublished\":\"2021-04-27T08:36:30+00:00\",\"dateModified\":\"2021-11-19T12:02:22+00:00\",\"description\":\"Conjunto de saqueta e saco de carrinho feito de tecido Liberty London. Envio em 7 dias \u00fateis.\",\"breadcrumb\":{\"@id\":\"https:\/\/lespiculins.com\/pt-pt\/produto\/set-chair-bee\/#breadcrumb\"},\"inLanguage\":\"pt-PT\",\"potentialAction\":[{\"@type\":\"ReadAction\",\"target\":[\"https:\/\/lespiculins.com\/pt-pt\/produto\/set-chair-bee\/\"]}]},{\"@type\":\"BreadcrumbList\",\"@id\":\"https:\/\/lespiculins.com\/pt-pt\/produto\/set-chair-bee\/#breadcrumb\",\"itemListElement\":[{\"@type\":\"ListItem\",\"position\":1,\"name\":\"Portada\",\"item\":\"https:\/\/lespiculins.com\/pt-pt\/inicio\/\"},{\"@type\":\"ListItem\",\"position\":2,\"name\":\"Loja\",\"item\":\"https:\/\/lespiculins.com\/pt-pt\/loja\/\"},{\"@type\":\"ListItem\",\"position\":3,\"name\":\"Definir saco e saco para a abelha cadeira\"}]},{\"@type\":\"WebSite\",\"@id\":\"https:\/\/lespiculins.com\/pt-pt\/#website\",\"url\":\"https:\/\/lespiculins.com\/pt-pt\/\",\"name\":\"Les Piculins\",\"description\":\"Fundas para carritos, bugaboo, maclaren, icoo, bebecar, mima...\",\"potentialAction\":[{\"@type\":\"SearchAction\",\"target\":{\"@type\":\"EntryPoint\",\"urlTemplate\":\"https:\/\/lespiculins.com\/pt-pt\/?s={search_term_string}\"},\"query-input\":\"required name=search_term_string\"}],\"inLanguage\":\"pt-PT\"}]}<\/script>\n<!-- \/ Yoast SEO plugin. -->","yoast_head_json":{"title":"Conjunto de cadeira Bee | Conjuntos de cadeiras | Les Piculins","description":"Conjunto de saqueta e saco de carrinho feito de tecido Liberty London. Envio em 7 dias \u00fateis.","robots":{"index":"index","follow":"follow","max-snippet":"max-snippet:-1","max-image-preview":"max-image-preview:large","max-video-preview":"max-video-preview:-1"},"canonical":"https:\/\/lespiculins.com\/pt-pt\/produto\/set-chair-bee\/","og_locale":"pt_PT","og_type":"article","og_title":"Conjunto de cadeira Bee | Conjuntos de cadeiras | Les Piculins","og_description":"Conjunto de saqueta e saco de carrinho feito de tecido Liberty London. Envio em 7 dias \u00fateis.","og_url":"https:\/\/lespiculins.com\/pt-pt\/produto\/set-chair-bee\/","og_site_name":"Les Piculins","article_modified_time":"2021-11-19T12:02:22+00:00","og_image":[{"width":1080,"height":1063,"url":"https:\/\/lespiculins.com\/wp-content\/uploads\/2020\/12\/websustituir4-1.jpg","type":"image\/jpeg"}],"twitter_card":"summary_large_image","schema":{"@context":"https:\/\/schema.org","@graph":[{"@type":"WebPage","@id":"https:\/\/lespiculins.com\/pt-pt\/produto\/set-chair-bee\/","url":"https:\/\/lespiculins.com\/pt-pt\/produto\/set-chair-bee\/","name":"Conjunto de cadeira Bee | Conjuntos de cadeiras | Les Piculins","isPartOf":{"@id":"https:\/\/lespiculins.com\/pt-pt\/#website"},"datePublished":"2021-04-27T08:36:30+00:00","dateModified":"2021-11-19T12:02:22+00:00","description":"Conjunto de saqueta e saco de carrinho feito de tecido Liberty London. Envio em 7 dias \u00fateis.","breadcrumb":{"@id":"https:\/\/lespiculins.com\/pt-pt\/produto\/set-chair-bee\/#breadcrumb"},"inLanguage":"pt-PT","potentialAction":[{"@type":"ReadAction","target":["https:\/\/lespiculins.com\/pt-pt\/produto\/set-chair-bee\/"]}]},{"@type":"BreadcrumbList","@id":"https:\/\/lespiculins.com\/pt-pt\/produto\/set-chair-bee\/#breadcrumb","itemListElement":[{"@type":"ListItem","position":1,"name":"Portada","item":"https:\/\/lespiculins.com\/pt-pt\/inicio\/"},{"@type":"ListItem","position":2,"name":"Loja","item":"https:\/\/lespiculins.com\/pt-pt\/loja\/"},{"@type":"ListItem","position":3,"name":"Definir saco e saco para a abelha cadeira"}]},{"@type":"WebSite","@id":"https:\/\/lespiculins.com\/pt-pt\/#website","url":"https:\/\/lespiculins.com\/pt-pt\/","name":"Les Piculins","description":"Fundas para carritos, bugaboo, maclaren, icoo, bebecar, mima...","potentialAction":[{"@type":"SearchAction","target":{"@type":"EntryPoint","urlTemplate":"https:\/\/lespiculins.com\/pt-pt\/?s={search_term_string}"},"query-input":"required name=search_term_string"}],"inLanguage":"pt-PT"}]}},"_links":{"self":[{"href":"https:\/\/lespiculins.com\/pt-pt\/wp-json\/wp\/v2\/product\/31204"}],"collection":[{"href":"https:\/\/lespiculins.com\/pt-pt\/wp-json\/wp\/v2\/product"}],"about":[{"href":"https:\/\/lespiculins.com\/pt-pt\/wp-json\/wp\/v2\/types\/product"}],"wp:featuredmedia":[{"embeddable":true,"href":"https:\/\/lespiculins.com\/pt-pt\/wp-json\/wp\/v2\/media\/32940"}],"wp:attachment":[{"href":"https:\/\/lespiculins.com\/pt-pt\/wp-json\/wp\/v2\/media?parent=31204"}],"wp:term":[{"taxonomy":"product_cat","embeddable":true,"href":"https:\/\/lespiculins.com\/pt-pt\/wp-json\/wp\/v2\/product_cat?post=31204"},{"taxonomy":"product_tag","embeddable":true,"href":"https:\/\/lespiculins.com\/pt-pt\/wp-json\/wp\/v2\/product_tag?post=31204"}],"curies":[{"name":"wp","href":"https:\/\/api.w.org\/{rel}","templated":true}]}}