{"id":31202,"date":"2020-12-04T13:59:27","date_gmt":"2021-04-27T08:36:04","guid":{"rendered":"https:\/\/lespiculins.com\/producto\/conjunto-de-capazes-de-abelhas-bugaboo\/"},"modified":"2021-04-27T10:36:04","modified_gmt":"2021-04-27T08:36:04","slug":"set-capaz-bugaboo-bee","status":"publish","type":"product","link":"https:\/\/lespiculins.com\/pt-pt\/produto\/set-capaz-bugaboo-bee\/","title":{"rendered":"Conjunto de capazes de abelhas bugaboo"},"content":{"rendered":"<p>Mais detalhes sobre o Bugaboo Bee Capazo set<\/p>\n<ul>\n<li>Material 100% algod\u00e3o saco de bagagem de m\u00e3o<\/li>\n<li>Este conjunto inclui: caixa de bagagem e saco<\/li>\n<li>Siga as nossas dicas de lavagem, para que o seu conjunto de abelhas Bugagoo pare\u00e7a o primeiro dia. Lavagem autom\u00e1tica, com detergente hipoalerg\u00e9nico do seu beb\u00e9, m\u00e1ximo a 30oC. N\u00e3o pode passar ou usar um secador.<\/li>\n<\/ul>\n","protected":false},"excerpt":{"rendered":"<p>Capazo definido para Bugaboo Bee composto de capa e saco para alcofa no ponto de algod\u00e3o celeste e piqu\u00e9 bordado com areia e bodoques combinados celestiais. Belo acabamento em renda plumeti de valencienne.<\/p>\n<p>Prazo de entrega 7 dias \u00fateis.<\/p>\n<p>&nbsp;<\/p>\n<p>&nbsp;<\/p>\n","protected":false},"featured_media":30612,"template":"","meta":{"_joinchat":[]},"product_cat":[146],"product_tag":[],"yoast_head":"<!-- This site is optimized with the Yoast SEO plugin v21.5 - https:\/\/yoast.com\/wordpress\/plugins\/seo\/ -->\n<title>Conjunto de | de capaz de abelhas bugaboo Conjuntos de carrinhos | Os Piculins<\/title>\n<meta name=\"description\" content=\"Capazo definido para Bugaboo Bee composto de capa e saco para alcofa no ponto de algod\u00e3o celeste e piqu\u00e9 bordado.\" \/>\n<meta name=\"robots\" content=\"index, follow, max-snippet:-1, max-image-preview:large, max-video-preview:-1\" \/>\n<link rel=\"canonical\" href=\"https:\/\/lespiculins.com\/pt-pt\/produto\/set-capaz-bugaboo-bee\/\" \/>\n<meta property=\"og:locale\" content=\"pt_PT\" \/>\n<meta property=\"og:type\" content=\"article\" \/>\n<meta property=\"og:title\" content=\"Conjunto de | de capaz de abelhas bugaboo Conjuntos de carrinhos | Os Piculins\" \/>\n<meta property=\"og:description\" content=\"Capazo definido para Bugaboo Bee composto de capa e saco para alcofa no ponto de algod\u00e3o celeste e piqu\u00e9 bordado.\" \/>\n<meta property=\"og:url\" content=\"https:\/\/lespiculins.com\/pt-pt\/produto\/set-capaz-bugaboo-bee\/\" \/>\n<meta property=\"og:site_name\" content=\"Les Piculins\" \/>\n<meta property=\"og:image\" content=\"https:\/\/lespiculins.com\/wp-content\/uploads\/2020\/12\/bodoques1.jpg\" \/>\n\t<meta property=\"og:image:width\" content=\"900\" \/>\n\t<meta property=\"og:image:height\" content=\"900\" \/>\n\t<meta property=\"og:image:type\" content=\"image\/jpeg\" \/>\n<meta name=\"twitter:card\" content=\"summary_large_image\" \/>\n<script type=\"application\/ld+json\" class=\"yoast-schema-graph\">{\"@context\":\"https:\/\/schema.org\",\"@graph\":[{\"@type\":\"WebPage\",\"@id\":\"https:\/\/lespiculins.com\/pt-pt\/produto\/set-capaz-bugaboo-bee\/\",\"url\":\"https:\/\/lespiculins.com\/pt-pt\/produto\/set-capaz-bugaboo-bee\/\",\"name\":\"Conjunto de | de capaz de abelhas bugaboo Conjuntos de carrinhos | Os Piculins\",\"isPartOf\":{\"@id\":\"https:\/\/lespiculins.com\/pt-pt\/#website\"},\"datePublished\":\"2021-04-27T08:36:04+00:00\",\"dateModified\":\"2021-04-27T08:36:04+00:00\",\"description\":\"Capazo definido para Bugaboo Bee composto de capa e saco para alcofa no ponto de algod\u00e3o celeste e piqu\u00e9 bordado.\",\"breadcrumb\":{\"@id\":\"https:\/\/lespiculins.com\/pt-pt\/produto\/set-capaz-bugaboo-bee\/#breadcrumb\"},\"inLanguage\":\"pt-PT\",\"potentialAction\":[{\"@type\":\"ReadAction\",\"target\":[\"https:\/\/lespiculins.com\/pt-pt\/produto\/set-capaz-bugaboo-bee\/\"]}]},{\"@type\":\"BreadcrumbList\",\"@id\":\"https:\/\/lespiculins.com\/pt-pt\/produto\/set-capaz-bugaboo-bee\/#breadcrumb\",\"itemListElement\":[{\"@type\":\"ListItem\",\"position\":1,\"name\":\"Portada\",\"item\":\"https:\/\/lespiculins.com\/pt-pt\/inicio\/\"},{\"@type\":\"ListItem\",\"position\":2,\"name\":\"Loja\",\"item\":\"https:\/\/lespiculins.com\/pt-pt\/loja\/\"},{\"@type\":\"ListItem\",\"position\":3,\"name\":\"Conjunto de capazes de abelhas bugaboo\"}]},{\"@type\":\"WebSite\",\"@id\":\"https:\/\/lespiculins.com\/pt-pt\/#website\",\"url\":\"https:\/\/lespiculins.com\/pt-pt\/\",\"name\":\"Les Piculins\",\"description\":\"Fundas para carritos, bugaboo, maclaren, icoo, bebecar, mima...\",\"potentialAction\":[{\"@type\":\"SearchAction\",\"target\":{\"@type\":\"EntryPoint\",\"urlTemplate\":\"https:\/\/lespiculins.com\/pt-pt\/?s={search_term_string}\"},\"query-input\":\"required name=search_term_string\"}],\"inLanguage\":\"pt-PT\"}]}<\/script>\n<!-- \/ Yoast SEO plugin. -->","yoast_head_json":{"title":"Conjunto de | de capaz de abelhas bugaboo Conjuntos de carrinhos | Os Piculins","description":"Capazo definido para Bugaboo Bee composto de capa e saco para alcofa no ponto de algod\u00e3o celeste e piqu\u00e9 bordado.","robots":{"index":"index","follow":"follow","max-snippet":"max-snippet:-1","max-image-preview":"max-image-preview:large","max-video-preview":"max-video-preview:-1"},"canonical":"https:\/\/lespiculins.com\/pt-pt\/produto\/set-capaz-bugaboo-bee\/","og_locale":"pt_PT","og_type":"article","og_title":"Conjunto de | de capaz de abelhas bugaboo Conjuntos de carrinhos | Os Piculins","og_description":"Capazo definido para Bugaboo Bee composto de capa e saco para alcofa no ponto de algod\u00e3o celeste e piqu\u00e9 bordado.","og_url":"https:\/\/lespiculins.com\/pt-pt\/produto\/set-capaz-bugaboo-bee\/","og_site_name":"Les Piculins","og_image":[{"width":900,"height":900,"url":"https:\/\/lespiculins.com\/wp-content\/uploads\/2020\/12\/bodoques1.jpg","type":"image\/jpeg"}],"twitter_card":"summary_large_image","schema":{"@context":"https:\/\/schema.org","@graph":[{"@type":"WebPage","@id":"https:\/\/lespiculins.com\/pt-pt\/produto\/set-capaz-bugaboo-bee\/","url":"https:\/\/lespiculins.com\/pt-pt\/produto\/set-capaz-bugaboo-bee\/","name":"Conjunto de | de capaz de abelhas bugaboo Conjuntos de carrinhos | Os Piculins","isPartOf":{"@id":"https:\/\/lespiculins.com\/pt-pt\/#website"},"datePublished":"2021-04-27T08:36:04+00:00","dateModified":"2021-04-27T08:36:04+00:00","description":"Capazo definido para Bugaboo Bee composto de capa e saco para alcofa no ponto de algod\u00e3o celeste e piqu\u00e9 bordado.","breadcrumb":{"@id":"https:\/\/lespiculins.com\/pt-pt\/produto\/set-capaz-bugaboo-bee\/#breadcrumb"},"inLanguage":"pt-PT","potentialAction":[{"@type":"ReadAction","target":["https:\/\/lespiculins.com\/pt-pt\/produto\/set-capaz-bugaboo-bee\/"]}]},{"@type":"BreadcrumbList","@id":"https:\/\/lespiculins.com\/pt-pt\/produto\/set-capaz-bugaboo-bee\/#breadcrumb","itemListElement":[{"@type":"ListItem","position":1,"name":"Portada","item":"https:\/\/lespiculins.com\/pt-pt\/inicio\/"},{"@type":"ListItem","position":2,"name":"Loja","item":"https:\/\/lespiculins.com\/pt-pt\/loja\/"},{"@type":"ListItem","position":3,"name":"Conjunto de capazes de abelhas bugaboo"}]},{"@type":"WebSite","@id":"https:\/\/lespiculins.com\/pt-pt\/#website","url":"https:\/\/lespiculins.com\/pt-pt\/","name":"Les Piculins","description":"Fundas para carritos, bugaboo, maclaren, icoo, bebecar, mima...","potentialAction":[{"@type":"SearchAction","target":{"@type":"EntryPoint","urlTemplate":"https:\/\/lespiculins.com\/pt-pt\/?s={search_term_string}"},"query-input":"required name=search_term_string"}],"inLanguage":"pt-PT"}]}},"_links":{"self":[{"href":"https:\/\/lespiculins.com\/pt-pt\/wp-json\/wp\/v2\/product\/31202"}],"collection":[{"href":"https:\/\/lespiculins.com\/pt-pt\/wp-json\/wp\/v2\/product"}],"about":[{"href":"https:\/\/lespiculins.com\/pt-pt\/wp-json\/wp\/v2\/types\/product"}],"wp:featuredmedia":[{"embeddable":true,"href":"https:\/\/lespiculins.com\/pt-pt\/wp-json\/wp\/v2\/media\/30612"}],"wp:attachment":[{"href":"https:\/\/lespiculins.com\/pt-pt\/wp-json\/wp\/v2\/media?parent=31202"}],"wp:term":[{"taxonomy":"product_cat","embeddable":true,"href":"https:\/\/lespiculins.com\/pt-pt\/wp-json\/wp\/v2\/product_cat?post=31202"},{"taxonomy":"product_tag","embeddable":true,"href":"https:\/\/lespiculins.com\/pt-pt\/wp-json\/wp\/v2\/product_tag?post=31202"}],"curies":[{"name":"wp","href":"https:\/\/api.w.org\/{rel}","templated":true}]}}