{"id":31200,"date":"2020-12-04T15:19:11","date_gmt":"2021-04-27T08:35:26","guid":{"rendered":"https:\/\/lespiculins.com\/producto\/definir-bugaboo-cadeira-cameleon-e-raposa\/"},"modified":"2021-04-27T10:35:27","modified_gmt":"2021-04-27T08:35:27","slug":"set-bugaboo-chair-cameleon-y-fox","status":"publish","type":"product","link":"https:\/\/lespiculins.com\/pt-pt\/produto\/set-bugaboo-chair-cameleon-y-fox\/","title":{"rendered":"Definir Bugaboo Cadeira Cameleon e Raposa"},"content":{"rendered":"<p>Mais detalhes sobre a Cadeira Bugaboo Cameleon e Fox set<\/p>\n<ul>\n<li>Compat\u00edvel com os modelos Bugaboo Cameleon e Fox<\/li>\n<li>Para que as suas roupas pare\u00e7am novas siga as nossas dicas de lavagem: todas as nossas roupas podem ser lavadas na m\u00e1quina, no m\u00e1ximo 30oC. Pode utilizar o detergente l\u00edquido hipoalerg\u00e9nico do seu beb\u00e9. N\u00e3o utilize um secador, ao passar a ferro n\u00e3o pressione a pe\u00e7a com o ferro de modo a que o recheio permane\u00e7a t\u00e3o fluidito como no primeiro dia.<\/li>\n<\/ul>\n","protected":false},"excerpt":{"rendered":"<p>Coloque a cadeira Bugaboo Cameleon e Fox composta por capuz extens\u00edvel com conjunto de lags de remover\/pon, saco com cobertura, e saco de lencera com arcos.<\/p>\n<p>O saco de beb\u00e9 \u00e9 remov\u00edvel com fechos, para que possa remov\u00ea-lo e deixar apenas a caixa, perfeita para o ver\u00e3o.<\/p>\n<p>Feito de tecido Liberty London com estampado de flor rosa.<\/p>\n<p>Cobre arneses em Liberdade para combinar com o saco.<\/p>\n<p>Receba-o em 24 horas.<\/p>\n","protected":false},"featured_media":30618,"template":"","meta":{"_joinchat":[]},"product_cat":[146],"product_tag":[382],"yoast_head":"<!-- This site is optimized with the Yoast SEO plugin v21.5 - https:\/\/yoast.com\/wordpress\/plugins\/seo\/ -->\n<title>Definir Bugaboo Chair Cameleon e Fox | Conjuntos | Os Piculins<\/title>\n<meta name=\"description\" content=\"Coloque a cadeira Bugaboo Cameleon e Fox compostas de saco e capa para poltrona, capuz extens\u00edvel e saco de lencera em tecido Liberty London.\" \/>\n<meta name=\"robots\" content=\"index, follow, max-snippet:-1, max-image-preview:large, max-video-preview:-1\" \/>\n<link rel=\"canonical\" href=\"https:\/\/lespiculins.com\/pt-pt\/produto\/set-bugaboo-chair-cameleon-y-fox\/\" \/>\n<meta property=\"og:locale\" content=\"pt_PT\" \/>\n<meta property=\"og:type\" content=\"article\" \/>\n<meta property=\"og:title\" content=\"Definir Bugaboo Chair Cameleon e Fox | Conjuntos | Os Piculins\" \/>\n<meta property=\"og:description\" content=\"Coloque a cadeira Bugaboo Cameleon e Fox compostas de saco e capa para poltrona, capuz extens\u00edvel e saco de lencera em tecido Liberty London.\" \/>\n<meta property=\"og:url\" content=\"https:\/\/lespiculins.com\/pt-pt\/produto\/set-bugaboo-chair-cameleon-y-fox\/\" \/>\n<meta property=\"og:site_name\" content=\"Les Piculins\" \/>\n<meta property=\"article:modified_time\" content=\"2021-04-27T08:35:27+00:00\" \/>\n<meta property=\"og:image\" content=\"https:\/\/lespiculins.com\/wp-content\/uploads\/2020\/12\/betsy-rose-1.jpg\" \/>\n\t<meta property=\"og:image:width\" content=\"850\" \/>\n\t<meta property=\"og:image:height\" content=\"900\" \/>\n\t<meta property=\"og:image:type\" content=\"image\/jpeg\" \/>\n<meta name=\"twitter:card\" content=\"summary_large_image\" \/>\n<script type=\"application\/ld+json\" class=\"yoast-schema-graph\">{\"@context\":\"https:\/\/schema.org\",\"@graph\":[{\"@type\":\"WebPage\",\"@id\":\"https:\/\/lespiculins.com\/pt-pt\/produto\/set-bugaboo-chair-cameleon-y-fox\/\",\"url\":\"https:\/\/lespiculins.com\/pt-pt\/produto\/set-bugaboo-chair-cameleon-y-fox\/\",\"name\":\"Definir Bugaboo Chair Cameleon e Fox | Conjuntos | Os Piculins\",\"isPartOf\":{\"@id\":\"https:\/\/lespiculins.com\/pt-pt\/#website\"},\"datePublished\":\"2021-04-27T08:35:26+00:00\",\"dateModified\":\"2021-04-27T08:35:27+00:00\",\"description\":\"Coloque a cadeira Bugaboo Cameleon e Fox compostas de saco e capa para poltrona, capuz extens\u00edvel e saco de lencera em tecido Liberty London.\",\"breadcrumb\":{\"@id\":\"https:\/\/lespiculins.com\/pt-pt\/produto\/set-bugaboo-chair-cameleon-y-fox\/#breadcrumb\"},\"inLanguage\":\"pt-PT\",\"potentialAction\":[{\"@type\":\"ReadAction\",\"target\":[\"https:\/\/lespiculins.com\/pt-pt\/produto\/set-bugaboo-chair-cameleon-y-fox\/\"]}]},{\"@type\":\"BreadcrumbList\",\"@id\":\"https:\/\/lespiculins.com\/pt-pt\/produto\/set-bugaboo-chair-cameleon-y-fox\/#breadcrumb\",\"itemListElement\":[{\"@type\":\"ListItem\",\"position\":1,\"name\":\"Portada\",\"item\":\"https:\/\/lespiculins.com\/pt-pt\/inicio\/\"},{\"@type\":\"ListItem\",\"position\":2,\"name\":\"Loja\",\"item\":\"https:\/\/lespiculins.com\/pt-pt\/loja\/\"},{\"@type\":\"ListItem\",\"position\":3,\"name\":\"Definir Bugaboo Cadeira Cameleon e Raposa\"}]},{\"@type\":\"WebSite\",\"@id\":\"https:\/\/lespiculins.com\/pt-pt\/#website\",\"url\":\"https:\/\/lespiculins.com\/pt-pt\/\",\"name\":\"Les Piculins\",\"description\":\"Fundas para carritos, bugaboo, maclaren, icoo, bebecar, mima...\",\"potentialAction\":[{\"@type\":\"SearchAction\",\"target\":{\"@type\":\"EntryPoint\",\"urlTemplate\":\"https:\/\/lespiculins.com\/pt-pt\/?s={search_term_string}\"},\"query-input\":\"required name=search_term_string\"}],\"inLanguage\":\"pt-PT\"}]}<\/script>\n<!-- \/ Yoast SEO plugin. -->","yoast_head_json":{"title":"Definir Bugaboo Chair Cameleon e Fox | Conjuntos | Os Piculins","description":"Coloque a cadeira Bugaboo Cameleon e Fox compostas de saco e capa para poltrona, capuz extens\u00edvel e saco de lencera em tecido Liberty London.","robots":{"index":"index","follow":"follow","max-snippet":"max-snippet:-1","max-image-preview":"max-image-preview:large","max-video-preview":"max-video-preview:-1"},"canonical":"https:\/\/lespiculins.com\/pt-pt\/produto\/set-bugaboo-chair-cameleon-y-fox\/","og_locale":"pt_PT","og_type":"article","og_title":"Definir Bugaboo Chair Cameleon e Fox | Conjuntos | Os Piculins","og_description":"Coloque a cadeira Bugaboo Cameleon e Fox compostas de saco e capa para poltrona, capuz extens\u00edvel e saco de lencera em tecido Liberty London.","og_url":"https:\/\/lespiculins.com\/pt-pt\/produto\/set-bugaboo-chair-cameleon-y-fox\/","og_site_name":"Les Piculins","article_modified_time":"2021-04-27T08:35:27+00:00","og_image":[{"width":850,"height":900,"url":"https:\/\/lespiculins.com\/wp-content\/uploads\/2020\/12\/betsy-rose-1.jpg","type":"image\/jpeg"}],"twitter_card":"summary_large_image","schema":{"@context":"https:\/\/schema.org","@graph":[{"@type":"WebPage","@id":"https:\/\/lespiculins.com\/pt-pt\/produto\/set-bugaboo-chair-cameleon-y-fox\/","url":"https:\/\/lespiculins.com\/pt-pt\/produto\/set-bugaboo-chair-cameleon-y-fox\/","name":"Definir Bugaboo Chair Cameleon e Fox | Conjuntos | Os Piculins","isPartOf":{"@id":"https:\/\/lespiculins.com\/pt-pt\/#website"},"datePublished":"2021-04-27T08:35:26+00:00","dateModified":"2021-04-27T08:35:27+00:00","description":"Coloque a cadeira Bugaboo Cameleon e Fox compostas de saco e capa para poltrona, capuz extens\u00edvel e saco de lencera em tecido Liberty London.","breadcrumb":{"@id":"https:\/\/lespiculins.com\/pt-pt\/produto\/set-bugaboo-chair-cameleon-y-fox\/#breadcrumb"},"inLanguage":"pt-PT","potentialAction":[{"@type":"ReadAction","target":["https:\/\/lespiculins.com\/pt-pt\/produto\/set-bugaboo-chair-cameleon-y-fox\/"]}]},{"@type":"BreadcrumbList","@id":"https:\/\/lespiculins.com\/pt-pt\/produto\/set-bugaboo-chair-cameleon-y-fox\/#breadcrumb","itemListElement":[{"@type":"ListItem","position":1,"name":"Portada","item":"https:\/\/lespiculins.com\/pt-pt\/inicio\/"},{"@type":"ListItem","position":2,"name":"Loja","item":"https:\/\/lespiculins.com\/pt-pt\/loja\/"},{"@type":"ListItem","position":3,"name":"Definir Bugaboo Cadeira Cameleon e Raposa"}]},{"@type":"WebSite","@id":"https:\/\/lespiculins.com\/pt-pt\/#website","url":"https:\/\/lespiculins.com\/pt-pt\/","name":"Les Piculins","description":"Fundas para carritos, bugaboo, maclaren, icoo, bebecar, mima...","potentialAction":[{"@type":"SearchAction","target":{"@type":"EntryPoint","urlTemplate":"https:\/\/lespiculins.com\/pt-pt\/?s={search_term_string}"},"query-input":"required name=search_term_string"}],"inLanguage":"pt-PT"}]}},"_links":{"self":[{"href":"https:\/\/lespiculins.com\/pt-pt\/wp-json\/wp\/v2\/product\/31200"}],"collection":[{"href":"https:\/\/lespiculins.com\/pt-pt\/wp-json\/wp\/v2\/product"}],"about":[{"href":"https:\/\/lespiculins.com\/pt-pt\/wp-json\/wp\/v2\/types\/product"}],"wp:featuredmedia":[{"embeddable":true,"href":"https:\/\/lespiculins.com\/pt-pt\/wp-json\/wp\/v2\/media\/30618"}],"wp:attachment":[{"href":"https:\/\/lespiculins.com\/pt-pt\/wp-json\/wp\/v2\/media?parent=31200"}],"wp:term":[{"taxonomy":"product_cat","embeddable":true,"href":"https:\/\/lespiculins.com\/pt-pt\/wp-json\/wp\/v2\/product_cat?post=31200"},{"taxonomy":"product_tag","embeddable":true,"href":"https:\/\/lespiculins.com\/pt-pt\/wp-json\/wp\/v2\/product_tag?post=31200"}],"curies":[{"name":"wp","href":"https:\/\/api.w.org\/{rel}","templated":true}]}}