{"id":31194,"date":"2020-12-10T12:46:53","date_gmt":"2021-04-27T08:33:55","guid":{"rendered":"https:\/\/lespiculins.com\/producto\/mala-de-maternidade-liberty-flowers-aqua\/"},"modified":"2025-01-21T10:14:25","modified_gmt":"2025-01-21T09:14:25","slug":"mala-maternidade-liberdade-mini-flores-aqua","status":"publish","type":"product","link":"https:\/\/lespiculins.com\/pt-pt\/produto\/mala-maternidade-liberdade-mini-flores-aqua\/","title":{"rendered":"Mala de maternidade Liberty Flowers Aqua"},"content":{"rendered":"<p>Mais detalhes da nossa Mala de Maternidade Liberty Flores Aqua<\/p>\n<ul>\n<li>100% algod\u00e3o.<\/li>\n<li>Tamanho 50 x 40 x 12 cm.<\/li>\n<li>Cor e impress\u00e3o: Liberty London com um design de flores em tons azuis e verdes.<\/li>\n<li>Combinado: <a href=\"https:\/\/lespiculins.com\/producto\/colchoneta-reversible-bugaboo-mini-flor-aqua\/\" target=\"_blank\" rel=\"noopener\">Bugaboo Liberty Aqua Reversible Mattress<\/a> e Liberty Aqua Baby <a href=\"https:\/\/lespiculins.com\/producto\/saco-bebe-liberty-aqua\/\" target=\"_blank\" rel=\"noopener\">Bag.<\/a> Tamb\u00e9m o <a href=\"https:\/\/lespiculins.com\/producto\/bolsa-mini-liberty-flores-aqua\/\" target=\"_blank\" rel=\"noopener\">Mini Liberty Flores Aqua Bag.<\/a><\/li>\n<\/ul>\n","protected":false},"excerpt":{"rendered":"<p style=\"text-align: justify;\">Pusemos muito amor nos nossos cal\u00e7\u00f5es liberty london. T\u00eam interiores imperme\u00e1veis, bolsos laterais e borrachas para que tudo fique no lugar. Voc\u00ea pode manter nele todas as suas pequenas coisas <strong>para a sua chegada ao hospital<\/strong>: corpos de algod\u00e3o, cooing ou saco de beb\u00ea, pijama, gorro, meias&#8230; O teu primeiro conjunto, fraldas&#8230;<\/p>\n<p style=\"text-align: justify;\">Pode continuar a ser usado quando o seu beb\u00e9 j\u00e1 n\u00e3o for um rec\u00e9m-nascido. O seu tamanho \u00e9 ideal para ser usado nessas viagens curtas ou fins de semana na casa dos av\u00f3s.<\/p>\n<p style=\"text-align: justify;\">Mantenha a sua <strong>caixa de maternidade como nova,<\/strong>seguindo as nossas dicas de lavagem. Maquinado, com o detergente hipoalerg\u00e9nico do seu beb\u00e9, m\u00e1ximo a 30oC. N\u00e3o pode passar ou usar um secador.<\/p>\n","protected":false},"featured_media":30636,"template":"","meta":{"_joinchat":[]},"product_cat":[119],"product_tag":[307],"yoast_head":"<!-- This site is optimized with the Yoast SEO plugin v21.5 - https:\/\/yoast.com\/wordpress\/plugins\/seo\/ -->\n<title>Mala de maternidade | de Flores da Liberdade acess\u00f3rios | Os Piculins<\/title>\n<meta name=\"description\" content=\"Mala de maternidade Liberty Flowers Aqua. 100% algod\u00e3o. Interior imperme\u00e1vel, bolsos laterais e borrachas para que tudo fique no lugar.\" \/>\n<meta name=\"robots\" content=\"index, follow, max-snippet:-1, max-image-preview:large, max-video-preview:-1\" \/>\n<link rel=\"canonical\" href=\"https:\/\/lespiculins.com\/pt-pt\/produto\/mala-maternidade-liberdade-mini-flores-aqua\/\" \/>\n<meta property=\"og:locale\" content=\"pt_PT\" \/>\n<meta property=\"og:type\" content=\"article\" \/>\n<meta property=\"og:title\" content=\"Mala de maternidade | de Flores da Liberdade acess\u00f3rios | Os Piculins\" \/>\n<meta property=\"og:description\" content=\"Mala de maternidade Liberty Flowers Aqua. 100% algod\u00e3o. Interior imperme\u00e1vel, bolsos laterais e borrachas para que tudo fique no lugar.\" \/>\n<meta property=\"og:url\" content=\"https:\/\/lespiculins.com\/pt-pt\/produto\/mala-maternidade-liberdade-mini-flores-aqua\/\" \/>\n<meta property=\"og:site_name\" content=\"Les Piculins\" \/>\n<meta property=\"article:modified_time\" content=\"2025-01-21T09:14:25+00:00\" \/>\n<meta property=\"og:image\" content=\"https:\/\/lespiculins.com\/wp-content\/uploads\/2020\/12\/maleta-floriana-1.jpg\" \/>\n\t<meta property=\"og:image:width\" content=\"982\" \/>\n\t<meta property=\"og:image:height\" content=\"900\" \/>\n\t<meta property=\"og:image:type\" content=\"image\/jpeg\" \/>\n<meta name=\"twitter:card\" content=\"summary_large_image\" \/>\n<script type=\"application\/ld+json\" class=\"yoast-schema-graph\">{\"@context\":\"https:\/\/schema.org\",\"@graph\":[{\"@type\":\"WebPage\",\"@id\":\"https:\/\/lespiculins.com\/pt-pt\/produto\/mala-maternidade-liberdade-mini-flores-aqua\/\",\"url\":\"https:\/\/lespiculins.com\/pt-pt\/produto\/mala-maternidade-liberdade-mini-flores-aqua\/\",\"name\":\"Mala de maternidade | de Flores da Liberdade acess\u00f3rios | Os Piculins\",\"isPartOf\":{\"@id\":\"https:\/\/lespiculins.com\/pt-pt\/#website\"},\"datePublished\":\"2021-04-27T08:33:55+00:00\",\"dateModified\":\"2025-01-21T09:14:25+00:00\",\"description\":\"Mala de maternidade Liberty Flowers Aqua. 100% algod\u00e3o. Interior imperme\u00e1vel, bolsos laterais e borrachas para que tudo fique no lugar.\",\"breadcrumb\":{\"@id\":\"https:\/\/lespiculins.com\/pt-pt\/produto\/mala-maternidade-liberdade-mini-flores-aqua\/#breadcrumb\"},\"inLanguage\":\"pt-PT\",\"potentialAction\":[{\"@type\":\"ReadAction\",\"target\":[\"https:\/\/lespiculins.com\/pt-pt\/produto\/mala-maternidade-liberdade-mini-flores-aqua\/\"]}]},{\"@type\":\"BreadcrumbList\",\"@id\":\"https:\/\/lespiculins.com\/pt-pt\/produto\/mala-maternidade-liberdade-mini-flores-aqua\/#breadcrumb\",\"itemListElement\":[{\"@type\":\"ListItem\",\"position\":1,\"name\":\"Portada\",\"item\":\"https:\/\/lespiculins.com\/pt-pt\/inicio\/\"},{\"@type\":\"ListItem\",\"position\":2,\"name\":\"Loja\",\"item\":\"https:\/\/lespiculins.com\/pt-pt\/loja\/\"},{\"@type\":\"ListItem\",\"position\":3,\"name\":\"Mala de maternidade Liberty Flowers Aqua\"}]},{\"@type\":\"WebSite\",\"@id\":\"https:\/\/lespiculins.com\/pt-pt\/#website\",\"url\":\"https:\/\/lespiculins.com\/pt-pt\/\",\"name\":\"Les Piculins\",\"description\":\"Fundas para carritos, bugaboo, maclaren, icoo, bebecar, mima...\",\"potentialAction\":[{\"@type\":\"SearchAction\",\"target\":{\"@type\":\"EntryPoint\",\"urlTemplate\":\"https:\/\/lespiculins.com\/pt-pt\/?s={search_term_string}\"},\"query-input\":\"required name=search_term_string\"}],\"inLanguage\":\"pt-PT\"}]}<\/script>\n<!-- \/ Yoast SEO plugin. -->","yoast_head_json":{"title":"Mala de maternidade | de Flores da Liberdade acess\u00f3rios | Os Piculins","description":"Mala de maternidade Liberty Flowers Aqua. 100% algod\u00e3o. Interior imperme\u00e1vel, bolsos laterais e borrachas para que tudo fique no lugar.","robots":{"index":"index","follow":"follow","max-snippet":"max-snippet:-1","max-image-preview":"max-image-preview:large","max-video-preview":"max-video-preview:-1"},"canonical":"https:\/\/lespiculins.com\/pt-pt\/produto\/mala-maternidade-liberdade-mini-flores-aqua\/","og_locale":"pt_PT","og_type":"article","og_title":"Mala de maternidade | de Flores da Liberdade acess\u00f3rios | Os Piculins","og_description":"Mala de maternidade Liberty Flowers Aqua. 100% algod\u00e3o. Interior imperme\u00e1vel, bolsos laterais e borrachas para que tudo fique no lugar.","og_url":"https:\/\/lespiculins.com\/pt-pt\/produto\/mala-maternidade-liberdade-mini-flores-aqua\/","og_site_name":"Les Piculins","article_modified_time":"2025-01-21T09:14:25+00:00","og_image":[{"width":982,"height":900,"url":"https:\/\/lespiculins.com\/wp-content\/uploads\/2020\/12\/maleta-floriana-1.jpg","type":"image\/jpeg"}],"twitter_card":"summary_large_image","schema":{"@context":"https:\/\/schema.org","@graph":[{"@type":"WebPage","@id":"https:\/\/lespiculins.com\/pt-pt\/produto\/mala-maternidade-liberdade-mini-flores-aqua\/","url":"https:\/\/lespiculins.com\/pt-pt\/produto\/mala-maternidade-liberdade-mini-flores-aqua\/","name":"Mala de maternidade | de Flores da Liberdade acess\u00f3rios | Os Piculins","isPartOf":{"@id":"https:\/\/lespiculins.com\/pt-pt\/#website"},"datePublished":"2021-04-27T08:33:55+00:00","dateModified":"2025-01-21T09:14:25+00:00","description":"Mala de maternidade Liberty Flowers Aqua. 100% algod\u00e3o. Interior imperme\u00e1vel, bolsos laterais e borrachas para que tudo fique no lugar.","breadcrumb":{"@id":"https:\/\/lespiculins.com\/pt-pt\/produto\/mala-maternidade-liberdade-mini-flores-aqua\/#breadcrumb"},"inLanguage":"pt-PT","potentialAction":[{"@type":"ReadAction","target":["https:\/\/lespiculins.com\/pt-pt\/produto\/mala-maternidade-liberdade-mini-flores-aqua\/"]}]},{"@type":"BreadcrumbList","@id":"https:\/\/lespiculins.com\/pt-pt\/produto\/mala-maternidade-liberdade-mini-flores-aqua\/#breadcrumb","itemListElement":[{"@type":"ListItem","position":1,"name":"Portada","item":"https:\/\/lespiculins.com\/pt-pt\/inicio\/"},{"@type":"ListItem","position":2,"name":"Loja","item":"https:\/\/lespiculins.com\/pt-pt\/loja\/"},{"@type":"ListItem","position":3,"name":"Mala de maternidade Liberty Flowers Aqua"}]},{"@type":"WebSite","@id":"https:\/\/lespiculins.com\/pt-pt\/#website","url":"https:\/\/lespiculins.com\/pt-pt\/","name":"Les Piculins","description":"Fundas para carritos, bugaboo, maclaren, icoo, bebecar, mima...","potentialAction":[{"@type":"SearchAction","target":{"@type":"EntryPoint","urlTemplate":"https:\/\/lespiculins.com\/pt-pt\/?s={search_term_string}"},"query-input":"required name=search_term_string"}],"inLanguage":"pt-PT"}]}},"_links":{"self":[{"href":"https:\/\/lespiculins.com\/pt-pt\/wp-json\/wp\/v2\/product\/31194"}],"collection":[{"href":"https:\/\/lespiculins.com\/pt-pt\/wp-json\/wp\/v2\/product"}],"about":[{"href":"https:\/\/lespiculins.com\/pt-pt\/wp-json\/wp\/v2\/types\/product"}],"wp:featuredmedia":[{"embeddable":true,"href":"https:\/\/lespiculins.com\/pt-pt\/wp-json\/wp\/v2\/media\/30636"}],"wp:attachment":[{"href":"https:\/\/lespiculins.com\/pt-pt\/wp-json\/wp\/v2\/media?parent=31194"}],"wp:term":[{"taxonomy":"product_cat","embeddable":true,"href":"https:\/\/lespiculins.com\/pt-pt\/wp-json\/wp\/v2\/product_cat?post=31194"},{"taxonomy":"product_tag","embeddable":true,"href":"https:\/\/lespiculins.com\/pt-pt\/wp-json\/wp\/v2\/product_tag?post=31194"}],"curies":[{"name":"wp","href":"https:\/\/api.w.org\/{rel}","templated":true}]}}