{"id":31189,"date":"2020-12-19T13:02:56","date_gmt":"2021-04-27T08:32:04","guid":{"rendered":"https:\/\/lespiculins.com\/producto\/neceser-liberty-blue-animalitos\/"},"modified":"2022-01-25T14:52:29","modified_gmt":"2022-01-25T13:52:29","slug":"neceser-liberdade-animalitos-azul","status":"publish","type":"product","link":"https:\/\/lespiculins.com\/pt-pt\/produto\/neceser-liberdade-animalitos-azul\/","title":{"rendered":"N\u00e9cessaire Liberty Blue Animalitos"},"content":{"rendered":"<section class=\"wpb-content-wrapper\"><section class=\"l-section wpb_row height_medium\"><div class=\"l-section-h i-cf\"><div class=\"g-cols vc_row via_flex valign_top type_default stacking_default\"><div class=\"vc_col-sm-12 wpb_column vc_column_container\"><div class=\"vc_column-inner\"><div class=\"wpb_wrapper\"><div class=\"wpb_text_column\"><div class=\"wpb_wrapper\"><p>Mais detalhes do nosso Neceser Liberty Blue Animalitos<\/p>\n<ul>\n<li>Tamanho 28 x 15 x 8 cm.<\/li>\n<li>Outros produtos da cole\u00e7\u00e3o London Liberty Animalitos Azul: o <a href=\"https:\/\/lespiculins.com\/pt-pt\/produto\/mini-liberty-animalitos-blue-bag\/\" target=\"_blank\" rel=\"noopener\">Mini Liberty Animalitos Blue Bag.<\/a> O <a href=\"https:\/\/lespiculins.com\/pt-pt\/produto\/saco-de-bebe-animal-azul-da-liberdade\/\" target=\"_blank\" rel=\"noopener\">saco de beb\u00e9s liberty blue animal.<\/a> O <a href=\"https:\/\/lespiculins.com\/pt-pt\/produto\/colchao-reversivel-bugaboo-animalitos\/\" target=\"_blank\" rel=\"noopener\">Colch\u00e3o Revers\u00edvel Azul Bugaboo Animalitos.<\/a> E o <a href=\"https:\/\/lespiculins.com\/pt-pt\/produto\/liberty-animals-blue-talega\/\" target=\"_blank\" rel=\"noopener\">Liberty Animalitos Blue Talega.<\/a><\/li>\n<li>Gorjetas de lavagem. Maquinado, com o detergente hipoalerg\u00e9nico do seu beb\u00e9, m\u00e1ximo a 30oC. N\u00e3o pode passar ou usar um secador.<\/li>\n<\/ul>\n<\/div><\/div><\/div><\/div><\/div><\/div><\/div><\/section>\n<\/section>","protected":false},"excerpt":{"rendered":"<p style=\"text-align: justify;\">Caso &#8211; necess\u00e1rio para <strong>fraldas e toalhetes.<\/strong> Tem um design muito agrad\u00e1vel em Liberty London <strong>com animais azuis.<\/strong> Tamb\u00e9m \u00e9 forrado e tem um detalhe enlameado. Com a chegada de um beb\u00e9, a vida e a casa s\u00e3o revolucionadas. \u00c9 por isso que propomos esta bela <strong>mala.para encomendar todas as suas coisas de higiene e casa de banho.<\/strong> Tamb\u00e9m pr\u00e1tico para qualquer viagem ou como <strong>organizador<\/strong> para a sua mala.<\/p>\n<p style=\"text-align: justify;\">Tamb\u00e9m obtenha o <a href=\"https:\/\/lespiculins.com\/producto\/cambiador-liberty-animalitos-azul\/\" target=\"_blank\" rel=\"noopener\">trocador<\/a> perfeito para manter a higiene do seu beb\u00e9 em todos os seus passeios.<\/p>\n","protected":false},"featured_media":30658,"template":"","meta":{"_joinchat":[]},"product_cat":[109],"product_tag":[305],"yoast_head":"<!-- This site is optimized with the Yoast SEO plugin v21.5 - https:\/\/yoast.com\/wordpress\/plugins\/seo\/ -->\n<title>N\u00e9cessaire Liberty Animaizinhos Azul | Acess\u00f3rios para beb\u00e9s | les Piculins<\/title>\n<meta name=\"description\" content=\"N\u00e9cessaire Liberty Animaizinhos Azul. Para encomendar todos os produtos de higiene e banho do seu beb\u00e9. Com design de animal azul.\" \/>\n<meta name=\"robots\" content=\"index, follow, max-snippet:-1, max-image-preview:large, max-video-preview:-1\" \/>\n<link rel=\"canonical\" href=\"https:\/\/lespiculins.com\/pt-pt\/produto\/neceser-liberdade-animalitos-azul\/\" \/>\n<meta property=\"og:locale\" content=\"pt_PT\" \/>\n<meta property=\"og:type\" content=\"article\" \/>\n<meta property=\"og:title\" content=\"N\u00e9cessaire Liberty Animaizinhos Azul | Acess\u00f3rios para beb\u00e9s | les Piculins\" \/>\n<meta property=\"og:description\" content=\"N\u00e9cessaire Liberty Animaizinhos Azul. Para encomendar todos os produtos de higiene e banho do seu beb\u00e9. Com design de animal azul.\" \/>\n<meta property=\"og:url\" content=\"https:\/\/lespiculins.com\/pt-pt\/produto\/neceser-liberdade-animalitos-azul\/\" \/>\n<meta property=\"og:site_name\" content=\"Les Piculins\" \/>\n<meta property=\"article:modified_time\" content=\"2022-01-25T13:52:29+00:00\" \/>\n<meta property=\"og:image\" content=\"https:\/\/lespiculins.com\/wp-content\/uploads\/2020\/12\/neceser-theo-blue-1-scaled.jpg\" \/>\n\t<meta property=\"og:image:width\" content=\"2560\" \/>\n\t<meta property=\"og:image:height\" content=\"1920\" \/>\n\t<meta property=\"og:image:type\" content=\"image\/jpeg\" \/>\n<meta name=\"twitter:card\" content=\"summary_large_image\" \/>\n<script type=\"application\/ld+json\" class=\"yoast-schema-graph\">{\"@context\":\"https:\/\/schema.org\",\"@graph\":[{\"@type\":\"WebPage\",\"@id\":\"https:\/\/lespiculins.com\/pt-pt\/produto\/neceser-liberdade-animalitos-azul\/\",\"url\":\"https:\/\/lespiculins.com\/pt-pt\/produto\/neceser-liberdade-animalitos-azul\/\",\"name\":\"N\u00e9cessaire Liberty Animaizinhos Azul | Acess\u00f3rios para beb\u00e9s | les Piculins\",\"isPartOf\":{\"@id\":\"https:\/\/lespiculins.com\/pt-pt\/#website\"},\"datePublished\":\"2021-04-27T08:32:04+00:00\",\"dateModified\":\"2022-01-25T13:52:29+00:00\",\"description\":\"N\u00e9cessaire Liberty Animaizinhos Azul. Para encomendar todos os produtos de higiene e banho do seu beb\u00e9. Com design de animal azul.\",\"breadcrumb\":{\"@id\":\"https:\/\/lespiculins.com\/pt-pt\/produto\/neceser-liberdade-animalitos-azul\/#breadcrumb\"},\"inLanguage\":\"pt-PT\",\"potentialAction\":[{\"@type\":\"ReadAction\",\"target\":[\"https:\/\/lespiculins.com\/pt-pt\/produto\/neceser-liberdade-animalitos-azul\/\"]}]},{\"@type\":\"BreadcrumbList\",\"@id\":\"https:\/\/lespiculins.com\/pt-pt\/produto\/neceser-liberdade-animalitos-azul\/#breadcrumb\",\"itemListElement\":[{\"@type\":\"ListItem\",\"position\":1,\"name\":\"Portada\",\"item\":\"https:\/\/lespiculins.com\/pt-pt\/inicio\/\"},{\"@type\":\"ListItem\",\"position\":2,\"name\":\"Loja\",\"item\":\"https:\/\/lespiculins.com\/pt-pt\/loja\/\"},{\"@type\":\"ListItem\",\"position\":3,\"name\":\"N\u00e9cessaire Liberty Blue Animalitos\"}]},{\"@type\":\"WebSite\",\"@id\":\"https:\/\/lespiculins.com\/pt-pt\/#website\",\"url\":\"https:\/\/lespiculins.com\/pt-pt\/\",\"name\":\"Les Piculins\",\"description\":\"Fundas para carritos, bugaboo, maclaren, icoo, bebecar, mima...\",\"potentialAction\":[{\"@type\":\"SearchAction\",\"target\":{\"@type\":\"EntryPoint\",\"urlTemplate\":\"https:\/\/lespiculins.com\/pt-pt\/?s={search_term_string}\"},\"query-input\":\"required name=search_term_string\"}],\"inLanguage\":\"pt-PT\"}]}<\/script>\n<!-- \/ Yoast SEO plugin. -->","yoast_head_json":{"title":"N\u00e9cessaire Liberty Animaizinhos Azul | Acess\u00f3rios para beb\u00e9s | les Piculins","description":"N\u00e9cessaire Liberty Animaizinhos Azul. Para encomendar todos os produtos de higiene e banho do seu beb\u00e9. Com design de animal azul.","robots":{"index":"index","follow":"follow","max-snippet":"max-snippet:-1","max-image-preview":"max-image-preview:large","max-video-preview":"max-video-preview:-1"},"canonical":"https:\/\/lespiculins.com\/pt-pt\/produto\/neceser-liberdade-animalitos-azul\/","og_locale":"pt_PT","og_type":"article","og_title":"N\u00e9cessaire Liberty Animaizinhos Azul | Acess\u00f3rios para beb\u00e9s | les Piculins","og_description":"N\u00e9cessaire Liberty Animaizinhos Azul. Para encomendar todos os produtos de higiene e banho do seu beb\u00e9. Com design de animal azul.","og_url":"https:\/\/lespiculins.com\/pt-pt\/produto\/neceser-liberdade-animalitos-azul\/","og_site_name":"Les Piculins","article_modified_time":"2022-01-25T13:52:29+00:00","og_image":[{"width":2560,"height":1920,"url":"https:\/\/lespiculins.com\/wp-content\/uploads\/2020\/12\/neceser-theo-blue-1-scaled.jpg","type":"image\/jpeg"}],"twitter_card":"summary_large_image","schema":{"@context":"https:\/\/schema.org","@graph":[{"@type":"WebPage","@id":"https:\/\/lespiculins.com\/pt-pt\/produto\/neceser-liberdade-animalitos-azul\/","url":"https:\/\/lespiculins.com\/pt-pt\/produto\/neceser-liberdade-animalitos-azul\/","name":"N\u00e9cessaire Liberty Animaizinhos Azul | Acess\u00f3rios para beb\u00e9s | les Piculins","isPartOf":{"@id":"https:\/\/lespiculins.com\/pt-pt\/#website"},"datePublished":"2021-04-27T08:32:04+00:00","dateModified":"2022-01-25T13:52:29+00:00","description":"N\u00e9cessaire Liberty Animaizinhos Azul. Para encomendar todos os produtos de higiene e banho do seu beb\u00e9. Com design de animal azul.","breadcrumb":{"@id":"https:\/\/lespiculins.com\/pt-pt\/produto\/neceser-liberdade-animalitos-azul\/#breadcrumb"},"inLanguage":"pt-PT","potentialAction":[{"@type":"ReadAction","target":["https:\/\/lespiculins.com\/pt-pt\/produto\/neceser-liberdade-animalitos-azul\/"]}]},{"@type":"BreadcrumbList","@id":"https:\/\/lespiculins.com\/pt-pt\/produto\/neceser-liberdade-animalitos-azul\/#breadcrumb","itemListElement":[{"@type":"ListItem","position":1,"name":"Portada","item":"https:\/\/lespiculins.com\/pt-pt\/inicio\/"},{"@type":"ListItem","position":2,"name":"Loja","item":"https:\/\/lespiculins.com\/pt-pt\/loja\/"},{"@type":"ListItem","position":3,"name":"N\u00e9cessaire Liberty Blue Animalitos"}]},{"@type":"WebSite","@id":"https:\/\/lespiculins.com\/pt-pt\/#website","url":"https:\/\/lespiculins.com\/pt-pt\/","name":"Les Piculins","description":"Fundas para carritos, bugaboo, maclaren, icoo, bebecar, mima...","potentialAction":[{"@type":"SearchAction","target":{"@type":"EntryPoint","urlTemplate":"https:\/\/lespiculins.com\/pt-pt\/?s={search_term_string}"},"query-input":"required name=search_term_string"}],"inLanguage":"pt-PT"}]}},"_links":{"self":[{"href":"https:\/\/lespiculins.com\/pt-pt\/wp-json\/wp\/v2\/product\/31189"}],"collection":[{"href":"https:\/\/lespiculins.com\/pt-pt\/wp-json\/wp\/v2\/product"}],"about":[{"href":"https:\/\/lespiculins.com\/pt-pt\/wp-json\/wp\/v2\/types\/product"}],"wp:featuredmedia":[{"embeddable":true,"href":"https:\/\/lespiculins.com\/pt-pt\/wp-json\/wp\/v2\/media\/30658"}],"wp:attachment":[{"href":"https:\/\/lespiculins.com\/pt-pt\/wp-json\/wp\/v2\/media?parent=31189"}],"wp:term":[{"taxonomy":"product_cat","embeddable":true,"href":"https:\/\/lespiculins.com\/pt-pt\/wp-json\/wp\/v2\/product_cat?post=31189"},{"taxonomy":"product_tag","embeddable":true,"href":"https:\/\/lespiculins.com\/pt-pt\/wp-json\/wp\/v2\/product_tag?post=31189"}],"curies":[{"name":"wp","href":"https:\/\/api.w.org\/{rel}","templated":true}]}}