{"id":31178,"date":"2020-12-23T14:25:45","date_gmt":"2021-04-27T08:29:18","guid":{"rendered":"https:\/\/lespiculins.com\/producto\/mini-saco-florestal-da-liberdade\/"},"modified":"2022-05-18T10:42:56","modified_gmt":"2022-05-18T08:42:56","slug":"mini-saco-florestal-da-liberdade","status":"publish","type":"product","link":"https:\/\/lespiculins.com\/pt-pt\/produto\/mini-saco-florestal-da-liberdade\/","title":{"rendered":"Mala Pequena Liberty Floresta"},"content":{"rendered":"<section class=\"wpb-content-wrapper\"><section class=\"l-section wpb_row height_medium\"><div class=\"l-section-h i-cf\"><div class=\"g-cols vc_row via_flex valign_top type_default stacking_default\"><div class=\"vc_col-sm-12 wpb_column vc_column_container\"><div class=\"vc_column-inner\"><div class=\"wpb_wrapper\"><div class=\"wpb_text_column\"><div class=\"wpb_wrapper\"><p>Mais detalhes do nosso Mini Liberty Forest Bag<\/p>\n<p>As nossas mini-malas s\u00e3o um tamanho que lhe permitir\u00e1 ter as suas pequenas coisas \u00e0 m\u00e3o sem sobrecarregar o carro do seu Beb\u00e9.<\/p>\n<p>Tamanho 34 x 21 x 8 cm<\/p>\n<p>Impresso e colorido: Liberty London com flores em tons de azul escuro, verde escuro, verde claro e pau rosa. <\/p>\n<\/div><\/div><\/div><\/div><\/div><\/div><\/div><\/section>\n<\/section>","protected":false},"excerpt":{"rendered":"<p>Mala Pequena Liberty Floresta<\/p>\n<p style=\"text-align: justify;\">O nosso mini carrinho de beb\u00e9 \u00e9 o tamanho ideal para transportar tudo o que precisa para o seu beb\u00e9 sem a necessidade de ter excesso de peso no carrinho de beb\u00e9. O design da nossa mini-mala \u00e9 conhecido como Liberty London. Com uma estampa florestal, que alterna pequenas flores em tons de azul, verde e rosa. Mini saco artesanal com materiais de alta qualidade.<\/p>\n<p style=\"text-align: justify;\">Acesso confort\u00e1vel ao seu interior gra\u00e7as \u00e0 sua abertura com fecho de correr. Tamb\u00e9m \u00e9 f\u00e1cil de ajustar ao carrinho gra\u00e7as aos dois bot\u00f5es de bot\u00e3o. As pegas s\u00e3o brancas com uma risca verde.<\/p>\n<p style=\"text-align: justify;\">No Les Piculins temos que combinar com o nosso mini saco o <a href=\"https:\/\/lespiculins.com\/producto\/saco-bebe-liberty-bosque\/\" target=\"_blank\" rel=\"noopener\">Liberty Forest Baby Bag<\/a><\/p>\n<p style=\"text-align: justify;\">Para manter a sua bosa mini como nova, siga as nossas dicas de lavagem. Maquinado, com o detergente hipoalerg\u00e9nico do seu beb\u00e9, m\u00e1ximo a 30oC. N\u00e3o pode passar ou usar um secador.<\/p>\n","protected":false},"featured_media":34445,"template":"","meta":{"_joinchat":[]},"product_cat":[138],"product_tag":[310],"yoast_head":"<!-- This site is optimized with the Yoast SEO plugin v21.5 - https:\/\/yoast.com\/wordpress\/plugins\/seo\/ -->\n<title>Mala Pequena Liberty Floresta | Acess\u00f3rios de passeio | Les Piculins<\/title>\n<meta name=\"description\" content=\"Mala Pequena Liberty Floresta. Mini saco ideal para carregar tudo o que voc\u00ea precisa e n\u00e3o sobrecarregar o carrinho. Liberty London Forest design.\" \/>\n<meta name=\"robots\" content=\"index, follow, max-snippet:-1, max-image-preview:large, max-video-preview:-1\" \/>\n<link rel=\"canonical\" href=\"https:\/\/lespiculins.com\/pt-pt\/produto\/mini-saco-florestal-da-liberdade\/\" \/>\n<meta property=\"og:locale\" content=\"pt_PT\" \/>\n<meta property=\"og:type\" content=\"article\" \/>\n<meta property=\"og:title\" content=\"Mala Pequena Liberty Floresta | Acess\u00f3rios de passeio | Les Piculins\" \/>\n<meta property=\"og:description\" content=\"Mala Pequena Liberty Floresta. Mini saco ideal para carregar tudo o que voc\u00ea precisa e n\u00e3o sobrecarregar o carrinho. Liberty London Forest design.\" \/>\n<meta property=\"og:url\" content=\"https:\/\/lespiculins.com\/pt-pt\/produto\/mini-saco-florestal-da-liberdade\/\" \/>\n<meta property=\"og:site_name\" content=\"Les Piculins\" \/>\n<meta property=\"article:modified_time\" content=\"2022-05-18T08:42:56+00:00\" \/>\n<meta property=\"og:image\" content=\"https:\/\/lespiculins.com\/wp-content\/uploads\/2020\/12\/poppy2.jpg\" \/>\n\t<meta property=\"og:image:width\" content=\"1080\" \/>\n\t<meta property=\"og:image:height\" content=\"953\" \/>\n\t<meta property=\"og:image:type\" content=\"image\/jpeg\" \/>\n<meta name=\"twitter:card\" content=\"summary_large_image\" \/>\n<script type=\"application\/ld+json\" class=\"yoast-schema-graph\">{\"@context\":\"https:\/\/schema.org\",\"@graph\":[{\"@type\":\"WebPage\",\"@id\":\"https:\/\/lespiculins.com\/pt-pt\/produto\/mini-saco-florestal-da-liberdade\/\",\"url\":\"https:\/\/lespiculins.com\/pt-pt\/produto\/mini-saco-florestal-da-liberdade\/\",\"name\":\"Mala Pequena Liberty Floresta | Acess\u00f3rios de passeio | Les Piculins\",\"isPartOf\":{\"@id\":\"https:\/\/lespiculins.com\/pt-pt\/#website\"},\"datePublished\":\"2021-04-27T08:29:18+00:00\",\"dateModified\":\"2022-05-18T08:42:56+00:00\",\"description\":\"Mala Pequena Liberty Floresta. Mini saco ideal para carregar tudo o que voc\u00ea precisa e n\u00e3o sobrecarregar o carrinho. Liberty London Forest design.\",\"breadcrumb\":{\"@id\":\"https:\/\/lespiculins.com\/pt-pt\/produto\/mini-saco-florestal-da-liberdade\/#breadcrumb\"},\"inLanguage\":\"pt-PT\",\"potentialAction\":[{\"@type\":\"ReadAction\",\"target\":[\"https:\/\/lespiculins.com\/pt-pt\/produto\/mini-saco-florestal-da-liberdade\/\"]}]},{\"@type\":\"BreadcrumbList\",\"@id\":\"https:\/\/lespiculins.com\/pt-pt\/produto\/mini-saco-florestal-da-liberdade\/#breadcrumb\",\"itemListElement\":[{\"@type\":\"ListItem\",\"position\":1,\"name\":\"Portada\",\"item\":\"https:\/\/lespiculins.com\/pt-pt\/inicio\/\"},{\"@type\":\"ListItem\",\"position\":2,\"name\":\"Loja\",\"item\":\"https:\/\/lespiculins.com\/pt-pt\/loja\/\"},{\"@type\":\"ListItem\",\"position\":3,\"name\":\"Mala Pequena Liberty Floresta\"}]},{\"@type\":\"WebSite\",\"@id\":\"https:\/\/lespiculins.com\/pt-pt\/#website\",\"url\":\"https:\/\/lespiculins.com\/pt-pt\/\",\"name\":\"Les Piculins\",\"description\":\"Fundas para carritos, bugaboo, maclaren, icoo, bebecar, mima...\",\"potentialAction\":[{\"@type\":\"SearchAction\",\"target\":{\"@type\":\"EntryPoint\",\"urlTemplate\":\"https:\/\/lespiculins.com\/pt-pt\/?s={search_term_string}\"},\"query-input\":\"required name=search_term_string\"}],\"inLanguage\":\"pt-PT\"}]}<\/script>\n<!-- \/ Yoast SEO plugin. -->","yoast_head_json":{"title":"Mala Pequena Liberty Floresta | Acess\u00f3rios de passeio | Les Piculins","description":"Mala Pequena Liberty Floresta. Mini saco ideal para carregar tudo o que voc\u00ea precisa e n\u00e3o sobrecarregar o carrinho. Liberty London Forest design.","robots":{"index":"index","follow":"follow","max-snippet":"max-snippet:-1","max-image-preview":"max-image-preview:large","max-video-preview":"max-video-preview:-1"},"canonical":"https:\/\/lespiculins.com\/pt-pt\/produto\/mini-saco-florestal-da-liberdade\/","og_locale":"pt_PT","og_type":"article","og_title":"Mala Pequena Liberty Floresta | Acess\u00f3rios de passeio | Les Piculins","og_description":"Mala Pequena Liberty Floresta. Mini saco ideal para carregar tudo o que voc\u00ea precisa e n\u00e3o sobrecarregar o carrinho. Liberty London Forest design.","og_url":"https:\/\/lespiculins.com\/pt-pt\/produto\/mini-saco-florestal-da-liberdade\/","og_site_name":"Les Piculins","article_modified_time":"2022-05-18T08:42:56+00:00","og_image":[{"width":1080,"height":953,"url":"https:\/\/lespiculins.com\/wp-content\/uploads\/2020\/12\/poppy2.jpg","type":"image\/jpeg"}],"twitter_card":"summary_large_image","schema":{"@context":"https:\/\/schema.org","@graph":[{"@type":"WebPage","@id":"https:\/\/lespiculins.com\/pt-pt\/produto\/mini-saco-florestal-da-liberdade\/","url":"https:\/\/lespiculins.com\/pt-pt\/produto\/mini-saco-florestal-da-liberdade\/","name":"Mala Pequena Liberty Floresta | Acess\u00f3rios de passeio | Les Piculins","isPartOf":{"@id":"https:\/\/lespiculins.com\/pt-pt\/#website"},"datePublished":"2021-04-27T08:29:18+00:00","dateModified":"2022-05-18T08:42:56+00:00","description":"Mala Pequena Liberty Floresta. Mini saco ideal para carregar tudo o que voc\u00ea precisa e n\u00e3o sobrecarregar o carrinho. Liberty London Forest design.","breadcrumb":{"@id":"https:\/\/lespiculins.com\/pt-pt\/produto\/mini-saco-florestal-da-liberdade\/#breadcrumb"},"inLanguage":"pt-PT","potentialAction":[{"@type":"ReadAction","target":["https:\/\/lespiculins.com\/pt-pt\/produto\/mini-saco-florestal-da-liberdade\/"]}]},{"@type":"BreadcrumbList","@id":"https:\/\/lespiculins.com\/pt-pt\/produto\/mini-saco-florestal-da-liberdade\/#breadcrumb","itemListElement":[{"@type":"ListItem","position":1,"name":"Portada","item":"https:\/\/lespiculins.com\/pt-pt\/inicio\/"},{"@type":"ListItem","position":2,"name":"Loja","item":"https:\/\/lespiculins.com\/pt-pt\/loja\/"},{"@type":"ListItem","position":3,"name":"Mala Pequena Liberty Floresta"}]},{"@type":"WebSite","@id":"https:\/\/lespiculins.com\/pt-pt\/#website","url":"https:\/\/lespiculins.com\/pt-pt\/","name":"Les Piculins","description":"Fundas para carritos, bugaboo, maclaren, icoo, bebecar, mima...","potentialAction":[{"@type":"SearchAction","target":{"@type":"EntryPoint","urlTemplate":"https:\/\/lespiculins.com\/pt-pt\/?s={search_term_string}"},"query-input":"required name=search_term_string"}],"inLanguage":"pt-PT"}]}},"_links":{"self":[{"href":"https:\/\/lespiculins.com\/pt-pt\/wp-json\/wp\/v2\/product\/31178"}],"collection":[{"href":"https:\/\/lespiculins.com\/pt-pt\/wp-json\/wp\/v2\/product"}],"about":[{"href":"https:\/\/lespiculins.com\/pt-pt\/wp-json\/wp\/v2\/types\/product"}],"wp:featuredmedia":[{"embeddable":true,"href":"https:\/\/lespiculins.com\/pt-pt\/wp-json\/wp\/v2\/media\/34445"}],"wp:attachment":[{"href":"https:\/\/lespiculins.com\/pt-pt\/wp-json\/wp\/v2\/media?parent=31178"}],"wp:term":[{"taxonomy":"product_cat","embeddable":true,"href":"https:\/\/lespiculins.com\/pt-pt\/wp-json\/wp\/v2\/product_cat?post=31178"},{"taxonomy":"product_tag","embeddable":true,"href":"https:\/\/lespiculins.com\/pt-pt\/wp-json\/wp\/v2\/product_tag?post=31178"}],"curies":[{"name":"wp","href":"https:\/\/api.w.org\/{rel}","templated":true}]}}