{"id":31174,"date":"2020-12-30T12:36:34","date_gmt":"2021-04-27T08:27:35","guid":{"rendered":"https:\/\/lespiculins.com\/producto\/vichy-baby-zen-yo-yo-sack\/"},"modified":"2021-04-27T10:27:36","modified_gmt":"2021-04-27T08:27:36","slug":"saco-cadeira-baby-zen-yo-yo","status":"publish","type":"product","link":"https:\/\/lespiculins.com\/pt-pt\/produto\/saco-cadeira-baby-zen-yo-yo\/","title":{"rendered":"Vichy Baby Zen Yo-Yo Sack"},"content":{"rendered":"<p>Mais detalhes do nosso Vichy Baby Zen Yo-yo Sack<\/p>\n<p>Todos os nossos acess\u00f3rios podem ser lavados \u00e0 m\u00e1quina, at\u00e9 30oC com o detergente hipoalerg\u00e9nico do seu beb\u00e9 ou aquele que normalmente utiliza para roupas delicadas. Aconselhamos a n\u00e3o utilizar um secador. Ao passar a ferro, aplique muito vapor e n\u00e3o pressione com demasiada for\u00e7a para que o recheio n\u00e3o des\u00e7a.<\/p>\n","protected":false},"excerpt":{"rendered":"<p>Prazo de entrega 7 dias<\/p>\n<p>Dispon\u00edvel em outras cores: Aqua e Rosa<\/p>\n<p><strong>Babyzen Yo-Yo +6 saco de cadeira.<\/strong> Projetado para combinar com os capuzes originais taupe e caramelo.<\/p>\n<p>O gorro pode ser empurrado para tr\u00e1s e escondido atr\u00e1s do encosto.<\/p>\n<p>Abertura com fecho <strong>de correr em ambos os lados para<\/strong> que possa remover a tampa e us\u00e1-la como cobertura.<\/p>\n<p><strong>Feito de quadros vichy m\u00e9dios<\/strong> com tampas de arn\u00eas combinados.<\/p>\n<p>Combine-o com o mini saco de f\u00f3sforo.<\/p>\n<p>&nbsp;<\/p>\n<p>&nbsp;<\/p>\n<p>&nbsp;<\/p>\n","protected":false},"featured_media":30734,"template":"","meta":{"_joinchat":[]},"product_cat":[214],"product_tag":[368],"yoast_head":"<!-- This site is optimized with the Yoast SEO plugin v21.5 - https:\/\/yoast.com\/wordpress\/plugins\/seo\/ -->\n<title>Mini Saco e Saco | | de Acess\u00f3rios de Caminhada Os Piculins<\/title>\n<meta name=\"description\" content=\"Mini saco e conjunto de sacos. Feito \u00e0 m\u00e3o para o modelo babyzen Yo-Yo +6. Feito de pinturas de Vichy m\u00e9dias.\" \/>\n<meta name=\"robots\" content=\"index, follow, max-snippet:-1, max-image-preview:large, max-video-preview:-1\" \/>\n<link rel=\"canonical\" href=\"https:\/\/lespiculins.com\/pt-pt\/produto\/saco-cadeira-baby-zen-yo-yo\/\" \/>\n<meta property=\"og:locale\" content=\"pt_PT\" \/>\n<meta property=\"og:type\" content=\"article\" \/>\n<meta property=\"og:title\" content=\"Mini Saco e Saco | | de Acess\u00f3rios de Caminhada Os Piculins\" \/>\n<meta property=\"og:description\" content=\"Mini saco e conjunto de sacos. Feito \u00e0 m\u00e3o para o modelo babyzen Yo-Yo +6. Feito de pinturas de Vichy m\u00e9dias.\" \/>\n<meta property=\"og:url\" content=\"https:\/\/lespiculins.com\/pt-pt\/produto\/saco-cadeira-baby-zen-yo-yo\/\" \/>\n<meta property=\"og:site_name\" content=\"Les Piculins\" \/>\n<meta property=\"article:modified_time\" content=\"2021-04-27T08:27:36+00:00\" \/>\n<meta property=\"og:image\" content=\"https:\/\/lespiculins.com\/wp-content\/uploads\/2020\/12\/conjunto-yo-yo-vichy-sand-3-scaled.jpg\" \/>\n\t<meta property=\"og:image:width\" content=\"2560\" \/>\n\t<meta property=\"og:image:height\" content=\"2388\" \/>\n\t<meta property=\"og:image:type\" content=\"image\/jpeg\" \/>\n<meta name=\"twitter:card\" content=\"summary_large_image\" \/>\n<script type=\"application\/ld+json\" class=\"yoast-schema-graph\">{\"@context\":\"https:\/\/schema.org\",\"@graph\":[{\"@type\":\"WebPage\",\"@id\":\"https:\/\/lespiculins.com\/pt-pt\/produto\/saco-cadeira-baby-zen-yo-yo\/\",\"url\":\"https:\/\/lespiculins.com\/pt-pt\/produto\/saco-cadeira-baby-zen-yo-yo\/\",\"name\":\"Mini Saco e Saco | | de Acess\u00f3rios de Caminhada Os Piculins\",\"isPartOf\":{\"@id\":\"https:\/\/lespiculins.com\/pt-pt\/#website\"},\"datePublished\":\"2021-04-27T08:27:35+00:00\",\"dateModified\":\"2021-04-27T08:27:36+00:00\",\"description\":\"Mini saco e conjunto de sacos. Feito \u00e0 m\u00e3o para o modelo babyzen Yo-Yo +6. Feito de pinturas de Vichy m\u00e9dias.\",\"breadcrumb\":{\"@id\":\"https:\/\/lespiculins.com\/pt-pt\/produto\/saco-cadeira-baby-zen-yo-yo\/#breadcrumb\"},\"inLanguage\":\"pt-PT\",\"potentialAction\":[{\"@type\":\"ReadAction\",\"target\":[\"https:\/\/lespiculins.com\/pt-pt\/produto\/saco-cadeira-baby-zen-yo-yo\/\"]}]},{\"@type\":\"BreadcrumbList\",\"@id\":\"https:\/\/lespiculins.com\/pt-pt\/produto\/saco-cadeira-baby-zen-yo-yo\/#breadcrumb\",\"itemListElement\":[{\"@type\":\"ListItem\",\"position\":1,\"name\":\"Portada\",\"item\":\"https:\/\/lespiculins.com\/pt-pt\/inicio\/\"},{\"@type\":\"ListItem\",\"position\":2,\"name\":\"Loja\",\"item\":\"https:\/\/lespiculins.com\/pt-pt\/loja\/\"},{\"@type\":\"ListItem\",\"position\":3,\"name\":\"Vichy Baby Zen Yo-Yo Sack\"}]},{\"@type\":\"WebSite\",\"@id\":\"https:\/\/lespiculins.com\/pt-pt\/#website\",\"url\":\"https:\/\/lespiculins.com\/pt-pt\/\",\"name\":\"Les Piculins\",\"description\":\"Fundas para carritos, bugaboo, maclaren, icoo, bebecar, mima...\",\"potentialAction\":[{\"@type\":\"SearchAction\",\"target\":{\"@type\":\"EntryPoint\",\"urlTemplate\":\"https:\/\/lespiculins.com\/pt-pt\/?s={search_term_string}\"},\"query-input\":\"required name=search_term_string\"}],\"inLanguage\":\"pt-PT\"}]}<\/script>\n<!-- \/ Yoast SEO plugin. -->","yoast_head_json":{"title":"Mini Saco e Saco | | de Acess\u00f3rios de Caminhada Os Piculins","description":"Mini saco e conjunto de sacos. Feito \u00e0 m\u00e3o para o modelo babyzen Yo-Yo +6. Feito de pinturas de Vichy m\u00e9dias.","robots":{"index":"index","follow":"follow","max-snippet":"max-snippet:-1","max-image-preview":"max-image-preview:large","max-video-preview":"max-video-preview:-1"},"canonical":"https:\/\/lespiculins.com\/pt-pt\/produto\/saco-cadeira-baby-zen-yo-yo\/","og_locale":"pt_PT","og_type":"article","og_title":"Mini Saco e Saco | | de Acess\u00f3rios de Caminhada Os Piculins","og_description":"Mini saco e conjunto de sacos. Feito \u00e0 m\u00e3o para o modelo babyzen Yo-Yo +6. Feito de pinturas de Vichy m\u00e9dias.","og_url":"https:\/\/lespiculins.com\/pt-pt\/produto\/saco-cadeira-baby-zen-yo-yo\/","og_site_name":"Les Piculins","article_modified_time":"2021-04-27T08:27:36+00:00","og_image":[{"width":2560,"height":2388,"url":"https:\/\/lespiculins.com\/wp-content\/uploads\/2020\/12\/conjunto-yo-yo-vichy-sand-3-scaled.jpg","type":"image\/jpeg"}],"twitter_card":"summary_large_image","schema":{"@context":"https:\/\/schema.org","@graph":[{"@type":"WebPage","@id":"https:\/\/lespiculins.com\/pt-pt\/produto\/saco-cadeira-baby-zen-yo-yo\/","url":"https:\/\/lespiculins.com\/pt-pt\/produto\/saco-cadeira-baby-zen-yo-yo\/","name":"Mini Saco e Saco | | de Acess\u00f3rios de Caminhada Os Piculins","isPartOf":{"@id":"https:\/\/lespiculins.com\/pt-pt\/#website"},"datePublished":"2021-04-27T08:27:35+00:00","dateModified":"2021-04-27T08:27:36+00:00","description":"Mini saco e conjunto de sacos. Feito \u00e0 m\u00e3o para o modelo babyzen Yo-Yo +6. Feito de pinturas de Vichy m\u00e9dias.","breadcrumb":{"@id":"https:\/\/lespiculins.com\/pt-pt\/produto\/saco-cadeira-baby-zen-yo-yo\/#breadcrumb"},"inLanguage":"pt-PT","potentialAction":[{"@type":"ReadAction","target":["https:\/\/lespiculins.com\/pt-pt\/produto\/saco-cadeira-baby-zen-yo-yo\/"]}]},{"@type":"BreadcrumbList","@id":"https:\/\/lespiculins.com\/pt-pt\/produto\/saco-cadeira-baby-zen-yo-yo\/#breadcrumb","itemListElement":[{"@type":"ListItem","position":1,"name":"Portada","item":"https:\/\/lespiculins.com\/pt-pt\/inicio\/"},{"@type":"ListItem","position":2,"name":"Loja","item":"https:\/\/lespiculins.com\/pt-pt\/loja\/"},{"@type":"ListItem","position":3,"name":"Vichy Baby Zen Yo-Yo Sack"}]},{"@type":"WebSite","@id":"https:\/\/lespiculins.com\/pt-pt\/#website","url":"https:\/\/lespiculins.com\/pt-pt\/","name":"Les Piculins","description":"Fundas para carritos, bugaboo, maclaren, icoo, bebecar, mima...","potentialAction":[{"@type":"SearchAction","target":{"@type":"EntryPoint","urlTemplate":"https:\/\/lespiculins.com\/pt-pt\/?s={search_term_string}"},"query-input":"required name=search_term_string"}],"inLanguage":"pt-PT"}]}},"_links":{"self":[{"href":"https:\/\/lespiculins.com\/pt-pt\/wp-json\/wp\/v2\/product\/31174"}],"collection":[{"href":"https:\/\/lespiculins.com\/pt-pt\/wp-json\/wp\/v2\/product"}],"about":[{"href":"https:\/\/lespiculins.com\/pt-pt\/wp-json\/wp\/v2\/types\/product"}],"wp:featuredmedia":[{"embeddable":true,"href":"https:\/\/lespiculins.com\/pt-pt\/wp-json\/wp\/v2\/media\/30734"}],"wp:attachment":[{"href":"https:\/\/lespiculins.com\/pt-pt\/wp-json\/wp\/v2\/media?parent=31174"}],"wp:term":[{"taxonomy":"product_cat","embeddable":true,"href":"https:\/\/lespiculins.com\/pt-pt\/wp-json\/wp\/v2\/product_cat?post=31174"},{"taxonomy":"product_tag","embeddable":true,"href":"https:\/\/lespiculins.com\/pt-pt\/wp-json\/wp\/v2\/product_tag?post=31174"}],"curies":[{"name":"wp","href":"https:\/\/api.w.org\/{rel}","templated":true}]}}