{"id":31172,"date":"2020-12-30T13:09:58","date_gmt":"2021-04-27T08:27:06","guid":{"rendered":"https:\/\/lespiculins.com\/producto\/mala-de-maternidade-preta-de-vichy\/"},"modified":"2023-07-11T07:28:51","modified_gmt":"2023-07-11T05:28:51","slug":"mala-maternidade-vichy-preto","status":"publish","type":"product","link":"https:\/\/lespiculins.com\/pt-pt\/produto\/mala-maternidade-vichy-preto\/","title":{"rendered":"Mala de maternidade preta de Vichy"},"content":{"rendered":"","protected":false},"excerpt":{"rendered":"<p>Pusemos muito amor nas malas do hospital. T\u00eam interiores imperme\u00e1veis, bolsos laterais e borrachas para que tudo fique no lugar. O seu tamanho \u00e9 ideal para ser usado nessas viagens curtas ou fins de semana na casa dos av\u00f3s.<\/p>\n<p>Tamanho 50 x 40 x 12 cm<\/p>\n","protected":false},"featured_media":30740,"template":"","meta":{"_joinchat":[]},"product_cat":[119],"product_tag":[332],"yoast_head":"<!-- This site is optimized with the Yoast SEO plugin v21.5 - https:\/\/yoast.com\/wordpress\/plugins\/seo\/ -->\n<title>Mala de maternidade preta de Vichy - Les Piculins<\/title>\n<meta name=\"robots\" content=\"index, follow, max-snippet:-1, max-image-preview:large, max-video-preview:-1\" \/>\n<link rel=\"canonical\" href=\"https:\/\/lespiculins.com\/pt-pt\/produto\/mala-maternidade-vichy-preto\/\" \/>\n<meta property=\"og:locale\" content=\"pt_PT\" \/>\n<meta property=\"og:type\" content=\"article\" \/>\n<meta property=\"og:title\" content=\"Mala de maternidade preta de Vichy - Les Piculins\" \/>\n<meta property=\"og:description\" content=\"Pusemos muito amor nas malas do hospital. T\u00eam interiores imperme\u00e1veis, bolsos laterais e borrachas para que tudo fique no lugar. O seu tamanho \u00e9 ideal para ser usado nessas viagens curtas ou fins de semana na casa dos av\u00f3s. Tamanho 50 x 40 x 12 cm\" \/>\n<meta property=\"og:url\" content=\"https:\/\/lespiculins.com\/pt-pt\/produto\/mala-maternidade-vichy-preto\/\" \/>\n<meta property=\"og:site_name\" content=\"Les Piculins\" \/>\n<meta property=\"article:modified_time\" content=\"2023-07-11T05:28:51+00:00\" \/>\n<meta property=\"og:image\" content=\"https:\/\/lespiculins.com\/wp-content\/uploads\/2020\/12\/maleta-vichy-negro-1-scaled.jpg\" \/>\n\t<meta property=\"og:image:width\" content=\"2560\" \/>\n\t<meta property=\"og:image:height\" content=\"1920\" \/>\n\t<meta property=\"og:image:type\" content=\"image\/jpeg\" \/>\n<meta name=\"twitter:card\" content=\"summary_large_image\" \/>\n<script type=\"application\/ld+json\" class=\"yoast-schema-graph\">{\"@context\":\"https:\/\/schema.org\",\"@graph\":[{\"@type\":\"WebPage\",\"@id\":\"https:\/\/lespiculins.com\/pt-pt\/produto\/mala-maternidade-vichy-preto\/\",\"url\":\"https:\/\/lespiculins.com\/pt-pt\/produto\/mala-maternidade-vichy-preto\/\",\"name\":\"Mala de maternidade preta de Vichy - Les Piculins\",\"isPartOf\":{\"@id\":\"https:\/\/lespiculins.com\/pt-pt\/#website\"},\"datePublished\":\"2021-04-27T08:27:06+00:00\",\"dateModified\":\"2023-07-11T05:28:51+00:00\",\"breadcrumb\":{\"@id\":\"https:\/\/lespiculins.com\/pt-pt\/produto\/mala-maternidade-vichy-preto\/#breadcrumb\"},\"inLanguage\":\"pt-PT\",\"potentialAction\":[{\"@type\":\"ReadAction\",\"target\":[\"https:\/\/lespiculins.com\/pt-pt\/produto\/mala-maternidade-vichy-preto\/\"]}]},{\"@type\":\"BreadcrumbList\",\"@id\":\"https:\/\/lespiculins.com\/pt-pt\/produto\/mala-maternidade-vichy-preto\/#breadcrumb\",\"itemListElement\":[{\"@type\":\"ListItem\",\"position\":1,\"name\":\"Portada\",\"item\":\"https:\/\/lespiculins.com\/pt-pt\/inicio\/\"},{\"@type\":\"ListItem\",\"position\":2,\"name\":\"Loja\",\"item\":\"https:\/\/lespiculins.com\/pt-pt\/loja\/\"},{\"@type\":\"ListItem\",\"position\":3,\"name\":\"Mala de maternidade preta de Vichy\"}]},{\"@type\":\"WebSite\",\"@id\":\"https:\/\/lespiculins.com\/pt-pt\/#website\",\"url\":\"https:\/\/lespiculins.com\/pt-pt\/\",\"name\":\"Les Piculins\",\"description\":\"Fundas para carritos, bugaboo, maclaren, icoo, bebecar, mima...\",\"potentialAction\":[{\"@type\":\"SearchAction\",\"target\":{\"@type\":\"EntryPoint\",\"urlTemplate\":\"https:\/\/lespiculins.com\/pt-pt\/?s={search_term_string}\"},\"query-input\":\"required name=search_term_string\"}],\"inLanguage\":\"pt-PT\"}]}<\/script>\n<!-- \/ Yoast SEO plugin. -->","yoast_head_json":{"title":"Mala de maternidade preta de Vichy - Les Piculins","robots":{"index":"index","follow":"follow","max-snippet":"max-snippet:-1","max-image-preview":"max-image-preview:large","max-video-preview":"max-video-preview:-1"},"canonical":"https:\/\/lespiculins.com\/pt-pt\/produto\/mala-maternidade-vichy-preto\/","og_locale":"pt_PT","og_type":"article","og_title":"Mala de maternidade preta de Vichy - Les Piculins","og_description":"Pusemos muito amor nas malas do hospital. T\u00eam interiores imperme\u00e1veis, bolsos laterais e borrachas para que tudo fique no lugar. O seu tamanho \u00e9 ideal para ser usado nessas viagens curtas ou fins de semana na casa dos av\u00f3s. Tamanho 50 x 40 x 12 cm","og_url":"https:\/\/lespiculins.com\/pt-pt\/produto\/mala-maternidade-vichy-preto\/","og_site_name":"Les Piculins","article_modified_time":"2023-07-11T05:28:51+00:00","og_image":[{"width":2560,"height":1920,"url":"https:\/\/lespiculins.com\/wp-content\/uploads\/2020\/12\/maleta-vichy-negro-1-scaled.jpg","type":"image\/jpeg"}],"twitter_card":"summary_large_image","schema":{"@context":"https:\/\/schema.org","@graph":[{"@type":"WebPage","@id":"https:\/\/lespiculins.com\/pt-pt\/produto\/mala-maternidade-vichy-preto\/","url":"https:\/\/lespiculins.com\/pt-pt\/produto\/mala-maternidade-vichy-preto\/","name":"Mala de maternidade preta de Vichy - Les Piculins","isPartOf":{"@id":"https:\/\/lespiculins.com\/pt-pt\/#website"},"datePublished":"2021-04-27T08:27:06+00:00","dateModified":"2023-07-11T05:28:51+00:00","breadcrumb":{"@id":"https:\/\/lespiculins.com\/pt-pt\/produto\/mala-maternidade-vichy-preto\/#breadcrumb"},"inLanguage":"pt-PT","potentialAction":[{"@type":"ReadAction","target":["https:\/\/lespiculins.com\/pt-pt\/produto\/mala-maternidade-vichy-preto\/"]}]},{"@type":"BreadcrumbList","@id":"https:\/\/lespiculins.com\/pt-pt\/produto\/mala-maternidade-vichy-preto\/#breadcrumb","itemListElement":[{"@type":"ListItem","position":1,"name":"Portada","item":"https:\/\/lespiculins.com\/pt-pt\/inicio\/"},{"@type":"ListItem","position":2,"name":"Loja","item":"https:\/\/lespiculins.com\/pt-pt\/loja\/"},{"@type":"ListItem","position":3,"name":"Mala de maternidade preta de Vichy"}]},{"@type":"WebSite","@id":"https:\/\/lespiculins.com\/pt-pt\/#website","url":"https:\/\/lespiculins.com\/pt-pt\/","name":"Les Piculins","description":"Fundas para carritos, bugaboo, maclaren, icoo, bebecar, mima...","potentialAction":[{"@type":"SearchAction","target":{"@type":"EntryPoint","urlTemplate":"https:\/\/lespiculins.com\/pt-pt\/?s={search_term_string}"},"query-input":"required name=search_term_string"}],"inLanguage":"pt-PT"}]}},"_links":{"self":[{"href":"https:\/\/lespiculins.com\/pt-pt\/wp-json\/wp\/v2\/product\/31172"}],"collection":[{"href":"https:\/\/lespiculins.com\/pt-pt\/wp-json\/wp\/v2\/product"}],"about":[{"href":"https:\/\/lespiculins.com\/pt-pt\/wp-json\/wp\/v2\/types\/product"}],"wp:featuredmedia":[{"embeddable":true,"href":"https:\/\/lespiculins.com\/pt-pt\/wp-json\/wp\/v2\/media\/30740"}],"wp:attachment":[{"href":"https:\/\/lespiculins.com\/pt-pt\/wp-json\/wp\/v2\/media?parent=31172"}],"wp:term":[{"taxonomy":"product_cat","embeddable":true,"href":"https:\/\/lespiculins.com\/pt-pt\/wp-json\/wp\/v2\/product_cat?post=31172"},{"taxonomy":"product_tag","embeddable":true,"href":"https:\/\/lespiculins.com\/pt-pt\/wp-json\/wp\/v2\/product_tag?post=31172"}],"curies":[{"name":"wp","href":"https:\/\/api.w.org\/{rel}","templated":true}]}}