{"id":31170,"date":"2021-01-04T13:43:50","date_gmt":"2021-04-27T08:26:22","guid":{"rendered":"https:\/\/lespiculins.com\/producto\/conjunto-changer-e-neceser\/"},"modified":"2022-10-07T10:38:31","modified_gmt":"2022-10-07T08:38:31","slug":"set-changer-and-need","status":"publish","type":"product","link":"https:\/\/lespiculins.com\/pt-pt\/produto\/set-changer-and-need\/","title":{"rendered":"Conjunto changer e Neceser"},"content":{"rendered":"<section class=\"wpb-content-wrapper\"><section class=\"l-section wpb_row height_medium\"><div class=\"l-section-h i-cf\"><div class=\"g-cols vc_row via_flex valign_top type_default stacking_default\"><div class=\"vc_col-sm-12 wpb_column vc_column_container\"><div class=\"vc_column-inner\"><div class=\"wpb_wrapper\"><div class=\"wpb_text_column\"><div class=\"wpb_wrapper\"><p>Mais detalhes do nosso Conjunto Changer e Neceser<\/p>\n<ul>\n<li>Necess\u00e1rio (medi\u00e7\u00f5es): 28 x 15 x 8 cm.<\/li>\n<li>Abra as dimens\u00f5es do mutador: 49 x 74 cm.<\/li>\n<li>As medi\u00e7\u00f5es do mudador fechado: 32 x 22 x 8 cm.<\/li>\n<li><strong>Gorjetas de lavagem .<\/strong> Maquinado, com o detergente hipoalerg\u00e9nico do seu beb\u00e9, m\u00e1ximo a 30oC. N\u00e3o pode passar ou usar um secador.<\/li>\n<\/ul>\n<\/div><\/div><\/div><\/div><\/div><\/div><\/div><\/section>\n<\/section>","protected":false},"excerpt":{"rendered":"<p style=\"text-align: justify;\">Conjunto de muda e <strong>neceser em lona de beb\u00ea rosa macio<\/strong> um pouco em p\u00f3 combinado com um algod\u00e3o impresso. Ideal como presente para um rec\u00e9m-nascido ou para a m\u00e3e ou o pai que se prepara para a chegada do seu beb\u00e9.<\/p>\n<p style=\"text-align: justify;\">S\u00e3o perfeitos para transportar na bandeja ou cesto do seu carrinho e t\u00eam \u00e0 m\u00e3o todas as pequenas coisas do seu beb\u00e9.<\/p>\n<p style=\"text-align: justify;\">O <strong>trocador \u00e9 100% algod\u00e3o,<\/strong> <strong>com toque interior imperme\u00e1vel<\/strong> e <strong>veludo.<\/strong> A cor \u00e9 rosa beb\u00e9 com um pequeno volantito em Liberty London com flores cor-de-rosa macias. Combina\u00e7\u00e3o perfeita.<\/p>\n<p style=\"text-align: justify;\">No saco levam duas fraldas, toalhetes, refrigerante e chupeta.<\/p>\n","protected":false},"featured_media":30756,"template":"","meta":{"_joinchat":[]},"product_cat":[115],"product_tag":[380],"yoast_head":"<!-- This site is optimized with the Yoast SEO plugin v21.5 - https:\/\/yoast.com\/wordpress\/plugins\/seo\/ -->\n<title>Conjunto trocador e n\u00e9cessaire| Acess\u00f3rios para beb\u00e9s | Les Piculins<\/title>\n<meta name=\"description\" content=\"Conjunto trocador e n\u00e9cessaire. Trocador de algod\u00e3o e toque de veludo, com interior imperme\u00e1vel. Saco de focinho macio rosa beb\u00ea.\" \/>\n<meta name=\"robots\" content=\"index, follow, max-snippet:-1, max-image-preview:large, max-video-preview:-1\" \/>\n<link rel=\"canonical\" href=\"https:\/\/lespiculins.com\/pt-pt\/produto\/set-changer-and-need\/\" \/>\n<meta property=\"og:locale\" content=\"pt_PT\" \/>\n<meta property=\"og:type\" content=\"article\" \/>\n<meta property=\"og:title\" content=\"Conjunto trocador e n\u00e9cessaire| Acess\u00f3rios para beb\u00e9s | Les Piculins\" \/>\n<meta property=\"og:description\" content=\"Conjunto trocador e n\u00e9cessaire. Trocador de algod\u00e3o e toque de veludo, com interior imperme\u00e1vel. Saco de focinho macio rosa beb\u00ea.\" \/>\n<meta property=\"og:url\" content=\"https:\/\/lespiculins.com\/pt-pt\/produto\/set-changer-and-need\/\" \/>\n<meta property=\"og:site_name\" content=\"Les Piculins\" \/>\n<meta property=\"article:modified_time\" content=\"2022-10-07T08:38:31+00:00\" \/>\n<meta property=\"og:image\" content=\"https:\/\/lespiculins.com\/wp-content\/uploads\/2021\/01\/conjunto-cambiador-6-scaled.jpg\" \/>\n\t<meta property=\"og:image:width\" content=\"2560\" \/>\n\t<meta property=\"og:image:height\" content=\"1920\" \/>\n\t<meta property=\"og:image:type\" content=\"image\/jpeg\" \/>\n<meta name=\"twitter:card\" content=\"summary_large_image\" \/>\n<script type=\"application\/ld+json\" class=\"yoast-schema-graph\">{\"@context\":\"https:\/\/schema.org\",\"@graph\":[{\"@type\":\"WebPage\",\"@id\":\"https:\/\/lespiculins.com\/pt-pt\/produto\/set-changer-and-need\/\",\"url\":\"https:\/\/lespiculins.com\/pt-pt\/produto\/set-changer-and-need\/\",\"name\":\"Conjunto trocador e n\u00e9cessaire| Acess\u00f3rios para beb\u00e9s | Les Piculins\",\"isPartOf\":{\"@id\":\"https:\/\/lespiculins.com\/pt-pt\/#website\"},\"datePublished\":\"2021-04-27T08:26:22+00:00\",\"dateModified\":\"2022-10-07T08:38:31+00:00\",\"description\":\"Conjunto trocador e n\u00e9cessaire. Trocador de algod\u00e3o e toque de veludo, com interior imperme\u00e1vel. Saco de focinho macio rosa beb\u00ea.\",\"breadcrumb\":{\"@id\":\"https:\/\/lespiculins.com\/pt-pt\/produto\/set-changer-and-need\/#breadcrumb\"},\"inLanguage\":\"pt-PT\",\"potentialAction\":[{\"@type\":\"ReadAction\",\"target\":[\"https:\/\/lespiculins.com\/pt-pt\/produto\/set-changer-and-need\/\"]}]},{\"@type\":\"BreadcrumbList\",\"@id\":\"https:\/\/lespiculins.com\/pt-pt\/produto\/set-changer-and-need\/#breadcrumb\",\"itemListElement\":[{\"@type\":\"ListItem\",\"position\":1,\"name\":\"Portada\",\"item\":\"https:\/\/lespiculins.com\/pt-pt\/inicio\/\"},{\"@type\":\"ListItem\",\"position\":2,\"name\":\"Loja\",\"item\":\"https:\/\/lespiculins.com\/pt-pt\/loja\/\"},{\"@type\":\"ListItem\",\"position\":3,\"name\":\"Conjunto changer e Neceser\"}]},{\"@type\":\"WebSite\",\"@id\":\"https:\/\/lespiculins.com\/pt-pt\/#website\",\"url\":\"https:\/\/lespiculins.com\/pt-pt\/\",\"name\":\"Les Piculins\",\"description\":\"Fundas para carritos, bugaboo, maclaren, icoo, bebecar, mima...\",\"potentialAction\":[{\"@type\":\"SearchAction\",\"target\":{\"@type\":\"EntryPoint\",\"urlTemplate\":\"https:\/\/lespiculins.com\/pt-pt\/?s={search_term_string}\"},\"query-input\":\"required name=search_term_string\"}],\"inLanguage\":\"pt-PT\"}]}<\/script>\n<!-- \/ Yoast SEO plugin. -->","yoast_head_json":{"title":"Conjunto trocador e n\u00e9cessaire| Acess\u00f3rios para beb\u00e9s | Les Piculins","description":"Conjunto trocador e n\u00e9cessaire. Trocador de algod\u00e3o e toque de veludo, com interior imperme\u00e1vel. Saco de focinho macio rosa beb\u00ea.","robots":{"index":"index","follow":"follow","max-snippet":"max-snippet:-1","max-image-preview":"max-image-preview:large","max-video-preview":"max-video-preview:-1"},"canonical":"https:\/\/lespiculins.com\/pt-pt\/produto\/set-changer-and-need\/","og_locale":"pt_PT","og_type":"article","og_title":"Conjunto trocador e n\u00e9cessaire| Acess\u00f3rios para beb\u00e9s | Les Piculins","og_description":"Conjunto trocador e n\u00e9cessaire. Trocador de algod\u00e3o e toque de veludo, com interior imperme\u00e1vel. Saco de focinho macio rosa beb\u00ea.","og_url":"https:\/\/lespiculins.com\/pt-pt\/produto\/set-changer-and-need\/","og_site_name":"Les Piculins","article_modified_time":"2022-10-07T08:38:31+00:00","og_image":[{"width":2560,"height":1920,"url":"https:\/\/lespiculins.com\/wp-content\/uploads\/2021\/01\/conjunto-cambiador-6-scaled.jpg","type":"image\/jpeg"}],"twitter_card":"summary_large_image","schema":{"@context":"https:\/\/schema.org","@graph":[{"@type":"WebPage","@id":"https:\/\/lespiculins.com\/pt-pt\/produto\/set-changer-and-need\/","url":"https:\/\/lespiculins.com\/pt-pt\/produto\/set-changer-and-need\/","name":"Conjunto trocador e n\u00e9cessaire| Acess\u00f3rios para beb\u00e9s | Les Piculins","isPartOf":{"@id":"https:\/\/lespiculins.com\/pt-pt\/#website"},"datePublished":"2021-04-27T08:26:22+00:00","dateModified":"2022-10-07T08:38:31+00:00","description":"Conjunto trocador e n\u00e9cessaire. Trocador de algod\u00e3o e toque de veludo, com interior imperme\u00e1vel. Saco de focinho macio rosa beb\u00ea.","breadcrumb":{"@id":"https:\/\/lespiculins.com\/pt-pt\/produto\/set-changer-and-need\/#breadcrumb"},"inLanguage":"pt-PT","potentialAction":[{"@type":"ReadAction","target":["https:\/\/lespiculins.com\/pt-pt\/produto\/set-changer-and-need\/"]}]},{"@type":"BreadcrumbList","@id":"https:\/\/lespiculins.com\/pt-pt\/produto\/set-changer-and-need\/#breadcrumb","itemListElement":[{"@type":"ListItem","position":1,"name":"Portada","item":"https:\/\/lespiculins.com\/pt-pt\/inicio\/"},{"@type":"ListItem","position":2,"name":"Loja","item":"https:\/\/lespiculins.com\/pt-pt\/loja\/"},{"@type":"ListItem","position":3,"name":"Conjunto changer e Neceser"}]},{"@type":"WebSite","@id":"https:\/\/lespiculins.com\/pt-pt\/#website","url":"https:\/\/lespiculins.com\/pt-pt\/","name":"Les Piculins","description":"Fundas para carritos, bugaboo, maclaren, icoo, bebecar, mima...","potentialAction":[{"@type":"SearchAction","target":{"@type":"EntryPoint","urlTemplate":"https:\/\/lespiculins.com\/pt-pt\/?s={search_term_string}"},"query-input":"required name=search_term_string"}],"inLanguage":"pt-PT"}]}},"_links":{"self":[{"href":"https:\/\/lespiculins.com\/pt-pt\/wp-json\/wp\/v2\/product\/31170"}],"collection":[{"href":"https:\/\/lespiculins.com\/pt-pt\/wp-json\/wp\/v2\/product"}],"about":[{"href":"https:\/\/lespiculins.com\/pt-pt\/wp-json\/wp\/v2\/types\/product"}],"wp:featuredmedia":[{"embeddable":true,"href":"https:\/\/lespiculins.com\/pt-pt\/wp-json\/wp\/v2\/media\/30756"}],"wp:attachment":[{"href":"https:\/\/lespiculins.com\/pt-pt\/wp-json\/wp\/v2\/media?parent=31170"}],"wp:term":[{"taxonomy":"product_cat","embeddable":true,"href":"https:\/\/lespiculins.com\/pt-pt\/wp-json\/wp\/v2\/product_cat?post=31170"},{"taxonomy":"product_tag","embeddable":true,"href":"https:\/\/lespiculins.com\/pt-pt\/wp-json\/wp\/v2\/product_tag?post=31170"}],"curies":[{"name":"wp","href":"https:\/\/api.w.org\/{rel}","templated":true}]}}