{"id":31166,"date":"2021-01-13T12:51:06","date_gmt":"2021-04-27T08:25:11","guid":{"rendered":"https:\/\/lespiculins.com\/producto\/luvas-suaves-da-liberdade-rosa\/"},"modified":"2021-08-06T12:16:03","modified_gmt":"2021-08-06T10:16:03","slug":"luvas-suaves-da-liberdade-rosa","status":"publish","type":"product","link":"https:\/\/lespiculins.com\/pt-pt\/produto\/luvas-suaves-da-liberdade-rosa\/","title":{"rendered":"Luvas suaves da liberdade rosa"},"content":{"rendered":"<section class=\"wpb-content-wrapper\"><section class=\"l-section wpb_row height_medium\"><div class=\"l-section-h i-cf\"><div class=\"g-cols vc_row via_flex valign_top type_default stacking_default\"><div class=\"vc_col-sm-12 wpb_column vc_column_container\"><div class=\"vc_column-inner\"><div class=\"wpb_wrapper\"><div class=\"wpb_text_column\"><div class=\"wpb_wrapper\"><p>Mais detalhes das nossas Luvas de Liberdade Cor-de-Rosa Suave<\/p>\n<ul>\n<li>Cor: Liberty London floresce em tons rosa claro.<\/li>\n<li>Outros produtos da cole\u00e7\u00e3o Liberty Soft Pink: o <a href=\"https:\/\/lespiculins.com\/pt-pt\/produto\/mini-liberty-soft-pink-bag\/\" target=\"_blank\" rel=\"noopener\">Soft Pink Mini Liberty Bag,<\/a> o Liberty Soft Pink Baby <a href=\"https:\/\/lespiculins.com\/pt-pt\/produto\/saco-baby-liberdade-rosa-soft\/\" target=\"_blank\" rel=\"noopener\">Bag.<\/a> ou o <a href=\"https:\/\/lespiculins.com\/pt-pt\/produto\/liberty-soft-pink-talega\/\" target=\"_blank\" rel=\"noopener\">Liberty Soft Pink Talega.<\/a><\/li>\n<li><strong>Dicas de lavagem : M\u00e1quina,<\/strong>com detergente hipoalerg\u00e9nico do beb\u00e9, at\u00e9 30oC. N\u00e3o pode passar ou usar um secador.<\/li>\n<\/ul>\n<\/div><\/div><\/div><\/div><\/div><\/div><\/div><\/section>\n<\/section>","protected":false},"excerpt":{"rendered":"<p style=\"text-align: justify;\">Luvas quentes em uma Liberty London de flores em tons rosa claros. <strong>Luvas para m\u00e3es<\/strong> com <strong>interior em cabelo polar macio.<\/strong> Tem fecho lateral para torn\u00e1-los mais f\u00e1ceis de colocar.<\/p>\n<p style=\"text-align: justify;\">Ideal para aqueles <strong>dias frios no<\/strong> outono ou inverno que voc\u00ea sai com seu beb\u00ea. Se tiver boas luvas \u00e0 m\u00e3o, <strong>evitar\u00e1 as m\u00e3os frias e rachadas<\/strong> enquanto caminha. Combinando os complementos do seu beb\u00e9.<\/p>\n<p style=\"text-align: justify;\">Tamb\u00e9m s\u00e3o \u00f3timos para <strong>dar \u00e0 m\u00e3e <\/strong>de um rec\u00e9m-nascido. Desta forma, saber\u00e1 que tamb\u00e9m pensamos neles e no seu bem-estar nos dias dif\u00edceis de inverno.<\/p>\n","protected":false},"featured_media":30772,"template":"","meta":{"_joinchat":[]},"product_cat":[113,121],"product_tag":[320],"yoast_head":"<!-- This site is optimized with the Yoast SEO plugin v21.5 - https:\/\/yoast.com\/wordpress\/plugins\/seo\/ -->\n<title>Luvas Cor-de-Rosa Suaves Liberty | Acess\u00f3rios para beb\u00eas | Les Piculins<\/title>\n<meta name=\"description\" content=\"Soft Pink Liberty Mittens. No tecido Liberty London com estampado de flor rosa s\u00e3o o complemento ideal para as m\u00e3es no inverno.\" \/>\n<meta name=\"robots\" content=\"index, follow, max-snippet:-1, max-image-preview:large, max-video-preview:-1\" \/>\n<link rel=\"canonical\" href=\"https:\/\/lespiculins.com\/pt-pt\/produto\/luvas-suaves-da-liberdade-rosa\/\" \/>\n<meta property=\"og:locale\" content=\"pt_PT\" \/>\n<meta property=\"og:type\" content=\"article\" \/>\n<meta property=\"og:title\" content=\"Luvas Cor-de-Rosa Suaves Liberty | Acess\u00f3rios para beb\u00eas | Les Piculins\" \/>\n<meta property=\"og:description\" content=\"Soft Pink Liberty Mittens. No tecido Liberty London com estampado de flor rosa s\u00e3o o complemento ideal para as m\u00e3es no inverno.\" \/>\n<meta property=\"og:url\" content=\"https:\/\/lespiculins.com\/pt-pt\/produto\/luvas-suaves-da-liberdade-rosa\/\" \/>\n<meta property=\"og:site_name\" content=\"Les Piculins\" \/>\n<meta property=\"article:modified_time\" content=\"2021-08-06T10:16:03+00:00\" \/>\n<meta property=\"og:image\" content=\"https:\/\/lespiculins.com\/wp-content\/uploads\/2021\/01\/IMG_20210113_121523_885_2-scaled-e1610538774343.jpg\" \/>\n\t<meta property=\"og:image:width\" content=\"2200\" \/>\n\t<meta property=\"og:image:height\" content=\"1809\" \/>\n\t<meta property=\"og:image:type\" content=\"image\/jpeg\" \/>\n<meta name=\"twitter:card\" content=\"summary_large_image\" \/>\n<script type=\"application\/ld+json\" class=\"yoast-schema-graph\">{\"@context\":\"https:\/\/schema.org\",\"@graph\":[{\"@type\":\"WebPage\",\"@id\":\"https:\/\/lespiculins.com\/pt-pt\/produto\/luvas-suaves-da-liberdade-rosa\/\",\"url\":\"https:\/\/lespiculins.com\/pt-pt\/produto\/luvas-suaves-da-liberdade-rosa\/\",\"name\":\"Luvas Cor-de-Rosa Suaves Liberty | Acess\u00f3rios para beb\u00eas | Les Piculins\",\"isPartOf\":{\"@id\":\"https:\/\/lespiculins.com\/pt-pt\/#website\"},\"datePublished\":\"2021-04-27T08:25:11+00:00\",\"dateModified\":\"2021-08-06T10:16:03+00:00\",\"description\":\"Soft Pink Liberty Mittens. No tecido Liberty London com estampado de flor rosa s\u00e3o o complemento ideal para as m\u00e3es no inverno.\",\"breadcrumb\":{\"@id\":\"https:\/\/lespiculins.com\/pt-pt\/produto\/luvas-suaves-da-liberdade-rosa\/#breadcrumb\"},\"inLanguage\":\"pt-PT\",\"potentialAction\":[{\"@type\":\"ReadAction\",\"target\":[\"https:\/\/lespiculins.com\/pt-pt\/produto\/luvas-suaves-da-liberdade-rosa\/\"]}]},{\"@type\":\"BreadcrumbList\",\"@id\":\"https:\/\/lespiculins.com\/pt-pt\/produto\/luvas-suaves-da-liberdade-rosa\/#breadcrumb\",\"itemListElement\":[{\"@type\":\"ListItem\",\"position\":1,\"name\":\"Portada\",\"item\":\"https:\/\/lespiculins.com\/pt-pt\/inicio\/\"},{\"@type\":\"ListItem\",\"position\":2,\"name\":\"Loja\",\"item\":\"https:\/\/lespiculins.com\/pt-pt\/loja\/\"},{\"@type\":\"ListItem\",\"position\":3,\"name\":\"Luvas suaves da liberdade rosa\"}]},{\"@type\":\"WebSite\",\"@id\":\"https:\/\/lespiculins.com\/pt-pt\/#website\",\"url\":\"https:\/\/lespiculins.com\/pt-pt\/\",\"name\":\"Les Piculins\",\"description\":\"Fundas para carritos, bugaboo, maclaren, icoo, bebecar, mima...\",\"potentialAction\":[{\"@type\":\"SearchAction\",\"target\":{\"@type\":\"EntryPoint\",\"urlTemplate\":\"https:\/\/lespiculins.com\/pt-pt\/?s={search_term_string}\"},\"query-input\":\"required name=search_term_string\"}],\"inLanguage\":\"pt-PT\"}]}<\/script>\n<!-- \/ Yoast SEO plugin. -->","yoast_head_json":{"title":"Luvas Cor-de-Rosa Suaves Liberty | Acess\u00f3rios para beb\u00eas | Les Piculins","description":"Soft Pink Liberty Mittens. No tecido Liberty London com estampado de flor rosa s\u00e3o o complemento ideal para as m\u00e3es no inverno.","robots":{"index":"index","follow":"follow","max-snippet":"max-snippet:-1","max-image-preview":"max-image-preview:large","max-video-preview":"max-video-preview:-1"},"canonical":"https:\/\/lespiculins.com\/pt-pt\/produto\/luvas-suaves-da-liberdade-rosa\/","og_locale":"pt_PT","og_type":"article","og_title":"Luvas Cor-de-Rosa Suaves Liberty | Acess\u00f3rios para beb\u00eas | Les Piculins","og_description":"Soft Pink Liberty Mittens. No tecido Liberty London com estampado de flor rosa s\u00e3o o complemento ideal para as m\u00e3es no inverno.","og_url":"https:\/\/lespiculins.com\/pt-pt\/produto\/luvas-suaves-da-liberdade-rosa\/","og_site_name":"Les Piculins","article_modified_time":"2021-08-06T10:16:03+00:00","og_image":[{"width":2200,"height":1809,"url":"https:\/\/lespiculins.com\/wp-content\/uploads\/2021\/01\/IMG_20210113_121523_885_2-scaled-e1610538774343.jpg","type":"image\/jpeg"}],"twitter_card":"summary_large_image","schema":{"@context":"https:\/\/schema.org","@graph":[{"@type":"WebPage","@id":"https:\/\/lespiculins.com\/pt-pt\/produto\/luvas-suaves-da-liberdade-rosa\/","url":"https:\/\/lespiculins.com\/pt-pt\/produto\/luvas-suaves-da-liberdade-rosa\/","name":"Luvas Cor-de-Rosa Suaves Liberty | Acess\u00f3rios para beb\u00eas | Les Piculins","isPartOf":{"@id":"https:\/\/lespiculins.com\/pt-pt\/#website"},"datePublished":"2021-04-27T08:25:11+00:00","dateModified":"2021-08-06T10:16:03+00:00","description":"Soft Pink Liberty Mittens. No tecido Liberty London com estampado de flor rosa s\u00e3o o complemento ideal para as m\u00e3es no inverno.","breadcrumb":{"@id":"https:\/\/lespiculins.com\/pt-pt\/produto\/luvas-suaves-da-liberdade-rosa\/#breadcrumb"},"inLanguage":"pt-PT","potentialAction":[{"@type":"ReadAction","target":["https:\/\/lespiculins.com\/pt-pt\/produto\/luvas-suaves-da-liberdade-rosa\/"]}]},{"@type":"BreadcrumbList","@id":"https:\/\/lespiculins.com\/pt-pt\/produto\/luvas-suaves-da-liberdade-rosa\/#breadcrumb","itemListElement":[{"@type":"ListItem","position":1,"name":"Portada","item":"https:\/\/lespiculins.com\/pt-pt\/inicio\/"},{"@type":"ListItem","position":2,"name":"Loja","item":"https:\/\/lespiculins.com\/pt-pt\/loja\/"},{"@type":"ListItem","position":3,"name":"Luvas suaves da liberdade rosa"}]},{"@type":"WebSite","@id":"https:\/\/lespiculins.com\/pt-pt\/#website","url":"https:\/\/lespiculins.com\/pt-pt\/","name":"Les Piculins","description":"Fundas para carritos, bugaboo, maclaren, icoo, bebecar, mima...","potentialAction":[{"@type":"SearchAction","target":{"@type":"EntryPoint","urlTemplate":"https:\/\/lespiculins.com\/pt-pt\/?s={search_term_string}"},"query-input":"required name=search_term_string"}],"inLanguage":"pt-PT"}]}},"_links":{"self":[{"href":"https:\/\/lespiculins.com\/pt-pt\/wp-json\/wp\/v2\/product\/31166"}],"collection":[{"href":"https:\/\/lespiculins.com\/pt-pt\/wp-json\/wp\/v2\/product"}],"about":[{"href":"https:\/\/lespiculins.com\/pt-pt\/wp-json\/wp\/v2\/types\/product"}],"wp:featuredmedia":[{"embeddable":true,"href":"https:\/\/lespiculins.com\/pt-pt\/wp-json\/wp\/v2\/media\/30772"}],"wp:attachment":[{"href":"https:\/\/lespiculins.com\/pt-pt\/wp-json\/wp\/v2\/media?parent=31166"}],"wp:term":[{"taxonomy":"product_cat","embeddable":true,"href":"https:\/\/lespiculins.com\/pt-pt\/wp-json\/wp\/v2\/product_cat?post=31166"},{"taxonomy":"product_tag","embeddable":true,"href":"https:\/\/lespiculins.com\/pt-pt\/wp-json\/wp\/v2\/product_tag?post=31166"}],"curies":[{"name":"wp","href":"https:\/\/api.w.org\/{rel}","templated":true}]}}