{"id":31155,"date":"2021-01-14T13:51:37","date_gmt":"2021-04-27T08:20:45","guid":{"rendered":"https:\/\/lespiculins.com\/producto\/saco-pastel-bugaboo-liberty-animalitos\/"},"modified":"2021-11-24T11:12:48","modified_gmt":"2021-11-24T10:12:48","slug":"saco-bugaboo-liberty-animalitos-pastel","status":"publish","type":"product","link":"https:\/\/lespiculins.com\/pt-pt\/produto\/saco-bugaboo-liberty-animalitos-pastel\/","title":{"rendered":"Saco pastel bugaboo Liberty Animalitos"},"content":{"rendered":"<p>Mais detalhes do nosso Bugaboo Liberty AnimalItos Pastel Bag<\/p>\n<ul>\n<li><strong>Gorjetas de lavagem .<\/strong> Maquinado, com o detergente hipoalerg\u00e9nico do seu beb\u00e9, m\u00e1ximo a 30oC. N\u00e3o pode passar ou usar um secador.<\/li>\n<\/ul>\n","protected":false},"excerpt":{"rendered":"<p>PRAZO DE ENTREGA 7-10 DIAS<\/p>\n<p style=\"text-align: justify;\"><strong>Saco de cadeira compat\u00edvel com todos os modelos Bugaboo.<\/strong> Combina um Liberty <strong>com estampado animal multicolorido unissexo.<\/strong> Cubra com volantito contornado para que possa us\u00e1-lo no ver\u00e3o sem cobertura.<\/p>\n<p style=\"text-align: justify;\"><strong>Interior da capa em Liberty que<\/strong> lhe permitir\u00e1 us\u00e1-lo durante todo o ano. Se preferir que o interior polar use um casaco extra, indique-o em observa\u00e7\u00f5es.<\/p>\n<p style=\"text-align: justify;\"><strong>Inclui tampas de arn\u00eas<\/strong> para proteger a crian\u00e7a do atrito do arn\u00eas.<\/p>\n<p>Combine-o com o capuz, saco e outros acess\u00f3rios em liberdade correspondente.<\/p>\n","protected":false},"featured_media":30792,"template":"","meta":{"_joinchat":[]},"product_cat":[214],"product_tag":[304],"yoast_head":"<!-- This site is optimized with the Yoast SEO plugin v21.5 - https:\/\/yoast.com\/wordpress\/plugins\/seo\/ -->\n<title>Bugaboo Liberty Animalitos Pastel | | de caminhada Os Piculins<\/title>\n<meta name=\"description\" content=\"Bugaboo Liberty Animalitos Pastel Bag. Saco de cadeira compat\u00edvel com Bugaboo. Combina uma Liberdade com impress\u00e3o animal multicolorido unissexo\" \/>\n<meta name=\"robots\" content=\"index, follow, max-snippet:-1, max-image-preview:large, max-video-preview:-1\" \/>\n<link rel=\"canonical\" href=\"https:\/\/lespiculins.com\/pt-pt\/produto\/saco-bugaboo-liberty-animalitos-pastel\/\" \/>\n<meta property=\"og:locale\" content=\"pt_PT\" \/>\n<meta property=\"og:type\" content=\"article\" \/>\n<meta property=\"og:title\" content=\"Bugaboo Liberty Animalitos Pastel | | de caminhada Os Piculins\" \/>\n<meta property=\"og:description\" content=\"Bugaboo Liberty Animalitos Pastel Bag. Saco de cadeira compat\u00edvel com Bugaboo. Combina uma Liberdade com impress\u00e3o animal multicolorido unissexo\" \/>\n<meta property=\"og:url\" content=\"https:\/\/lespiculins.com\/pt-pt\/produto\/saco-bugaboo-liberty-animalitos-pastel\/\" \/>\n<meta property=\"og:site_name\" content=\"Les Piculins\" \/>\n<meta property=\"article:modified_time\" content=\"2021-11-24T10:12:48+00:00\" \/>\n<meta property=\"og:image\" content=\"https:\/\/lespiculins.com\/wp-content\/uploads\/2021\/01\/Saco-silla-bugaboo-Liberty-animalitos2.jpg\" \/>\n\t<meta property=\"og:image:width\" content=\"1080\" \/>\n\t<meta property=\"og:image:height\" content=\"976\" \/>\n\t<meta property=\"og:image:type\" content=\"image\/jpeg\" \/>\n<meta name=\"twitter:card\" content=\"summary_large_image\" \/>\n<script type=\"application\/ld+json\" class=\"yoast-schema-graph\">{\"@context\":\"https:\/\/schema.org\",\"@graph\":[{\"@type\":\"WebPage\",\"@id\":\"https:\/\/lespiculins.com\/pt-pt\/produto\/saco-bugaboo-liberty-animalitos-pastel\/\",\"url\":\"https:\/\/lespiculins.com\/pt-pt\/produto\/saco-bugaboo-liberty-animalitos-pastel\/\",\"name\":\"Bugaboo Liberty Animalitos Pastel | | de caminhada Os Piculins\",\"isPartOf\":{\"@id\":\"https:\/\/lespiculins.com\/pt-pt\/#website\"},\"datePublished\":\"2021-04-27T08:20:45+00:00\",\"dateModified\":\"2021-11-24T10:12:48+00:00\",\"description\":\"Bugaboo Liberty Animalitos Pastel Bag. Saco de cadeira compat\u00edvel com Bugaboo. Combina uma Liberdade com impress\u00e3o animal multicolorido unissexo\",\"breadcrumb\":{\"@id\":\"https:\/\/lespiculins.com\/pt-pt\/produto\/saco-bugaboo-liberty-animalitos-pastel\/#breadcrumb\"},\"inLanguage\":\"pt-PT\",\"potentialAction\":[{\"@type\":\"ReadAction\",\"target\":[\"https:\/\/lespiculins.com\/pt-pt\/produto\/saco-bugaboo-liberty-animalitos-pastel\/\"]}]},{\"@type\":\"BreadcrumbList\",\"@id\":\"https:\/\/lespiculins.com\/pt-pt\/produto\/saco-bugaboo-liberty-animalitos-pastel\/#breadcrumb\",\"itemListElement\":[{\"@type\":\"ListItem\",\"position\":1,\"name\":\"Portada\",\"item\":\"https:\/\/lespiculins.com\/pt-pt\/inicio\/\"},{\"@type\":\"ListItem\",\"position\":2,\"name\":\"Loja\",\"item\":\"https:\/\/lespiculins.com\/pt-pt\/loja\/\"},{\"@type\":\"ListItem\",\"position\":3,\"name\":\"Saco pastel bugaboo Liberty Animalitos\"}]},{\"@type\":\"WebSite\",\"@id\":\"https:\/\/lespiculins.com\/pt-pt\/#website\",\"url\":\"https:\/\/lespiculins.com\/pt-pt\/\",\"name\":\"Les Piculins\",\"description\":\"Fundas para carritos, bugaboo, maclaren, icoo, bebecar, mima...\",\"potentialAction\":[{\"@type\":\"SearchAction\",\"target\":{\"@type\":\"EntryPoint\",\"urlTemplate\":\"https:\/\/lespiculins.com\/pt-pt\/?s={search_term_string}\"},\"query-input\":\"required name=search_term_string\"}],\"inLanguage\":\"pt-PT\"}]}<\/script>\n<!-- \/ Yoast SEO plugin. -->","yoast_head_json":{"title":"Bugaboo Liberty Animalitos Pastel | | de caminhada Os Piculins","description":"Bugaboo Liberty Animalitos Pastel Bag. Saco de cadeira compat\u00edvel com Bugaboo. Combina uma Liberdade com impress\u00e3o animal multicolorido unissexo","robots":{"index":"index","follow":"follow","max-snippet":"max-snippet:-1","max-image-preview":"max-image-preview:large","max-video-preview":"max-video-preview:-1"},"canonical":"https:\/\/lespiculins.com\/pt-pt\/produto\/saco-bugaboo-liberty-animalitos-pastel\/","og_locale":"pt_PT","og_type":"article","og_title":"Bugaboo Liberty Animalitos Pastel | | de caminhada Os Piculins","og_description":"Bugaboo Liberty Animalitos Pastel Bag. Saco de cadeira compat\u00edvel com Bugaboo. Combina uma Liberdade com impress\u00e3o animal multicolorido unissexo","og_url":"https:\/\/lespiculins.com\/pt-pt\/produto\/saco-bugaboo-liberty-animalitos-pastel\/","og_site_name":"Les Piculins","article_modified_time":"2021-11-24T10:12:48+00:00","og_image":[{"width":1080,"height":976,"url":"https:\/\/lespiculins.com\/wp-content\/uploads\/2021\/01\/Saco-silla-bugaboo-Liberty-animalitos2.jpg","type":"image\/jpeg"}],"twitter_card":"summary_large_image","schema":{"@context":"https:\/\/schema.org","@graph":[{"@type":"WebPage","@id":"https:\/\/lespiculins.com\/pt-pt\/produto\/saco-bugaboo-liberty-animalitos-pastel\/","url":"https:\/\/lespiculins.com\/pt-pt\/produto\/saco-bugaboo-liberty-animalitos-pastel\/","name":"Bugaboo Liberty Animalitos Pastel | | de caminhada Os Piculins","isPartOf":{"@id":"https:\/\/lespiculins.com\/pt-pt\/#website"},"datePublished":"2021-04-27T08:20:45+00:00","dateModified":"2021-11-24T10:12:48+00:00","description":"Bugaboo Liberty Animalitos Pastel Bag. Saco de cadeira compat\u00edvel com Bugaboo. Combina uma Liberdade com impress\u00e3o animal multicolorido unissexo","breadcrumb":{"@id":"https:\/\/lespiculins.com\/pt-pt\/produto\/saco-bugaboo-liberty-animalitos-pastel\/#breadcrumb"},"inLanguage":"pt-PT","potentialAction":[{"@type":"ReadAction","target":["https:\/\/lespiculins.com\/pt-pt\/produto\/saco-bugaboo-liberty-animalitos-pastel\/"]}]},{"@type":"BreadcrumbList","@id":"https:\/\/lespiculins.com\/pt-pt\/produto\/saco-bugaboo-liberty-animalitos-pastel\/#breadcrumb","itemListElement":[{"@type":"ListItem","position":1,"name":"Portada","item":"https:\/\/lespiculins.com\/pt-pt\/inicio\/"},{"@type":"ListItem","position":2,"name":"Loja","item":"https:\/\/lespiculins.com\/pt-pt\/loja\/"},{"@type":"ListItem","position":3,"name":"Saco pastel bugaboo Liberty Animalitos"}]},{"@type":"WebSite","@id":"https:\/\/lespiculins.com\/pt-pt\/#website","url":"https:\/\/lespiculins.com\/pt-pt\/","name":"Les Piculins","description":"Fundas para carritos, bugaboo, maclaren, icoo, bebecar, mima...","potentialAction":[{"@type":"SearchAction","target":{"@type":"EntryPoint","urlTemplate":"https:\/\/lespiculins.com\/pt-pt\/?s={search_term_string}"},"query-input":"required name=search_term_string"}],"inLanguage":"pt-PT"}]}},"_links":{"self":[{"href":"https:\/\/lespiculins.com\/pt-pt\/wp-json\/wp\/v2\/product\/31155"}],"collection":[{"href":"https:\/\/lespiculins.com\/pt-pt\/wp-json\/wp\/v2\/product"}],"about":[{"href":"https:\/\/lespiculins.com\/pt-pt\/wp-json\/wp\/v2\/types\/product"}],"wp:featuredmedia":[{"embeddable":true,"href":"https:\/\/lespiculins.com\/pt-pt\/wp-json\/wp\/v2\/media\/30792"}],"wp:attachment":[{"href":"https:\/\/lespiculins.com\/pt-pt\/wp-json\/wp\/v2\/media?parent=31155"}],"wp:term":[{"taxonomy":"product_cat","embeddable":true,"href":"https:\/\/lespiculins.com\/pt-pt\/wp-json\/wp\/v2\/product_cat?post=31155"},{"taxonomy":"product_tag","embeddable":true,"href":"https:\/\/lespiculins.com\/pt-pt\/wp-json\/wp\/v2\/product_tag?post=31155"}],"curies":[{"name":"wp","href":"https:\/\/api.w.org\/{rel}","templated":true}]}}