{"id":31153,"date":"2021-01-18T12:55:17","date_gmt":"2021-04-27T08:20:03","guid":{"rendered":"https:\/\/lespiculins.com\/producto\/conjunto-de-bugaboo-cameleon-capazo\/"},"modified":"2021-04-27T10:20:04","modified_gmt":"2021-04-27T08:20:04","slug":"set-capaz-bugaboo-cameleon-2","status":"publish","type":"product","link":"https:\/\/lespiculins.com\/pt-pt\/produto\/set-capaz-bugaboo-cameleon-2\/","title":{"rendered":"Conjunto de bugaboo cameleon capazo"},"content":{"rendered":"<p>Mais detalhes do nosso Conjunto Bugaboo Cameleon Capazo<\/p>\n<ul>\n<li><strong>Gorjetas de lavagem .<\/strong> Maquinado, com o detergente hipoalerg\u00e9nico do seu beb\u00e9, m\u00e1ximo a 30oC. N\u00e3o pode passar ou usar um secador.<\/li>\n<\/ul>\n","protected":false},"excerpt":{"rendered":"<p>Capa <strong>de alcova de<\/strong> plumti branca com acabamento de renda de valencienne encaracolado e colcha de malha de <strong>algod\u00e3o<\/strong> rosa beb\u00e9 terminada com renda de valencienne contornada. Plumeti bib com volanton de tira bordada extra larga.<\/p>\n<p>Inclui capa <strong>de colch\u00e3o plumeti branco.<\/strong><\/p>\n<p>O ponto suporta a lavagem de m\u00e1quinas de lavar roupa.<\/p>\n<p>&nbsp;<\/p>\n","protected":false},"featured_media":30796,"template":"","meta":{"_joinchat":[]},"product_cat":[220],"product_tag":[],"yoast_head":"<!-- This site is optimized with the Yoast SEO plugin v21.5 - https:\/\/yoast.com\/wordpress\/plugins\/seo\/ -->\n<title>Conjunto de | de bugaboo cameleon | de caminhada Os Piculins<\/title>\n<meta name=\"description\" content=\"Conjunto de Bugaboo Cameleon Capazo. Capa de coc\u00f3 de transporte definida em plumti branco e colcha de algod\u00e3o rosa beb\u00ea.\" \/>\n<meta name=\"robots\" content=\"index, follow, max-snippet:-1, max-image-preview:large, max-video-preview:-1\" \/>\n<link rel=\"canonical\" href=\"https:\/\/lespiculins.com\/pt-pt\/produto\/set-capaz-bugaboo-cameleon-2\/\" \/>\n<meta property=\"og:locale\" content=\"pt_PT\" \/>\n<meta property=\"og:type\" content=\"article\" \/>\n<meta property=\"og:title\" content=\"Conjunto de | de bugaboo cameleon | de caminhada Os Piculins\" \/>\n<meta property=\"og:description\" content=\"Conjunto de Bugaboo Cameleon Capazo. Capa de coc\u00f3 de transporte definida em plumti branco e colcha de algod\u00e3o rosa beb\u00ea.\" \/>\n<meta property=\"og:url\" content=\"https:\/\/lespiculins.com\/pt-pt\/produto\/set-capaz-bugaboo-cameleon-2\/\" \/>\n<meta property=\"og:site_name\" content=\"Les Piculins\" \/>\n<meta property=\"article:modified_time\" content=\"2021-04-27T08:20:04+00:00\" \/>\n<meta property=\"og:image\" content=\"https:\/\/lespiculins.com\/wp-content\/uploads\/2021\/01\/conjunto-Bugaboo-Cam-funda-y-colcha-scaled.jpg\" \/>\n\t<meta property=\"og:image:width\" content=\"2367\" \/>\n\t<meta property=\"og:image:height\" content=\"2560\" \/>\n\t<meta property=\"og:image:type\" content=\"image\/jpeg\" \/>\n<meta name=\"twitter:card\" content=\"summary_large_image\" \/>\n<script type=\"application\/ld+json\" class=\"yoast-schema-graph\">{\"@context\":\"https:\/\/schema.org\",\"@graph\":[{\"@type\":\"WebPage\",\"@id\":\"https:\/\/lespiculins.com\/pt-pt\/produto\/set-capaz-bugaboo-cameleon-2\/\",\"url\":\"https:\/\/lespiculins.com\/pt-pt\/produto\/set-capaz-bugaboo-cameleon-2\/\",\"name\":\"Conjunto de | de bugaboo cameleon | de caminhada Os Piculins\",\"isPartOf\":{\"@id\":\"https:\/\/lespiculins.com\/pt-pt\/#website\"},\"datePublished\":\"2021-04-27T08:20:03+00:00\",\"dateModified\":\"2021-04-27T08:20:04+00:00\",\"description\":\"Conjunto de Bugaboo Cameleon Capazo. Capa de coc\u00f3 de transporte definida em plumti branco e colcha de algod\u00e3o rosa beb\u00ea.\",\"breadcrumb\":{\"@id\":\"https:\/\/lespiculins.com\/pt-pt\/produto\/set-capaz-bugaboo-cameleon-2\/#breadcrumb\"},\"inLanguage\":\"pt-PT\",\"potentialAction\":[{\"@type\":\"ReadAction\",\"target\":[\"https:\/\/lespiculins.com\/pt-pt\/produto\/set-capaz-bugaboo-cameleon-2\/\"]}]},{\"@type\":\"BreadcrumbList\",\"@id\":\"https:\/\/lespiculins.com\/pt-pt\/produto\/set-capaz-bugaboo-cameleon-2\/#breadcrumb\",\"itemListElement\":[{\"@type\":\"ListItem\",\"position\":1,\"name\":\"Portada\",\"item\":\"https:\/\/lespiculins.com\/pt-pt\/inicio\/\"},{\"@type\":\"ListItem\",\"position\":2,\"name\":\"Loja\",\"item\":\"https:\/\/lespiculins.com\/pt-pt\/loja\/\"},{\"@type\":\"ListItem\",\"position\":3,\"name\":\"Conjunto de bugaboo cameleon capazo\"}]},{\"@type\":\"WebSite\",\"@id\":\"https:\/\/lespiculins.com\/pt-pt\/#website\",\"url\":\"https:\/\/lespiculins.com\/pt-pt\/\",\"name\":\"Les Piculins\",\"description\":\"Fundas para carritos, bugaboo, maclaren, icoo, bebecar, mima...\",\"potentialAction\":[{\"@type\":\"SearchAction\",\"target\":{\"@type\":\"EntryPoint\",\"urlTemplate\":\"https:\/\/lespiculins.com\/pt-pt\/?s={search_term_string}\"},\"query-input\":\"required name=search_term_string\"}],\"inLanguage\":\"pt-PT\"}]}<\/script>\n<!-- \/ Yoast SEO plugin. -->","yoast_head_json":{"title":"Conjunto de | de bugaboo cameleon | de caminhada Os Piculins","description":"Conjunto de Bugaboo Cameleon Capazo. Capa de coc\u00f3 de transporte definida em plumti branco e colcha de algod\u00e3o rosa beb\u00ea.","robots":{"index":"index","follow":"follow","max-snippet":"max-snippet:-1","max-image-preview":"max-image-preview:large","max-video-preview":"max-video-preview:-1"},"canonical":"https:\/\/lespiculins.com\/pt-pt\/produto\/set-capaz-bugaboo-cameleon-2\/","og_locale":"pt_PT","og_type":"article","og_title":"Conjunto de | de bugaboo cameleon | de caminhada Os Piculins","og_description":"Conjunto de Bugaboo Cameleon Capazo. Capa de coc\u00f3 de transporte definida em plumti branco e colcha de algod\u00e3o rosa beb\u00ea.","og_url":"https:\/\/lespiculins.com\/pt-pt\/produto\/set-capaz-bugaboo-cameleon-2\/","og_site_name":"Les Piculins","article_modified_time":"2021-04-27T08:20:04+00:00","og_image":[{"width":2367,"height":2560,"url":"https:\/\/lespiculins.com\/wp-content\/uploads\/2021\/01\/conjunto-Bugaboo-Cam-funda-y-colcha-scaled.jpg","type":"image\/jpeg"}],"twitter_card":"summary_large_image","schema":{"@context":"https:\/\/schema.org","@graph":[{"@type":"WebPage","@id":"https:\/\/lespiculins.com\/pt-pt\/produto\/set-capaz-bugaboo-cameleon-2\/","url":"https:\/\/lespiculins.com\/pt-pt\/produto\/set-capaz-bugaboo-cameleon-2\/","name":"Conjunto de | de bugaboo cameleon | de caminhada Os Piculins","isPartOf":{"@id":"https:\/\/lespiculins.com\/pt-pt\/#website"},"datePublished":"2021-04-27T08:20:03+00:00","dateModified":"2021-04-27T08:20:04+00:00","description":"Conjunto de Bugaboo Cameleon Capazo. Capa de coc\u00f3 de transporte definida em plumti branco e colcha de algod\u00e3o rosa beb\u00ea.","breadcrumb":{"@id":"https:\/\/lespiculins.com\/pt-pt\/produto\/set-capaz-bugaboo-cameleon-2\/#breadcrumb"},"inLanguage":"pt-PT","potentialAction":[{"@type":"ReadAction","target":["https:\/\/lespiculins.com\/pt-pt\/produto\/set-capaz-bugaboo-cameleon-2\/"]}]},{"@type":"BreadcrumbList","@id":"https:\/\/lespiculins.com\/pt-pt\/produto\/set-capaz-bugaboo-cameleon-2\/#breadcrumb","itemListElement":[{"@type":"ListItem","position":1,"name":"Portada","item":"https:\/\/lespiculins.com\/pt-pt\/inicio\/"},{"@type":"ListItem","position":2,"name":"Loja","item":"https:\/\/lespiculins.com\/pt-pt\/loja\/"},{"@type":"ListItem","position":3,"name":"Conjunto de bugaboo cameleon capazo"}]},{"@type":"WebSite","@id":"https:\/\/lespiculins.com\/pt-pt\/#website","url":"https:\/\/lespiculins.com\/pt-pt\/","name":"Les Piculins","description":"Fundas para carritos, bugaboo, maclaren, icoo, bebecar, mima...","potentialAction":[{"@type":"SearchAction","target":{"@type":"EntryPoint","urlTemplate":"https:\/\/lespiculins.com\/pt-pt\/?s={search_term_string}"},"query-input":"required name=search_term_string"}],"inLanguage":"pt-PT"}]}},"_links":{"self":[{"href":"https:\/\/lespiculins.com\/pt-pt\/wp-json\/wp\/v2\/product\/31153"}],"collection":[{"href":"https:\/\/lespiculins.com\/pt-pt\/wp-json\/wp\/v2\/product"}],"about":[{"href":"https:\/\/lespiculins.com\/pt-pt\/wp-json\/wp\/v2\/types\/product"}],"wp:featuredmedia":[{"embeddable":true,"href":"https:\/\/lespiculins.com\/pt-pt\/wp-json\/wp\/v2\/media\/30796"}],"wp:attachment":[{"href":"https:\/\/lespiculins.com\/pt-pt\/wp-json\/wp\/v2\/media?parent=31153"}],"wp:term":[{"taxonomy":"product_cat","embeddable":true,"href":"https:\/\/lespiculins.com\/pt-pt\/wp-json\/wp\/v2\/product_cat?post=31153"},{"taxonomy":"product_tag","embeddable":true,"href":"https:\/\/lespiculins.com\/pt-pt\/wp-json\/wp\/v2\/product_tag?post=31153"}],"curies":[{"name":"wp","href":"https:\/\/api.w.org\/{rel}","templated":true}]}}