{"id":31147,"date":"2021-01-19T09:53:56","date_gmt":"2021-04-27T08:18:03","guid":{"rendered":"https:\/\/lespiculins.com\/producto\/tapete-reversivel-bugaboo-liberty-pink-palo\/"},"modified":"2021-04-27T10:18:05","modified_gmt":"2021-04-27T08:18:05","slug":"tapete-reversivel-bugaboo-liberty-pink-palo","status":"publish","type":"product","link":"https:\/\/lespiculins.com\/pt-pt\/produto\/tapete-reversivel-bugaboo-liberty-pink-palo\/","title":{"rendered":"Tapete Revers\u00edvel Bugaboo Liberty Pink Palo"},"content":{"rendered":"<section class=\"wpb-content-wrapper\"><section class=\"l-section wpb_row height_medium\"><div class=\"l-section-h i-cf\"><div class=\"g-cols vc_row via_flex valign_top type_default stacking_default\"><div class=\"vc_col-sm-12 wpb_column vc_column_container\"><div class=\"vc_column-inner\"><div class=\"wpb_wrapper\"><div class=\"wpb_text_column\"><div class=\"wpb_wrapper\"><p>Mais detalhes do nosso Bugaboo Liberty Pink Palo Reversible Mat<\/p>\n<ul>\n<li>revers\u00edvel.<\/li>\n<li>Um rosto com estampa floral com rosa em p\u00f3, rosa de morango, azul e verde, o outro rosto em lonetite branca suave e suave.<\/li>\n<li>Tapete universal para todos os modelos Bugaboo.<\/li>\n<li><strong>Gorjetas de lavagem .<\/strong> Maquinado, com o detergente hipoalerg\u00e9nico do seu beb\u00e9, m\u00e1ximo a 30oC. N\u00e3o pode passar ou usar um secador.<\/li>\n<\/ul>\n<\/div><\/div><\/div><\/div><\/div><\/div><\/div><\/section>\n<\/section>","protected":false},"excerpt":{"rendered":"<p style=\"text-align: justify;\">Tapete de ver\u00e3o revers\u00edvel <strong>compat\u00edvel com todos os<\/strong> modelos Bugaboo (Cameleon, Fox, Burro, Abelha e B\u00fafalo). <strong>Tem uma<\/strong> face com impress\u00e3o original da Liberty London em flores com rosa <strong>em p\u00f3, rosa de morango, azul e verde,<\/strong> <strong>o outro lado em lonetite branca suave e suave.<\/strong> Volantito por todo o contorno do tapete em Liberty.<\/p>\n<p style=\"text-align: justify;\">Inclui cobertura de arn\u00eas na Liberty.<\/p>\n<p style=\"text-align: justify;\">Combine com mini <a href=\"https:\/\/lespiculins.com\/producto\/bolsa-mini-liberty-rosa-palo\/\" target=\"_blank\" rel=\"noopener\">Liberty Pink Palo Bag e<\/a> Liberty Pink Palo Baby <a href=\"https:\/\/lespiculins.com\/producto\/saco-bebe-liberty-rosa-palo\/\" target=\"_blank\" rel=\"noopener\">Bag.<\/a><\/p>\n","protected":false},"featured_media":30808,"template":"","meta":{"_joinchat":[]},"product_cat":[209],"product_tag":[319],"yoast_head":"<!-- This site is optimized with the Yoast SEO plugin v21.5 - https:\/\/yoast.com\/wordpress\/plugins\/seo\/ -->\n<title>| rosa revers\u00edvel Mat Bugaboo Liberty | de caminhada Os Piculins<\/title>\n<meta name=\"description\" content=\"Tapete revers\u00edvel Bugaboo Liberty Pink Palo. Universal revers\u00edvel. Um rosto com flores rosa e azul e o outro aceno branco liso.\" \/>\n<meta name=\"robots\" content=\"index, follow, max-snippet:-1, max-image-preview:large, max-video-preview:-1\" \/>\n<link rel=\"canonical\" href=\"https:\/\/lespiculins.com\/pt-pt\/produto\/tapete-reversivel-bugaboo-liberty-pink-palo\/\" \/>\n<meta property=\"og:locale\" content=\"pt_PT\" \/>\n<meta property=\"og:type\" content=\"article\" \/>\n<meta property=\"og:title\" content=\"| rosa revers\u00edvel Mat Bugaboo Liberty | de caminhada Os Piculins\" \/>\n<meta property=\"og:description\" content=\"Tapete revers\u00edvel Bugaboo Liberty Pink Palo. Universal revers\u00edvel. Um rosto com flores rosa e azul e o outro aceno branco liso.\" \/>\n<meta property=\"og:url\" content=\"https:\/\/lespiculins.com\/pt-pt\/produto\/tapete-reversivel-bugaboo-liberty-pink-palo\/\" \/>\n<meta property=\"og:site_name\" content=\"Les Piculins\" \/>\n<meta property=\"article:modified_time\" content=\"2021-04-27T08:18:05+00:00\" \/>\n<meta property=\"og:image\" content=\"https:\/\/lespiculins.com\/wp-content\/uploads\/2021\/01\/colchoneta-liberty-3-scaled.jpg\" \/>\n\t<meta property=\"og:image:width\" content=\"2498\" \/>\n\t<meta property=\"og:image:height\" content=\"2560\" \/>\n\t<meta property=\"og:image:type\" content=\"image\/jpeg\" \/>\n<meta name=\"twitter:card\" content=\"summary_large_image\" \/>\n<script type=\"application\/ld+json\" class=\"yoast-schema-graph\">{\"@context\":\"https:\/\/schema.org\",\"@graph\":[{\"@type\":\"WebPage\",\"@id\":\"https:\/\/lespiculins.com\/pt-pt\/produto\/tapete-reversivel-bugaboo-liberty-pink-palo\/\",\"url\":\"https:\/\/lespiculins.com\/pt-pt\/produto\/tapete-reversivel-bugaboo-liberty-pink-palo\/\",\"name\":\"| rosa revers\u00edvel Mat Bugaboo Liberty | de caminhada Os Piculins\",\"isPartOf\":{\"@id\":\"https:\/\/lespiculins.com\/pt-pt\/#website\"},\"datePublished\":\"2021-04-27T08:18:03+00:00\",\"dateModified\":\"2021-04-27T08:18:05+00:00\",\"description\":\"Tapete revers\u00edvel Bugaboo Liberty Pink Palo. Universal revers\u00edvel. Um rosto com flores rosa e azul e o outro aceno branco liso.\",\"breadcrumb\":{\"@id\":\"https:\/\/lespiculins.com\/pt-pt\/produto\/tapete-reversivel-bugaboo-liberty-pink-palo\/#breadcrumb\"},\"inLanguage\":\"pt-PT\",\"potentialAction\":[{\"@type\":\"ReadAction\",\"target\":[\"https:\/\/lespiculins.com\/pt-pt\/produto\/tapete-reversivel-bugaboo-liberty-pink-palo\/\"]}]},{\"@type\":\"BreadcrumbList\",\"@id\":\"https:\/\/lespiculins.com\/pt-pt\/produto\/tapete-reversivel-bugaboo-liberty-pink-palo\/#breadcrumb\",\"itemListElement\":[{\"@type\":\"ListItem\",\"position\":1,\"name\":\"Portada\",\"item\":\"https:\/\/lespiculins.com\/pt-pt\/inicio\/\"},{\"@type\":\"ListItem\",\"position\":2,\"name\":\"Loja\",\"item\":\"https:\/\/lespiculins.com\/pt-pt\/loja\/\"},{\"@type\":\"ListItem\",\"position\":3,\"name\":\"Tapete Revers\u00edvel Bugaboo Liberty Pink Palo\"}]},{\"@type\":\"WebSite\",\"@id\":\"https:\/\/lespiculins.com\/pt-pt\/#website\",\"url\":\"https:\/\/lespiculins.com\/pt-pt\/\",\"name\":\"Les Piculins\",\"description\":\"Fundas para carritos, bugaboo, maclaren, icoo, bebecar, mima...\",\"potentialAction\":[{\"@type\":\"SearchAction\",\"target\":{\"@type\":\"EntryPoint\",\"urlTemplate\":\"https:\/\/lespiculins.com\/pt-pt\/?s={search_term_string}\"},\"query-input\":\"required name=search_term_string\"}],\"inLanguage\":\"pt-PT\"}]}<\/script>\n<!-- \/ Yoast SEO plugin. -->","yoast_head_json":{"title":"| rosa revers\u00edvel Mat Bugaboo Liberty | de caminhada Os Piculins","description":"Tapete revers\u00edvel Bugaboo Liberty Pink Palo. Universal revers\u00edvel. Um rosto com flores rosa e azul e o outro aceno branco liso.","robots":{"index":"index","follow":"follow","max-snippet":"max-snippet:-1","max-image-preview":"max-image-preview:large","max-video-preview":"max-video-preview:-1"},"canonical":"https:\/\/lespiculins.com\/pt-pt\/produto\/tapete-reversivel-bugaboo-liberty-pink-palo\/","og_locale":"pt_PT","og_type":"article","og_title":"| rosa revers\u00edvel Mat Bugaboo Liberty | de caminhada Os Piculins","og_description":"Tapete revers\u00edvel Bugaboo Liberty Pink Palo. Universal revers\u00edvel. Um rosto com flores rosa e azul e o outro aceno branco liso.","og_url":"https:\/\/lespiculins.com\/pt-pt\/produto\/tapete-reversivel-bugaboo-liberty-pink-palo\/","og_site_name":"Les Piculins","article_modified_time":"2021-04-27T08:18:05+00:00","og_image":[{"width":2498,"height":2560,"url":"https:\/\/lespiculins.com\/wp-content\/uploads\/2021\/01\/colchoneta-liberty-3-scaled.jpg","type":"image\/jpeg"}],"twitter_card":"summary_large_image","schema":{"@context":"https:\/\/schema.org","@graph":[{"@type":"WebPage","@id":"https:\/\/lespiculins.com\/pt-pt\/produto\/tapete-reversivel-bugaboo-liberty-pink-palo\/","url":"https:\/\/lespiculins.com\/pt-pt\/produto\/tapete-reversivel-bugaboo-liberty-pink-palo\/","name":"| rosa revers\u00edvel Mat Bugaboo Liberty | de caminhada Os Piculins","isPartOf":{"@id":"https:\/\/lespiculins.com\/pt-pt\/#website"},"datePublished":"2021-04-27T08:18:03+00:00","dateModified":"2021-04-27T08:18:05+00:00","description":"Tapete revers\u00edvel Bugaboo Liberty Pink Palo. Universal revers\u00edvel. Um rosto com flores rosa e azul e o outro aceno branco liso.","breadcrumb":{"@id":"https:\/\/lespiculins.com\/pt-pt\/produto\/tapete-reversivel-bugaboo-liberty-pink-palo\/#breadcrumb"},"inLanguage":"pt-PT","potentialAction":[{"@type":"ReadAction","target":["https:\/\/lespiculins.com\/pt-pt\/produto\/tapete-reversivel-bugaboo-liberty-pink-palo\/"]}]},{"@type":"BreadcrumbList","@id":"https:\/\/lespiculins.com\/pt-pt\/produto\/tapete-reversivel-bugaboo-liberty-pink-palo\/#breadcrumb","itemListElement":[{"@type":"ListItem","position":1,"name":"Portada","item":"https:\/\/lespiculins.com\/pt-pt\/inicio\/"},{"@type":"ListItem","position":2,"name":"Loja","item":"https:\/\/lespiculins.com\/pt-pt\/loja\/"},{"@type":"ListItem","position":3,"name":"Tapete Revers\u00edvel Bugaboo Liberty Pink Palo"}]},{"@type":"WebSite","@id":"https:\/\/lespiculins.com\/pt-pt\/#website","url":"https:\/\/lespiculins.com\/pt-pt\/","name":"Les Piculins","description":"Fundas para carritos, bugaboo, maclaren, icoo, bebecar, mima...","potentialAction":[{"@type":"SearchAction","target":{"@type":"EntryPoint","urlTemplate":"https:\/\/lespiculins.com\/pt-pt\/?s={search_term_string}"},"query-input":"required name=search_term_string"}],"inLanguage":"pt-PT"}]}},"_links":{"self":[{"href":"https:\/\/lespiculins.com\/pt-pt\/wp-json\/wp\/v2\/product\/31147"}],"collection":[{"href":"https:\/\/lespiculins.com\/pt-pt\/wp-json\/wp\/v2\/product"}],"about":[{"href":"https:\/\/lespiculins.com\/pt-pt\/wp-json\/wp\/v2\/types\/product"}],"wp:featuredmedia":[{"embeddable":true,"href":"https:\/\/lespiculins.com\/pt-pt\/wp-json\/wp\/v2\/media\/30808"}],"wp:attachment":[{"href":"https:\/\/lespiculins.com\/pt-pt\/wp-json\/wp\/v2\/media?parent=31147"}],"wp:term":[{"taxonomy":"product_cat","embeddable":true,"href":"https:\/\/lespiculins.com\/pt-pt\/wp-json\/wp\/v2\/product_cat?post=31147"},{"taxonomy":"product_tag","embeddable":true,"href":"https:\/\/lespiculins.com\/pt-pt\/wp-json\/wp\/v2\/product_tag?post=31147"}],"curies":[{"name":"wp","href":"https:\/\/api.w.org\/{rel}","templated":true}]}}