{"id":31136,"date":"2021-01-21T14:09:53","date_gmt":"2021-04-27T08:13:13","guid":{"rendered":"https:\/\/lespiculins.com\/producto\/mini-saco-marinho-de-vichy\/"},"modified":"2022-01-27T10:45:32","modified_gmt":"2022-01-27T09:45:32","slug":"mini-saco-marinho-de-vichy","status":"publish","type":"product","link":"https:\/\/lespiculins.com\/pt-pt\/produto\/mini-saco-marinho-de-vichy\/","title":{"rendered":"Mala Pequena Vichy Marinho"},"content":{"rendered":"<section class=\"wpb-content-wrapper\"><section class=\"l-section wpb_row height_medium\"><div class=\"l-section-h i-cf\"><div class=\"g-cols vc_row via_flex valign_top type_default stacking_default\"><div class=\"vc_col-sm-12 wpb_column vc_column_container\"><div class=\"vc_column-inner\"><div class=\"wpb_wrapper\"><div class=\"wpb_text_column\"><div class=\"wpb_wrapper\"><p>Mais detalhes do nosso Mini Vichy Marine Bag<\/p>\n<ul>\n<li>Mini saco de tamanho para carrinho de beb\u00ea em azul marinho e quadrado branco qu\u00edmico vichy. Tem um tamanho que lhe permitir\u00e1 ter todas as suas pequenas coisas \u00e0 m\u00e3o sem carregar demasiado a cadeira do seu beb\u00e9.<\/li>\n<li>Fecho do fecho e encaixe o guiador do carrinho com fecho.<\/li>\n<li>Perfeito tamb\u00e9m quando se est\u00e1 a usar uma scooter no carrinho, para n\u00e3o perturbar o seu irm\u00e3o mais novo.<\/li>\n<li>Tamanho 34 x 21 x 8 cm<\/li>\n<li>Cor e impress\u00e3o: Pinturas azuis da marinha vichy.<\/li>\n<li>Combinado com <a href=\"https:\/\/lespiculins.com\/pt-pt\/produto\/colchao-de-cadeira-marinha-bugaboo-vichy\/\" target=\"_blank\" rel=\"noopener\">o colch\u00e3o da cadeira marinha Bugaboo Vichy<\/a> e o colch\u00e3o da cadeira marinha Yo Yo <a href=\"https:\/\/lespiculins.com\/pt-pt\/produto\/mat-chair-yo-yo-vichy-marine\/\" target=\"_blank\" rel=\"noopener\">Vichy.<\/a><\/li>\n<\/ul>\n<\/div><\/div><\/div><\/div><\/div><\/div><\/div><\/section>\n<\/section>","protected":false},"excerpt":{"rendered":"<p>Mala Pequena Vichy Marinho<\/p>\n<p style=\"text-align: justify;\">Este mini carrinho de beb\u00e9 com moldura azul marinho O design vichy \u00e9 ideal para transportar tudo o que o seu beb\u00e9 precisa. Tamb\u00e9m para m\u00e3es ou pais que carregam o irm\u00e3o mais novo numa scooter junto com o carrinho, para que isso n\u00e3o o incomode. Saco artesanal, com materiais de alta qualidade.<\/p>\n<p style=\"text-align: justify;\">Abertura f\u00e1cil com fecho dianteiro, ideal para caminhar com tudo o que precisa. O nosso mini saco est\u00e1 ligado ao carrinho com duas fitas que s\u00e3o fixadas com um bot\u00e3o de clique. As pegas s\u00e3o brancas com uma risca da mesma impress\u00e3o que o saco.<\/p>\n<p style=\"text-align: justify;\">Na Les Piculins tamb\u00e9m temos outros produtos para combinar com o nosso mini saco. Estes s\u00e3o: <a href=\"https:\/\/lespiculins.com\/producto\/colchoneta-silla-bugaboo-vichy-marino\/\" target=\"_blank\" rel=\"noopener\">o colch\u00e3o da cadeira marinha Bugaboo Vichy<\/a> e o colch\u00e3o da cadeira marinha Yo Yo <a href=\"https:\/\/lespiculins.com\/producto\/colchoneta-silla-yo-yo-vichy-marino\/\" target=\"_blank\" rel=\"noopener\">Vichy.<\/a><\/p>\n<p style=\"text-align: justify;\">Mantenha o seu mini saco como novo, seguindo as nossas dicas de lavagem. Maquinado, com o detergente hipoalerg\u00e9nico do seu beb\u00e9, m\u00e1ximo a 30oC. N\u00e3o pode passar ou usar um secador.<\/p>\n","protected":false},"featured_media":30842,"template":"","meta":{"_joinchat":[]},"product_cat":[138],"product_tag":[330],"yoast_head":"<!-- This site is optimized with the Yoast SEO plugin v21.5 - https:\/\/yoast.com\/wordpress\/plugins\/seo\/ -->\n<title>Mala Pequena Vichy Marinho | Acess\u00f3rios de passeio | Les piculins<\/title>\n<meta name=\"description\" content=\"Mala Pequena Vichy Marinho. Mini carrinho em quadrados azuis marinhos. Perfeito para dar um passeio sem sobrecarregar o carrinho.\" \/>\n<meta name=\"robots\" content=\"index, follow, max-snippet:-1, max-image-preview:large, max-video-preview:-1\" \/>\n<link rel=\"canonical\" href=\"https:\/\/lespiculins.com\/pt-pt\/produto\/mini-saco-marinho-de-vichy\/\" \/>\n<meta property=\"og:locale\" content=\"pt_PT\" \/>\n<meta property=\"og:type\" content=\"article\" \/>\n<meta property=\"og:title\" content=\"Mala Pequena Vichy Marinho | Acess\u00f3rios de passeio | Les piculins\" \/>\n<meta property=\"og:description\" content=\"Mala Pequena Vichy Marinho. Mini carrinho em quadrados azuis marinhos. Perfeito para dar um passeio sem sobrecarregar o carrinho.\" \/>\n<meta property=\"og:url\" content=\"https:\/\/lespiculins.com\/pt-pt\/produto\/mini-saco-marinho-de-vichy\/\" \/>\n<meta property=\"og:site_name\" content=\"Les Piculins\" \/>\n<meta property=\"article:modified_time\" content=\"2022-01-27T09:45:32+00:00\" \/>\n<meta property=\"og:image\" content=\"https:\/\/lespiculins.com\/wp-content\/uploads\/2021\/01\/bolsa-mini-vichy-marino-2-scaled.jpg\" \/>\n\t<meta property=\"og:image:width\" content=\"2381\" \/>\n\t<meta property=\"og:image:height\" content=\"2560\" \/>\n\t<meta property=\"og:image:type\" content=\"image\/jpeg\" \/>\n<meta name=\"twitter:card\" content=\"summary_large_image\" \/>\n<meta name=\"twitter:label1\" content=\"Tempo estimado de leitura\" \/>\n\t<meta name=\"twitter:data1\" content=\"1 minuto\" \/>\n<script type=\"application\/ld+json\" class=\"yoast-schema-graph\">{\"@context\":\"https:\/\/schema.org\",\"@graph\":[{\"@type\":\"WebPage\",\"@id\":\"https:\/\/lespiculins.com\/pt-pt\/produto\/mini-saco-marinho-de-vichy\/\",\"url\":\"https:\/\/lespiculins.com\/pt-pt\/produto\/mini-saco-marinho-de-vichy\/\",\"name\":\"Mala Pequena Vichy Marinho | Acess\u00f3rios de passeio | Les piculins\",\"isPartOf\":{\"@id\":\"https:\/\/lespiculins.com\/pt-pt\/#website\"},\"datePublished\":\"2021-04-27T08:13:13+00:00\",\"dateModified\":\"2022-01-27T09:45:32+00:00\",\"description\":\"Mala Pequena Vichy Marinho. Mini carrinho em quadrados azuis marinhos. Perfeito para dar um passeio sem sobrecarregar o carrinho.\",\"breadcrumb\":{\"@id\":\"https:\/\/lespiculins.com\/pt-pt\/produto\/mini-saco-marinho-de-vichy\/#breadcrumb\"},\"inLanguage\":\"pt-PT\",\"potentialAction\":[{\"@type\":\"ReadAction\",\"target\":[\"https:\/\/lespiculins.com\/pt-pt\/produto\/mini-saco-marinho-de-vichy\/\"]}]},{\"@type\":\"BreadcrumbList\",\"@id\":\"https:\/\/lespiculins.com\/pt-pt\/produto\/mini-saco-marinho-de-vichy\/#breadcrumb\",\"itemListElement\":[{\"@type\":\"ListItem\",\"position\":1,\"name\":\"Portada\",\"item\":\"https:\/\/lespiculins.com\/pt-pt\/inicio\/\"},{\"@type\":\"ListItem\",\"position\":2,\"name\":\"Loja\",\"item\":\"https:\/\/lespiculins.com\/pt-pt\/loja\/\"},{\"@type\":\"ListItem\",\"position\":3,\"name\":\"Mala Pequena Vichy Marinho\"}]},{\"@type\":\"WebSite\",\"@id\":\"https:\/\/lespiculins.com\/pt-pt\/#website\",\"url\":\"https:\/\/lespiculins.com\/pt-pt\/\",\"name\":\"Les Piculins\",\"description\":\"Fundas para carritos, bugaboo, maclaren, icoo, bebecar, mima...\",\"potentialAction\":[{\"@type\":\"SearchAction\",\"target\":{\"@type\":\"EntryPoint\",\"urlTemplate\":\"https:\/\/lespiculins.com\/pt-pt\/?s={search_term_string}\"},\"query-input\":\"required name=search_term_string\"}],\"inLanguage\":\"pt-PT\"}]}<\/script>\n<!-- \/ Yoast SEO plugin. -->","yoast_head_json":{"title":"Mala Pequena Vichy Marinho | Acess\u00f3rios de passeio | Les piculins","description":"Mala Pequena Vichy Marinho. Mini carrinho em quadrados azuis marinhos. Perfeito para dar um passeio sem sobrecarregar o carrinho.","robots":{"index":"index","follow":"follow","max-snippet":"max-snippet:-1","max-image-preview":"max-image-preview:large","max-video-preview":"max-video-preview:-1"},"canonical":"https:\/\/lespiculins.com\/pt-pt\/produto\/mini-saco-marinho-de-vichy\/","og_locale":"pt_PT","og_type":"article","og_title":"Mala Pequena Vichy Marinho | Acess\u00f3rios de passeio | Les piculins","og_description":"Mala Pequena Vichy Marinho. Mini carrinho em quadrados azuis marinhos. Perfeito para dar um passeio sem sobrecarregar o carrinho.","og_url":"https:\/\/lespiculins.com\/pt-pt\/produto\/mini-saco-marinho-de-vichy\/","og_site_name":"Les Piculins","article_modified_time":"2022-01-27T09:45:32+00:00","og_image":[{"width":2381,"height":2560,"url":"https:\/\/lespiculins.com\/wp-content\/uploads\/2021\/01\/bolsa-mini-vichy-marino-2-scaled.jpg","type":"image\/jpeg"}],"twitter_card":"summary_large_image","twitter_misc":{"Tempo estimado de leitura":"1 minuto"},"schema":{"@context":"https:\/\/schema.org","@graph":[{"@type":"WebPage","@id":"https:\/\/lespiculins.com\/pt-pt\/produto\/mini-saco-marinho-de-vichy\/","url":"https:\/\/lespiculins.com\/pt-pt\/produto\/mini-saco-marinho-de-vichy\/","name":"Mala Pequena Vichy Marinho | Acess\u00f3rios de passeio | Les piculins","isPartOf":{"@id":"https:\/\/lespiculins.com\/pt-pt\/#website"},"datePublished":"2021-04-27T08:13:13+00:00","dateModified":"2022-01-27T09:45:32+00:00","description":"Mala Pequena Vichy Marinho. Mini carrinho em quadrados azuis marinhos. Perfeito para dar um passeio sem sobrecarregar o carrinho.","breadcrumb":{"@id":"https:\/\/lespiculins.com\/pt-pt\/produto\/mini-saco-marinho-de-vichy\/#breadcrumb"},"inLanguage":"pt-PT","potentialAction":[{"@type":"ReadAction","target":["https:\/\/lespiculins.com\/pt-pt\/produto\/mini-saco-marinho-de-vichy\/"]}]},{"@type":"BreadcrumbList","@id":"https:\/\/lespiculins.com\/pt-pt\/produto\/mini-saco-marinho-de-vichy\/#breadcrumb","itemListElement":[{"@type":"ListItem","position":1,"name":"Portada","item":"https:\/\/lespiculins.com\/pt-pt\/inicio\/"},{"@type":"ListItem","position":2,"name":"Loja","item":"https:\/\/lespiculins.com\/pt-pt\/loja\/"},{"@type":"ListItem","position":3,"name":"Mala Pequena Vichy Marinho"}]},{"@type":"WebSite","@id":"https:\/\/lespiculins.com\/pt-pt\/#website","url":"https:\/\/lespiculins.com\/pt-pt\/","name":"Les Piculins","description":"Fundas para carritos, bugaboo, maclaren, icoo, bebecar, mima...","potentialAction":[{"@type":"SearchAction","target":{"@type":"EntryPoint","urlTemplate":"https:\/\/lespiculins.com\/pt-pt\/?s={search_term_string}"},"query-input":"required name=search_term_string"}],"inLanguage":"pt-PT"}]}},"_links":{"self":[{"href":"https:\/\/lespiculins.com\/pt-pt\/wp-json\/wp\/v2\/product\/31136"}],"collection":[{"href":"https:\/\/lespiculins.com\/pt-pt\/wp-json\/wp\/v2\/product"}],"about":[{"href":"https:\/\/lespiculins.com\/pt-pt\/wp-json\/wp\/v2\/types\/product"}],"wp:featuredmedia":[{"embeddable":true,"href":"https:\/\/lespiculins.com\/pt-pt\/wp-json\/wp\/v2\/media\/30842"}],"wp:attachment":[{"href":"https:\/\/lespiculins.com\/pt-pt\/wp-json\/wp\/v2\/media?parent=31136"}],"wp:term":[{"taxonomy":"product_cat","embeddable":true,"href":"https:\/\/lespiculins.com\/pt-pt\/wp-json\/wp\/v2\/product_cat?post=31136"},{"taxonomy":"product_tag","embeddable":true,"href":"https:\/\/lespiculins.com\/pt-pt\/wp-json\/wp\/v2\/product_tag?post=31136"}],"curies":[{"name":"wp","href":"https:\/\/api.w.org\/{rel}","templated":true}]}}