{"id":31133,"date":"2021-01-21T14:17:37","date_gmt":"2021-04-27T08:12:44","guid":{"rendered":"https:\/\/lespiculins.com\/producto\/colchao-de-cadeira-marinha-bugaboo-vichy\/"},"modified":"2021-04-27T10:12:47","modified_gmt":"2021-04-27T08:12:47","slug":"colchao-de-cadeira-marinha-bugaboo-vichy","status":"publish","type":"product","link":"https:\/\/lespiculins.com\/pt-pt\/produto\/colchao-de-cadeira-marinha-bugaboo-vichy\/","title":{"rendered":"Colch\u00e3o de cadeira marinha Bugaboo Vichy"},"content":{"rendered":"<section class=\"wpb-content-wrapper\"><section class=\"l-section wpb_row height_medium\"><div class=\"l-section-h i-cf\"><div class=\"g-cols vc_row via_flex valign_top type_default stacking_default\"><div class=\"vc_col-sm-12 wpb_column vc_column_container\"><div class=\"vc_column-inner\"><div class=\"wpb_wrapper\"><div class=\"wpb_text_column\"><div class=\"wpb_wrapper\"><p>Mais detalhes do nosso colch\u00e3o de cadeira marinha Bugaboo Vichy<\/p>\n<ul>\n<li><strong>Gorjetas de lavagem .<\/strong> Maquinado, com o detergente hipoalerg\u00e9nico do seu beb\u00e9, m\u00e1ximo a 30oC. N\u00e3o pode passar ou usar um secador.<\/li>\n<\/ul>\n<\/div><\/div><\/div><\/div><\/div><\/div><\/div><\/section>\n<\/section>","protected":false},"excerpt":{"rendered":"<p><strong>Tapete universal,<\/strong> <strong>compat\u00edvel com<\/strong> todos os <strong>modelos Bugaboo<\/strong> (Cameleon, Fox, Burro, Buffalo e Abelha) em tela branca qu\u00edmica e detalhes volantite de vichy azul marinho. Combina perfeitamente com edi\u00e7\u00e3o cl\u00e1ssica da cor da marinha Bugaboo.<\/p>\n<p><strong>Inclui capas de<\/strong> arn\u00eas vichy para proteger o seu beb\u00e9 dos arreios do carrinho.<\/p>\n<p>&nbsp;<\/p>\n","protected":false},"featured_media":30848,"template":"","meta":{"_joinchat":[]},"product_cat":[209],"product_tag":[330],"yoast_head":"<!-- This site is optimized with the Yoast SEO plugin v21.5 - https:\/\/yoast.com\/wordpress\/plugins\/seo\/ -->\n<title>Colch\u00e3o de cadeira marinha Bugaboo Vichy | | de caminhada Os Piculins<\/title>\n<meta name=\"description\" content=\"Colch\u00e3o de cadeira marinha Bugaboo Vichy. Tapete de lona branco qu\u00edmico e detalhe volantite em vichy azul marinho.\" \/>\n<meta name=\"robots\" content=\"index, follow, max-snippet:-1, max-image-preview:large, max-video-preview:-1\" \/>\n<link rel=\"canonical\" href=\"https:\/\/lespiculins.com\/pt-pt\/produto\/colchao-de-cadeira-marinha-bugaboo-vichy\/\" \/>\n<meta property=\"og:locale\" content=\"pt_PT\" \/>\n<meta property=\"og:type\" content=\"article\" \/>\n<meta property=\"og:title\" content=\"Colch\u00e3o de cadeira marinha Bugaboo Vichy | | de caminhada Os Piculins\" \/>\n<meta property=\"og:description\" content=\"Colch\u00e3o de cadeira marinha Bugaboo Vichy. Tapete de lona branco qu\u00edmico e detalhe volantite em vichy azul marinho.\" \/>\n<meta property=\"og:url\" content=\"https:\/\/lespiculins.com\/pt-pt\/produto\/colchao-de-cadeira-marinha-bugaboo-vichy\/\" \/>\n<meta property=\"og:site_name\" content=\"Les Piculins\" \/>\n<meta property=\"article:modified_time\" content=\"2021-04-27T08:12:47+00:00\" \/>\n<meta property=\"og:image\" content=\"https:\/\/lespiculins.com\/wp-content\/uploads\/2021\/01\/colchoneta-vichy-marino-2-scaled.jpg\" \/>\n\t<meta property=\"og:image:width\" content=\"2560\" \/>\n\t<meta property=\"og:image:height\" content=\"2013\" \/>\n\t<meta property=\"og:image:type\" content=\"image\/jpeg\" \/>\n<meta name=\"twitter:card\" content=\"summary_large_image\" \/>\n<script type=\"application\/ld+json\" class=\"yoast-schema-graph\">{\"@context\":\"https:\/\/schema.org\",\"@graph\":[{\"@type\":\"WebPage\",\"@id\":\"https:\/\/lespiculins.com\/pt-pt\/produto\/colchao-de-cadeira-marinha-bugaboo-vichy\/\",\"url\":\"https:\/\/lespiculins.com\/pt-pt\/produto\/colchao-de-cadeira-marinha-bugaboo-vichy\/\",\"name\":\"Colch\u00e3o de cadeira marinha Bugaboo Vichy | | de caminhada Os Piculins\",\"isPartOf\":{\"@id\":\"https:\/\/lespiculins.com\/pt-pt\/#website\"},\"datePublished\":\"2021-04-27T08:12:44+00:00\",\"dateModified\":\"2021-04-27T08:12:47+00:00\",\"description\":\"Colch\u00e3o de cadeira marinha Bugaboo Vichy. Tapete de lona branco qu\u00edmico e detalhe volantite em vichy azul marinho.\",\"breadcrumb\":{\"@id\":\"https:\/\/lespiculins.com\/pt-pt\/produto\/colchao-de-cadeira-marinha-bugaboo-vichy\/#breadcrumb\"},\"inLanguage\":\"pt-PT\",\"potentialAction\":[{\"@type\":\"ReadAction\",\"target\":[\"https:\/\/lespiculins.com\/pt-pt\/produto\/colchao-de-cadeira-marinha-bugaboo-vichy\/\"]}]},{\"@type\":\"BreadcrumbList\",\"@id\":\"https:\/\/lespiculins.com\/pt-pt\/produto\/colchao-de-cadeira-marinha-bugaboo-vichy\/#breadcrumb\",\"itemListElement\":[{\"@type\":\"ListItem\",\"position\":1,\"name\":\"Portada\",\"item\":\"https:\/\/lespiculins.com\/pt-pt\/inicio\/\"},{\"@type\":\"ListItem\",\"position\":2,\"name\":\"Loja\",\"item\":\"https:\/\/lespiculins.com\/pt-pt\/loja\/\"},{\"@type\":\"ListItem\",\"position\":3,\"name\":\"Colch\u00e3o de cadeira marinha Bugaboo Vichy\"}]},{\"@type\":\"WebSite\",\"@id\":\"https:\/\/lespiculins.com\/pt-pt\/#website\",\"url\":\"https:\/\/lespiculins.com\/pt-pt\/\",\"name\":\"Les Piculins\",\"description\":\"Fundas para carritos, bugaboo, maclaren, icoo, bebecar, mima...\",\"potentialAction\":[{\"@type\":\"SearchAction\",\"target\":{\"@type\":\"EntryPoint\",\"urlTemplate\":\"https:\/\/lespiculins.com\/pt-pt\/?s={search_term_string}\"},\"query-input\":\"required name=search_term_string\"}],\"inLanguage\":\"pt-PT\"}]}<\/script>\n<!-- \/ Yoast SEO plugin. -->","yoast_head_json":{"title":"Colch\u00e3o de cadeira marinha Bugaboo Vichy | | de caminhada Os Piculins","description":"Colch\u00e3o de cadeira marinha Bugaboo Vichy. Tapete de lona branco qu\u00edmico e detalhe volantite em vichy azul marinho.","robots":{"index":"index","follow":"follow","max-snippet":"max-snippet:-1","max-image-preview":"max-image-preview:large","max-video-preview":"max-video-preview:-1"},"canonical":"https:\/\/lespiculins.com\/pt-pt\/produto\/colchao-de-cadeira-marinha-bugaboo-vichy\/","og_locale":"pt_PT","og_type":"article","og_title":"Colch\u00e3o de cadeira marinha Bugaboo Vichy | | de caminhada Os Piculins","og_description":"Colch\u00e3o de cadeira marinha Bugaboo Vichy. Tapete de lona branco qu\u00edmico e detalhe volantite em vichy azul marinho.","og_url":"https:\/\/lespiculins.com\/pt-pt\/produto\/colchao-de-cadeira-marinha-bugaboo-vichy\/","og_site_name":"Les Piculins","article_modified_time":"2021-04-27T08:12:47+00:00","og_image":[{"width":2560,"height":2013,"url":"https:\/\/lespiculins.com\/wp-content\/uploads\/2021\/01\/colchoneta-vichy-marino-2-scaled.jpg","type":"image\/jpeg"}],"twitter_card":"summary_large_image","schema":{"@context":"https:\/\/schema.org","@graph":[{"@type":"WebPage","@id":"https:\/\/lespiculins.com\/pt-pt\/produto\/colchao-de-cadeira-marinha-bugaboo-vichy\/","url":"https:\/\/lespiculins.com\/pt-pt\/produto\/colchao-de-cadeira-marinha-bugaboo-vichy\/","name":"Colch\u00e3o de cadeira marinha Bugaboo Vichy | | de caminhada Os Piculins","isPartOf":{"@id":"https:\/\/lespiculins.com\/pt-pt\/#website"},"datePublished":"2021-04-27T08:12:44+00:00","dateModified":"2021-04-27T08:12:47+00:00","description":"Colch\u00e3o de cadeira marinha Bugaboo Vichy. Tapete de lona branco qu\u00edmico e detalhe volantite em vichy azul marinho.","breadcrumb":{"@id":"https:\/\/lespiculins.com\/pt-pt\/produto\/colchao-de-cadeira-marinha-bugaboo-vichy\/#breadcrumb"},"inLanguage":"pt-PT","potentialAction":[{"@type":"ReadAction","target":["https:\/\/lespiculins.com\/pt-pt\/produto\/colchao-de-cadeira-marinha-bugaboo-vichy\/"]}]},{"@type":"BreadcrumbList","@id":"https:\/\/lespiculins.com\/pt-pt\/produto\/colchao-de-cadeira-marinha-bugaboo-vichy\/#breadcrumb","itemListElement":[{"@type":"ListItem","position":1,"name":"Portada","item":"https:\/\/lespiculins.com\/pt-pt\/inicio\/"},{"@type":"ListItem","position":2,"name":"Loja","item":"https:\/\/lespiculins.com\/pt-pt\/loja\/"},{"@type":"ListItem","position":3,"name":"Colch\u00e3o de cadeira marinha Bugaboo Vichy"}]},{"@type":"WebSite","@id":"https:\/\/lespiculins.com\/pt-pt\/#website","url":"https:\/\/lespiculins.com\/pt-pt\/","name":"Les Piculins","description":"Fundas para carritos, bugaboo, maclaren, icoo, bebecar, mima...","potentialAction":[{"@type":"SearchAction","target":{"@type":"EntryPoint","urlTemplate":"https:\/\/lespiculins.com\/pt-pt\/?s={search_term_string}"},"query-input":"required name=search_term_string"}],"inLanguage":"pt-PT"}]}},"_links":{"self":[{"href":"https:\/\/lespiculins.com\/pt-pt\/wp-json\/wp\/v2\/product\/31133"}],"collection":[{"href":"https:\/\/lespiculins.com\/pt-pt\/wp-json\/wp\/v2\/product"}],"about":[{"href":"https:\/\/lespiculins.com\/pt-pt\/wp-json\/wp\/v2\/types\/product"}],"wp:featuredmedia":[{"embeddable":true,"href":"https:\/\/lespiculins.com\/pt-pt\/wp-json\/wp\/v2\/media\/30848"}],"wp:attachment":[{"href":"https:\/\/lespiculins.com\/pt-pt\/wp-json\/wp\/v2\/media?parent=31133"}],"wp:term":[{"taxonomy":"product_cat","embeddable":true,"href":"https:\/\/lespiculins.com\/pt-pt\/wp-json\/wp\/v2\/product_cat?post=31133"},{"taxonomy":"product_tag","embeddable":true,"href":"https:\/\/lespiculins.com\/pt-pt\/wp-json\/wp\/v2\/product_tag?post=31133"}],"curies":[{"name":"wp","href":"https:\/\/api.w.org\/{rel}","templated":true}]}}