{"id":31127,"date":"2021-02-09T10:13:55","date_gmt":"2021-04-27T08:10:03","guid":{"rendered":"https:\/\/lespiculins.com\/producto\/tapete-de-bege-bugaboo-vichy-vichy-reversivel\/"},"modified":"2023-07-11T07:28:52","modified_gmt":"2023-07-11T05:28:52","slug":"tapete-de-bege-bugaboo-vichy-vichy-reversivel","status":"publish","type":"product","link":"https:\/\/lespiculins.com\/pt-pt\/produto\/tapete-de-bege-bugaboo-vichy-vichy-reversivel\/","title":{"rendered":"Tapete de bege Bugaboo Vichy Vichy revers\u00edvel"},"content":{"rendered":"<section class=\"wpb-content-wrapper\"><section class=\"l-section wpb_row height_medium\"><div class=\"l-section-h i-cf\"><div class=\"g-cols vc_row via_flex valign_top type_default stacking_default\"><div class=\"vc_col-sm-12 wpb_column vc_column_container\"><div class=\"vc_column-inner\"><div class=\"wpb_wrapper\"><div class=\"wpb_text_column\"><div class=\"wpb_wrapper\"><p>Mais detalhes do nosso Tapete Revers\u00edvel Bugaboo Vichy Beige<\/p>\n<ul>\n<li><strong>Gorjetas de lavagem .<\/strong> Maquinado, com o detergente hipoalerg\u00e9nico do seu beb\u00e9, m\u00e1ximo a 30oC. N\u00e3o pode passar ou usar um secador.<\/li>\n<\/ul>\n<\/div><\/div><\/div><\/div><\/div><\/div><\/div><\/section>\n<\/section>","protected":false},"excerpt":{"rendered":"<p><strong>Tapete revers\u00edvel universal,<\/strong>compat\u00edvel com todos os <strong>modelos Bugaboo<\/strong> (Raposa, Burro, Abelha, Cameleon e Buffalo). Tem um rosto plumeti branco e uma face bege m\u00e9dia vichy que combina grande com a cor original de areia\/areia do Bugaboo.<\/p>\n<p>Pode completar o seu conjunto com o mini saco para combinar.<\/p>\n<p><strong>Inclui capas de arn\u00eas vichy para combinar com<\/strong> o tapete.<\/p>\n<p>&nbsp;<\/p>\n","protected":false},"featured_media":30868,"template":"","meta":{"_joinchat":[]},"product_cat":[209],"product_tag":[327],"yoast_head":"<!-- This site is optimized with the Yoast SEO plugin v21.5 - https:\/\/yoast.com\/wordpress\/plugins\/seo\/ -->\n<title>| Revers\u00edvel Mat Bugaboo Vichy Beige | de caminhada Os Piculins<\/title>\n<meta name=\"description\" content=\"Tapete revers\u00edvel bugaboo Vichy Bege. Universal revers\u00edvel. Um rosto com impress\u00e3o de vichy bege m\u00e9dio e outro plumeti branco simples.\" \/>\n<meta name=\"robots\" content=\"index, follow, max-snippet:-1, max-image-preview:large, max-video-preview:-1\" \/>\n<link rel=\"canonical\" href=\"https:\/\/lespiculins.com\/pt-pt\/produto\/tapete-de-bege-bugaboo-vichy-vichy-reversivel\/\" \/>\n<meta property=\"og:locale\" content=\"pt_PT\" \/>\n<meta property=\"og:type\" content=\"article\" \/>\n<meta property=\"og:title\" content=\"| Revers\u00edvel Mat Bugaboo Vichy Beige | de caminhada Os Piculins\" \/>\n<meta property=\"og:description\" content=\"Tapete revers\u00edvel bugaboo Vichy Bege. Universal revers\u00edvel. Um rosto com impress\u00e3o de vichy bege m\u00e9dio e outro plumeti branco simples.\" \/>\n<meta property=\"og:url\" content=\"https:\/\/lespiculins.com\/pt-pt\/produto\/tapete-de-bege-bugaboo-vichy-vichy-reversivel\/\" \/>\n<meta property=\"og:site_name\" content=\"Les Piculins\" \/>\n<meta property=\"article:modified_time\" content=\"2023-07-11T05:28:52+00:00\" \/>\n<meta property=\"og:image\" content=\"https:\/\/lespiculins.com\/wp-content\/uploads\/2021\/02\/colchoneta-vichy-beige-3-scaled.jpg\" \/>\n\t<meta property=\"og:image:width\" content=\"2560\" \/>\n\t<meta property=\"og:image:height\" content=\"2449\" \/>\n\t<meta property=\"og:image:type\" content=\"image\/jpeg\" \/>\n<meta name=\"twitter:card\" content=\"summary_large_image\" \/>\n<script type=\"application\/ld+json\" class=\"yoast-schema-graph\">{\"@context\":\"https:\/\/schema.org\",\"@graph\":[{\"@type\":\"WebPage\",\"@id\":\"https:\/\/lespiculins.com\/pt-pt\/produto\/tapete-de-bege-bugaboo-vichy-vichy-reversivel\/\",\"url\":\"https:\/\/lespiculins.com\/pt-pt\/produto\/tapete-de-bege-bugaboo-vichy-vichy-reversivel\/\",\"name\":\"| Revers\u00edvel Mat Bugaboo Vichy Beige | de caminhada Os Piculins\",\"isPartOf\":{\"@id\":\"https:\/\/lespiculins.com\/pt-pt\/#website\"},\"datePublished\":\"2021-04-27T08:10:03+00:00\",\"dateModified\":\"2023-07-11T05:28:52+00:00\",\"description\":\"Tapete revers\u00edvel bugaboo Vichy Bege. Universal revers\u00edvel. Um rosto com impress\u00e3o de vichy bege m\u00e9dio e outro plumeti branco simples.\",\"breadcrumb\":{\"@id\":\"https:\/\/lespiculins.com\/pt-pt\/produto\/tapete-de-bege-bugaboo-vichy-vichy-reversivel\/#breadcrumb\"},\"inLanguage\":\"pt-PT\",\"potentialAction\":[{\"@type\":\"ReadAction\",\"target\":[\"https:\/\/lespiculins.com\/pt-pt\/produto\/tapete-de-bege-bugaboo-vichy-vichy-reversivel\/\"]}]},{\"@type\":\"BreadcrumbList\",\"@id\":\"https:\/\/lespiculins.com\/pt-pt\/produto\/tapete-de-bege-bugaboo-vichy-vichy-reversivel\/#breadcrumb\",\"itemListElement\":[{\"@type\":\"ListItem\",\"position\":1,\"name\":\"Portada\",\"item\":\"https:\/\/lespiculins.com\/pt-pt\/inicio\/\"},{\"@type\":\"ListItem\",\"position\":2,\"name\":\"Loja\",\"item\":\"https:\/\/lespiculins.com\/pt-pt\/loja\/\"},{\"@type\":\"ListItem\",\"position\":3,\"name\":\"Tapete de bege Bugaboo Vichy Vichy revers\u00edvel\"}]},{\"@type\":\"WebSite\",\"@id\":\"https:\/\/lespiculins.com\/pt-pt\/#website\",\"url\":\"https:\/\/lespiculins.com\/pt-pt\/\",\"name\":\"Les Piculins\",\"description\":\"Fundas para carritos, bugaboo, maclaren, icoo, bebecar, mima...\",\"potentialAction\":[{\"@type\":\"SearchAction\",\"target\":{\"@type\":\"EntryPoint\",\"urlTemplate\":\"https:\/\/lespiculins.com\/pt-pt\/?s={search_term_string}\"},\"query-input\":\"required name=search_term_string\"}],\"inLanguage\":\"pt-PT\"}]}<\/script>\n<!-- \/ Yoast SEO plugin. -->","yoast_head_json":{"title":"| Revers\u00edvel Mat Bugaboo Vichy Beige | de caminhada Os Piculins","description":"Tapete revers\u00edvel bugaboo Vichy Bege. Universal revers\u00edvel. Um rosto com impress\u00e3o de vichy bege m\u00e9dio e outro plumeti branco simples.","robots":{"index":"index","follow":"follow","max-snippet":"max-snippet:-1","max-image-preview":"max-image-preview:large","max-video-preview":"max-video-preview:-1"},"canonical":"https:\/\/lespiculins.com\/pt-pt\/produto\/tapete-de-bege-bugaboo-vichy-vichy-reversivel\/","og_locale":"pt_PT","og_type":"article","og_title":"| Revers\u00edvel Mat Bugaboo Vichy Beige | de caminhada Os Piculins","og_description":"Tapete revers\u00edvel bugaboo Vichy Bege. Universal revers\u00edvel. Um rosto com impress\u00e3o de vichy bege m\u00e9dio e outro plumeti branco simples.","og_url":"https:\/\/lespiculins.com\/pt-pt\/produto\/tapete-de-bege-bugaboo-vichy-vichy-reversivel\/","og_site_name":"Les Piculins","article_modified_time":"2023-07-11T05:28:52+00:00","og_image":[{"width":2560,"height":2449,"url":"https:\/\/lespiculins.com\/wp-content\/uploads\/2021\/02\/colchoneta-vichy-beige-3-scaled.jpg","type":"image\/jpeg"}],"twitter_card":"summary_large_image","schema":{"@context":"https:\/\/schema.org","@graph":[{"@type":"WebPage","@id":"https:\/\/lespiculins.com\/pt-pt\/produto\/tapete-de-bege-bugaboo-vichy-vichy-reversivel\/","url":"https:\/\/lespiculins.com\/pt-pt\/produto\/tapete-de-bege-bugaboo-vichy-vichy-reversivel\/","name":"| Revers\u00edvel Mat Bugaboo Vichy Beige | de caminhada Os Piculins","isPartOf":{"@id":"https:\/\/lespiculins.com\/pt-pt\/#website"},"datePublished":"2021-04-27T08:10:03+00:00","dateModified":"2023-07-11T05:28:52+00:00","description":"Tapete revers\u00edvel bugaboo Vichy Bege. Universal revers\u00edvel. Um rosto com impress\u00e3o de vichy bege m\u00e9dio e outro plumeti branco simples.","breadcrumb":{"@id":"https:\/\/lespiculins.com\/pt-pt\/produto\/tapete-de-bege-bugaboo-vichy-vichy-reversivel\/#breadcrumb"},"inLanguage":"pt-PT","potentialAction":[{"@type":"ReadAction","target":["https:\/\/lespiculins.com\/pt-pt\/produto\/tapete-de-bege-bugaboo-vichy-vichy-reversivel\/"]}]},{"@type":"BreadcrumbList","@id":"https:\/\/lespiculins.com\/pt-pt\/produto\/tapete-de-bege-bugaboo-vichy-vichy-reversivel\/#breadcrumb","itemListElement":[{"@type":"ListItem","position":1,"name":"Portada","item":"https:\/\/lespiculins.com\/pt-pt\/inicio\/"},{"@type":"ListItem","position":2,"name":"Loja","item":"https:\/\/lespiculins.com\/pt-pt\/loja\/"},{"@type":"ListItem","position":3,"name":"Tapete de bege Bugaboo Vichy Vichy revers\u00edvel"}]},{"@type":"WebSite","@id":"https:\/\/lespiculins.com\/pt-pt\/#website","url":"https:\/\/lespiculins.com\/pt-pt\/","name":"Les Piculins","description":"Fundas para carritos, bugaboo, maclaren, icoo, bebecar, mima...","potentialAction":[{"@type":"SearchAction","target":{"@type":"EntryPoint","urlTemplate":"https:\/\/lespiculins.com\/pt-pt\/?s={search_term_string}"},"query-input":"required name=search_term_string"}],"inLanguage":"pt-PT"}]}},"_links":{"self":[{"href":"https:\/\/lespiculins.com\/pt-pt\/wp-json\/wp\/v2\/product\/31127"}],"collection":[{"href":"https:\/\/lespiculins.com\/pt-pt\/wp-json\/wp\/v2\/product"}],"about":[{"href":"https:\/\/lespiculins.com\/pt-pt\/wp-json\/wp\/v2\/types\/product"}],"wp:featuredmedia":[{"embeddable":true,"href":"https:\/\/lespiculins.com\/pt-pt\/wp-json\/wp\/v2\/media\/30868"}],"wp:attachment":[{"href":"https:\/\/lespiculins.com\/pt-pt\/wp-json\/wp\/v2\/media?parent=31127"}],"wp:term":[{"taxonomy":"product_cat","embeddable":true,"href":"https:\/\/lespiculins.com\/pt-pt\/wp-json\/wp\/v2\/product_cat?post=31127"},{"taxonomy":"product_tag","embeddable":true,"href":"https:\/\/lespiculins.com\/pt-pt\/wp-json\/wp\/v2\/product_tag?post=31127"}],"curies":[{"name":"wp","href":"https:\/\/api.w.org\/{rel}","templated":true}]}}