{"id":31121,"date":"2021-02-11T10:20:15","date_gmt":"2021-04-27T08:06:55","guid":{"rendered":"https:\/\/lespiculins.com\/producto\/almofada-anti-rolo-classica\/"},"modified":"2021-04-27T10:09:21","modified_gmt":"2021-04-27T08:09:21","slug":"almofada-anti-rolo-classica","status":"publish","type":"product","link":"https:\/\/lespiculins.com\/pt-pt\/produto\/almofada-anti-rolo-classica\/","title":{"rendered":"Almofada anti-rolo cl\u00e1ssica"},"content":{"rendered":"","protected":false},"excerpt":{"rendered":"<p style=\"text-align: justify;\">A almofada anti-rolo cl\u00e1ssica, em bambula branca <strong>com detalhes de rendas e rendas,<\/strong>\u00e9 o complemento perfeito para o seu carrinho. Ideal para um dia especial como o batizado do seu beb\u00e9. Al\u00e9m disso, esta almofada anti-rolo cl\u00e1ssica sendo branca <strong>combinar\u00e1 perfeitamente com qualquer acess\u00f3rio do<\/strong> seu beb\u00e9.<\/p>\n<p style=\"text-align: justify;\">Recomenda-se para beb\u00e9s <strong>at\u00e9 aos 5 ou 6 meses de idade.<\/strong> As almofadas anti-rolo s\u00e3o grandes aliados para m\u00e3es e pais, pois t\u00eam <strong>m\u00faltiplas vantagens:<\/strong>vamos faz\u00ea-los dormir na posi\u00e7\u00e3o certa sem dar a volta \u00e0 noite. Previne a s\u00edndrome da morte s\u00fabita infantil (SIDS), previne asfixia&#8230;<\/p>\n<p style=\"text-align: justify;\">O estofamento \u00e9 remov\u00edvel para que possa lavar separadamente.<\/p>\n<p>&nbsp;<\/p>\n","protected":false},"featured_media":30882,"template":"","meta":{"_joinchat":[]},"product_cat":[116],"product_tag":[359],"yoast_head":"<!-- This site is optimized with the Yoast SEO plugin v21.5 - https:\/\/yoast.com\/wordpress\/plugins\/seo\/ -->\n<title>Almofada anti-rolo cl\u00e1ssica | Acess\u00f3rios para beb\u00e9s | Os Piculins<\/title>\n<meta name=\"description\" content=\"Almofada anti-rolo cl\u00e1ssica. Em bambula branca com rendas e detalhes de rendas. Complemento ideal para o seu carrinho ou ber\u00e7o.\" \/>\n<meta name=\"robots\" content=\"index, follow, max-snippet:-1, max-image-preview:large, max-video-preview:-1\" \/>\n<link rel=\"canonical\" href=\"https:\/\/lespiculins.com\/pt-pt\/produto\/almofada-anti-rolo-classica\/\" \/>\n<meta property=\"og:locale\" content=\"pt_PT\" \/>\n<meta property=\"og:type\" content=\"article\" \/>\n<meta property=\"og:title\" content=\"Almofada anti-rolo cl\u00e1ssica | Acess\u00f3rios para beb\u00e9s | Os Piculins\" \/>\n<meta property=\"og:description\" content=\"Almofada anti-rolo cl\u00e1ssica. Em bambula branca com rendas e detalhes de rendas. Complemento ideal para o seu carrinho ou ber\u00e7o.\" \/>\n<meta property=\"og:url\" content=\"https:\/\/lespiculins.com\/pt-pt\/produto\/almofada-anti-rolo-classica\/\" \/>\n<meta property=\"og:site_name\" content=\"Les Piculins\" \/>\n<meta property=\"article:modified_time\" content=\"2021-04-27T08:09:21+00:00\" \/>\n<meta property=\"og:image\" content=\"https:\/\/lespiculins.com\/wp-content\/uploads\/2021\/02\/cojincito-antivuelco-lencero-1-scaled.jpg\" \/>\n\t<meta property=\"og:image:width\" content=\"2560\" \/>\n\t<meta property=\"og:image:height\" content=\"2367\" \/>\n\t<meta property=\"og:image:type\" content=\"image\/jpeg\" \/>\n<meta name=\"twitter:card\" content=\"summary_large_image\" \/>\n<script type=\"application\/ld+json\" class=\"yoast-schema-graph\">{\"@context\":\"https:\/\/schema.org\",\"@graph\":[{\"@type\":\"WebPage\",\"@id\":\"https:\/\/lespiculins.com\/pt-pt\/produto\/almofada-anti-rolo-classica\/\",\"url\":\"https:\/\/lespiculins.com\/pt-pt\/produto\/almofada-anti-rolo-classica\/\",\"name\":\"Almofada anti-rolo cl\u00e1ssica | Acess\u00f3rios para beb\u00e9s | Os Piculins\",\"isPartOf\":{\"@id\":\"https:\/\/lespiculins.com\/pt-pt\/#website\"},\"datePublished\":\"2021-04-27T08:06:55+00:00\",\"dateModified\":\"2021-04-27T08:09:21+00:00\",\"description\":\"Almofada anti-rolo cl\u00e1ssica. Em bambula branca com rendas e detalhes de rendas. Complemento ideal para o seu carrinho ou ber\u00e7o.\",\"breadcrumb\":{\"@id\":\"https:\/\/lespiculins.com\/pt-pt\/produto\/almofada-anti-rolo-classica\/#breadcrumb\"},\"inLanguage\":\"pt-PT\",\"potentialAction\":[{\"@type\":\"ReadAction\",\"target\":[\"https:\/\/lespiculins.com\/pt-pt\/produto\/almofada-anti-rolo-classica\/\"]}]},{\"@type\":\"BreadcrumbList\",\"@id\":\"https:\/\/lespiculins.com\/pt-pt\/produto\/almofada-anti-rolo-classica\/#breadcrumb\",\"itemListElement\":[{\"@type\":\"ListItem\",\"position\":1,\"name\":\"Portada\",\"item\":\"https:\/\/lespiculins.com\/pt-pt\/inicio\/\"},{\"@type\":\"ListItem\",\"position\":2,\"name\":\"Loja\",\"item\":\"https:\/\/lespiculins.com\/pt-pt\/loja\/\"},{\"@type\":\"ListItem\",\"position\":3,\"name\":\"Almofada anti-rolo cl\u00e1ssica\"}]},{\"@type\":\"WebSite\",\"@id\":\"https:\/\/lespiculins.com\/pt-pt\/#website\",\"url\":\"https:\/\/lespiculins.com\/pt-pt\/\",\"name\":\"Les Piculins\",\"description\":\"Fundas para carritos, bugaboo, maclaren, icoo, bebecar, mima...\",\"potentialAction\":[{\"@type\":\"SearchAction\",\"target\":{\"@type\":\"EntryPoint\",\"urlTemplate\":\"https:\/\/lespiculins.com\/pt-pt\/?s={search_term_string}\"},\"query-input\":\"required name=search_term_string\"}],\"inLanguage\":\"pt-PT\"}]}<\/script>\n<!-- \/ Yoast SEO plugin. -->","yoast_head_json":{"title":"Almofada anti-rolo cl\u00e1ssica | Acess\u00f3rios para beb\u00e9s | Os Piculins","description":"Almofada anti-rolo cl\u00e1ssica. Em bambula branca com rendas e detalhes de rendas. Complemento ideal para o seu carrinho ou ber\u00e7o.","robots":{"index":"index","follow":"follow","max-snippet":"max-snippet:-1","max-image-preview":"max-image-preview:large","max-video-preview":"max-video-preview:-1"},"canonical":"https:\/\/lespiculins.com\/pt-pt\/produto\/almofada-anti-rolo-classica\/","og_locale":"pt_PT","og_type":"article","og_title":"Almofada anti-rolo cl\u00e1ssica | Acess\u00f3rios para beb\u00e9s | Os Piculins","og_description":"Almofada anti-rolo cl\u00e1ssica. Em bambula branca com rendas e detalhes de rendas. Complemento ideal para o seu carrinho ou ber\u00e7o.","og_url":"https:\/\/lespiculins.com\/pt-pt\/produto\/almofada-anti-rolo-classica\/","og_site_name":"Les Piculins","article_modified_time":"2021-04-27T08:09:21+00:00","og_image":[{"width":2560,"height":2367,"url":"https:\/\/lespiculins.com\/wp-content\/uploads\/2021\/02\/cojincito-antivuelco-lencero-1-scaled.jpg","type":"image\/jpeg"}],"twitter_card":"summary_large_image","schema":{"@context":"https:\/\/schema.org","@graph":[{"@type":"WebPage","@id":"https:\/\/lespiculins.com\/pt-pt\/produto\/almofada-anti-rolo-classica\/","url":"https:\/\/lespiculins.com\/pt-pt\/produto\/almofada-anti-rolo-classica\/","name":"Almofada anti-rolo cl\u00e1ssica | Acess\u00f3rios para beb\u00e9s | Os Piculins","isPartOf":{"@id":"https:\/\/lespiculins.com\/pt-pt\/#website"},"datePublished":"2021-04-27T08:06:55+00:00","dateModified":"2021-04-27T08:09:21+00:00","description":"Almofada anti-rolo cl\u00e1ssica. Em bambula branca com rendas e detalhes de rendas. Complemento ideal para o seu carrinho ou ber\u00e7o.","breadcrumb":{"@id":"https:\/\/lespiculins.com\/pt-pt\/produto\/almofada-anti-rolo-classica\/#breadcrumb"},"inLanguage":"pt-PT","potentialAction":[{"@type":"ReadAction","target":["https:\/\/lespiculins.com\/pt-pt\/produto\/almofada-anti-rolo-classica\/"]}]},{"@type":"BreadcrumbList","@id":"https:\/\/lespiculins.com\/pt-pt\/produto\/almofada-anti-rolo-classica\/#breadcrumb","itemListElement":[{"@type":"ListItem","position":1,"name":"Portada","item":"https:\/\/lespiculins.com\/pt-pt\/inicio\/"},{"@type":"ListItem","position":2,"name":"Loja","item":"https:\/\/lespiculins.com\/pt-pt\/loja\/"},{"@type":"ListItem","position":3,"name":"Almofada anti-rolo cl\u00e1ssica"}]},{"@type":"WebSite","@id":"https:\/\/lespiculins.com\/pt-pt\/#website","url":"https:\/\/lespiculins.com\/pt-pt\/","name":"Les Piculins","description":"Fundas para carritos, bugaboo, maclaren, icoo, bebecar, mima...","potentialAction":[{"@type":"SearchAction","target":{"@type":"EntryPoint","urlTemplate":"https:\/\/lespiculins.com\/pt-pt\/?s={search_term_string}"},"query-input":"required name=search_term_string"}],"inLanguage":"pt-PT"}]}},"_links":{"self":[{"href":"https:\/\/lespiculins.com\/pt-pt\/wp-json\/wp\/v2\/product\/31121"}],"collection":[{"href":"https:\/\/lespiculins.com\/pt-pt\/wp-json\/wp\/v2\/product"}],"about":[{"href":"https:\/\/lespiculins.com\/pt-pt\/wp-json\/wp\/v2\/types\/product"}],"wp:featuredmedia":[{"embeddable":true,"href":"https:\/\/lespiculins.com\/pt-pt\/wp-json\/wp\/v2\/media\/30882"}],"wp:attachment":[{"href":"https:\/\/lespiculins.com\/pt-pt\/wp-json\/wp\/v2\/media?parent=31121"}],"wp:term":[{"taxonomy":"product_cat","embeddable":true,"href":"https:\/\/lespiculins.com\/pt-pt\/wp-json\/wp\/v2\/product_cat?post=31121"},{"taxonomy":"product_tag","embeddable":true,"href":"https:\/\/lespiculins.com\/pt-pt\/wp-json\/wp\/v2\/product_tag?post=31121"}],"curies":[{"name":"wp","href":"https:\/\/api.w.org\/{rel}","templated":true}]}}