{"id":31116,"date":"2021-02-12T13:52:58","date_gmt":"2021-04-27T08:04:21","guid":{"rendered":"https:\/\/lespiculins.com\/producto\/colchao-yo-yo-vichy-aqua\/"},"modified":"2021-04-27T10:04:23","modified_gmt":"2021-04-27T08:04:23","slug":"mat-yo-io-vichy-aqua","status":"publish","type":"product","link":"https:\/\/lespiculins.com\/pt-pt\/produto\/mat-yo-io-vichy-aqua\/","title":{"rendered":"Colch\u00e3o Yo Yo Vichy Aqua"},"content":{"rendered":"<p>Mais detalhes do nosso Colch\u00e3o Yo Yo Vichy Aqua<\/p>\n<ul>\n<li><strong>Gorjetas de lavagem .<\/strong> Maquinado, com o detergente hipoalerg\u00e9nico do seu beb\u00e9, m\u00e1ximo a 30oC. N\u00e3o pode passar ou usar um secador.<\/li>\n<\/ul>\n","protected":false},"excerpt":{"rendered":"<p><strong>Tapete revers\u00edvel para Babyzen Yo Yo.<\/strong> Tem um rosto em plumeti branco e outro em vilco mini aqua-branco, volantito detalhe. Combina combin\u00e1vel com o dossel aqua original do babyzen.<\/p>\n<p><strong>Inclui tampas de arn\u00eas para<\/strong> as correias.<\/p>\n<p>&nbsp;<\/p>\n","protected":false},"featured_media":30892,"template":"","meta":{"_joinchat":[]},"product_cat":[209],"product_tag":[326],"yoast_head":"<!-- This site is optimized with the Yoast SEO plugin v21.5 - https:\/\/yoast.com\/wordpress\/plugins\/seo\/ -->\n<title>Yo Yo Vichy Aqua | | de caminhada Os Piculins<\/title>\n<meta name=\"description\" content=\"Yo Yo Vichy Aqua tapete. Tapete revers\u00edvel com um lado em plumeti branco e um em vichy mini aqua-white.\" \/>\n<meta name=\"robots\" content=\"index, follow, max-snippet:-1, max-image-preview:large, max-video-preview:-1\" \/>\n<link rel=\"canonical\" href=\"https:\/\/lespiculins.com\/pt-pt\/produto\/mat-yo-io-vichy-aqua\/\" \/>\n<meta property=\"og:locale\" content=\"pt_PT\" \/>\n<meta property=\"og:type\" content=\"article\" \/>\n<meta property=\"og:title\" content=\"Yo Yo Vichy Aqua | | de caminhada Os Piculins\" \/>\n<meta property=\"og:description\" content=\"Yo Yo Vichy Aqua tapete. Tapete revers\u00edvel com um lado em plumeti branco e um em vichy mini aqua-white.\" \/>\n<meta property=\"og:url\" content=\"https:\/\/lespiculins.com\/pt-pt\/produto\/mat-yo-io-vichy-aqua\/\" \/>\n<meta property=\"og:site_name\" content=\"Les Piculins\" \/>\n<meta property=\"article:modified_time\" content=\"2021-04-27T08:04:23+00:00\" \/>\n<meta property=\"og:image\" content=\"https:\/\/lespiculins.com\/wp-content\/uploads\/2021\/02\/colchoneta-vichy-aqua-2.jpg\" \/>\n\t<meta property=\"og:image:width\" content=\"1210\" \/>\n\t<meta property=\"og:image:height\" content=\"1600\" \/>\n\t<meta property=\"og:image:type\" content=\"image\/jpeg\" \/>\n<meta name=\"twitter:card\" content=\"summary_large_image\" \/>\n<script type=\"application\/ld+json\" class=\"yoast-schema-graph\">{\"@context\":\"https:\/\/schema.org\",\"@graph\":[{\"@type\":\"WebPage\",\"@id\":\"https:\/\/lespiculins.com\/pt-pt\/produto\/mat-yo-io-vichy-aqua\/\",\"url\":\"https:\/\/lespiculins.com\/pt-pt\/produto\/mat-yo-io-vichy-aqua\/\",\"name\":\"Yo Yo Vichy Aqua | | de caminhada Os Piculins\",\"isPartOf\":{\"@id\":\"https:\/\/lespiculins.com\/pt-pt\/#website\"},\"datePublished\":\"2021-04-27T08:04:21+00:00\",\"dateModified\":\"2021-04-27T08:04:23+00:00\",\"description\":\"Yo Yo Vichy Aqua tapete. Tapete revers\u00edvel com um lado em plumeti branco e um em vichy mini aqua-white.\",\"breadcrumb\":{\"@id\":\"https:\/\/lespiculins.com\/pt-pt\/produto\/mat-yo-io-vichy-aqua\/#breadcrumb\"},\"inLanguage\":\"pt-PT\",\"potentialAction\":[{\"@type\":\"ReadAction\",\"target\":[\"https:\/\/lespiculins.com\/pt-pt\/produto\/mat-yo-io-vichy-aqua\/\"]}]},{\"@type\":\"BreadcrumbList\",\"@id\":\"https:\/\/lespiculins.com\/pt-pt\/produto\/mat-yo-io-vichy-aqua\/#breadcrumb\",\"itemListElement\":[{\"@type\":\"ListItem\",\"position\":1,\"name\":\"Portada\",\"item\":\"https:\/\/lespiculins.com\/pt-pt\/inicio\/\"},{\"@type\":\"ListItem\",\"position\":2,\"name\":\"Loja\",\"item\":\"https:\/\/lespiculins.com\/pt-pt\/loja\/\"},{\"@type\":\"ListItem\",\"position\":3,\"name\":\"Colch\u00e3o Yo Yo Vichy Aqua\"}]},{\"@type\":\"WebSite\",\"@id\":\"https:\/\/lespiculins.com\/pt-pt\/#website\",\"url\":\"https:\/\/lespiculins.com\/pt-pt\/\",\"name\":\"Les Piculins\",\"description\":\"Fundas para carritos, bugaboo, maclaren, icoo, bebecar, mima...\",\"potentialAction\":[{\"@type\":\"SearchAction\",\"target\":{\"@type\":\"EntryPoint\",\"urlTemplate\":\"https:\/\/lespiculins.com\/pt-pt\/?s={search_term_string}\"},\"query-input\":\"required name=search_term_string\"}],\"inLanguage\":\"pt-PT\"}]}<\/script>\n<!-- \/ Yoast SEO plugin. -->","yoast_head_json":{"title":"Yo Yo Vichy Aqua | | de caminhada Os Piculins","description":"Yo Yo Vichy Aqua tapete. Tapete revers\u00edvel com um lado em plumeti branco e um em vichy mini aqua-white.","robots":{"index":"index","follow":"follow","max-snippet":"max-snippet:-1","max-image-preview":"max-image-preview:large","max-video-preview":"max-video-preview:-1"},"canonical":"https:\/\/lespiculins.com\/pt-pt\/produto\/mat-yo-io-vichy-aqua\/","og_locale":"pt_PT","og_type":"article","og_title":"Yo Yo Vichy Aqua | | de caminhada Os Piculins","og_description":"Yo Yo Vichy Aqua tapete. Tapete revers\u00edvel com um lado em plumeti branco e um em vichy mini aqua-white.","og_url":"https:\/\/lespiculins.com\/pt-pt\/produto\/mat-yo-io-vichy-aqua\/","og_site_name":"Les Piculins","article_modified_time":"2021-04-27T08:04:23+00:00","og_image":[{"width":1210,"height":1600,"url":"https:\/\/lespiculins.com\/wp-content\/uploads\/2021\/02\/colchoneta-vichy-aqua-2.jpg","type":"image\/jpeg"}],"twitter_card":"summary_large_image","schema":{"@context":"https:\/\/schema.org","@graph":[{"@type":"WebPage","@id":"https:\/\/lespiculins.com\/pt-pt\/produto\/mat-yo-io-vichy-aqua\/","url":"https:\/\/lespiculins.com\/pt-pt\/produto\/mat-yo-io-vichy-aqua\/","name":"Yo Yo Vichy Aqua | | de caminhada Os Piculins","isPartOf":{"@id":"https:\/\/lespiculins.com\/pt-pt\/#website"},"datePublished":"2021-04-27T08:04:21+00:00","dateModified":"2021-04-27T08:04:23+00:00","description":"Yo Yo Vichy Aqua tapete. Tapete revers\u00edvel com um lado em plumeti branco e um em vichy mini aqua-white.","breadcrumb":{"@id":"https:\/\/lespiculins.com\/pt-pt\/produto\/mat-yo-io-vichy-aqua\/#breadcrumb"},"inLanguage":"pt-PT","potentialAction":[{"@type":"ReadAction","target":["https:\/\/lespiculins.com\/pt-pt\/produto\/mat-yo-io-vichy-aqua\/"]}]},{"@type":"BreadcrumbList","@id":"https:\/\/lespiculins.com\/pt-pt\/produto\/mat-yo-io-vichy-aqua\/#breadcrumb","itemListElement":[{"@type":"ListItem","position":1,"name":"Portada","item":"https:\/\/lespiculins.com\/pt-pt\/inicio\/"},{"@type":"ListItem","position":2,"name":"Loja","item":"https:\/\/lespiculins.com\/pt-pt\/loja\/"},{"@type":"ListItem","position":3,"name":"Colch\u00e3o Yo Yo Vichy Aqua"}]},{"@type":"WebSite","@id":"https:\/\/lespiculins.com\/pt-pt\/#website","url":"https:\/\/lespiculins.com\/pt-pt\/","name":"Les Piculins","description":"Fundas para carritos, bugaboo, maclaren, icoo, bebecar, mima...","potentialAction":[{"@type":"SearchAction","target":{"@type":"EntryPoint","urlTemplate":"https:\/\/lespiculins.com\/pt-pt\/?s={search_term_string}"},"query-input":"required name=search_term_string"}],"inLanguage":"pt-PT"}]}},"_links":{"self":[{"href":"https:\/\/lespiculins.com\/pt-pt\/wp-json\/wp\/v2\/product\/31116"}],"collection":[{"href":"https:\/\/lespiculins.com\/pt-pt\/wp-json\/wp\/v2\/product"}],"about":[{"href":"https:\/\/lespiculins.com\/pt-pt\/wp-json\/wp\/v2\/types\/product"}],"wp:featuredmedia":[{"embeddable":true,"href":"https:\/\/lespiculins.com\/pt-pt\/wp-json\/wp\/v2\/media\/30892"}],"wp:attachment":[{"href":"https:\/\/lespiculins.com\/pt-pt\/wp-json\/wp\/v2\/media?parent=31116"}],"wp:term":[{"taxonomy":"product_cat","embeddable":true,"href":"https:\/\/lespiculins.com\/pt-pt\/wp-json\/wp\/v2\/product_cat?post=31116"},{"taxonomy":"product_tag","embeddable":true,"href":"https:\/\/lespiculins.com\/pt-pt\/wp-json\/wp\/v2\/product_tag?post=31116"}],"curies":[{"name":"wp","href":"https:\/\/api.w.org\/{rel}","templated":true}]}}