{"id":31114,"date":"2021-02-12T13:59:11","date_gmt":"2021-04-27T08:03:33","guid":{"rendered":"https:\/\/lespiculins.com\/producto\/colchao-universal-vichy-rosa\/"},"modified":"2023-07-11T07:46:29","modified_gmt":"2023-07-11T05:46:29","slug":"colchao-universal-vichy-rosa","status":"publish","type":"product","link":"https:\/\/lespiculins.com\/pt-pt\/produto\/colchao-universal-vichy-rosa\/","title":{"rendered":"Colch\u00e3o Universal Vichy Rosa"},"content":{"rendered":"<section class=\"wpb-content-wrapper\"><section class=\"l-section wpb_row height_medium\"><div class=\"l-section-h i-cf\"><div class=\"g-cols vc_row via_flex valign_top type_default stacking_default\"><div class=\"vc_col-sm-12 wpb_column vc_column_container\"><div class=\"vc_column-inner\"><div class=\"wpb_wrapper\"><div class=\"wpb_text_column\"><div class=\"wpb_wrapper\"><p>Mais detalhes do nosso Colch\u00e3o Universal Vichy Pink<\/p>\n<ul>\n<li><strong>Gorjetas de lavagem .<\/strong> Maquinado, com o detergente hipoalerg\u00e9nico do seu beb\u00e9, m\u00e1ximo a 30oC. N\u00e3o pode passar ou usar um secador.<\/li>\n<\/ul>\n<\/div><\/div><\/div><\/div><\/div><\/div><\/div><\/section>\n<\/section>","protected":false},"excerpt":{"rendered":"<p><strong>Tapete revers\u00edvel universal,<\/strong>compat\u00edvel com todos os <strong>modelos Bugaboo<\/strong> (Raposa, Abelha, Cameleon, Burro e B\u00fafalo). Tem um rosto em v\u00edchy rosa em p\u00f3 mini e outro com plumeti branco, com detalhe volantito em vichy.<\/p>\n<p><strong>Combina muito bem com o capuz rosa macio bugaboo original.<\/strong><\/p>\n<p><strong>Inclui tampas de arn\u00eas<\/strong> para as correias do assento.<\/p>\n","protected":false},"featured_media":30900,"template":"","meta":{"_joinchat":[]},"product_cat":[209],"product_tag":[333],"yoast_head":"<!-- This site is optimized with the Yoast SEO plugin v21.5 - https:\/\/yoast.com\/wordpress\/plugins\/seo\/ -->\n<title>Tapete universal de vichy rosa | | de caminhada Os Piculins<\/title>\n<meta name=\"description\" content=\"Colch\u00e3o Universal Vichy Pink. Tapete revers\u00edvel universal com um lado em v\u00edchy rosa em p\u00f3 mini e um com plumeti branco.\" \/>\n<meta name=\"robots\" content=\"index, follow, max-snippet:-1, max-image-preview:large, max-video-preview:-1\" \/>\n<link rel=\"canonical\" href=\"https:\/\/lespiculins.com\/pt-pt\/produto\/colchao-universal-vichy-rosa\/\" \/>\n<meta property=\"og:locale\" content=\"pt_PT\" \/>\n<meta property=\"og:type\" content=\"article\" \/>\n<meta property=\"og:title\" content=\"Tapete universal de vichy rosa | | de caminhada Os Piculins\" \/>\n<meta property=\"og:description\" content=\"Colch\u00e3o Universal Vichy Pink. Tapete revers\u00edvel universal com um lado em v\u00edchy rosa em p\u00f3 mini e um com plumeti branco.\" \/>\n<meta property=\"og:url\" content=\"https:\/\/lespiculins.com\/pt-pt\/produto\/colchao-universal-vichy-rosa\/\" \/>\n<meta property=\"og:site_name\" content=\"Les Piculins\" \/>\n<meta property=\"article:modified_time\" content=\"2023-07-11T05:46:29+00:00\" \/>\n<meta property=\"og:image\" content=\"https:\/\/lespiculins.com\/wp-content\/uploads\/2021\/02\/colchoneta-vichy-rosa-1-scaled.jpg\" \/>\n\t<meta property=\"og:image:width\" content=\"2560\" \/>\n\t<meta property=\"og:image:height\" content=\"2556\" \/>\n\t<meta property=\"og:image:type\" content=\"image\/jpeg\" \/>\n<meta name=\"twitter:card\" content=\"summary_large_image\" \/>\n<script type=\"application\/ld+json\" class=\"yoast-schema-graph\">{\"@context\":\"https:\/\/schema.org\",\"@graph\":[{\"@type\":\"WebPage\",\"@id\":\"https:\/\/lespiculins.com\/pt-pt\/produto\/colchao-universal-vichy-rosa\/\",\"url\":\"https:\/\/lespiculins.com\/pt-pt\/produto\/colchao-universal-vichy-rosa\/\",\"name\":\"Tapete universal de vichy rosa | | de caminhada Os Piculins\",\"isPartOf\":{\"@id\":\"https:\/\/lespiculins.com\/pt-pt\/#website\"},\"datePublished\":\"2021-04-27T08:03:33+00:00\",\"dateModified\":\"2023-07-11T05:46:29+00:00\",\"description\":\"Colch\u00e3o Universal Vichy Pink. Tapete revers\u00edvel universal com um lado em v\u00edchy rosa em p\u00f3 mini e um com plumeti branco.\",\"breadcrumb\":{\"@id\":\"https:\/\/lespiculins.com\/pt-pt\/produto\/colchao-universal-vichy-rosa\/#breadcrumb\"},\"inLanguage\":\"pt-PT\",\"potentialAction\":[{\"@type\":\"ReadAction\",\"target\":[\"https:\/\/lespiculins.com\/pt-pt\/produto\/colchao-universal-vichy-rosa\/\"]}]},{\"@type\":\"BreadcrumbList\",\"@id\":\"https:\/\/lespiculins.com\/pt-pt\/produto\/colchao-universal-vichy-rosa\/#breadcrumb\",\"itemListElement\":[{\"@type\":\"ListItem\",\"position\":1,\"name\":\"Portada\",\"item\":\"https:\/\/lespiculins.com\/pt-pt\/inicio\/\"},{\"@type\":\"ListItem\",\"position\":2,\"name\":\"Loja\",\"item\":\"https:\/\/lespiculins.com\/pt-pt\/loja\/\"},{\"@type\":\"ListItem\",\"position\":3,\"name\":\"Colch\u00e3o Universal Vichy Rosa\"}]},{\"@type\":\"WebSite\",\"@id\":\"https:\/\/lespiculins.com\/pt-pt\/#website\",\"url\":\"https:\/\/lespiculins.com\/pt-pt\/\",\"name\":\"Les Piculins\",\"description\":\"Fundas para carritos, bugaboo, maclaren, icoo, bebecar, mima...\",\"potentialAction\":[{\"@type\":\"SearchAction\",\"target\":{\"@type\":\"EntryPoint\",\"urlTemplate\":\"https:\/\/lespiculins.com\/pt-pt\/?s={search_term_string}\"},\"query-input\":\"required name=search_term_string\"}],\"inLanguage\":\"pt-PT\"}]}<\/script>\n<!-- \/ Yoast SEO plugin. -->","yoast_head_json":{"title":"Tapete universal de vichy rosa | | de caminhada Os Piculins","description":"Colch\u00e3o Universal Vichy Pink. Tapete revers\u00edvel universal com um lado em v\u00edchy rosa em p\u00f3 mini e um com plumeti branco.","robots":{"index":"index","follow":"follow","max-snippet":"max-snippet:-1","max-image-preview":"max-image-preview:large","max-video-preview":"max-video-preview:-1"},"canonical":"https:\/\/lespiculins.com\/pt-pt\/produto\/colchao-universal-vichy-rosa\/","og_locale":"pt_PT","og_type":"article","og_title":"Tapete universal de vichy rosa | | de caminhada Os Piculins","og_description":"Colch\u00e3o Universal Vichy Pink. Tapete revers\u00edvel universal com um lado em v\u00edchy rosa em p\u00f3 mini e um com plumeti branco.","og_url":"https:\/\/lespiculins.com\/pt-pt\/produto\/colchao-universal-vichy-rosa\/","og_site_name":"Les Piculins","article_modified_time":"2023-07-11T05:46:29+00:00","og_image":[{"width":2560,"height":2556,"url":"https:\/\/lespiculins.com\/wp-content\/uploads\/2021\/02\/colchoneta-vichy-rosa-1-scaled.jpg","type":"image\/jpeg"}],"twitter_card":"summary_large_image","schema":{"@context":"https:\/\/schema.org","@graph":[{"@type":"WebPage","@id":"https:\/\/lespiculins.com\/pt-pt\/produto\/colchao-universal-vichy-rosa\/","url":"https:\/\/lespiculins.com\/pt-pt\/produto\/colchao-universal-vichy-rosa\/","name":"Tapete universal de vichy rosa | | de caminhada Os Piculins","isPartOf":{"@id":"https:\/\/lespiculins.com\/pt-pt\/#website"},"datePublished":"2021-04-27T08:03:33+00:00","dateModified":"2023-07-11T05:46:29+00:00","description":"Colch\u00e3o Universal Vichy Pink. Tapete revers\u00edvel universal com um lado em v\u00edchy rosa em p\u00f3 mini e um com plumeti branco.","breadcrumb":{"@id":"https:\/\/lespiculins.com\/pt-pt\/produto\/colchao-universal-vichy-rosa\/#breadcrumb"},"inLanguage":"pt-PT","potentialAction":[{"@type":"ReadAction","target":["https:\/\/lespiculins.com\/pt-pt\/produto\/colchao-universal-vichy-rosa\/"]}]},{"@type":"BreadcrumbList","@id":"https:\/\/lespiculins.com\/pt-pt\/produto\/colchao-universal-vichy-rosa\/#breadcrumb","itemListElement":[{"@type":"ListItem","position":1,"name":"Portada","item":"https:\/\/lespiculins.com\/pt-pt\/inicio\/"},{"@type":"ListItem","position":2,"name":"Loja","item":"https:\/\/lespiculins.com\/pt-pt\/loja\/"},{"@type":"ListItem","position":3,"name":"Colch\u00e3o Universal Vichy Rosa"}]},{"@type":"WebSite","@id":"https:\/\/lespiculins.com\/pt-pt\/#website","url":"https:\/\/lespiculins.com\/pt-pt\/","name":"Les Piculins","description":"Fundas para carritos, bugaboo, maclaren, icoo, bebecar, mima...","potentialAction":[{"@type":"SearchAction","target":{"@type":"EntryPoint","urlTemplate":"https:\/\/lespiculins.com\/pt-pt\/?s={search_term_string}"},"query-input":"required name=search_term_string"}],"inLanguage":"pt-PT"}]}},"_links":{"self":[{"href":"https:\/\/lespiculins.com\/pt-pt\/wp-json\/wp\/v2\/product\/31114"}],"collection":[{"href":"https:\/\/lespiculins.com\/pt-pt\/wp-json\/wp\/v2\/product"}],"about":[{"href":"https:\/\/lespiculins.com\/pt-pt\/wp-json\/wp\/v2\/types\/product"}],"wp:featuredmedia":[{"embeddable":true,"href":"https:\/\/lespiculins.com\/pt-pt\/wp-json\/wp\/v2\/media\/30900"}],"wp:attachment":[{"href":"https:\/\/lespiculins.com\/pt-pt\/wp-json\/wp\/v2\/media?parent=31114"}],"wp:term":[{"taxonomy":"product_cat","embeddable":true,"href":"https:\/\/lespiculins.com\/pt-pt\/wp-json\/wp\/v2\/product_cat?post=31114"},{"taxonomy":"product_tag","embeddable":true,"href":"https:\/\/lespiculins.com\/pt-pt\/wp-json\/wp\/v2\/product_tag?post=31114"}],"curies":[{"name":"wp","href":"https:\/\/api.w.org\/{rel}","templated":true}]}}