{"id":31110,"date":"2021-02-16T14:10:24","date_gmt":"2021-04-27T08:02:10","guid":{"rendered":"https:\/\/lespiculins.com\/producto\/panera-vichy-aqua-bag\/"},"modified":"2023-07-11T07:29:09","modified_gmt":"2023-07-11T05:29:09","slug":"bag-panera-vichy-aqua","status":"publish","type":"product","link":"https:\/\/lespiculins.com\/pt-pt\/produto\/bag-panera-vichy-aqua\/","title":{"rendered":"Mala Vichy Aqua"},"content":{"rendered":"<section class=\"wpb-content-wrapper\"><section class=\"l-section wpb_row height_medium\"><div class=\"l-section-h i-cf\"><div class=\"g-cols vc_row via_flex valign_top type_default stacking_default\"><div class=\"vc_col-sm-12 wpb_column vc_column_container\"><div class=\"vc_column-inner\"><div class=\"wpb_wrapper\"><div class=\"wpb_text_column\"><div class=\"wpb_wrapper\"><p>Mais detalhes do nosso Panera Vichy Aqua Bag<\/p>\n<ul>\n<li>Bolso interior com dois compartimentos.<\/li>\n<li>Tamanho 38 x 39 x 12 cm.<\/li>\n<li>Impress\u00e3o vichy: Pequenos quadrados azuis no fundo branco.<\/li>\n<li>Combinado com <a href=\"https:\/\/lespiculins.com\/pt-pt\/produto\/saco-de-bebe-vichy-aqua\/\" target=\"_blank\" rel=\"noopener\">o Vichy Aqua Baby<\/a>Bag, o Colch\u00e3o Yo Yo <a href=\"https:\/\/lespiculins.com\/pt-pt\/produto\/mat-yo-io-vichy-aqua\/\" target=\"_blank\" rel=\"noopener\">Vichy Aqua<\/a> e o Tapete Universal <a href=\"https:\/\/lespiculins.com\/pt-pt\/produto\/mat-universal-vichy-aqua\/\" target=\"_blank\" rel=\"noopener\">Vichy Aqua.<\/a><\/li>\n<\/ul>\n<\/div><\/div><\/div><\/div><\/div><\/div><\/div><\/section>\n<\/section>","protected":false},"excerpt":{"rendered":"<p>Panera Vichy Aqua Bag<\/p>\n<p style=\"text-align: justify;\">Mala em tom mini aqua quadrado vichy ou azul em p\u00f3. Com as pegas &#8220;remover e colocar&#8221; para que possa lav\u00e1-las sem lavar todo o saco, pois estas s\u00e3o as que t\u00eam mais esfrega\u00e7os.<\/p>\n<p style=\"text-align: justify;\">Tamb\u00e9m tem uma pega comprida para pendurar no ombro. Bot\u00f5es de madeira naturais.<\/p>\n<p style=\"text-align: justify;\">Inclui um conjunto de arcos que pode facilmente colocar e remover.<\/p>\n<p style=\"text-align: justify;\">Se preferir ciclos de bambula, indique-o em observa\u00e7\u00f5es.<\/p>\n<p style=\"text-align: justify;\">No Les Piculins tamb\u00e9m temos de combinar com o nosso saco de bagagens: <a href=\"https:\/\/lespiculins.com\/producto\/saco-de-bebe-vichy-aqua\/\" target=\"_blank\" rel=\"noopener\">o Vichy Aqua Baby Bag,<\/a> <a href=\"https:\/\/lespiculins.com\/producto\/colchoneta-yo-yo-vichy-aqua\/\" target=\"_blank\" rel=\"noopener\">o Colch\u00e3o Yo Vichy Aqua<\/a> e o Tapete Universal <a href=\"https:\/\/lespiculins.com\/producto\/colchoneta-universal-vichy-aqua\/\" target=\"_blank\" rel=\"noopener\">Vichy Aqua.<\/a><\/p>\n<p style=\"text-align: justify;\">Mantenha a sua mala t\u00e3o boa como no primeiro dia seguindo as nossas dicas de lavagem. Maquinado, com o detergente hipoalerg\u00e9nico do seu beb\u00e9, m\u00e1ximo a 30oC. N\u00e3o pode passar ou usar um secador.<\/p>\n","protected":false},"featured_media":30920,"template":"","meta":{"_joinchat":[]},"product_cat":[138],"product_tag":[326],"yoast_head":"<!-- This site is optimized with the Yoast SEO plugin v21.5 - https:\/\/yoast.com\/wordpress\/plugins\/seo\/ -->\n<title>Mala Vichy Aqua | Acess\u00f3rios de passeio | Les Piculins<\/title>\n<meta name=\"description\" content=\"Mala Vichy Aqua . Com la\u00e7os que pode facilmente colocar e remover. Com as pegas &quot;remover e colocar&quot; e pega comprida para carregar o ombro.\" \/>\n<meta name=\"robots\" content=\"index, follow, max-snippet:-1, max-image-preview:large, max-video-preview:-1\" \/>\n<link rel=\"canonical\" href=\"https:\/\/lespiculins.com\/pt-pt\/produto\/bag-panera-vichy-aqua\/\" \/>\n<meta property=\"og:locale\" content=\"pt_PT\" \/>\n<meta property=\"og:type\" content=\"article\" \/>\n<meta property=\"og:title\" content=\"Mala Vichy Aqua | Acess\u00f3rios de passeio | Les Piculins\" \/>\n<meta property=\"og:description\" content=\"Mala Vichy Aqua . Com la\u00e7os que pode facilmente colocar e remover. Com as pegas &quot;remover e colocar&quot; e pega comprida para carregar o ombro.\" \/>\n<meta property=\"og:url\" content=\"https:\/\/lespiculins.com\/pt-pt\/produto\/bag-panera-vichy-aqua\/\" \/>\n<meta property=\"og:site_name\" content=\"Les Piculins\" \/>\n<meta property=\"article:modified_time\" content=\"2023-07-11T05:29:09+00:00\" \/>\n<meta property=\"og:image\" content=\"https:\/\/lespiculins.com\/wp-content\/uploads\/2021\/02\/panera-vichy-aqua-1-scaled.jpg\" \/>\n\t<meta property=\"og:image:width\" content=\"2560\" \/>\n\t<meta property=\"og:image:height\" content=\"2465\" \/>\n\t<meta property=\"og:image:type\" content=\"image\/jpeg\" \/>\n<meta name=\"twitter:card\" content=\"summary_large_image\" \/>\n<script type=\"application\/ld+json\" class=\"yoast-schema-graph\">{\"@context\":\"https:\/\/schema.org\",\"@graph\":[{\"@type\":\"WebPage\",\"@id\":\"https:\/\/lespiculins.com\/pt-pt\/produto\/bag-panera-vichy-aqua\/\",\"url\":\"https:\/\/lespiculins.com\/pt-pt\/produto\/bag-panera-vichy-aqua\/\",\"name\":\"Mala Vichy Aqua | Acess\u00f3rios de passeio | Les Piculins\",\"isPartOf\":{\"@id\":\"https:\/\/lespiculins.com\/pt-pt\/#website\"},\"datePublished\":\"2021-04-27T08:02:10+00:00\",\"dateModified\":\"2023-07-11T05:29:09+00:00\",\"description\":\"Mala Vichy Aqua . Com la\u00e7os que pode facilmente colocar e remover. Com as pegas \\\"remover e colocar\\\" e pega comprida para carregar o ombro.\",\"breadcrumb\":{\"@id\":\"https:\/\/lespiculins.com\/pt-pt\/produto\/bag-panera-vichy-aqua\/#breadcrumb\"},\"inLanguage\":\"pt-PT\",\"potentialAction\":[{\"@type\":\"ReadAction\",\"target\":[\"https:\/\/lespiculins.com\/pt-pt\/produto\/bag-panera-vichy-aqua\/\"]}]},{\"@type\":\"BreadcrumbList\",\"@id\":\"https:\/\/lespiculins.com\/pt-pt\/produto\/bag-panera-vichy-aqua\/#breadcrumb\",\"itemListElement\":[{\"@type\":\"ListItem\",\"position\":1,\"name\":\"Portada\",\"item\":\"https:\/\/lespiculins.com\/pt-pt\/inicio\/\"},{\"@type\":\"ListItem\",\"position\":2,\"name\":\"Loja\",\"item\":\"https:\/\/lespiculins.com\/pt-pt\/loja\/\"},{\"@type\":\"ListItem\",\"position\":3,\"name\":\"Mala Vichy Aqua\"}]},{\"@type\":\"WebSite\",\"@id\":\"https:\/\/lespiculins.com\/pt-pt\/#website\",\"url\":\"https:\/\/lespiculins.com\/pt-pt\/\",\"name\":\"Les Piculins\",\"description\":\"Fundas para carritos, bugaboo, maclaren, icoo, bebecar, mima...\",\"potentialAction\":[{\"@type\":\"SearchAction\",\"target\":{\"@type\":\"EntryPoint\",\"urlTemplate\":\"https:\/\/lespiculins.com\/pt-pt\/?s={search_term_string}\"},\"query-input\":\"required name=search_term_string\"}],\"inLanguage\":\"pt-PT\"}]}<\/script>\n<!-- \/ Yoast SEO plugin. -->","yoast_head_json":{"title":"Mala Vichy Aqua | Acess\u00f3rios de passeio | Les Piculins","description":"Mala Vichy Aqua . Com la\u00e7os que pode facilmente colocar e remover. Com as pegas \"remover e colocar\" e pega comprida para carregar o ombro.","robots":{"index":"index","follow":"follow","max-snippet":"max-snippet:-1","max-image-preview":"max-image-preview:large","max-video-preview":"max-video-preview:-1"},"canonical":"https:\/\/lespiculins.com\/pt-pt\/produto\/bag-panera-vichy-aqua\/","og_locale":"pt_PT","og_type":"article","og_title":"Mala Vichy Aqua | Acess\u00f3rios de passeio | Les Piculins","og_description":"Mala Vichy Aqua . Com la\u00e7os que pode facilmente colocar e remover. Com as pegas \"remover e colocar\" e pega comprida para carregar o ombro.","og_url":"https:\/\/lespiculins.com\/pt-pt\/produto\/bag-panera-vichy-aqua\/","og_site_name":"Les Piculins","article_modified_time":"2023-07-11T05:29:09+00:00","og_image":[{"width":2560,"height":2465,"url":"https:\/\/lespiculins.com\/wp-content\/uploads\/2021\/02\/panera-vichy-aqua-1-scaled.jpg","type":"image\/jpeg"}],"twitter_card":"summary_large_image","schema":{"@context":"https:\/\/schema.org","@graph":[{"@type":"WebPage","@id":"https:\/\/lespiculins.com\/pt-pt\/produto\/bag-panera-vichy-aqua\/","url":"https:\/\/lespiculins.com\/pt-pt\/produto\/bag-panera-vichy-aqua\/","name":"Mala Vichy Aqua | Acess\u00f3rios de passeio | Les Piculins","isPartOf":{"@id":"https:\/\/lespiculins.com\/pt-pt\/#website"},"datePublished":"2021-04-27T08:02:10+00:00","dateModified":"2023-07-11T05:29:09+00:00","description":"Mala Vichy Aqua . Com la\u00e7os que pode facilmente colocar e remover. Com as pegas \"remover e colocar\" e pega comprida para carregar o ombro.","breadcrumb":{"@id":"https:\/\/lespiculins.com\/pt-pt\/produto\/bag-panera-vichy-aqua\/#breadcrumb"},"inLanguage":"pt-PT","potentialAction":[{"@type":"ReadAction","target":["https:\/\/lespiculins.com\/pt-pt\/produto\/bag-panera-vichy-aqua\/"]}]},{"@type":"BreadcrumbList","@id":"https:\/\/lespiculins.com\/pt-pt\/produto\/bag-panera-vichy-aqua\/#breadcrumb","itemListElement":[{"@type":"ListItem","position":1,"name":"Portada","item":"https:\/\/lespiculins.com\/pt-pt\/inicio\/"},{"@type":"ListItem","position":2,"name":"Loja","item":"https:\/\/lespiculins.com\/pt-pt\/loja\/"},{"@type":"ListItem","position":3,"name":"Mala Vichy Aqua"}]},{"@type":"WebSite","@id":"https:\/\/lespiculins.com\/pt-pt\/#website","url":"https:\/\/lespiculins.com\/pt-pt\/","name":"Les Piculins","description":"Fundas para carritos, bugaboo, maclaren, icoo, bebecar, mima...","potentialAction":[{"@type":"SearchAction","target":{"@type":"EntryPoint","urlTemplate":"https:\/\/lespiculins.com\/pt-pt\/?s={search_term_string}"},"query-input":"required name=search_term_string"}],"inLanguage":"pt-PT"}]}},"_links":{"self":[{"href":"https:\/\/lespiculins.com\/pt-pt\/wp-json\/wp\/v2\/product\/31110"}],"collection":[{"href":"https:\/\/lespiculins.com\/pt-pt\/wp-json\/wp\/v2\/product"}],"about":[{"href":"https:\/\/lespiculins.com\/pt-pt\/wp-json\/wp\/v2\/types\/product"}],"wp:featuredmedia":[{"embeddable":true,"href":"https:\/\/lespiculins.com\/pt-pt\/wp-json\/wp\/v2\/media\/30920"}],"wp:attachment":[{"href":"https:\/\/lespiculins.com\/pt-pt\/wp-json\/wp\/v2\/media?parent=31110"}],"wp:term":[{"taxonomy":"product_cat","embeddable":true,"href":"https:\/\/lespiculins.com\/pt-pt\/wp-json\/wp\/v2\/product_cat?post=31110"},{"taxonomy":"product_tag","embeddable":true,"href":"https:\/\/lespiculins.com\/pt-pt\/wp-json\/wp\/v2\/product_tag?post=31110"}],"curies":[{"name":"wp","href":"https:\/\/api.w.org\/{rel}","templated":true}]}}