{"id":31105,"date":"2021-02-17T20:17:00","date_gmt":"2021-04-27T08:00:59","guid":{"rendered":"https:\/\/lespiculins.com\/producto\/saco-panra-vichy-rosa\/"},"modified":"2023-07-11T07:29:08","modified_gmt":"2023-07-11T05:29:08","slug":"saco-panra-vichy-rosa","status":"publish","type":"product","link":"https:\/\/lespiculins.com\/pt-pt\/produto\/saco-panra-vichy-rosa\/","title":{"rendered":"Mala Vichy Rosa."},"content":{"rendered":"<section class=\"wpb-content-wrapper\"><section class=\"l-section wpb_row height_medium\"><div class=\"l-section-h i-cf\"><div class=\"g-cols vc_row via_flex valign_top type_default stacking_default\"><div class=\"vc_col-sm-12 wpb_column vc_column_container\"><div class=\"vc_column-inner\"><div class=\"wpb_wrapper\"><div class=\"wpb_text_column\"><div class=\"wpb_wrapper\"><p>Mais detalhes sobre o nosso Panera Vichy Rosa Bag<\/p>\n<ul>\n<li>Bolso interior com dois compartimentos.<\/li>\n<li>Tamanho 38 x 38 x 12 cm.<\/li>\n<li>Combinado com <a href=\"https:\/\/lespiculins.com\/pt-pt\/produto\/saco-de-bebe-vicky-rosa\/\" target=\"_blank\" rel=\"noopener\">o Saco de Beb\u00ea Rosa Vichy,<\/a>o Colch\u00e3o Universal <a href=\"https:\/\/lespiculins.com\/pt-pt\/produto\/colchao-universal-vichy-rosa\/\" target=\"_blank\" rel=\"noopener\">Vichy Rosa<\/a> e o Colch\u00e3o Rosa Yo Yo <a href=\"https:\/\/lespiculins.com\/pt-pt\/produto\/colchao-yo-yo-vichy-rosa\/\" target=\"_blank\" rel=\"noopener\">Vichy.<\/a><\/li>\n<\/ul>\n<\/div><\/div><\/div><\/div><\/div><\/div><\/div><\/section>\n<\/section>","protected":false},"excerpt":{"rendered":"<p>Mala Vichy Rosa.<\/p>\n<p style=\"text-align: justify;\">Mala em p\u00f3 rosa e branco vichy mini. Fecho de z\u00edper. Use pegas &#8220;remover e colocar&#8221; para que possa lav\u00e1-las sem lavar o saco inteiro, pois estas s\u00e3o as que t\u00eam mais esfrega\u00e7\u00e3o.<\/p>\n<p style=\"text-align: justify;\">Tamb\u00e9m tem uma pega comprida para pendurar no ombro. Bot\u00f5es de madeira naturais.<\/p>\n<p style=\"text-align: justify;\">Inclui la\u00e7os que pode facilmente colocar e remover.<\/p>\n<p style=\"text-align: justify;\">No Les Piculins tamb\u00e9m temos outros produtos para combinar com o nosso saco de pano de vichy rosa: <a href=\"https:\/\/lespiculins.com\/producto\/saco-de-bebe-vicky-rosa\/\" target=\"_blank\" rel=\"noopener\">o Vichy Pink Baby<\/a>Bag, o <a href=\"https:\/\/lespiculins.com\/producto\/colchoneta-universal-vichy-rosa\/\" target=\"_blank\" rel=\"noopener\">Vichy Pink Universal Mattress<\/a> e o Colch\u00e3o Yo Yo <a href=\"https:\/\/lespiculins.com\/producto\/colchoneta-yo-yo-vichy-rosa\/\" target=\"_blank\" rel=\"noopener\">Vichy Rosa.<\/a><\/p>\n<p style=\"text-align: justify;\">Dicas de lavagem para a nossa panera de saco. Maquinado, com o detergente hipoalerg\u00e9nico do seu beb\u00e9, m\u00e1ximo a 30oC. N\u00e3o pode passar ou usar um secador.<\/p>\n<p>&nbsp;<\/p>\n","protected":false},"featured_media":30956,"template":"","meta":{"_joinchat":[]},"product_cat":[138],"product_tag":[333],"yoast_head":"<!-- This site is optimized with the Yoast SEO plugin v21.5 - https:\/\/yoast.com\/wordpress\/plugins\/seo\/ -->\n<title>Panra Vichy Rosa Bag | Acess\u00f3rios de passeio | Les Piculins<\/title>\n<meta name=\"description\" content=\"Mala Vichy Rosa. Tem al\u00e7as de &quot;remover e p\u00f4r&quot; e uma pega comprida. Inclui la\u00e7os que pode facilmente colocar e remover.\" \/>\n<meta name=\"robots\" content=\"index, follow, max-snippet:-1, max-image-preview:large, max-video-preview:-1\" \/>\n<link rel=\"canonical\" href=\"https:\/\/lespiculins.com\/pt-pt\/produto\/saco-panra-vichy-rosa\/\" \/>\n<meta property=\"og:locale\" content=\"pt_PT\" \/>\n<meta property=\"og:type\" content=\"article\" \/>\n<meta property=\"og:title\" content=\"Panra Vichy Rosa Bag | Acess\u00f3rios de passeio | Les Piculins\" \/>\n<meta property=\"og:description\" content=\"Mala Vichy Rosa. Tem al\u00e7as de &quot;remover e p\u00f4r&quot; e uma pega comprida. Inclui la\u00e7os que pode facilmente colocar e remover.\" \/>\n<meta property=\"og:url\" content=\"https:\/\/lespiculins.com\/pt-pt\/produto\/saco-panra-vichy-rosa\/\" \/>\n<meta property=\"og:site_name\" content=\"Les Piculins\" \/>\n<meta property=\"article:modified_time\" content=\"2023-07-11T05:29:08+00:00\" \/>\n<meta property=\"og:image\" content=\"https:\/\/lespiculins.com\/wp-content\/uploads\/2021\/02\/bolsa-panera-vichy-rosa-1-scaled.jpg\" \/>\n\t<meta property=\"og:image:width\" content=\"2560\" \/>\n\t<meta property=\"og:image:height\" content=\"2560\" \/>\n\t<meta property=\"og:image:type\" content=\"image\/jpeg\" \/>\n<meta name=\"twitter:card\" content=\"summary_large_image\" \/>\n<script type=\"application\/ld+json\" class=\"yoast-schema-graph\">{\"@context\":\"https:\/\/schema.org\",\"@graph\":[{\"@type\":\"WebPage\",\"@id\":\"https:\/\/lespiculins.com\/pt-pt\/produto\/saco-panra-vichy-rosa\/\",\"url\":\"https:\/\/lespiculins.com\/pt-pt\/produto\/saco-panra-vichy-rosa\/\",\"name\":\"Panra Vichy Rosa Bag | Acess\u00f3rios de passeio | Les Piculins\",\"isPartOf\":{\"@id\":\"https:\/\/lespiculins.com\/pt-pt\/#website\"},\"datePublished\":\"2021-04-27T08:00:59+00:00\",\"dateModified\":\"2023-07-11T05:29:08+00:00\",\"description\":\"Mala Vichy Rosa. Tem al\u00e7as de \\\"remover e p\u00f4r\\\" e uma pega comprida. Inclui la\u00e7os que pode facilmente colocar e remover.\",\"breadcrumb\":{\"@id\":\"https:\/\/lespiculins.com\/pt-pt\/produto\/saco-panra-vichy-rosa\/#breadcrumb\"},\"inLanguage\":\"pt-PT\",\"potentialAction\":[{\"@type\":\"ReadAction\",\"target\":[\"https:\/\/lespiculins.com\/pt-pt\/produto\/saco-panra-vichy-rosa\/\"]}]},{\"@type\":\"BreadcrumbList\",\"@id\":\"https:\/\/lespiculins.com\/pt-pt\/produto\/saco-panra-vichy-rosa\/#breadcrumb\",\"itemListElement\":[{\"@type\":\"ListItem\",\"position\":1,\"name\":\"Portada\",\"item\":\"https:\/\/lespiculins.com\/pt-pt\/inicio\/\"},{\"@type\":\"ListItem\",\"position\":2,\"name\":\"Loja\",\"item\":\"https:\/\/lespiculins.com\/pt-pt\/loja\/\"},{\"@type\":\"ListItem\",\"position\":3,\"name\":\"Mala Vichy Rosa.\"}]},{\"@type\":\"WebSite\",\"@id\":\"https:\/\/lespiculins.com\/pt-pt\/#website\",\"url\":\"https:\/\/lespiculins.com\/pt-pt\/\",\"name\":\"Les Piculins\",\"description\":\"Fundas para carritos, bugaboo, maclaren, icoo, bebecar, mima...\",\"potentialAction\":[{\"@type\":\"SearchAction\",\"target\":{\"@type\":\"EntryPoint\",\"urlTemplate\":\"https:\/\/lespiculins.com\/pt-pt\/?s={search_term_string}\"},\"query-input\":\"required name=search_term_string\"}],\"inLanguage\":\"pt-PT\"}]}<\/script>\n<!-- \/ Yoast SEO plugin. -->","yoast_head_json":{"title":"Panra Vichy Rosa Bag | Acess\u00f3rios de passeio | Les Piculins","description":"Mala Vichy Rosa. Tem al\u00e7as de \"remover e p\u00f4r\" e uma pega comprida. Inclui la\u00e7os que pode facilmente colocar e remover.","robots":{"index":"index","follow":"follow","max-snippet":"max-snippet:-1","max-image-preview":"max-image-preview:large","max-video-preview":"max-video-preview:-1"},"canonical":"https:\/\/lespiculins.com\/pt-pt\/produto\/saco-panra-vichy-rosa\/","og_locale":"pt_PT","og_type":"article","og_title":"Panra Vichy Rosa Bag | Acess\u00f3rios de passeio | Les Piculins","og_description":"Mala Vichy Rosa. Tem al\u00e7as de \"remover e p\u00f4r\" e uma pega comprida. Inclui la\u00e7os que pode facilmente colocar e remover.","og_url":"https:\/\/lespiculins.com\/pt-pt\/produto\/saco-panra-vichy-rosa\/","og_site_name":"Les Piculins","article_modified_time":"2023-07-11T05:29:08+00:00","og_image":[{"width":2560,"height":2560,"url":"https:\/\/lespiculins.com\/wp-content\/uploads\/2021\/02\/bolsa-panera-vichy-rosa-1-scaled.jpg","type":"image\/jpeg"}],"twitter_card":"summary_large_image","schema":{"@context":"https:\/\/schema.org","@graph":[{"@type":"WebPage","@id":"https:\/\/lespiculins.com\/pt-pt\/produto\/saco-panra-vichy-rosa\/","url":"https:\/\/lespiculins.com\/pt-pt\/produto\/saco-panra-vichy-rosa\/","name":"Panra Vichy Rosa Bag | Acess\u00f3rios de passeio | Les Piculins","isPartOf":{"@id":"https:\/\/lespiculins.com\/pt-pt\/#website"},"datePublished":"2021-04-27T08:00:59+00:00","dateModified":"2023-07-11T05:29:08+00:00","description":"Mala Vichy Rosa. Tem al\u00e7as de \"remover e p\u00f4r\" e uma pega comprida. Inclui la\u00e7os que pode facilmente colocar e remover.","breadcrumb":{"@id":"https:\/\/lespiculins.com\/pt-pt\/produto\/saco-panra-vichy-rosa\/#breadcrumb"},"inLanguage":"pt-PT","potentialAction":[{"@type":"ReadAction","target":["https:\/\/lespiculins.com\/pt-pt\/produto\/saco-panra-vichy-rosa\/"]}]},{"@type":"BreadcrumbList","@id":"https:\/\/lespiculins.com\/pt-pt\/produto\/saco-panra-vichy-rosa\/#breadcrumb","itemListElement":[{"@type":"ListItem","position":1,"name":"Portada","item":"https:\/\/lespiculins.com\/pt-pt\/inicio\/"},{"@type":"ListItem","position":2,"name":"Loja","item":"https:\/\/lespiculins.com\/pt-pt\/loja\/"},{"@type":"ListItem","position":3,"name":"Mala Vichy Rosa."}]},{"@type":"WebSite","@id":"https:\/\/lespiculins.com\/pt-pt\/#website","url":"https:\/\/lespiculins.com\/pt-pt\/","name":"Les Piculins","description":"Fundas para carritos, bugaboo, maclaren, icoo, bebecar, mima...","potentialAction":[{"@type":"SearchAction","target":{"@type":"EntryPoint","urlTemplate":"https:\/\/lespiculins.com\/pt-pt\/?s={search_term_string}"},"query-input":"required name=search_term_string"}],"inLanguage":"pt-PT"}]}},"_links":{"self":[{"href":"https:\/\/lespiculins.com\/pt-pt\/wp-json\/wp\/v2\/product\/31105"}],"collection":[{"href":"https:\/\/lespiculins.com\/pt-pt\/wp-json\/wp\/v2\/product"}],"about":[{"href":"https:\/\/lespiculins.com\/pt-pt\/wp-json\/wp\/v2\/types\/product"}],"wp:featuredmedia":[{"embeddable":true,"href":"https:\/\/lespiculins.com\/pt-pt\/wp-json\/wp\/v2\/media\/30956"}],"wp:attachment":[{"href":"https:\/\/lespiculins.com\/pt-pt\/wp-json\/wp\/v2\/media?parent=31105"}],"wp:term":[{"taxonomy":"product_cat","embeddable":true,"href":"https:\/\/lespiculins.com\/pt-pt\/wp-json\/wp\/v2\/product_cat?post=31105"},{"taxonomy":"product_tag","embeddable":true,"href":"https:\/\/lespiculins.com\/pt-pt\/wp-json\/wp\/v2\/product_tag?post=31105"}],"curies":[{"name":"wp","href":"https:\/\/api.w.org\/{rel}","templated":true}]}}