{"id":31103,"date":"2021-03-05T10:47:58","date_gmt":"2021-04-27T08:00:25","guid":{"rendered":"https:\/\/lespiculins.com\/producto\/definir-capazo-bugaboo-bee-flores-cor-de-rosa-macias\/"},"modified":"2021-04-27T10:00:27","modified_gmt":"2021-04-27T08:00:27","slug":"set-capaz-bugaboo-bee-flores-rosa-soft","status":"publish","type":"product","link":"https:\/\/lespiculins.com\/pt-pt\/produto\/set-capaz-bugaboo-bee-flores-rosa-soft\/","title":{"rendered":"Definir Capazo Bugaboo Bee flores cor-de-rosa macias"},"content":{"rendered":"<p>Mais detalhes sobre o Bugaboo Bee Capazo set<\/p>\n<ul>\n<li>Compat\u00edvel com a montagem da Abelha Bugaboo.<\/li>\n<li>Este conjunto inclui: alcote, saqueta, tampa e panera do saco.<\/li>\n<li>Para fazer com que o seu conjunto de c\u00f3modas Bugaboo Bee pare\u00e7a o primeiro dia, siga as nossas dicas de lavagem. Maquinado, com o detergente hipoalerg\u00e9nico do seu beb\u00e9, m\u00e1ximo a 30oC. N\u00e3o pode passar ou usar um secador.<\/li>\n<\/ul>\n","protected":false},"excerpt":{"rendered":"<p>Bugaboo Bee carrycot definido em flor rosa macia impress\u00e3o liberty.<\/p>\n<p>Inclui capa de lonetite branca com volantito em liberdade impressa com flor rosa macia. A saqueta com detalhes volantito e passagens com lacy. Tapete de lonetite, travesseiro e capa revers\u00edvel da Liberdade Branca, travesseiro e cubra com o seu babete. A tampa pode remov\u00ea-la e usar o tapete e a almofada no intervalo\/ver\u00e3o, \u00e9 desmontada com fecho.<\/p>\n<p>O saco panera com detalhe de bolso dianteiro em Liberty (muito pr\u00e1tico para transportar o telem\u00f3vel ou alguma coisinha que voc\u00ea quer carregar \u00e0 m\u00e3o). Remova e ponha lags na Liberty.<\/p>\n<p>Pode us\u00e1-la para que possa colocar a tampa origin\u00e1ria do carrinho no inverno, bastando rodar a tampa da bagagem de m\u00e3o e deixando a parte dos seus p\u00e9s descoberta.<\/p>\n<p>Pode completar a sua roupa com acess\u00f3rios da mesma cole\u00e7\u00e3o Liberty.<\/p>\n","protected":false},"featured_media":30960,"template":"","meta":{"_joinchat":[]},"product_cat":[146],"product_tag":[320],"yoast_head":"<!-- This site is optimized with the Yoast SEO plugin v21.5 - https:\/\/yoast.com\/wordpress\/plugins\/seo\/ -->\n<title>Conjunto de | de capaz de abelhas bugaboo Conjuntos de carrinhos | Os Piculins<\/title>\n<meta name=\"description\" content=\"Bugaboo Bee carrycot definido em flor rosa macia impress\u00e3o liberty. Complete a sua roupa com acess\u00f3rios da mesma cole\u00e7\u00e3o.\" \/>\n<meta name=\"robots\" content=\"index, follow, max-snippet:-1, max-image-preview:large, max-video-preview:-1\" \/>\n<link rel=\"canonical\" href=\"https:\/\/lespiculins.com\/pt-pt\/produto\/set-capaz-bugaboo-bee-flores-rosa-soft\/\" \/>\n<meta property=\"og:locale\" content=\"pt_PT\" \/>\n<meta property=\"og:type\" content=\"article\" \/>\n<meta property=\"og:title\" content=\"Conjunto de | de capaz de abelhas bugaboo Conjuntos de carrinhos | Os Piculins\" \/>\n<meta property=\"og:description\" content=\"Bugaboo Bee carrycot definido em flor rosa macia impress\u00e3o liberty. Complete a sua roupa com acess\u00f3rios da mesma cole\u00e7\u00e3o.\" \/>\n<meta property=\"og:url\" content=\"https:\/\/lespiculins.com\/pt-pt\/produto\/set-capaz-bugaboo-bee-flores-rosa-soft\/\" \/>\n<meta property=\"og:site_name\" content=\"Les Piculins\" \/>\n<meta property=\"article:modified_time\" content=\"2021-04-27T08:00:27+00:00\" \/>\n<meta property=\"og:image\" content=\"https:\/\/lespiculins.com\/wp-content\/uploads\/2021\/03\/conjunto-bugaboo-bee-1-scaled.jpg\" \/>\n\t<meta property=\"og:image:width\" content=\"2311\" \/>\n\t<meta property=\"og:image:height\" content=\"2560\" \/>\n\t<meta property=\"og:image:type\" content=\"image\/jpeg\" \/>\n<meta name=\"twitter:card\" content=\"summary_large_image\" \/>\n<script type=\"application\/ld+json\" class=\"yoast-schema-graph\">{\"@context\":\"https:\/\/schema.org\",\"@graph\":[{\"@type\":\"WebPage\",\"@id\":\"https:\/\/lespiculins.com\/pt-pt\/produto\/set-capaz-bugaboo-bee-flores-rosa-soft\/\",\"url\":\"https:\/\/lespiculins.com\/pt-pt\/produto\/set-capaz-bugaboo-bee-flores-rosa-soft\/\",\"name\":\"Conjunto de | de capaz de abelhas bugaboo Conjuntos de carrinhos | Os Piculins\",\"isPartOf\":{\"@id\":\"https:\/\/lespiculins.com\/pt-pt\/#website\"},\"datePublished\":\"2021-04-27T08:00:25+00:00\",\"dateModified\":\"2021-04-27T08:00:27+00:00\",\"description\":\"Bugaboo Bee carrycot definido em flor rosa macia impress\u00e3o liberty. Complete a sua roupa com acess\u00f3rios da mesma cole\u00e7\u00e3o.\",\"breadcrumb\":{\"@id\":\"https:\/\/lespiculins.com\/pt-pt\/produto\/set-capaz-bugaboo-bee-flores-rosa-soft\/#breadcrumb\"},\"inLanguage\":\"pt-PT\",\"potentialAction\":[{\"@type\":\"ReadAction\",\"target\":[\"https:\/\/lespiculins.com\/pt-pt\/produto\/set-capaz-bugaboo-bee-flores-rosa-soft\/\"]}]},{\"@type\":\"BreadcrumbList\",\"@id\":\"https:\/\/lespiculins.com\/pt-pt\/produto\/set-capaz-bugaboo-bee-flores-rosa-soft\/#breadcrumb\",\"itemListElement\":[{\"@type\":\"ListItem\",\"position\":1,\"name\":\"Portada\",\"item\":\"https:\/\/lespiculins.com\/pt-pt\/inicio\/\"},{\"@type\":\"ListItem\",\"position\":2,\"name\":\"Loja\",\"item\":\"https:\/\/lespiculins.com\/pt-pt\/loja\/\"},{\"@type\":\"ListItem\",\"position\":3,\"name\":\"Definir Capazo Bugaboo Bee flores cor-de-rosa macias\"}]},{\"@type\":\"WebSite\",\"@id\":\"https:\/\/lespiculins.com\/pt-pt\/#website\",\"url\":\"https:\/\/lespiculins.com\/pt-pt\/\",\"name\":\"Les Piculins\",\"description\":\"Fundas para carritos, bugaboo, maclaren, icoo, bebecar, mima...\",\"potentialAction\":[{\"@type\":\"SearchAction\",\"target\":{\"@type\":\"EntryPoint\",\"urlTemplate\":\"https:\/\/lespiculins.com\/pt-pt\/?s={search_term_string}\"},\"query-input\":\"required name=search_term_string\"}],\"inLanguage\":\"pt-PT\"}]}<\/script>\n<!-- \/ Yoast SEO plugin. -->","yoast_head_json":{"title":"Conjunto de | de capaz de abelhas bugaboo Conjuntos de carrinhos | Os Piculins","description":"Bugaboo Bee carrycot definido em flor rosa macia impress\u00e3o liberty. Complete a sua roupa com acess\u00f3rios da mesma cole\u00e7\u00e3o.","robots":{"index":"index","follow":"follow","max-snippet":"max-snippet:-1","max-image-preview":"max-image-preview:large","max-video-preview":"max-video-preview:-1"},"canonical":"https:\/\/lespiculins.com\/pt-pt\/produto\/set-capaz-bugaboo-bee-flores-rosa-soft\/","og_locale":"pt_PT","og_type":"article","og_title":"Conjunto de | de capaz de abelhas bugaboo Conjuntos de carrinhos | Os Piculins","og_description":"Bugaboo Bee carrycot definido em flor rosa macia impress\u00e3o liberty. Complete a sua roupa com acess\u00f3rios da mesma cole\u00e7\u00e3o.","og_url":"https:\/\/lespiculins.com\/pt-pt\/produto\/set-capaz-bugaboo-bee-flores-rosa-soft\/","og_site_name":"Les Piculins","article_modified_time":"2021-04-27T08:00:27+00:00","og_image":[{"width":2311,"height":2560,"url":"https:\/\/lespiculins.com\/wp-content\/uploads\/2021\/03\/conjunto-bugaboo-bee-1-scaled.jpg","type":"image\/jpeg"}],"twitter_card":"summary_large_image","schema":{"@context":"https:\/\/schema.org","@graph":[{"@type":"WebPage","@id":"https:\/\/lespiculins.com\/pt-pt\/produto\/set-capaz-bugaboo-bee-flores-rosa-soft\/","url":"https:\/\/lespiculins.com\/pt-pt\/produto\/set-capaz-bugaboo-bee-flores-rosa-soft\/","name":"Conjunto de | de capaz de abelhas bugaboo Conjuntos de carrinhos | Os Piculins","isPartOf":{"@id":"https:\/\/lespiculins.com\/pt-pt\/#website"},"datePublished":"2021-04-27T08:00:25+00:00","dateModified":"2021-04-27T08:00:27+00:00","description":"Bugaboo Bee carrycot definido em flor rosa macia impress\u00e3o liberty. Complete a sua roupa com acess\u00f3rios da mesma cole\u00e7\u00e3o.","breadcrumb":{"@id":"https:\/\/lespiculins.com\/pt-pt\/produto\/set-capaz-bugaboo-bee-flores-rosa-soft\/#breadcrumb"},"inLanguage":"pt-PT","potentialAction":[{"@type":"ReadAction","target":["https:\/\/lespiculins.com\/pt-pt\/produto\/set-capaz-bugaboo-bee-flores-rosa-soft\/"]}]},{"@type":"BreadcrumbList","@id":"https:\/\/lespiculins.com\/pt-pt\/produto\/set-capaz-bugaboo-bee-flores-rosa-soft\/#breadcrumb","itemListElement":[{"@type":"ListItem","position":1,"name":"Portada","item":"https:\/\/lespiculins.com\/pt-pt\/inicio\/"},{"@type":"ListItem","position":2,"name":"Loja","item":"https:\/\/lespiculins.com\/pt-pt\/loja\/"},{"@type":"ListItem","position":3,"name":"Definir Capazo Bugaboo Bee flores cor-de-rosa macias"}]},{"@type":"WebSite","@id":"https:\/\/lespiculins.com\/pt-pt\/#website","url":"https:\/\/lespiculins.com\/pt-pt\/","name":"Les Piculins","description":"Fundas para carritos, bugaboo, maclaren, icoo, bebecar, mima...","potentialAction":[{"@type":"SearchAction","target":{"@type":"EntryPoint","urlTemplate":"https:\/\/lespiculins.com\/pt-pt\/?s={search_term_string}"},"query-input":"required name=search_term_string"}],"inLanguage":"pt-PT"}]}},"_links":{"self":[{"href":"https:\/\/lespiculins.com\/pt-pt\/wp-json\/wp\/v2\/product\/31103"}],"collection":[{"href":"https:\/\/lespiculins.com\/pt-pt\/wp-json\/wp\/v2\/product"}],"about":[{"href":"https:\/\/lespiculins.com\/pt-pt\/wp-json\/wp\/v2\/types\/product"}],"wp:featuredmedia":[{"embeddable":true,"href":"https:\/\/lespiculins.com\/pt-pt\/wp-json\/wp\/v2\/media\/30960"}],"wp:attachment":[{"href":"https:\/\/lespiculins.com\/pt-pt\/wp-json\/wp\/v2\/media?parent=31103"}],"wp:term":[{"taxonomy":"product_cat","embeddable":true,"href":"https:\/\/lespiculins.com\/pt-pt\/wp-json\/wp\/v2\/product_cat?post=31103"},{"taxonomy":"product_tag","embeddable":true,"href":"https:\/\/lespiculins.com\/pt-pt\/wp-json\/wp\/v2\/product_tag?post=31103"}],"curies":[{"name":"wp","href":"https:\/\/api.w.org\/{rel}","templated":true}]}}